{"id":2055,"date":"2017-11-18T20:19:56","date_gmt":"2017-11-18T20:19:56","guid":{"rendered":"http:\/\/biblian.is\/1981\/jesaja-29-kafli\/"},"modified":"2017-11-18T20:19:56","modified_gmt":"2017-11-18T20:19:56","slug":"jesaja-29-kafli","status":"publish","type":"page","link":"https:\/\/biblian.is\/1981\/jesaja-29-kafli\/","title":{"rendered":"Jesaja 29. kafli"},"content":{"rendered":"<p><a name=\"1\"><span class=\"versanumer\">1<\/span><\/a>\u00c6, Ar\u00edel, Ar\u00edel, \u00fe\u00fa borg, \u00fear sem Dav\u00ed\u00f0 sl\u00f3 herb\u00fa\u00f0um! B\u00e6ti\u00f0 \u00e1ri vi\u00f0 \u00feetta \u00e1r, l\u00e1t h\u00e1t\u00ed\u00f0irnar fara sinn hring,<a name=\"2\"><span class=\"versanumer\">2<\/span><\/a>\u00fe\u00e1 \u00ferengi \u00e9g a\u00f0 Ar\u00edel, og h\u00fan skal ver\u00f0a hrygg\u00f0 og harmur, og h\u00fan skal ver\u00f0a m\u00e9r sem Ar\u00edel.<a name=\"3\"><span class=\"versanumer\">3<\/span><\/a>\u00c9g vil setja herb\u00fa\u00f0ir allt \u00ed kringum \u00feig, umlykja \u00feig me\u00f0 var\u00f0m\u00f6nnum og reisa hervirki \u00ed m\u00f3ti \u00fe\u00e9r.<a name=\"4\"><span class=\"versanumer\">4<\/span><\/a>\u00de\u00fa skalt tala l\u00e1gri r\u00f6ddu upp \u00far j\u00f6r\u00f0inni, og or\u00f0 \u00fe\u00edn hlj\u00f3ma dimmum r\u00f3mi \u00far duftinu. R\u00f6dd \u00fe\u00edn skal vera sem draugsr\u00f6dd \u00far j\u00f6r\u00f0inni og or\u00f0 \u00fe\u00edn hlj\u00f3ma sem hv\u00edskur \u00far duftinu.<a name=\"5\"><span class=\"versanumer\">5<\/span><\/a>En merg\u00f0 fjandmanna \u00feinna skal ver\u00f0a sem moldryk og merg\u00f0 ofbeldismannanna sem fj\u00fakandi s\u00e1\u00f0ir. \u00dea\u00f0 skal ver\u00f0a skyndilega, \u00e1 einu augabrag\u00f0i.<a name=\"6\"><span class=\"versanumer\">6<\/span><\/a>Hennar skal ver\u00f0a vitja\u00f0 af Drottni allsherjar me\u00f0 rei\u00f0ar\u00ferumu, landskj\u00e1lfta og miklum gn\u00fd, fellibyljum, stormvi\u00f0ri og ey\u00f0andi eldsloga.<a name=\"7\"><span class=\"versanumer\">7<\/span><\/a>Eins og \u00ed draums\u00fdn um n\u00f3tt, \u00feannig mun fara fyrir merg\u00f0 allra \u00feeirra \u00fej\u00f3\u00f0a, sem herja \u00e1 Ar\u00edel, og \u00f6llum \u00feeim, sem herja \u00e1 hana og hervirki hennar og \u00ferengja a\u00f0 henni.<a name=\"8\"><span class=\"versanumer\">8<\/span><\/a>Og eins og \u00feegar hungra\u00f0an mann dreymir a\u00f0 hann eti, en vaknar svo jafnhungra\u00f0ur, og eins og \u00feegar \u00feyrstan mann dreymir a\u00f0 hann drekki, en vaknar svo \u00f6rmagna og s\u00e1r\u00feyrstur, svo skal fara fyrir merg\u00f0 allra \u00feeirra \u00fej\u00f3\u00f0a, er herja \u00e1 S\u00edonfjall.<a name=\"9\"><span class=\"versanumer\">9<\/span><\/a>Falli\u00f0 \u00ed stafi og undrist, gj\u00f6ri\u00f0 y\u00f0ur sj\u00f3nlausa og veri\u00f0 blindir! Gj\u00f6rist drukknir, og \u00fe\u00f3 ekki af v\u00edni, reiki\u00f0, og \u00fe\u00f3 ekki af \u00e1fengum drykk.<a name=\"10\"><span class=\"versanumer\">10<\/span><\/a>\u00dev\u00ed a\u00f0 Drottinn hefir \u00fathellt yfir y\u00f0ur svefnsemi-anda og aftur lukt augu y\u00f0ar sp\u00e1mennina og brug\u00f0i\u00f0 hulu yfir h\u00f6fu\u00f0 y\u00f0ar \u00fe\u00e1 sem vitranir f\u00e1.<a name=\"11\"><span class=\"versanumer\">11<\/span><\/a>\u00d6ll opinberun er y\u00f0ur sem or\u00f0in \u00ed innsigla\u00f0ri b\u00f3k. S\u00e9 h\u00fan fengin \u00feeim, sem kann a\u00f0 lesa, og sagt: Les \u00fe\u00fa \u00feetta, \u00fe\u00e1 segir hann: \u00c9g get \u00fea\u00f0 ekki, \u00fev\u00ed a\u00f0 h\u00fan er innsiglu\u00f0.<a name=\"12\"><span class=\"versanumer\">12<\/span><\/a>En s\u00e9 b\u00f3kin fengin \u00feeim, sem eigi kann a\u00f0 lesa, og sagt: Les \u00fe\u00fa \u00feetta, \u00fe\u00e1 segir hann: \u00c9g er ekki l\u00e6s.<a name=\"13\"><span class=\"versanumer\">13<\/span><\/a>Drottinn sag\u00f0i: Me\u00f0 \u00fev\u00ed a\u00f0 \u00feessi l\u00fd\u00f0ur n\u00e1lgast mig me\u00f0 munni s\u00ednum og hei\u00f0rar mig me\u00f0 v\u00f6rum s\u00ednum, en fjarl\u00e6gir hjarta sitt langt \u00ed burt fr\u00e1 m\u00e9r, og me\u00f0 \u00fev\u00ed a\u00f0 \u00f3tti \u00feeirra fyrir m\u00e9r er manna bo\u00f0or\u00f0, l\u00e6r\u00f0 utan b\u00f3kar,<a name=\"14\"><span class=\"versanumer\">14<\/span><\/a>sj\u00e1, fyrir \u00fev\u00ed mun \u00e9g enn fara undursamlega me\u00f0 \u00feennan l\u00fd\u00f0, undursamlega og undarlega. Speki spekinganna skal komast \u00ed \u00ferot og hyggindi hyggindamannanna fara \u00ed felur.<a name=\"15\"><span class=\"versanumer\">15<\/span><\/a>Vei \u00feeim, sem leggjast dj\u00fapt til \u00feess a\u00f0 dylja \u00e1form s\u00edn fyrir Drottni og fremja verk s\u00edn \u00ed myrkrinu og segja: Hver s\u00e9r oss? Hver veit af oss?<a name=\"16\"><span class=\"versanumer\">16<\/span><\/a>Hv\u00edl\u00edk f\u00e1sinna! E\u00f0a skal meta a\u00f0 j\u00f6fnu leirinn og smi\u00f0inn, svo a\u00f0 verki\u00f0 geti sagt um meistarann: Hann hefir eigi b\u00fai\u00f0 mig til, og sm\u00ed\u00f0in geti sagt um smi\u00f0inn: Hann kann ekki neitt?<a name=\"17\"><span class=\"versanumer\">17<\/span><\/a>Eftir skamma hr\u00ed\u00f0 skal L\u00edbanonsk\u00f3gur ver\u00f0a a\u00f0 aldingar\u00f0i og aldingar\u00f0ur talinn ver\u00f0a kjarrsk\u00f3gur.<a name=\"18\"><span class=\"versanumer\">18<\/span><\/a>\u00c1 \u00feeim degi skulu hinir daufu heyra ritu\u00f0 or\u00f0, og augu hinna blindu skulu sj\u00e1 \u00fat \u00far dimmunni og myrkrinu.<a name=\"19\"><span class=\"versanumer\">19<\/span><\/a>\u00de\u00e1 mun aukast gle\u00f0i hinna au\u00f0mj\u00faku yfir Drottni, og hinir f\u00e1t\u00e6kustu me\u00f0al manna munu fagna yfir Hinum heilaga \u00ed \u00cdsrael.<a name=\"20\"><span class=\"versanumer\">20<\/span><\/a>\u00dev\u00ed a\u00f0 ofbeldismenn eru ekki framar til og spottarar undir lok li\u00f0nir, og allir \u00feeir uppr\u00e6ttir, er rangl\u00e6ti i\u00f0ka,<a name=\"21\"><span class=\"versanumer\">21<\/span><\/a>\u00feeir er sakfella menn fyrir r\u00e9tti og leggja sn\u00f6rur fyrir \u00fe\u00e1, er vanda um \u00e1 \u00feingum, og blekkja hina saklausu me\u00f0 h\u00e9g\u00f3ma.<a name=\"22\"><span class=\"versanumer\">22<\/span><\/a>Fyrir \u00fev\u00ed segir Drottinn, hann er frelsa\u00f0i Abraham, svo um Jakobs h\u00fas: Jakob skal eigi framar \u00feurfa a\u00f0 blyg\u00f0ast s\u00edn og \u00e1sj\u00f3na hans eigi framar blikna.<a name=\"23\"><span class=\"versanumer\">23<\/span><\/a>\u00dev\u00ed a\u00f0 \u00feegar ni\u00f0jar hans sj\u00e1 verk handa minna \u00e1 me\u00f0al s\u00edn, munu \u00feeir helga nafn mitt, \u00feeir munu helga Hinn heilaga, Jakobs Gu\u00f0, og \u00f3ttast \u00cdsraels Gu\u00f0.<a name=\"24\"><span class=\"versanumer\">24<\/span><\/a>\u00de\u00e1 munu hinir andlega villtu \u00e1tta sig og hinir \u00fever\u00fa\u00f0arfullu l\u00e1ta s\u00e9r segjast.<\/p>\n<div class=\"footnote1981\"><b>29.1<\/b> Herb\u00fa\u00f0ir Dav\u00ed\u00f0s 2Sam 5.6-9 \u2013 \u00e1r Jes 32.10 \u2013 h\u00e1t\u00ed\u00f0irnar 3M\u00f3s 23.4-37<br \/>\n<b>29.2<\/b> Ar\u00edel, harmakvein Jes 33.7-9 \u2013 Ar\u00edel, eldst\u00f3 sbr Jes 30.33; 31.9; Esk 24.2-14<br \/>\n<b>29.3<\/b> Jer\u00fasalem umsetin Jes 1.8; 22.2-11; 36.1-2<br \/>\n<b>29.4<\/b> Hinir sigru\u00f0u Jes 36.22-37.3<br \/>\n<b>29.5<\/b> Merg\u00f0 fjandmanna Jes 1.7 \u2013 eins og  ryk Jes 25.2-5<br \/>\n<b>29.7<\/b> Eins og draumi Job 20.8 \u2013 sem herjar \u00e1 Ar\u00edel Jes 31.4-5; 36-37<br \/>\n<b>29.9<\/b> Blinda Jes 6.9-10 \u2013 drukknir Jes 51.21; sbr Jer 25.15+<br \/>\n<b>29.10<\/b> Anda svefnh\u00f6fgi 1Sam 26.12; R\u00f3m 11.8; sbr 2Kon 6.18 \u2013 sp\u00e1menn M\u00edk 3.6-7<br \/>\n<b>29.11<\/b> Innsigla\u00f0ri b\u00f3k Jer 32.9-14; Opb 5.1-5<br \/>\n<b>29.12<\/b> \u00c9g er \u00f3l\u00e6s Post 8.30-31<br \/>\n<b>29.13<\/b> Hjarta\u00f0 er fjarri Jes 1.11-15; Slm 78.36-37 \u2013 manna bo\u00f0 Matt 15.8-9; Mrk 7.6-7<br \/>\n<b>29.14<\/b> Undursamlega Jes 28.21 \u2013 speki spekinga Jes 5.21; 1Kor 1.19<br \/>\n<b>29.15<\/b> Hylja \u00e1form s\u00edn Jes 30.1-2; sbr Jes 28.15 \u2013 \u00ed myrkri J\u00f3h 3.19-20 \u2013 hver veit um oss! Job 34.21-22<br \/>\n<b>29.16<\/b> Leirinn og smi\u00f0inn Jes 45.9; Jer 18.6; R\u00f3m 9.20<br \/>\n<b>29.17<\/b> Sk\u00f3gur, aldingar\u00f0ur Jes 32.15; 35.1-2; 41.18; 51.3; sbr 28.9-13<br \/>\n<b>29.18<\/b> Hinir daufu heyra Jes 35.5; 42.16-19; sbr Jes 6.10; 29.11-12; 43.8<br \/>\n<b>29.19<\/b> Gle\u00f0i au\u00f0mj\u00fakra Jes 41.17; Matt 5.3-4 \u2013 Hinn heilagi \u00ed \u00cdsrael Jes 1.4+<br \/>\n<b>29.20<\/b> K\u00fagarar og skrumarar Jes 29.5; 28.14,22<br \/>\n<b>29.21<\/b> Sakfella Jes 10.1-2 \u2013 saklausa Jes 5.23<br \/>\n<b>29.22<\/b> Drottinn endurleysir Jes 35.10; 51.11 \u2013 Abraham Jes 41.8; 51.2; 63.16<br \/>\n<b>29.23<\/b> Verk Drottins Jes 5.12; 28.21 \u2013 b\u00f6rn s\u00edn sbr Jes 49.21; 54.1 \u2013 helga Jes 8.13 \u2013 Hinn heilagi sbr Jes 1.4+ ; Jes 49.26<br \/>\n<b>29.24<\/b> Villur\u00e1fandi \u00ed anda Jes 29.18; sbr Jes 28.9; 30.9<\/div>\n","protected":false},"excerpt":{"rendered":"<p>1\u00c6, Ar\u00edel, Ar\u00edel, \u00fe\u00fa borg, \u00fear sem Dav\u00ed\u00f0 sl\u00f3 herb\u00fa\u00f0um! B\u00e6ti\u00f0 \u00e1ri vi\u00f0 \u00feetta \u00e1r, l\u00e1t h\u00e1t\u00ed\u00f0irnar fara sinn hring,2\u00fe\u00e1 \u00ferengi \u00e9g a\u00f0 Ar\u00edel, og h\u00fan skal ver\u00f0a hrygg\u00f0 og harmur, og h\u00fan skal ver\u00f0a m\u00e9r sem Ar\u00edel.3\u00c9g vil setja herb\u00fa\u00f0ir allt \u00ed kringum \u00feig, umlykja \u00feig me\u00f0 var\u00f0m\u00f6nnum og reisa hervirki \u00ed m\u00f3ti \u00fe\u00e9r.4\u00de\u00fa skalt tala l\u00e1gri r\u00f6ddu upp \u00far j\u00f6r\u00f0inni, og or\u00f0 \u00fe\u00edn hlj\u00f3ma dimmum r\u00f3mi \u00far duftinu. R\u00f6dd \u00fe\u00edn skal vera sem draugsr\u00f6dd \u00far j\u00f6r\u00f0inni og or\u00f0 \u00fe\u00edn hlj\u00f3ma sem hv\u00edskur \u00far duftinu.5En merg\u00f0 fjandmanna \u00feinna skal ver\u00f0a sem moldryk og merg\u00f0 ofbeldismannanna sem fj\u00fakandi s\u00e1\u00f0ir. \u00dea\u00f0 <a href=\"https:\/\/biblian.is\/1981\/jesaja-29-kafli\/\"> [&#8230;]<\/a><\/p>\n","protected":false},"author":1,"featured_media":0,"parent":0,"menu_order":0,"comment_status":"open","ping_status":"open","template":"bibliukaflar.php","meta":{"footnotes":""},"class_list":["post-2055","page","type-page","status-publish","hentry"],"_links":{"self":[{"href":"https:\/\/biblian.is\/1981\/wp-json\/wp\/v2\/pages\/2055","targetHints":{"allow":["GET"]}}],"collection":[{"href":"https:\/\/biblian.is\/1981\/wp-json\/wp\/v2\/pages"}],"about":[{"href":"https:\/\/biblian.is\/1981\/wp-json\/wp\/v2\/types\/page"}],"author":[{"embeddable":true,"href":"https:\/\/biblian.is\/1981\/wp-json\/wp\/v2\/users\/1"}],"replies":[{"embeddable":true,"href":"https:\/\/biblian.is\/1981\/wp-json\/wp\/v2\/comments?post=2055"}],"version-history":[{"count":0,"href":"https:\/\/biblian.is\/1981\/wp-json\/wp\/v2\/pages\/2055\/revisions"}],"wp:attachment":[{"href":"https:\/\/biblian.is\/1981\/wp-json\/wp\/v2\/media?parent=2055"}],"curies":[{"name":"wp","href":"https:\/\/api.w.org\/{rel}","templated":true}]}}