{"id":2052,"date":"2017-11-18T20:19:56","date_gmt":"2017-11-18T20:19:56","guid":{"rendered":"http:\/\/biblian.is\/1981\/jesaja-26-kafli\/"},"modified":"2017-11-18T20:19:56","modified_gmt":"2017-11-18T20:19:56","slug":"jesaja-26-kafli","status":"publish","type":"page","link":"https:\/\/biblian.is\/1981\/jesaja-26-kafli\/","title":{"rendered":"Jesaja 26. kafli"},"content":{"rendered":"<p><a name=\"1\"><span class=\"versanumer\">1<\/span><\/a>\u00c1 \u00feeim degi mun \u00feetta kv\u00e6\u00f0i sungi\u00f0 ver\u00f0a \u00ed J\u00fadalandi: V\u00e9r eigum rammgerva borg. Hj\u00e1lpr\u00e6\u00f0i sitt gj\u00f6rir hann a\u00f0 m\u00farum og varnarvirki.<a name=\"2\"><span class=\"versanumer\">2<\/span><\/a>L\u00e1ti\u00f0 upp hli\u00f0in, svo a\u00f0 r\u00e9ttl\u00e1tur l\u00fd\u00f0ur megi inn ganga, s\u00e1 er tr\u00fana\u00f0inn var\u00f0veitir<a name=\"3\"><span class=\"versanumer\">3<\/span><\/a>og hefir st\u00f6\u00f0ugt hugarfar. \u00de\u00fa veitir \u00e6varandi fri\u00f0, \u00fev\u00ed a\u00f0 \u00feeir treysta \u00e1 \u00feig.<a name=\"4\"><span class=\"versanumer\">4<\/span><\/a>Treysti\u00f0 Drottni \u00e6 og \u00e6t\u00ed\u00f0, \u00fev\u00ed a\u00f0 Drottinn, Drottinn er eil\u00edft bjarg.<a name=\"5\"><span class=\"versanumer\">5<\/span><\/a>Hann ni\u00f0url\u00e6gir \u00fe\u00e1, sem byggja \u00e1 h\u00e6\u00f0um. H\u00e1reistu borginni steypir hann ni\u00f0ur, hann steypir henni til jar\u00f0ar og leggur hana \u00ed dufti\u00f0.<a name=\"6\"><span class=\"versanumer\">6<\/span><\/a>F\u00e6tur tro\u00f0a hana ni\u00f0ur, f\u00e6tur f\u00e1t\u00e6kra, iljar umkomulausra.<a name=\"7\"><span class=\"versanumer\">7<\/span><\/a>Vegur hins r\u00e9ttl\u00e1ta er sl\u00e9ttur, g\u00f6tu hins r\u00e9ttl\u00e1ta ry\u00f0ur \u00fe\u00fa.<a name=\"8\"><span class=\"versanumer\">8<\/span><\/a>&#8222;J\u00e1, \u00e1 vegi d\u00f3ma \u00feinna, Drottinn, v\u00e6ntum v\u00e9r \u00fe\u00edn; \u00feitt nafn og \u00fe\u00edna minning \u00fer\u00e1ir s\u00e1la vor.&#8220;<a name=\"9\"><span class=\"versanumer\">9<\/span><\/a>Af hjarta \u00fer\u00e1i \u00e9g \u00feig \u00e1 n\u00e6turnar, j\u00e1, me\u00f0 andanum \u00ed brj\u00f3sti m\u00ednu skima \u00e9g eftir \u00fe\u00e9r. \u00deegar d\u00f3mar \u00fe\u00ednir birtast \u00e1 j\u00f6r\u00f0u, \u00fe\u00e1 l\u00e6ra byggjendur jar\u00f0r\u00edkis r\u00e9ttl\u00e6ti.<a name=\"10\"><span class=\"versanumer\">10<\/span><\/a>S\u00e9 hinum \u00f3gu\u00f0legu s\u00fdnd v\u00e6g\u00f0, l\u00e6ra \u00feeir eigi r\u00e9ttl\u00e6ti. \u00de\u00e1 fremja \u00feeir \u00f3r\u00e9tt \u00ed \u00fev\u00ed landi, \u00fear sem r\u00e9ttl\u00e6ti skal r\u00edkja, og gefa ekki g\u00e6tur a\u00f0 h\u00e1tign Drottins.<a name=\"11\"><span class=\"versanumer\">11<\/span><\/a>Drottinn, h\u00f6nd \u00fe\u00edn er \u00e1 lofti, en \u00feeir sj\u00e1 \u00fea\u00f0 ekki. L\u00e1t \u00fe\u00e1 sj\u00e1 vandl\u00e6ti \u00feitt l\u00fd\u00f0sins vegna og blyg\u00f0ast s\u00edn, j\u00e1, eldur ey\u00f0i \u00f3vinum \u00fe\u00ednum.<a name=\"12\"><span class=\"versanumer\">12<\/span><\/a>Drottinn, veit \u00fe\u00fa oss fri\u00f0, \u00fev\u00ed a\u00f0 \u00fe\u00fa hefir l\u00e1ti\u00f0 oss gjalda allra vorra verka.<a name=\"13\"><span class=\"versanumer\">13<\/span><\/a>Drottinn, Gu\u00f0 vor, a\u00f0rir drottnar en \u00fe\u00fa h\u00f6f\u00f0u fengi\u00f0 yfirr\u00e1\u00f0 yfir oss, en n\u00fa viljum v\u00e9r eing\u00f6ngu lofa \u00feitt nafn.<a name=\"14\"><span class=\"versanumer\">14<\/span><\/a>Dau\u00f0ir lifna ekki, vofur r\u00edsa ekki upp. \u00de\u00fa vitja\u00f0ir \u00feeirra og eyddir \u00feeim og afm\u00e1\u00f0ir alla minningu um \u00fe\u00e1.<a name=\"15\"><span class=\"versanumer\">15<\/span><\/a>\u00de\u00fa hefir gj\u00f6rt \u00fej\u00f3\u00f0ina st\u00f3ra, Drottinn, \u00fe\u00fa hefir gj\u00f6rt \u00fej\u00f3\u00f0ina st\u00f3ra, \u00fe\u00fa hefir gj\u00f6rt \u00feig d\u00fdrlegan, \u00fe\u00fa hefir f\u00e6rt \u00fat \u00f6ll takm\u00f6rk landsins.<a name=\"16\"><span class=\"versanumer\">16<\/span><\/a>Drottinn, \u00ed ney\u00f0inni leitu\u00f0u \u00feeir \u00fe\u00edn, \u00feeir stundu upp andv\u00f6rpum, er \u00fe\u00fa hirtir \u00fe\u00e1.<a name=\"17\"><span class=\"versanumer\">17<\/span><\/a>Eins og \u00feungu\u00f0 kona, sem komin er a\u00f0 \u00fev\u00ed a\u00f0 f\u00e6\u00f0a, hefir hr\u00ed\u00f0ir og hlj\u00f3\u00f0ar \u00ed harmkv\u00e6lum s\u00ednum, eins vorum v\u00e9r fyrir \u00fe\u00ednu augliti, Drottinn!<a name=\"18\"><span class=\"versanumer\">18<\/span><\/a>V\u00e9r vorum \u00feunga\u00f0ir, v\u00e9r h\u00f6f\u00f0um hr\u00ed\u00f0ir en \u00feegar v\u00e9r f\u00e6ddum, var \u00fea\u00f0 vindur. V\u00e9r h\u00f6fum eigi afla\u00f0 landinu frelsis, og heimsb\u00faar hafa eigi f\u00e6\u00f0st.<a name=\"19\"><span class=\"versanumer\">19<\/span><\/a>Menn \u00fe\u00ednir, sem d\u00e1nir eru, skulu lifna, l\u00edk \u00feeirra r\u00edsa upp. Vakni\u00f0 og hefji\u00f0 fagna\u00f0ars\u00f6ng, \u00fe\u00e9r sem b\u00fai\u00f0 \u00ed duftinu, \u00fev\u00ed a\u00f0 d\u00f6ggin \u00fe\u00edn er d\u00f6gg lj\u00f3ssins, og j\u00f6r\u00f0in skal f\u00e6\u00f0a \u00fe\u00e1, sem dau\u00f0ir eru.<a name=\"20\"><span class=\"versanumer\">20<\/span><\/a>Gakk \u00fe\u00fa, \u00fej\u00f3\u00f0 m\u00edn, inn \u00ed herbergi \u00feitt og lyk aftur dyrunum \u00e1 eftir \u00fe\u00e9r. Fel \u00feig skamma hr\u00ed\u00f0, uns rei\u00f0in er li\u00f0in hj\u00e1.<a name=\"21\"><span class=\"versanumer\">21<\/span><\/a>\u00dev\u00ed sj\u00e1, Drottinn gengur \u00fat fr\u00e1 a\u00f0setursta\u00f0 s\u00ednum til \u00feess a\u00f0 hegna \u00edb\u00faum jar\u00f0arinnar fyrir misgj\u00f6r\u00f0ir \u00feeirra. J\u00f6r\u00f0in mun birtast l\u00e1ta bl\u00f3\u00f0i\u00f0, sem \u00e1 henni hefir veri\u00f0 \u00fathellt, og h\u00fan mun ekki lengur hylja \u00fe\u00e1, sem \u00e1 henni hafa myrtir veri\u00f0.<\/p>\n<div class=\"footnote1981\"><b>26.2<\/b> Hli\u00f0in opin Slm 24.3-4; 118.19-20<br \/>\n<b>26.3<\/b> Tr\u00fafastur Gu\u00f0 Jes 25.1<br \/>\n<b>26.4<\/b> Treysti\u00f0 Drottni Slm 9.11+ &#8211; bjarg Slm 28.1+<br \/>\n<b>26.5<\/b> Hann l\u00edtill\u00e6kkar &#8230; Jes 2.12-17; Jer 49.15-16; 50.31-32; \u00d3b 3-4; Okv 16.5,18<br \/>\n<b>26.8<\/b> V\u00e6ntum v\u00e9r \u00fe\u00edn Jes 25.9<br \/>\n<b>26.9<\/b> \u00c9g \u00fer\u00e1i \u00feig Slm 42.2; 63.2 \u2013 um n\u00e6tur Slm 77.3 \u2013 l\u00e6ra r\u00e9ttl\u00e6ti Jes 51.5<br \/>\n<b>26.10<\/b> Misnota v\u00e6g\u00f0 Gu\u00f0s Pr\u00e9d 8.11<br \/>\n<b>26.11<\/b> Sj\u00e1 ekki verk Gu\u00f0s Jes 5.12 \u2013 \u00e1kafi Drottins Jes 9.7; 37.32<br \/>\n<b>26.12<\/b> Oss hefur hlotnast sbr Slm 90.17; Fil 2.13<br \/>\n<b>26.15<\/b> Gert \u00feig d\u00fdrlegan 2M\u00f3s 14.4,17; Esk 28.22<br \/>\n<b>26.17<\/b> Hr\u00ed\u00f0ir Jes 13.8; Matt 24.8<br \/>\n<b>26.19<\/b> D\u00e1nir lifna Jes 25.8; Esk 37; Dan 12.2; 1Kor 15.12-56 \u2013 d\u00f6gg Jes 18.4; 1M\u00f3s 27.28; H\u00f3s 14.6; Slm 133.3; Okv 19.12; sbr H\u00f3s 6.3; Slm 110.3 \u2013 lj\u00f3ssins Slm 36.10; 56.14; Job 33.28,30<br \/>\n<b>26.20<\/b> Skj\u00f3l 1M\u00f3s 7.16b; 2M\u00f3s 12.22b-23 \u2013 uns rei\u00f0in er li\u00f0in hj\u00e1 Jes 10.25; Matt 24.22<br \/>\n<b>26.21<\/b> Bl\u00f3\u00f0 saklausra 1M\u00f3s 4.10; Slm 106.38 \u2013 j\u00f6r\u00f0in afhj\u00fapr bl\u00f3\u00f0i\u00f0 Job 16.18<\/div>\n","protected":false},"excerpt":{"rendered":"<p>1\u00c1 \u00feeim degi mun \u00feetta kv\u00e6\u00f0i sungi\u00f0 ver\u00f0a \u00ed J\u00fadalandi: V\u00e9r eigum rammgerva borg. Hj\u00e1lpr\u00e6\u00f0i sitt gj\u00f6rir hann a\u00f0 m\u00farum og varnarvirki.2L\u00e1ti\u00f0 upp hli\u00f0in, svo a\u00f0 r\u00e9ttl\u00e1tur l\u00fd\u00f0ur megi inn ganga, s\u00e1 er tr\u00fana\u00f0inn var\u00f0veitir3og hefir st\u00f6\u00f0ugt hugarfar. \u00de\u00fa veitir \u00e6varandi fri\u00f0, \u00fev\u00ed a\u00f0 \u00feeir treysta \u00e1 \u00feig.4Treysti\u00f0 Drottni \u00e6 og \u00e6t\u00ed\u00f0, \u00fev\u00ed a\u00f0 Drottinn, Drottinn er eil\u00edft bjarg.5Hann ni\u00f0url\u00e6gir \u00fe\u00e1, sem byggja \u00e1 h\u00e6\u00f0um. H\u00e1reistu borginni steypir hann ni\u00f0ur, hann steypir henni til jar\u00f0ar og leggur hana \u00ed dufti\u00f0.6F\u00e6tur tro\u00f0a hana ni\u00f0ur, f\u00e6tur f\u00e1t\u00e6kra, iljar umkomulausra.7Vegur hins r\u00e9ttl\u00e1ta er sl\u00e9ttur, g\u00f6tu hins r\u00e9ttl\u00e1ta ry\u00f0ur \u00fe\u00fa.8&#8222;J\u00e1, \u00e1 vegi d\u00f3ma \u00feinna, <a href=\"https:\/\/biblian.is\/1981\/jesaja-26-kafli\/\"> [&#8230;]<\/a><\/p>\n","protected":false},"author":1,"featured_media":0,"parent":0,"menu_order":0,"comment_status":"open","ping_status":"open","template":"bibliukaflar.php","meta":{"footnotes":""},"class_list":["post-2052","page","type-page","status-publish","hentry"],"_links":{"self":[{"href":"https:\/\/biblian.is\/1981\/wp-json\/wp\/v2\/pages\/2052","targetHints":{"allow":["GET"]}}],"collection":[{"href":"https:\/\/biblian.is\/1981\/wp-json\/wp\/v2\/pages"}],"about":[{"href":"https:\/\/biblian.is\/1981\/wp-json\/wp\/v2\/types\/page"}],"author":[{"embeddable":true,"href":"https:\/\/biblian.is\/1981\/wp-json\/wp\/v2\/users\/1"}],"replies":[{"embeddable":true,"href":"https:\/\/biblian.is\/1981\/wp-json\/wp\/v2\/comments?post=2052"}],"version-history":[{"count":0,"href":"https:\/\/biblian.is\/1981\/wp-json\/wp\/v2\/pages\/2052\/revisions"}],"wp:attachment":[{"href":"https:\/\/biblian.is\/1981\/wp-json\/wp\/v2\/media?parent=2052"}],"curies":[{"name":"wp","href":"https:\/\/api.w.org\/{rel}","templated":true}]}}