{"id":2051,"date":"2017-11-18T20:19:56","date_gmt":"2017-11-18T20:19:56","guid":{"rendered":"http:\/\/biblian.is\/1981\/jesaja-25-kafli\/"},"modified":"2017-11-18T20:19:56","modified_gmt":"2017-11-18T20:19:56","slug":"jesaja-25-kafli","status":"publish","type":"page","link":"https:\/\/biblian.is\/1981\/jesaja-25-kafli\/","title":{"rendered":"Jesaja 25. kafli"},"content":{"rendered":"<p><a name=\"1\"><span class=\"versanumer\">1<\/span><\/a>Drottinn, \u00fe\u00fa ert minn Gu\u00f0! \u00c9g vil vegsama \u00feig, lofa nafn \u00feitt! \u00de\u00fa hefir framkv\u00e6mt fur\u00f0uverk, l\u00f6ngu r\u00e1\u00f0in r\u00e1\u00f0, tr\u00fafesti og sannleika.<a name=\"2\"><span class=\"versanumer\">2<\/span><\/a>\u00de\u00fa hefir gj\u00f6rt b\u00e6i a\u00f0 grj\u00f3thr\u00fagu, v\u00edggirtar borgir a\u00f0 hruninni r\u00fast. Hallir \u00f3vinanna eru eigi framar b\u00e6ir, \u00fe\u00e6r skulu aldrei ver\u00f0a reistar aftur.<a name=\"3\"><span class=\"versanumer\">3<\/span><\/a>\u00deess vegna munu har\u00f0sn\u00fanar \u00fej\u00f3\u00f0ir hei\u00f0ra \u00feig og borgir ofr\u00edkisfullra \u00fej\u00f3\u00f0a \u00f3ttast \u00feig.<a name=\"4\"><span class=\"versanumer\">4<\/span><\/a>\u00de\u00fa varst v\u00f6rn l\u00edtilmagnans, v\u00f6rn hins vesala \u00ed nau\u00f0um hans, skj\u00f3l \u00ed sk\u00farunum, hl\u00edf \u00ed hitanum. \u00de\u00f3tt andgustur ofr\u00edkismannanna s\u00e9 eins og kuldask\u00farir,<a name=\"5\"><span class=\"versanumer\">5<\/span><\/a>glaumk\u00e6ti \u00f3vinanna eins og s\u00f3larbreiskja \u00ed of\u00feurrki, \u00fe\u00e1 sefar \u00fe\u00fa s\u00f3larbreiskjuna me\u00f0 skugganum af sk\u00fdinu, og sigurs\u00f6ngur ofr\u00edkismannanna hlj\u00f3\u00f0nar.<a name=\"6\"><span class=\"versanumer\">6<\/span><\/a>Drottinn allsherjar mun \u00e1 \u00feessu fjalli b\u00faa \u00f6llum \u00fej\u00f3\u00f0um veislu me\u00f0 kr\u00e1sum, veislu me\u00f0 dreggjav\u00edni, mergju\u00f0um kr\u00e1sum og sk\u00edr\u00f0u dreggjav\u00edni.<a name=\"7\"><span class=\"versanumer\">7<\/span><\/a>Og hann mun afm\u00e1 \u00e1 \u00feessu fjalli sk\u00fdlu \u00fe\u00e1, sem hylur alla l\u00fd\u00f0i, og \u00feann hj\u00fap, sem breiddur er yfir allar \u00fej\u00f3\u00f0ir.<a name=\"8\"><span class=\"versanumer\">8<\/span><\/a>Hann mun afm\u00e1 dau\u00f0ann a\u00f0 eil\u00edfu, og hinn alvaldi Drottinn mun \u00feerra t\u00e1rin af hverri \u00e1sj\u00f3nu, og sv\u00edvir\u00f0u s\u00edns l\u00fd\u00f0s mun hann burt nema af allri j\u00f6r\u00f0inni, \u00fev\u00ed a\u00f0 Drottinn hefir tala\u00f0 \u00fea\u00f0.<a name=\"9\"><span class=\"versanumer\">9<\/span><\/a>\u00c1 \u00feeim degi mun sagt ver\u00f0a: Sj\u00e1, \u00feessi er vor Gu\u00f0, v\u00e9r vonu\u00f0um \u00e1 hann, a\u00f0 hann mundi frelsa oss. \u00deessi er Drottinn, v\u00e9r vonu\u00f0um \u00e1 hann. F\u00f6gnum og gle\u00f0jumst yfir hj\u00e1lpr\u00e6\u00f0i hans!<a name=\"10\"><span class=\"versanumer\">10<\/span><\/a>H\u00f6nd Drottins mun hv\u00edla yfir \u00feessu fjalli, en M\u00f3ab ver\u00f0a f\u00f3tum tro\u00f0inn \u00fear sem hann er, eins og h\u00e1lmur er tro\u00f0inn ni\u00f0ur \u00ed haugpolli.<a name=\"11\"><span class=\"versanumer\">11<\/span><\/a>Og hann mun brei\u00f0a \u00fat hendur s\u00ednar ni\u00f0ri \u00ed pollinum, eins og sundma\u00f0ur gj\u00f6rir til \u00feess a\u00f0 taka sundt\u00f6kin. En hann mun l\u00e6gja dramb hans \u00fer\u00e1tt fyrir br\u00f6g\u00f0 handa hans.<a name=\"12\"><span class=\"versanumer\">12<\/span><\/a>V\u00edgi \u00feinna h\u00e1u m\u00fara mun hann a\u00f0 velli leggja, steypa \u00fev\u00ed ni\u00f0ur og varpa til jar\u00f0ar, ofan \u00ed dufti\u00f0.<\/p>\n<div class=\"footnote1981\"><b>25.1<\/b> Gu\u00f0 minn Slm 22.11+ &#8211; lofa nafn \u00feitt Jes 12.1,4; Slm 118.28 \u2013 fur\u00f0uverk Jes 28.29<br \/>\n<b>25.2<\/b> Hrokafullra Jer 51.51; Esk 7.21; 11.9; 28.7,10; 30.12; 31.12; \u00d3b 1; Hlj 5.2 \u2013 aldrei endurreist Jes 13.20<br \/>\n<b>25.3<\/b> Ofstopafullra \u00fej\u00f3\u00f0a Esk 28.7; 30.11; 31.12; 32.12 \u2013 hei\u00f0ingjar \u00f3ttast Drottinn Jes 24.15-16<br \/>\n<b>25.4<\/b> V\u00f6rn l\u00edtilmagnans Jes 26.1; 29.19-20<br \/>\n<b>25.6<\/b> Veisla 2M\u00f3s 24.11; 5M\u00f3s 16.13-15; 1Sam 9.13; Okv 9.5; Neh 8.10-12; Matt 8.11; 22.2-10; L\u00fak 14.15-24; Opb 19.9 \u2013 \u00f6llum \u00fej\u00f3\u00f0um Jes 2.2-3; 11.9-10; 18.7; 60.11,14; Sak 8.20-22; 14.16<br \/>\n<b>25.7<\/b> Hula 1) sem blindar 1Kon 19.13; Jes 29.10-12; 2Kor 3.13-18 2) merki sorgar 2Sam 15.30; 19.4; Jer 14.3-4; Est 6.12 \u2013 svipt burt sbr L\u00fak 2.30-32<br \/>\n<b>25.8<\/b> Afm\u00e1 dau\u00f0ann Jes 26.19; 1Kor 15.54 \u2013 \u00feerra t\u00e1rin Slm 116.8; Opb 21.4<br \/>\n<b>25.9<\/b> Gu\u00f0 vor v.1; Slm 48.15<br \/>\n<b>25.10<\/b> M\u00f3ab Jes 15.1+ ; 16.8-10 \u2013 f\u00f3tum tro\u00f0inn M\u00edk 7.10<br \/>\n<b>25.11<\/b> Hroki M\u00f3abs Jes 16.6; Jer 48.29 \u2013 l\u00e6gja Jes 2.11<br \/>\n<b>25.12<\/b> Brj\u00f3ta ni\u00f0ur Jes 26.5<\/div>\n","protected":false},"excerpt":{"rendered":"<p>1Drottinn, \u00fe\u00fa ert minn Gu\u00f0! \u00c9g vil vegsama \u00feig, lofa nafn \u00feitt! \u00de\u00fa hefir framkv\u00e6mt fur\u00f0uverk, l\u00f6ngu r\u00e1\u00f0in r\u00e1\u00f0, tr\u00fafesti og sannleika.2\u00de\u00fa hefir gj\u00f6rt b\u00e6i a\u00f0 grj\u00f3thr\u00fagu, v\u00edggirtar borgir a\u00f0 hruninni r\u00fast. Hallir \u00f3vinanna eru eigi framar b\u00e6ir, \u00fe\u00e6r skulu aldrei ver\u00f0a reistar aftur.3\u00deess vegna munu har\u00f0sn\u00fanar \u00fej\u00f3\u00f0ir hei\u00f0ra \u00feig og borgir ofr\u00edkisfullra \u00fej\u00f3\u00f0a \u00f3ttast \u00feig.4\u00de\u00fa varst v\u00f6rn l\u00edtilmagnans, v\u00f6rn hins vesala \u00ed nau\u00f0um hans, skj\u00f3l \u00ed sk\u00farunum, hl\u00edf \u00ed hitanum. \u00de\u00f3tt andgustur ofr\u00edkismannanna s\u00e9 eins og kuldask\u00farir,5glaumk\u00e6ti \u00f3vinanna eins og s\u00f3larbreiskja \u00ed of\u00feurrki, \u00fe\u00e1 sefar \u00fe\u00fa s\u00f3larbreiskjuna me\u00f0 skugganum af sk\u00fdinu, og sigurs\u00f6ngur ofr\u00edkismannanna hlj\u00f3\u00f0nar.6Drottinn allsherjar mun \u00e1 \u00feessu <a href=\"https:\/\/biblian.is\/1981\/jesaja-25-kafli\/\"> [&#8230;]<\/a><\/p>\n","protected":false},"author":1,"featured_media":0,"parent":0,"menu_order":0,"comment_status":"open","ping_status":"open","template":"bibliukaflar.php","meta":{"footnotes":""},"class_list":["post-2051","page","type-page","status-publish","hentry"],"_links":{"self":[{"href":"https:\/\/biblian.is\/1981\/wp-json\/wp\/v2\/pages\/2051","targetHints":{"allow":["GET"]}}],"collection":[{"href":"https:\/\/biblian.is\/1981\/wp-json\/wp\/v2\/pages"}],"about":[{"href":"https:\/\/biblian.is\/1981\/wp-json\/wp\/v2\/types\/page"}],"author":[{"embeddable":true,"href":"https:\/\/biblian.is\/1981\/wp-json\/wp\/v2\/users\/1"}],"replies":[{"embeddable":true,"href":"https:\/\/biblian.is\/1981\/wp-json\/wp\/v2\/comments?post=2051"}],"version-history":[{"count":0,"href":"https:\/\/biblian.is\/1981\/wp-json\/wp\/v2\/pages\/2051\/revisions"}],"wp:attachment":[{"href":"https:\/\/biblian.is\/1981\/wp-json\/wp\/v2\/media?parent=2051"}],"curies":[{"name":"wp","href":"https:\/\/api.w.org\/{rel}","templated":true}]}}