{"id":2050,"date":"2017-11-18T20:19:56","date_gmt":"2017-11-18T20:19:56","guid":{"rendered":"http:\/\/biblian.is\/1981\/jesaja-24-kafli\/"},"modified":"2017-11-18T20:19:56","modified_gmt":"2017-11-18T20:19:56","slug":"jesaja-24-kafli","status":"publish","type":"page","link":"https:\/\/biblian.is\/1981\/jesaja-24-kafli\/","title":{"rendered":"Jesaja 24. kafli"},"content":{"rendered":"<p><a name=\"1\"><span class=\"versanumer\">1<\/span><\/a>Sj\u00e1, Drottinn t\u00e6mir j\u00f6r\u00f0ina og ey\u00f0ir hana, hann umhverfir \u00e1sj\u00f3nu hennar og tv\u00edstrar \u00edb\u00faum hennar.<a name=\"2\"><span class=\"versanumer\">2<\/span><\/a>Eitt gengur yfir prest og al\u00fe\u00fd\u00f0u, yfir h\u00fasb\u00f3nda og \u00fej\u00f3n, yfir h\u00fasfreyju og \u00feernu, yfir seljanda og kaupanda, yfir l\u00e1nsala og l\u00e1n\u00feega, yfir okrarann og skuldunaut hans.<a name=\"3\"><span class=\"versanumer\">3<\/span><\/a>J\u00f6r\u00f0in skal ver\u00f0a alt\u00e6md og gj\u00f6rsamlega r\u00e6nd, \u00fev\u00ed a\u00f0 Drottinn hefir tala\u00f0 \u00feetta.<a name=\"4\"><span class=\"versanumer\">4<\/span><\/a>J\u00f6r\u00f0in viknar og kiknar, heimur bliknar og kiknar, tignarmenni l\u00fd\u00f0sins \u00e1 j\u00f6r\u00f0u blikna.<a name=\"5\"><span class=\"versanumer\">5<\/span><\/a>J\u00f6r\u00f0in vanhelgast undir f\u00f3tum \u00feeirra, er \u00e1 henni b\u00faa, \u00fev\u00ed a\u00f0 \u00feeir hafa broti\u00f0 l\u00f6gin, brj\u00e1la\u00f0 bo\u00f0or\u00f0unum og rofi\u00f0 s\u00e1ttm\u00e1lann eil\u00edfa.<a name=\"6\"><span class=\"versanumer\">6<\/span><\/a>\u00deess vegna ey\u00f0ir b\u00f6lvun j\u00f6r\u00f0inni og \u00edb\u00faar hennar gjalda fyrir \u00fea\u00f0. \u00deess vegna farast \u00edb\u00faar jar\u00f0arinnar af hita, svo a\u00f0 f\u00e1tt manna er eftir or\u00f0i\u00f0.<a name=\"7\"><span class=\"versanumer\">7<\/span><\/a>V\u00ednberjal\u00f6gurinn s\u00fdtir, v\u00ednvi\u00f0urinn visnar, n\u00fa andvarpa allir \u00feeir sem \u00e1\u00f0ur voru af hjarta gla\u00f0ir.<a name=\"8\"><span class=\"versanumer\">8<\/span><\/a>Gle\u00f0ihlj\u00f3\u00f0 bumbnanna er \u00feagna\u00f0, h\u00e1va\u00f0i hinna gla\u00f0v\u00e6ru h\u00e6ttur, gle\u00f0i\u00f3mur g\u00edgjunnar \u00feagna\u00f0ur.<a name=\"9\"><span class=\"versanumer\">9<\/span><\/a>Menn sitja ekki syngjandi a\u00f0 v\u00edndrykkju, \u00feeim sem drekka \u00e1fengan drykk, finnst hann beiskur.<a name=\"10\"><span class=\"versanumer\">10<\/span><\/a>Borgirnar eru lag\u00f0ar \u00ed ey\u00f0i, \u00f6ll h\u00fas loku\u00f0, svo a\u00f0 ekki ver\u00f0ur inn komist.<a name=\"11\"><span class=\"versanumer\">11<\/span><\/a>\u00c1 str\u00e6tunum er harmakvein af v\u00ednskortinum, \u00f6ll gle\u00f0i er horfin, f\u00f6gnu\u00f0ur landsins fl\u00fainn.<a name=\"12\"><span class=\"versanumer\">12<\/span><\/a>Au\u00f0nin ein er eftir \u00ed borginni, borgarhli\u00f0in eru m\u00f6lbrotin.<a name=\"13\"><span class=\"versanumer\">13<\/span><\/a>\u00dev\u00ed a\u00f0 \u00e1 j\u00f6r\u00f0inni mi\u00f0ri, \u00e1 me\u00f0al \u00fej\u00f3\u00f0anna, skal svo fara sem \u00fe\u00e1 er ol\u00eduvi\u00f0ur er skekinn, sem vi\u00f0 eftirt\u00edning a\u00f0 loknum v\u00ednberjalestri.<a name=\"14\"><span class=\"versanumer\">14<\/span><\/a>\u00deeir hefja upp raust s\u00edna og fagna. Yfir h\u00e1tign Drottins gjalla gle\u00f0i\u00f3pin \u00ed vestri.<a name=\"15\"><span class=\"versanumer\">15<\/span><\/a>Vegsami\u00f0 \u00feess vegna Drottin \u00e1 austurvegum, nafn Drottins, \u00cdsraels Gu\u00f0s, \u00e1 str\u00f6ndum hafsins!<a name=\"16\"><span class=\"versanumer\">16<\/span><\/a>Fr\u00e1 ysta ja\u00f0ri jar\u00f0arinnar heyr\u00f0um v\u00e9r lofs\u00f6ngva: D\u00fdr\u00f0 s\u00e9 hinum r\u00e9ttl\u00e1ta! En \u00e9g sag\u00f0i: \u00c6, mig auman! \u00c6, mig auman! Vei m\u00e9r! R\u00e1nsmenn r\u00e6na, r\u00e1num r\u00e1nsmenn r\u00e6na.<a name=\"17\"><span class=\"versanumer\">17<\/span><\/a>Geigur, gr\u00f6f og gildra koma yfir \u00feig, jar\u00f0arb\u00fai.<a name=\"18\"><span class=\"versanumer\">18<\/span><\/a>S\u00e1 sem fl\u00fdr undan hinum geigv\u00e6na gn\u00fd, fellur \u00ed gr\u00f6fina, og s\u00e1 sem kemst upp \u00far gr\u00f6finni, festist \u00ed gildrunni, \u00fev\u00ed a\u00f0 fl\u00f3\u00f0g\u00e1ttirnar \u00e1 h\u00e6\u00f0um lj\u00fakast upp og grundv\u00f6llur jar\u00f0arinnar skelfur.<a name=\"19\"><span class=\"versanumer\">19<\/span><\/a>J\u00f6r\u00f0in brestur og gnestur, j\u00f6r\u00f0in rofnar og klofnar, j\u00f6r\u00f0in ri\u00f0ar og i\u00f0ar.<a name=\"20\"><span class=\"versanumer\">20<\/span><\/a>J\u00f6r\u00f0in skj\u00f6grar eins og drukkinn ma\u00f0ur, henni svipar til og fr\u00e1 eins og v\u00f6kusk\u00fdli. Misgj\u00f6r\u00f0 hennar liggur \u00feungt \u00e1 henni, h\u00fan hn\u00edgur og f\u00e6r eigi risi\u00f0 upp framar.<a name=\"21\"><span class=\"versanumer\">21<\/span><\/a>\u00c1 \u00feeim degi mun Drottinn vitja hers h\u00e6\u00f0anna \u00e1 h\u00e6\u00f0um og konunga jar\u00f0arinnar \u00e1 j\u00f6r\u00f0u.<a name=\"22\"><span class=\"versanumer\">22<\/span><\/a>\u00deeim skal varpa\u00f0 ver\u00f0a \u00ed gryfju, eins og fj\u00f6tru\u00f0um bandingjum, og \u00feeir skulu byrg\u00f0ir ver\u00f0a \u00ed d\u00fdflissu. Eftir langa stund skal \u00feeim hegnt ver\u00f0a.<a name=\"23\"><span class=\"versanumer\">23<\/span><\/a>\u00de\u00e1 mun m\u00e1ninn fyrirver\u00f0a sig og s\u00f3lin blyg\u00f0ast s\u00edn, \u00fev\u00ed a\u00f0 Drottinn allsherjar sest a\u00f0 v\u00f6ldum \u00e1 S\u00edonfjalli og \u00ed Jer\u00fasalem, og fyrir augliti \u00f6ldunga hans mun d\u00fdr\u00f0 lj\u00f3ma.<\/p>\n<div class=\"footnote1981\"><b>24.3<\/b> Drottinn hefur sagt Jes 14.26<br \/>\n<b>24.5<\/b> J\u00f6r\u00f0in vanhelgast Jes 26.21; 4M\u00f3s 35.33 \u2013 s\u00e1ttm\u00e1lann \u00e6varandi 1) \u00ed framt\u00ed\u00f0 Jes 55.3; 61.8; Jer 32.41; Esk 16.60; 37.26; 2) \u00ed n\u00fat\u00ed\u00f0 1M\u00f3s 9.16; 17.7,13,19; 2M\u00f3s 31.16; 3M\u00f3s 24.8; Slm 105.10; 1Kro 16.17<br \/>\n<b>24.7<\/b> V\u00ednvi\u00f0ur f\u00f6lnar Jes 32.12<br \/>\n<b>24.9<\/b> A\u00f0 v\u00edndrykkju Am 6.5-7<br \/>\n<b>24.12<\/b> Borgarhli\u00f0i\u00f0 broti\u00f0 Jer 51.58<br \/>\n<b>24.13<\/b> \u00d3l\u00edvutr\u00e9 hrist Jes 17.6<br \/>\n<b>24.15<\/b> Eyjum \u00e1 hafinu Jes 11.11; 40.15; 41.1,5; 42.4,10,12; 49.1; 51.5; 59.18; 60.9; 66.19; Est 10.1<br \/>\n<b>24.16<\/b> Hinum r\u00e9ttl\u00e1ta 1) Gu\u00f0i Jes 45.21; Slm 7.10,12; 11.7; 116.5; 119.137; 129.4; 145.17; 2) \u00cdsrael Jes 26.2; 60.21; Slm 14.5; 97.11; 112.6 \u2013  vei m\u00e9r Jes 6.5 \u2013 hl\u00e1tur sn\u00fdst \u00ed gr\u00e1t Jes 22.1-5<br \/>\n<b>24.17-18<\/b> Sj\u00e1 Jer 48.43-44<br \/>\n<b>24.18<\/b> \u00dar \u00f6skunni \u00ed eldinn Am 5.19+ &#8211; fl\u00f3\u00f0g\u00e1ttir 1M\u00f3s 7.11<br \/>\n<b>24.20<\/b> Afbrot hennar Slm 38.5 \u2013 ekki vi\u00f0reisnar von Am 5.2<br \/>\n<b>24.21<\/b> Her himins 5M\u00f3s 4.19 \u2013 \u00e1 himni \u2026 \u00e1 j\u00f6r\u00f0u Jes 14.12-15 \u2013 konungar Slm 2.2<br \/>\n<b>24.22<\/b> Settir 2P\u00e9t 2.4; J\u00fad 6 \u2013 hegnt Jes 26.21<br \/>\n<b>24.23<\/b> Drottinn sest a\u00f0 v\u00f6ldum Slm 93.1+ &#8211; \u00e1 S\u00edonfjalli Jes 4.5; M\u00edk 4.7 \u2013 d\u00fdr\u00f0 hans Jes 60.1-3; 2M\u00f3s 16.7 \u2013 \u00f6ldungar 2M\u00f3s 24.9-10; Opb 19.4-6<\/div>\n","protected":false},"excerpt":{"rendered":"<p>1Sj\u00e1, Drottinn t\u00e6mir j\u00f6r\u00f0ina og ey\u00f0ir hana, hann umhverfir \u00e1sj\u00f3nu hennar og tv\u00edstrar \u00edb\u00faum hennar.2Eitt gengur yfir prest og al\u00fe\u00fd\u00f0u, yfir h\u00fasb\u00f3nda og \u00fej\u00f3n, yfir h\u00fasfreyju og \u00feernu, yfir seljanda og kaupanda, yfir l\u00e1nsala og l\u00e1n\u00feega, yfir okrarann og skuldunaut hans.3J\u00f6r\u00f0in skal ver\u00f0a alt\u00e6md og gj\u00f6rsamlega r\u00e6nd, \u00fev\u00ed a\u00f0 Drottinn hefir tala\u00f0 \u00feetta.4J\u00f6r\u00f0in viknar og kiknar, heimur bliknar og kiknar, tignarmenni l\u00fd\u00f0sins \u00e1 j\u00f6r\u00f0u blikna.5J\u00f6r\u00f0in vanhelgast undir f\u00f3tum \u00feeirra, er \u00e1 henni b\u00faa, \u00fev\u00ed a\u00f0 \u00feeir hafa broti\u00f0 l\u00f6gin, brj\u00e1la\u00f0 bo\u00f0or\u00f0unum og rofi\u00f0 s\u00e1ttm\u00e1lann eil\u00edfa.6\u00deess vegna ey\u00f0ir b\u00f6lvun j\u00f6r\u00f0inni og \u00edb\u00faar hennar gjalda fyrir \u00fea\u00f0. \u00deess vegna farast \u00edb\u00faar jar\u00f0arinnar <a href=\"https:\/\/biblian.is\/1981\/jesaja-24-kafli\/\"> [&#8230;]<\/a><\/p>\n","protected":false},"author":1,"featured_media":0,"parent":0,"menu_order":0,"comment_status":"open","ping_status":"open","template":"bibliukaflar.php","meta":{"footnotes":""},"class_list":["post-2050","page","type-page","status-publish","hentry"],"_links":{"self":[{"href":"https:\/\/biblian.is\/1981\/wp-json\/wp\/v2\/pages\/2050","targetHints":{"allow":["GET"]}}],"collection":[{"href":"https:\/\/biblian.is\/1981\/wp-json\/wp\/v2\/pages"}],"about":[{"href":"https:\/\/biblian.is\/1981\/wp-json\/wp\/v2\/types\/page"}],"author":[{"embeddable":true,"href":"https:\/\/biblian.is\/1981\/wp-json\/wp\/v2\/users\/1"}],"replies":[{"embeddable":true,"href":"https:\/\/biblian.is\/1981\/wp-json\/wp\/v2\/comments?post=2050"}],"version-history":[{"count":0,"href":"https:\/\/biblian.is\/1981\/wp-json\/wp\/v2\/pages\/2050\/revisions"}],"wp:attachment":[{"href":"https:\/\/biblian.is\/1981\/wp-json\/wp\/v2\/media?parent=2050"}],"curies":[{"name":"wp","href":"https:\/\/api.w.org\/{rel}","templated":true}]}}