{"id":2049,"date":"2017-11-18T20:19:56","date_gmt":"2017-11-18T20:19:56","guid":{"rendered":"http:\/\/biblian.is\/1981\/jesaja-23-kafli\/"},"modified":"2017-11-18T20:19:56","modified_gmt":"2017-11-18T20:19:56","slug":"jesaja-23-kafli","status":"publish","type":"page","link":"https:\/\/biblian.is\/1981\/jesaja-23-kafli\/","title":{"rendered":"Jesaja 23. kafli"},"content":{"rendered":"<p><a name=\"1\"><span class=\"versanumer\">1<\/span><\/a>Sp\u00e1d\u00f3mar um T\u00fdrus. Kveini\u00f0, \u00fe\u00e9r Tarsisknerrir, \u00fev\u00ed a\u00f0 h\u00fan er \u00ed ey\u00f0i l\u00f6g\u00f0! Ekkert h\u00fas \u00fear framar, ekkert til a\u00f0 fara inn \u00ed! Fr\u00e1 K\u00fdpur berst \u00feeim s\u00fa fregn.<a name=\"2\"><span class=\"versanumer\">2<\/span><\/a>Veri\u00f0 hlj\u00f3\u00f0ir, \u00fe\u00e9r \u00edb\u00faar eyborgarinnar, sem full var af kaupm\u00f6nnum fr\u00e1 S\u00eddon, er yfir hafi\u00f0 fara,<a name=\"3\"><span class=\"versanumer\">3<\/span><\/a>og dr\u00f3 a\u00f0 s\u00e9r S\u00edkor-s\u00e1\u00f0 og N\u00edlarkorn yfir hin miklu h\u00f6f og var kaupt\u00fan \u00fej\u00f3\u00f0anna!<a name=\"4\"><span class=\"versanumer\">4<\/span><\/a>Fyrirver\u00f0 \u00feig, s\u00e6borgin S\u00eddon, \u00fev\u00ed s\u00e6rinn segir: Eigi hefi \u00e9g veri\u00f0 j\u00f3\u00f0sj\u00fakur og eigi f\u00e6tt, og eigi hefi \u00e9g f\u00f3stra\u00f0 yngismenn n\u00e9 uppali\u00f0 meyjar.<a name=\"5\"><span class=\"versanumer\">5<\/span><\/a>\u00deegar fregnin kemur til Egyptalands, munu \u00feeir skelfast af fregninni um T\u00fdrus.<a name=\"6\"><span class=\"versanumer\">6<\/span><\/a>Fari\u00f0 yfir til Tarsis og kveini\u00f0, \u00fe\u00e9r \u00edb\u00faar eyborgarinnar.<a name=\"7\"><span class=\"versanumer\">7<\/span><\/a>Er \u00feetta glaummikla borgin y\u00f0ar, sem rekur uppruna sinn fram til fornaldar daga og stika\u00f0 hefir langar lei\u00f0ir til \u00feess a\u00f0 taka s\u00e9r b\u00f3lfestu?<a name=\"8\"><span class=\"versanumer\">8<\/span><\/a>Hver hefir \u00e1lykta\u00f0 svo um T\u00fdrus, um hana, sem ber h\u00f6fu\u00f0dj\u00e1sni\u00f0, \u00fear sem kaupmennirnir voru h\u00f6f\u00f0ingjar og verslunarmennirnir tignustu menn \u00e1 j\u00f6r\u00f0u?<a name=\"9\"><span class=\"versanumer\">9<\/span><\/a>Drottinn allsherjar hefir \u00e1lykta\u00f0 \u00feetta til \u00feess a\u00f0 \u00f3s\u00e6ma allt hi\u00f0 d\u00fdrlega skraut og l\u00e6gja alla hina tignustu menn \u00e1 j\u00f6r\u00f0u.<a name=\"10\"><span class=\"versanumer\">10<\/span><\/a>Fl\u00e6\u00f0 yfir land \u00feitt eins og N\u00edlflj\u00f3ti\u00f0, Tarsisd\u00f3ttir, engir fl\u00f3\u00f0gar\u00f0ar eru framar til.<a name=\"11\"><span class=\"versanumer\">11<\/span><\/a>Drottinn r\u00e9tti h\u00f6nd s\u00edna \u00fat yfir hafi\u00f0, skelfdi konungsr\u00edki. Hann bau\u00f0 a\u00f0 gj\u00f6rey\u00f0a varnarvirki Kanaans.<a name=\"12\"><span class=\"versanumer\">12<\/span><\/a>&#8222;Hann sag\u00f0i: \u00de\u00fa skalt aldrei framar leika af k\u00e6ti, \u00fe\u00fa spjalla\u00f0a mey, S\u00eddond\u00f3ttir. Statt upp og far yfir til K\u00fdprus; \u00fe\u00fa skalt ekki heldur finna \u00fear hv\u00edld.&#8220;<a name=\"13\"><span class=\"versanumer\">13<\/span><\/a>Sj\u00e1 land Kaldea, \u00fea\u00f0 er \u00fej\u00f3\u00f0in, sem or\u00f0in er a\u00f0 engu. Ass\u00fdringar hafa fengi\u00f0 \u00fea\u00f0 ur\u00f0ark\u00f6ttum. \u00deeir reistu v\u00edgturna s\u00edna, rifu ni\u00f0ur hallirnar, gj\u00f6r\u00f0u landi\u00f0 a\u00f0 r\u00fastum.<a name=\"14\"><span class=\"versanumer\">14<\/span><\/a>Kveini\u00f0, \u00fe\u00e9r Tarsis-knerrir, \u00fev\u00ed a\u00f0 varnarvirki y\u00f0ar er lagt \u00ed ey\u00f0i.<a name=\"15\"><span class=\"versanumer\">15<\/span><\/a>\u00c1 \u00feeim d\u00f6gum skal T\u00fdrus gleymast \u00ed sj\u00f6t\u00edu \u00e1r, eins og um daga eins konungs. En a\u00f0 li\u00f0num sj\u00f6t\u00edu \u00e1rum mun fara fyrir T\u00fdrus eins og segir \u00ed sk\u00e6kjukv\u00e6\u00f0inu:<a name=\"16\"><span class=\"versanumer\">16<\/span><\/a>Tak g\u00edgjuna, far um alla borgina, \u00fe\u00fa gleymda sk\u00e6kja! Leik fagurlega, syng h\u00e1tt, svo a\u00f0 eftir \u00fe\u00e9r ver\u00f0i muna\u00f0!<a name=\"17\"><span class=\"versanumer\">17<\/span><\/a>&#8222;A\u00f0 li\u00f0num \u00feeim sj\u00f6t\u00edu \u00e1rum mun Drottinn vitja T\u00fdrusar. Mun h\u00fan \u00fe\u00e1 aftur f\u00e1 sk\u00e6kjulaun s\u00edn og h\u00f3rast me\u00f0 \u00f6llum konungsr\u00edkjum veraldarinnar, \u00feeim sem \u00e1 j\u00f6r\u00f0inni eru;&#8220;<a name=\"18\"><span class=\"versanumer\">18<\/span><\/a>en aflaf\u00e9 hennar og sk\u00e6kjulaun skulu helgu\u00f0 ver\u00f0a Drottni. \u00dea\u00f0 skal ekki ver\u00f0a lagt \u00ed sj\u00f3\u00f0 e\u00f0a geymt, \u00fev\u00ed a\u00f0 \u00feeir, sem b\u00faa frammi fyrir augliti Drottins, skulu f\u00e1 aflaf\u00e9 hennar s\u00e9r til f\u00e6\u00f0slu og sa\u00f0ningar og s\u00e6milegs kl\u00e6\u00f0na\u00f0ar.<\/p>\n<div class=\"footnote1981\"><b>23.1<\/b> T\u00fdrus v. 15; J\u00f3s 19.29; 2Sam 5.11; 1Kon 7.13; Jer 25.22; Esk 26.2; 27.2; H\u00f3s 9.13; Jl 4.4; Am 1.9; Sak 9.2-4 \u2013 Tarsisskip Jes 2.16+<br \/>\n<b>23.3<\/b> Verslun vi\u00f0 margar \u00fej\u00f3\u00f0ir Esk 27.12-25<br \/>\n<b>23.5<\/b> Skj\u00e1lfa Jer 4.19; 51.29; Esk 30.16<br \/>\n<b>23.7<\/b> Fyrndinni Jes 51.9; M\u00edk 7.20; Slm 44.2<br \/>\n<b>23.8<\/b> S\u00f6lumenn H\u00f3s 12.8; Sef 1.11; Sak 14.21; Job 40.30; Okv 31.24<br \/>\n<b>23.9<\/b> Drottinn l\u00e6gir drambl\u00e1ta Jes 2.11; Esk 28.6; Job 22.29; Okv 6.17; sbr Jes 4.2<br \/>\n<b>23.11<\/b> \u00datr\u00e9tt h\u00f6nd Jes 5.25; 9.11,16,20; 10.4; 11.15; 14.27<br \/>\n<b>23.13<\/b> Land fengi\u00f0 villid\u00fdrum Jes 13.21; 34.14; Jer 50.39<br \/>\n<b>23.15<\/b> Sj\u00f6t\u00edu \u00e1r Jer 25.11+ &#8211; verslun og h\u00f3rd\u00f3mur Opb 17.5; 18.3,11,13<br \/>\n<b>23.17<\/b> Drottinn hefur afskipti Jes 10.3; 27.1; 1M\u00f3s 50.24<br \/>\n<b>23.18<\/b> Helgu\u00f0 Drottni Jes 45.14; 60.4-14; sbr Sak 14.14; sbr 5M\u00f3s 23.18<\/div>\n","protected":false},"excerpt":{"rendered":"<p>1Sp\u00e1d\u00f3mar um T\u00fdrus. Kveini\u00f0, \u00fe\u00e9r Tarsisknerrir, \u00fev\u00ed a\u00f0 h\u00fan er \u00ed ey\u00f0i l\u00f6g\u00f0! Ekkert h\u00fas \u00fear framar, ekkert til a\u00f0 fara inn \u00ed! Fr\u00e1 K\u00fdpur berst \u00feeim s\u00fa fregn.2Veri\u00f0 hlj\u00f3\u00f0ir, \u00fe\u00e9r \u00edb\u00faar eyborgarinnar, sem full var af kaupm\u00f6nnum fr\u00e1 S\u00eddon, er yfir hafi\u00f0 fara,3og dr\u00f3 a\u00f0 s\u00e9r S\u00edkor-s\u00e1\u00f0 og N\u00edlarkorn yfir hin miklu h\u00f6f og var kaupt\u00fan \u00fej\u00f3\u00f0anna!4Fyrirver\u00f0 \u00feig, s\u00e6borgin S\u00eddon, \u00fev\u00ed s\u00e6rinn segir: Eigi hefi \u00e9g veri\u00f0 j\u00f3\u00f0sj\u00fakur og eigi f\u00e6tt, og eigi hefi \u00e9g f\u00f3stra\u00f0 yngismenn n\u00e9 uppali\u00f0 meyjar.5\u00deegar fregnin kemur til Egyptalands, munu \u00feeir skelfast af fregninni um T\u00fdrus.6Fari\u00f0 yfir til Tarsis og kveini\u00f0, \u00fe\u00e9r \u00edb\u00faar eyborgarinnar.7Er <a href=\"https:\/\/biblian.is\/1981\/jesaja-23-kafli\/\"> [&#8230;]<\/a><\/p>\n","protected":false},"author":1,"featured_media":0,"parent":0,"menu_order":0,"comment_status":"open","ping_status":"open","template":"bibliukaflar.php","meta":{"footnotes":""},"class_list":["post-2049","page","type-page","status-publish","hentry"],"_links":{"self":[{"href":"https:\/\/biblian.is\/1981\/wp-json\/wp\/v2\/pages\/2049","targetHints":{"allow":["GET"]}}],"collection":[{"href":"https:\/\/biblian.is\/1981\/wp-json\/wp\/v2\/pages"}],"about":[{"href":"https:\/\/biblian.is\/1981\/wp-json\/wp\/v2\/types\/page"}],"author":[{"embeddable":true,"href":"https:\/\/biblian.is\/1981\/wp-json\/wp\/v2\/users\/1"}],"replies":[{"embeddable":true,"href":"https:\/\/biblian.is\/1981\/wp-json\/wp\/v2\/comments?post=2049"}],"version-history":[{"count":0,"href":"https:\/\/biblian.is\/1981\/wp-json\/wp\/v2\/pages\/2049\/revisions"}],"wp:attachment":[{"href":"https:\/\/biblian.is\/1981\/wp-json\/wp\/v2\/media?parent=2049"}],"curies":[{"name":"wp","href":"https:\/\/api.w.org\/{rel}","templated":true}]}}