{"id":2048,"date":"2017-11-18T20:19:56","date_gmt":"2017-11-18T20:19:56","guid":{"rendered":"http:\/\/biblian.is\/1981\/jesaja-22-kafli\/"},"modified":"2017-11-18T20:19:56","modified_gmt":"2017-11-18T20:19:56","slug":"jesaja-22-kafli","status":"publish","type":"page","link":"https:\/\/biblian.is\/1981\/jesaja-22-kafli\/","title":{"rendered":"Jesaja 22. kafli"},"content":{"rendered":"<p><a name=\"1\"><span class=\"versanumer\">1<\/span><\/a>Sp\u00e1d\u00f3mur um Sj\u00f3na-dalinn. Hva\u00f0 kemur a\u00f0 \u00fe\u00e9r, a\u00f0 allt f\u00f3lk \u00feitt skuli vera stigi\u00f0 upp \u00e1 h\u00fas\u00fe\u00f6kin,<a name=\"2\"><span class=\"versanumer\">2<\/span><\/a>\u00fe\u00fa ofk\u00e6tisfulli, h\u00e1va\u00f0asami b\u00e6r, \u00fe\u00fa glaummikla borg? Menn \u00fe\u00ednir, sem fallnir eru, hafa ekki falli\u00f0 fyrir sver\u00f0i n\u00e9 be\u00f0i\u00f0 bana \u00ed orustum.<a name=\"3\"><span class=\"versanumer\">3<\/span><\/a>H\u00f6f\u00f0ingjar \u00fe\u00ednir l\u00f6g\u00f0u allir saman \u00e1 fl\u00f3tta, voru handteknir \u00e1n \u00feess skoti\u00f0 v\u00e6ri af boga. Allir menn \u00fe\u00ednir, er n\u00e1\u00f0ust, voru handteknir hver me\u00f0 \u00f6\u00f0rum, \u00fe\u00f3tt \u00feeir hef\u00f0u fl\u00fai\u00f0 langt burt.<a name=\"4\"><span class=\"versanumer\">4<\/span><\/a>\u00deess vegna segi \u00e9g: L\u00e1ti\u00f0 mig einan, \u00e9g vil gr\u00e1ta beisklega. Gj\u00f6ri\u00f0 m\u00e9r eigi \u00f3n\u00e6\u00f0i me\u00f0 \u00fev\u00ed a\u00f0 hugga mig yfir ey\u00f0ingu d\u00f3ttur \u00fej\u00f3\u00f0ar minnar.<a name=\"5\"><span class=\"versanumer\">5<\/span><\/a>\u00dev\u00ed a\u00f0 dagur skelfingar, undirokunar og \u00farr\u00e6\u00f0aleysis var kominn fr\u00e1 hinum alvalda, Drottni allsherjar, \u00ed Sj\u00f3na-dalnum. M\u00farar voru brotnir ni\u00f0ur, \u00f3hlj\u00f3\u00f0in heyr\u00f0ust til fjalla.<a name=\"6\"><span class=\"versanumer\">6<\/span><\/a>Elam t\u00f3k \u00f6rvam\u00e6linn, \u00e1samt m\u00f6nnu\u00f0um v\u00f6gnum og hestum, og K\u00edr t\u00f3k hl\u00edfar af skj\u00f6ldum.<a name=\"7\"><span class=\"versanumer\">7<\/span><\/a>\u00de\u00ednir fegurstu dalir fylltust herv\u00f6gnum, og riddarar t\u00f3ku s\u00e9r st\u00f6\u00f0u fyrir borgarhli\u00f0unum.<a name=\"8\"><span class=\"versanumer\">8<\/span><\/a>Og hann t\u00f3k sk\u00fdluna burt fr\u00e1 J\u00fada. \u00c1 \u00feeim degi skyggndist \u00fe\u00fa um eftir herb\u00fana\u00f0inum \u00ed Sk\u00f3garh\u00fasinu,<a name=\"9\"><span class=\"versanumer\">9<\/span><\/a>og \u00fe\u00e9r s\u00e1u\u00f0, a\u00f0 veggsk\u00f6r\u00f0in voru m\u00f6rg \u00ed Dav\u00ed\u00f0sborg. Og \u00fe\u00e9r s\u00f6fnu\u00f0u\u00f0 vatninu \u00ed ne\u00f0ri tj\u00f6rninni,<a name=\"10\"><span class=\"versanumer\">10<\/span><\/a>t\u00f6ldu\u00f0 h\u00fasin \u00ed Jer\u00fasalem og rifu\u00f0 h\u00fasin til \u00feess a\u00f0 treysta me\u00f0 m\u00farvegginn.<a name=\"11\"><span class=\"versanumer\">11<\/span><\/a>Og \u00fe\u00e9r bjuggu\u00f0 til vatnst\u00e6\u00f0u milli m\u00farveggjanna tveggja fyrir vatni\u00f0 \u00far g\u00f6mlu tj\u00f6rninni. En a\u00f0 honum, sem \u00feessu veldur, g\u00e1fu\u00f0 \u00fe\u00e9r eigi g\u00e6tur, og til hans, sem haga\u00f0i \u00feessu svo fyrir l\u00f6ngu, litu\u00f0 \u00fe\u00e9r ekki.<a name=\"12\"><span class=\"versanumer\">12<\/span><\/a>\u00c1 \u00feeim degi kalla\u00f0i hinn alvaldi, Drottinn allsherjar, menn til a\u00f0 gr\u00e1ta og kveina, til a\u00f0 reyta h\u00e1r sitt og gyr\u00f0ast h\u00e6rusekk.<a name=\"13\"><span class=\"versanumer\">13<\/span><\/a>En sj\u00e1, h\u00e9r er gle\u00f0i og glaumur, naut drepin, sau\u00f0um sl\u00e1tra\u00f0, kj\u00f6t eti\u00f0, v\u00edn drukki\u00f0: Etum og drekkum, \u00fev\u00ed \u00e1 morgun deyjum v\u00e9r!<a name=\"14\"><span class=\"versanumer\">14<\/span><\/a>Opinberun Drottins allsherjar hlj\u00f3mar \u00ed eyrum m\u00ednum: Sannlega skulu\u00f0 \u00fe\u00e9r eigi f\u00e1 afpl\u00e1na\u00f0 \u00feessa misgj\u00f6r\u00f0 \u00e1\u00f0ur en \u00fe\u00e9r deyi\u00f0_ segir hinn alvaldi, Drottinn allsherjar.<a name=\"15\"><span class=\"versanumer\">15<\/span><\/a>Svo m\u00e6lti hinn alvaldi, Drottinn allsherjar: Far \u00fe\u00fa og gakk til \u00feessa dr\u00f3ttseta, hans S\u00e9bna, er forst\u00f6\u00f0u veitir h\u00fasi konungsins:<a name=\"16\"><span class=\"versanumer\">16<\/span><\/a>Hva\u00f0 hefir \u00fe\u00fa h\u00e9r a\u00f0 gj\u00f6ra? Og hvern \u00e1tt \u00fe\u00fa h\u00e9r, er \u00fe\u00fa l\u00e6tur h\u00f6ggva \u00fe\u00e9r h\u00e9r gr\u00f6f? \u00de\u00fa sem h\u00f6ggva l\u00e6tur gr\u00f6f handa \u00fe\u00e9r \u00e1 h\u00e1um sta\u00f0 og l\u00e6tur grafa handa \u00fe\u00e9r legsta\u00f0 \u00ed berginu.<a name=\"17\"><span class=\"versanumer\">17<\/span><\/a>Sj\u00e1, Drottinn varpar \u00fe\u00e9r burt, ma\u00f0ur! Hann \u00fer\u00edfur fast \u00ed \u00feig,<a name=\"18\"><span class=\"versanumer\">18<\/span><\/a>vefur \u00feig saman \u00ed b\u00f6ggul og \u00feeytir \u00fe\u00e9r sem sopp \u00fat \u00e1 v\u00ed\u00f0an vang. \u00dear skalt \u00fe\u00fa deyja og \u00fear skulu \u00fe\u00ednir d\u00fdrlegu vagnar vera, \u00fe\u00fa sem ert h\u00fasi Drottins \u00fe\u00edns til sv\u00edvir\u00f0u!<a name=\"19\"><span class=\"versanumer\">19<\/span><\/a>\u00c9g hrindi \u00fe\u00e9r \u00far st\u00f6\u00f0u \u00feinni, og \u00far emb\u00e6tti \u00fe\u00ednu skal \u00fe\u00e9r steypt ver\u00f0a.<a name=\"20\"><span class=\"versanumer\">20<\/span><\/a>En \u00e1 \u00feeim degi mun \u00e9g kalla \u00fej\u00f3n minn, Eljak\u00edm Hilk\u00edason.<a name=\"21\"><span class=\"versanumer\">21<\/span><\/a>\u00c9g f\u00e6ri hann \u00ed kyrtil \u00feinn og gyr\u00f0i hann belti \u00fe\u00ednu og f\u00e6 honum \u00ed hendur vald \u00feitt. Hann skal ver\u00f0a fa\u00f0ir Jer\u00fasalemb\u00faa og J\u00fadani\u00f0ja.<a name=\"22\"><span class=\"versanumer\">22<\/span><\/a>&#8222;Og lykilinn a\u00f0 h\u00fasi Dav\u00ed\u00f0s legg \u00e9g \u00e1 her\u00f0ar honum. \u00deegar hann l\u00fdkur upp, skal enginn l\u00e6sa; \u00feegar hann l\u00e6sir, skal enginn upp lj\u00faka.&#8220;<a name=\"23\"><span class=\"versanumer\">23<\/span><\/a>\u00c9g rek hann eins og nagla \u00e1 haldg\u00f3\u00f0an sta\u00f0, og hann skal ver\u00f0a veglegt h\u00e1s\u00e6ti fyrir h\u00fas f\u00f6\u00f0ur s\u00edns.<a name=\"24\"><span class=\"versanumer\">24<\/span><\/a>En hengi allur \u00feungi f\u00f6\u00f0ur\u00e6ttar hans sig \u00e1 hann me\u00f0 ni\u00f0jum s\u00ednum og skyldmennum, \u00f6ll sm\u00e1kerin, eigi a\u00f0eins sk\u00e1larnar, heldur og \u00f6ll leirkerin,<a name=\"25\"><span class=\"versanumer\">25<\/span><\/a>\u00fe\u00e1 mun naglinn \u00fea\u00f0 eru or\u00f0 Drottins allsherjar, sem rekinn var \u00e1 haldg\u00f3\u00f0um sta\u00f0, jafnskj\u00f3tt l\u00e1ta undan, brotna og detta ni\u00f0ur, og byr\u00f0in, sem \u00e1 honum h\u00e9kk, skal sundur molast, \u00fev\u00ed a\u00f0 Drottinn hefir tala\u00f0 \u00fea\u00f0.<\/p>\n<div class=\"footnote1981\"><b>22.2<\/b> H\u00e1va\u00f0asama borg Jes 23.7; 32.13; Sef 2.15<br \/>\n<b>22.4<\/b> Gr\u00e1tur sp\u00e1mannsins Jer 13.17; 14.17 \u2013 gr\u00e1ta Jes 16.9; Jer 9.17<br \/>\n<b>22.6<\/b> K\u00edr 2Kon 16.9; Am 1.5; 9.7<br \/>\n<b>22.8<\/b> Sk\u00f3garh\u00fasi\u00f0 1Kon 10.17<br \/>\n<b>22.11<\/b> G\u00f6mlu tj\u00f6rninni Jes 7.3; sbr 2Kro 32.4,30 \u2013 \u00fe\u00e9r litu\u00f0 ekki til Jes 5.12; 30.1<br \/>\n<b>22.13<\/b> Eta, drekka \u2026 og deyja Pr\u00e9d 2.24; 3.12; 5.17; 8.15; 9.7-9; 1Kor 15.32+<br \/>\n<b>22.20<\/b> \u00dej\u00f3n minn Jer 25.9; 27.6; 43.10<br \/>\n<b>22.21<\/b> Fa\u00f0ir Jes 9.5; 1M\u00f3s 45.8; Job 29.16<br \/>\n<b>22.22<\/b> Lykillinn Opb 3.7; sbr Matt 16.19; Opb 1.18<\/div>\n","protected":false},"excerpt":{"rendered":"<p>1Sp\u00e1d\u00f3mur um Sj\u00f3na-dalinn. Hva\u00f0 kemur a\u00f0 \u00fe\u00e9r, a\u00f0 allt f\u00f3lk \u00feitt skuli vera stigi\u00f0 upp \u00e1 h\u00fas\u00fe\u00f6kin,2\u00fe\u00fa ofk\u00e6tisfulli, h\u00e1va\u00f0asami b\u00e6r, \u00fe\u00fa glaummikla borg? Menn \u00fe\u00ednir, sem fallnir eru, hafa ekki falli\u00f0 fyrir sver\u00f0i n\u00e9 be\u00f0i\u00f0 bana \u00ed orustum.3H\u00f6f\u00f0ingjar \u00fe\u00ednir l\u00f6g\u00f0u allir saman \u00e1 fl\u00f3tta, voru handteknir \u00e1n \u00feess skoti\u00f0 v\u00e6ri af boga. Allir menn \u00fe\u00ednir, er n\u00e1\u00f0ust, voru handteknir hver me\u00f0 \u00f6\u00f0rum, \u00fe\u00f3tt \u00feeir hef\u00f0u fl\u00fai\u00f0 langt burt.4\u00deess vegna segi \u00e9g: L\u00e1ti\u00f0 mig einan, \u00e9g vil gr\u00e1ta beisklega. Gj\u00f6ri\u00f0 m\u00e9r eigi \u00f3n\u00e6\u00f0i me\u00f0 \u00fev\u00ed a\u00f0 hugga mig yfir ey\u00f0ingu d\u00f3ttur \u00fej\u00f3\u00f0ar minnar.5\u00dev\u00ed a\u00f0 dagur skelfingar, undirokunar og \u00farr\u00e6\u00f0aleysis var kominn <a href=\"https:\/\/biblian.is\/1981\/jesaja-22-kafli\/\"> [&#8230;]<\/a><\/p>\n","protected":false},"author":1,"featured_media":0,"parent":0,"menu_order":0,"comment_status":"open","ping_status":"open","template":"bibliukaflar.php","meta":{"footnotes":""},"class_list":["post-2048","page","type-page","status-publish","hentry"],"_links":{"self":[{"href":"https:\/\/biblian.is\/1981\/wp-json\/wp\/v2\/pages\/2048","targetHints":{"allow":["GET"]}}],"collection":[{"href":"https:\/\/biblian.is\/1981\/wp-json\/wp\/v2\/pages"}],"about":[{"href":"https:\/\/biblian.is\/1981\/wp-json\/wp\/v2\/types\/page"}],"author":[{"embeddable":true,"href":"https:\/\/biblian.is\/1981\/wp-json\/wp\/v2\/users\/1"}],"replies":[{"embeddable":true,"href":"https:\/\/biblian.is\/1981\/wp-json\/wp\/v2\/comments?post=2048"}],"version-history":[{"count":0,"href":"https:\/\/biblian.is\/1981\/wp-json\/wp\/v2\/pages\/2048\/revisions"}],"wp:attachment":[{"href":"https:\/\/biblian.is\/1981\/wp-json\/wp\/v2\/media?parent=2048"}],"curies":[{"name":"wp","href":"https:\/\/api.w.org\/{rel}","templated":true}]}}