{"id":2047,"date":"2017-11-18T20:19:50","date_gmt":"2017-11-18T20:19:50","guid":{"rendered":"http:\/\/biblian.is\/1981\/jesaja-21-kafli\/"},"modified":"2017-11-18T20:19:50","modified_gmt":"2017-11-18T20:19:50","slug":"jesaja-21-kafli","status":"publish","type":"page","link":"https:\/\/biblian.is\/1981\/jesaja-21-kafli\/","title":{"rendered":"Jesaja 21. kafli"},"content":{"rendered":"<p><a name=\"1\"><span class=\"versanumer\">1<\/span><\/a>Sp\u00e1d\u00f3mur um \u00f6r\u00e6fin vi\u00f0 hafi\u00f0. Eins og fellibyljir \u00ed su\u00f0urlandinu geysist \u00fea\u00f0 \u00e1fram, \u00fea\u00f0 kemur \u00far \u00f6r\u00e6funum, \u00far hinu hr\u00e6\u00f0ilega landi.<a name=\"2\"><span class=\"versanumer\">2<\/span><\/a>H\u00f6r\u00f0 t\u00ed\u00f0indi hafa m\u00e9r birt veri\u00f0: R\u00e1nsmenn r\u00e6na, hermenn herja! \u00c1fram, Elam\u00edtar! Gj\u00f6ri\u00f0 ums\u00e1t, Med\u00edumenn! \u00c9g gj\u00f6ri enda \u00e1 \u00f6llum andv\u00f6rpum.<a name=\"3\"><span class=\"versanumer\">3<\/span><\/a>\u00deess vegna skj\u00e1lfa lendar m\u00ednar, \u00feess vegna hremma s\u00e1rir verkir mig, eins og hr\u00ed\u00f0ir j\u00f3\u00f0sj\u00faka konu. \u00c9g engist saman, svo a\u00f0 \u00e9g heyri ekkert, \u00e9g er svo agndofa, a\u00f0 \u00e9g s\u00e9 ekkert.<a name=\"4\"><span class=\"versanumer\">4<\/span><\/a>Hjarta mitt er ringla\u00f0, skelfing er skyndilega yfir mig komin. N\u00fa er n\u00f3ttin, sem \u00e9g jafnan hefi \u00fer\u00e1\u00f0, or\u00f0in m\u00e9r a\u00f0 skelfingu.<a name=\"5\"><span class=\"versanumer\">5<\/span><\/a>Bor\u00f0in eru sett fram og \u00e1brei\u00f0urnar breiddar \u00e1 hv\u00edlubekkina, eti\u00f0 er og drukki\u00f0. R\u00edsi\u00f0 upp, \u00fej\u00f3\u00f0h\u00f6f\u00f0ingjar! Smyrji\u00f0 skj\u00f6lduna!<a name=\"6\"><span class=\"versanumer\">6<\/span><\/a>Svo sag\u00f0i Drottinn vi\u00f0 mig: Far \u00fe\u00fa og nem sta\u00f0ar \u00e1 sj\u00f3narh\u00f3lnum og seg, hva\u00f0 \u00fe\u00fa s\u00e9r.<a name=\"7\"><span class=\"versanumer\">7<\/span><\/a>Og sj\u00e1ir \u00fe\u00fa menn \u00e1 rei\u00f0, tvo rei\u00f0menn, annan r\u00ed\u00f0andi \u00e1 asna, hinn \u00e1 \u00falfalda, \u00fe\u00e1 legg \u00fe\u00fa hlustirnar vi\u00f0.<a name=\"8\"><span class=\"versanumer\">8<\/span><\/a>En \u00e9g kalla\u00f0i: \u00c6, Drottinn, \u00e1 \u00e9g a\u00f0 standa allan daginn \u00e1 sj\u00f3narh\u00f3l og vera \u00e1 var\u00f0bergi n\u00f3tt eftir n\u00f3tt?<a name=\"9\"><span class=\"versanumer\">9<\/span><\/a>En sj\u00e1, \u00fe\u00e1 komu menn r\u00ed\u00f0andi, tveir rei\u00f0menn. Og \u00feeir t\u00f3ku til or\u00f0a og s\u00f6g\u00f0u: Fallin, fallin er Bab\u00fdlon, og allar go\u00f0al\u00edkneskjur hennar liggja sundur brotnar \u00e1 j\u00f6r\u00f0inni.<a name=\"10\"><span class=\"versanumer\">10<\/span><\/a>Kramda og \u00fereskta \u00fej\u00f3\u00f0in m\u00edn, \u00fea\u00f0 sem \u00e9g hefi heyrt af Drottni allsherjar, Gu\u00f0i \u00cdsraels, \u00fea\u00f0 hefi \u00e9g kunngj\u00f6rt y\u00f0ur.<a name=\"11\"><span class=\"versanumer\">11<\/span><\/a>Sp\u00e1d\u00f3mur um D\u00fama. \u00dea\u00f0 er kalla\u00f0 til m\u00edn fr\u00e1 Se\u00edr: V\u00f6kuma\u00f0ur, hva\u00f0 l\u00ed\u00f0ur n\u00f3ttinni? V\u00f6kuma\u00f0ur, hva\u00f0 l\u00ed\u00f0ur n\u00f3ttinni?<a name=\"12\"><span class=\"versanumer\">12<\/span><\/a>V\u00f6kuma\u00f0urinn svarar: Morgunninn kemur, og \u00fe\u00f3 er n\u00f3tt. Ef \u00fe\u00e9r vilji\u00f0 spyrja, \u00fe\u00e1 komi\u00f0 aftur og spyrji\u00f0.<a name=\"13\"><span class=\"versanumer\">13<\/span><\/a>Sp\u00e1d\u00f3mur um Arab\u00edu. Taki\u00f0 n\u00e1ttsta\u00f0 \u00ed kjarrinu a\u00f0 kveldi, \u00fe\u00e9r kaupmannalestir Dedansmanna!<a name=\"14\"><span class=\"versanumer\">14<\/span><\/a>Komi\u00f0 \u00fat me\u00f0 vatn \u00e1 m\u00f3ti hinum \u00feyrstu, \u00fe\u00e9r sem b\u00fai\u00f0 \u00ed Temalandi! F\u00e6ri\u00f0 brau\u00f0 fl\u00f3ttam\u00f6nnunum!<a name=\"15\"><span class=\"versanumer\">15<\/span><\/a>\u00dev\u00ed \u00feeir fl\u00fdja undan sver\u00f0unum, undan brug\u00f0nu sver\u00f0i, undan bendum boga, undan \u00feunga \u00f3fri\u00f0arins.<a name=\"16\"><span class=\"versanumer\">16<\/span><\/a>\u00dev\u00ed a\u00f0 svo hefir Drottinn sagt vi\u00f0 mig: \u00c1\u00f0ur en eitt \u00e1r er li\u00f0i\u00f0, eins og \u00e1r kaupamanna eru talin, skal \u00f6ll vegsemd Kedars a\u00f0 engu ver\u00f0a,<a name=\"17\"><span class=\"versanumer\">17<\/span><\/a>og leifarnar, sem eftir ver\u00f0a af bogum Kedar\u00ednga kappa, munu ver\u00f0a teljandi, \u00fev\u00ed a\u00f0 Drottinn, \u00cdsraels Gu\u00f0, hefir sagt \u00fea\u00f0.<\/p>\n<div class=\"footnote1981\"><b>21.1<\/b> Gegn Bab\u00fdlon Jes 13.1+ &#8211; hinu \u00f3gnvekjandi landi Jes 30.6; 5M\u00f3s 1.19; 8.15; Jer 2.6<br \/>\n<b>21.3<\/b> Hr\u00ed\u00f0ir Jes 16.11<br \/>\n<b>21.5<\/b> Lagt \u00e1 bor\u00f0 Dan 5.1-4<br \/>\n<b>21.6<\/b> Var\u00f0ma\u00f0ur 2Kon 9.17; Esk 33; Hab 2.1<br \/>\n<b>21.9<\/b> Fallin er Bab\u00fdlon Jer 51.8; Opb 18.2<br \/>\n<b>21.10<\/b> Tro\u00f0in Jes 28.28 \u2013 \u00feresking Jes 41.15; Am 1.3; M\u00edk 4.13; Hab 3.12; sbr Jer 51.33<br \/>\n<b>21.11<\/b> Ed\u00f3m 1M\u00f3s 25.14; 1Kro 1.30 \u2013 Se\u00edr 1M\u00f3s 14.6; 32.3; 5M\u00f3s 2.4 \u2013 v\u00f6kuma\u00f0ur Esk 33.2,6; Slm 130.6<br \/>\n<b>21.12<\/b> Morguninn kemur Jes 17.14; 2Kon 19.35; Slm 30.6; 46.6; R\u00f3m 13.12<br \/>\n<b>21.13<\/b> Dedan 1M\u00f3s 10.7; 25.2-3; Jer 25.23; 49.8; Esk 25.13; 27.20; 38.13<br \/>\n<b>21.16<\/b> Kedar Jes 42.11; 60.7; Jer 2.10; 49.28-33; Esk 27.21; Slm 120.5<\/div>\n","protected":false},"excerpt":{"rendered":"<p>1Sp\u00e1d\u00f3mur um \u00f6r\u00e6fin vi\u00f0 hafi\u00f0. Eins og fellibyljir \u00ed su\u00f0urlandinu geysist \u00fea\u00f0 \u00e1fram, \u00fea\u00f0 kemur \u00far \u00f6r\u00e6funum, \u00far hinu hr\u00e6\u00f0ilega landi.2H\u00f6r\u00f0 t\u00ed\u00f0indi hafa m\u00e9r birt veri\u00f0: R\u00e1nsmenn r\u00e6na, hermenn herja! \u00c1fram, Elam\u00edtar! Gj\u00f6ri\u00f0 ums\u00e1t, Med\u00edumenn! \u00c9g gj\u00f6ri enda \u00e1 \u00f6llum andv\u00f6rpum.3\u00deess vegna skj\u00e1lfa lendar m\u00ednar, \u00feess vegna hremma s\u00e1rir verkir mig, eins og hr\u00ed\u00f0ir j\u00f3\u00f0sj\u00faka konu. \u00c9g engist saman, svo a\u00f0 \u00e9g heyri ekkert, \u00e9g er svo agndofa, a\u00f0 \u00e9g s\u00e9 ekkert.4Hjarta mitt er ringla\u00f0, skelfing er skyndilega yfir mig komin. N\u00fa er n\u00f3ttin, sem \u00e9g jafnan hefi \u00fer\u00e1\u00f0, or\u00f0in m\u00e9r a\u00f0 skelfingu.5Bor\u00f0in eru sett fram og \u00e1brei\u00f0urnar breiddar \u00e1 <a href=\"https:\/\/biblian.is\/1981\/jesaja-21-kafli\/\"> [&#8230;]<\/a><\/p>\n","protected":false},"author":1,"featured_media":0,"parent":0,"menu_order":0,"comment_status":"open","ping_status":"open","template":"bibliukaflar.php","meta":{"footnotes":""},"class_list":["post-2047","page","type-page","status-publish","hentry"],"_links":{"self":[{"href":"https:\/\/biblian.is\/1981\/wp-json\/wp\/v2\/pages\/2047","targetHints":{"allow":["GET"]}}],"collection":[{"href":"https:\/\/biblian.is\/1981\/wp-json\/wp\/v2\/pages"}],"about":[{"href":"https:\/\/biblian.is\/1981\/wp-json\/wp\/v2\/types\/page"}],"author":[{"embeddable":true,"href":"https:\/\/biblian.is\/1981\/wp-json\/wp\/v2\/users\/1"}],"replies":[{"embeddable":true,"href":"https:\/\/biblian.is\/1981\/wp-json\/wp\/v2\/comments?post=2047"}],"version-history":[{"count":0,"href":"https:\/\/biblian.is\/1981\/wp-json\/wp\/v2\/pages\/2047\/revisions"}],"wp:attachment":[{"href":"https:\/\/biblian.is\/1981\/wp-json\/wp\/v2\/media?parent=2047"}],"curies":[{"name":"wp","href":"https:\/\/api.w.org\/{rel}","templated":true}]}}