{"id":2046,"date":"2017-11-18T20:19:50","date_gmt":"2017-11-18T20:19:50","guid":{"rendered":"http:\/\/biblian.is\/1981\/jesaja-20-kafli\/"},"modified":"2017-11-18T20:19:50","modified_gmt":"2017-11-18T20:19:50","slug":"jesaja-20-kafli","status":"publish","type":"page","link":"https:\/\/biblian.is\/1981\/jesaja-20-kafli\/","title":{"rendered":"Jesaja 20. kafli"},"content":{"rendered":"<p><a name=\"1\"><span class=\"versanumer\">1<\/span><\/a>\u00c1ri\u00f0 sem yfirhersh\u00f6f\u00f0inginn kom til Asd\u00f3d, sendur af Sargon Ass\u00fdr\u00edukonungi, og herja\u00f0i \u00e1 Asd\u00f3d og vann hana,<a name=\"2\"><span class=\"versanumer\">2<\/span><\/a>\u00ed \u00fea\u00f0 mund tala\u00f0i Drottinn fyrir munn Jesaja Amozsonar \u00e1 \u00feessa lei\u00f0: Far og leys h\u00e6rusekkinn af lendum \u00fe\u00e9r og drag sk\u00f3 \u00fe\u00edna af f\u00f3tum \u00fe\u00e9r. Og hann gj\u00f6r\u00f0i svo og gekk f\u00e1kl\u00e6ddur og berf\u00e6ttur.<a name=\"3\"><span class=\"versanumer\">3<\/span><\/a>Og Drottinn m\u00e6lti: Eins og Jesaja \u00fej\u00f3nn minn hefir gengi\u00f0 f\u00e1kl\u00e6ddur og berf\u00e6ttur \u00ed \u00ferj\u00fa \u00e1r sem t\u00e1kn og fyrirbur\u00f0ur um Egyptaland og Bl\u00e1land,<a name=\"4\"><span class=\"versanumer\">4<\/span><\/a>svo skal Ass\u00fdr\u00edukonungur f\u00e6ra burt bandingjana fr\u00e1 Egyptalandi og \u00fatlagana fr\u00e1 Bl\u00e1landi, b\u00e6\u00f0i unga og gamla, f\u00e1kl\u00e6dda og berf\u00e6tta, me\u00f0 bera bakhlutina, Egyptum til sm\u00e1nar.<a name=\"5\"><span class=\"versanumer\">5<\/span><\/a>\u00de\u00e1 munu \u00feeir skelfast og skammast s\u00edn vegna Bl\u00e1lands, er \u00feeir reiddu sig \u00e1, og Egyptalands, er \u00feeir st\u00e6r\u00f0u sig af. Og \u00feeir, sem b\u00faa \u00e1 \u00feessari str\u00f6nd, munu segja \u00e1 \u00feeim degi: Svo er \u00fe\u00e1 komi\u00f0 fyrir \u00feeim, er v\u00e9r reiddum oss \u00e1 og fl\u00fd\u00f0um til \u00ed von um hj\u00e1lp til \u00feess a\u00f0 frelsast undan Ass\u00fdr\u00edukonungi! Hversu megum v\u00e9r \u00fe\u00e1 sj\u00e1lfir komast undan?<\/p>\n<div class=\"footnote1981\"><b>20.1<\/b> Yfirhersh\u00f6f\u00f0inginn 2Kon 18.17<br \/>\n<b>20.3<\/b> T\u00e1knr\u00e6nt framfer\u00f0i Jes 8.1-4; 1Kon 11.29-31; Jer 13.1-7; Esk 12.1-15; H\u00f3s 1.3 \u2013 t\u00e1kn og fyrirbur\u00f0ir Jes 8.18<br \/>\n<b>20.5<\/b> Egyptar sigra\u00f0ir Jes 31.3<\/div>\n","protected":false},"excerpt":{"rendered":"<p>1\u00c1ri\u00f0 sem yfirhersh\u00f6f\u00f0inginn kom til Asd\u00f3d, sendur af Sargon Ass\u00fdr\u00edukonungi, og herja\u00f0i \u00e1 Asd\u00f3d og vann hana,2\u00ed \u00fea\u00f0 mund tala\u00f0i Drottinn fyrir munn Jesaja Amozsonar \u00e1 \u00feessa lei\u00f0: Far og leys h\u00e6rusekkinn af lendum \u00fe\u00e9r og drag sk\u00f3 \u00fe\u00edna af f\u00f3tum \u00fe\u00e9r. Og hann gj\u00f6r\u00f0i svo og gekk f\u00e1kl\u00e6ddur og berf\u00e6ttur.3Og Drottinn m\u00e6lti: Eins og Jesaja \u00fej\u00f3nn minn hefir gengi\u00f0 f\u00e1kl\u00e6ddur og berf\u00e6ttur \u00ed \u00ferj\u00fa \u00e1r sem t\u00e1kn og fyrirbur\u00f0ur um Egyptaland og Bl\u00e1land,4svo skal Ass\u00fdr\u00edukonungur f\u00e6ra burt bandingjana fr\u00e1 Egyptalandi og \u00fatlagana fr\u00e1 Bl\u00e1landi, b\u00e6\u00f0i unga og gamla, f\u00e1kl\u00e6dda og berf\u00e6tta, me\u00f0 bera bakhlutina, Egyptum til sm\u00e1nar.5\u00de\u00e1 munu \u00feeir <a href=\"https:\/\/biblian.is\/1981\/jesaja-20-kafli\/\"> [&#8230;]<\/a><\/p>\n","protected":false},"author":1,"featured_media":0,"parent":0,"menu_order":0,"comment_status":"open","ping_status":"open","template":"bibliukaflar.php","meta":{"footnotes":""},"class_list":["post-2046","page","type-page","status-publish","hentry"],"_links":{"self":[{"href":"https:\/\/biblian.is\/1981\/wp-json\/wp\/v2\/pages\/2046","targetHints":{"allow":["GET"]}}],"collection":[{"href":"https:\/\/biblian.is\/1981\/wp-json\/wp\/v2\/pages"}],"about":[{"href":"https:\/\/biblian.is\/1981\/wp-json\/wp\/v2\/types\/page"}],"author":[{"embeddable":true,"href":"https:\/\/biblian.is\/1981\/wp-json\/wp\/v2\/users\/1"}],"replies":[{"embeddable":true,"href":"https:\/\/biblian.is\/1981\/wp-json\/wp\/v2\/comments?post=2046"}],"version-history":[{"count":0,"href":"https:\/\/biblian.is\/1981\/wp-json\/wp\/v2\/pages\/2046\/revisions"}],"wp:attachment":[{"href":"https:\/\/biblian.is\/1981\/wp-json\/wp\/v2\/media?parent=2046"}],"curies":[{"name":"wp","href":"https:\/\/api.w.org\/{rel}","templated":true}]}}