{"id":2045,"date":"2017-11-18T20:19:50","date_gmt":"2017-11-18T20:19:50","guid":{"rendered":"http:\/\/biblian.is\/1981\/jesaja-19-kafli\/"},"modified":"2017-11-18T20:19:50","modified_gmt":"2017-11-18T20:19:50","slug":"jesaja-19-kafli","status":"publish","type":"page","link":"https:\/\/biblian.is\/1981\/jesaja-19-kafli\/","title":{"rendered":"Jesaja 19. kafli"},"content":{"rendered":"<p><a name=\"1\"><span class=\"versanumer\">1<\/span><\/a>Sp\u00e1d\u00f3mur um Egyptaland. Sj\u00e1, Drottinn ekur \u00e1 l\u00e9ttf\u00e6ru sk\u00fdi og kemur til Egyptalands. \u00de\u00e1 skj\u00e1lfa go\u00f0 Egyptalands fyrir honum og hj\u00f6rtu Egypta br\u00e1\u00f0na \u00ed brj\u00f3stum \u00feeirra.<a name=\"2\"><span class=\"versanumer\">2<\/span><\/a>\u00c9g \u00e6si Egypta \u00ed gegn Egyptum, svo a\u00f0 br\u00f3\u00f0ir skal berjast vi\u00f0 br\u00f3\u00f0ur, vinur vi\u00f0 vin, borg vi\u00f0 borg og r\u00edki vi\u00f0 r\u00edki.<a name=\"3\"><span class=\"versanumer\">3<\/span><\/a>Hyggindi Egypta munu \u00fe\u00e1 ver\u00f0a \u00f6r\u00ferota, og r\u00e1\u00f0agj\u00f6r\u00f0ir \u00feeirra \u00f3n\u00fdti \u00e9g. \u00deeir munu leita fr\u00e9tta hj\u00e1 go\u00f0um s\u00ednum, hj\u00e1 galdram\u00f6nnum, \u00fej\u00f3nustu\u00f6ndum og sp\u00e1sagnar\u00f6ndum.<a name=\"4\"><span class=\"versanumer\">4<\/span><\/a>\u00c9g vil selja Egypta har\u00f0r\u00e1\u00f0um drottnara \u00e1 vald, og grimmur konungur skal r\u00edkja yfir \u00feeim segir hinn alvaldi, Drottinn allsherjar.<a name=\"5\"><span class=\"versanumer\">5<\/span><\/a>V\u00f6tnin \u00ed sj\u00f3num munu \u00feverra og flj\u00f3ti\u00f0 grynnast og \u00feorna upp.<a name=\"6\"><span class=\"versanumer\">6<\/span><\/a>\u00c1rkv\u00edslarnar munu f\u00falna, flj\u00f3t Egyptalands \u00feverra og \u00feorna, reyr og sef visna.<a name=\"7\"><span class=\"versanumer\">7<\/span><\/a>Engjarnar fram me\u00f0 N\u00edl, \u00e1 sj\u00e1lfum N\u00edlarb\u00f6kkunum, og \u00f6ll s\u00e1\u00f0l\u00f6nd vi\u00f0 N\u00edl \u00feorna upp, ey\u00f0ast og hverfa.<a name=\"8\"><span class=\"versanumer\">8<\/span><\/a>\u00de\u00e1 munu fiskimennirnir andvarpa og allir \u00feeir s\u00fdta, sem \u00f6ngli renna \u00ed N\u00edl, og \u00feeir, sem leggja net \u00ed v\u00f6tn, munu \u00f6rvilnast.<a name=\"9\"><span class=\"versanumer\">9<\/span><\/a>\u00deeir, sem vinna h\u00f6rinn, munu standa r\u00e1\u00f0\u00ferota, kembingarkonurnar og vefararnir blikna.<a name=\"10\"><span class=\"versanumer\">10<\/span><\/a>Sto\u00f0ir landsins skulu brotnar ver\u00f0a sundur, allir \u00feeir, sem vinna fyrir kaup, ver\u00f0a hugdaprir.<a name=\"11\"><span class=\"versanumer\">11<\/span><\/a>H\u00f6f\u00f0ingjarnir \u00ed S\u00f3an eru t\u00f3mir heimskingjar, r\u00e1\u00f0spekin hj\u00e1 hinum vitrustu r\u00e1\u00f0gj\u00f6fum Fara\u00f3s or\u00f0in a\u00f0 fl\u00f3nsku. Hvernig dirfist \u00fe\u00e9r a\u00f0 segja vi\u00f0 Fara\u00f3: \u00c9g er sonur vitringanna og kominn af fornkonungunum?<a name=\"12\"><span class=\"versanumer\">12<\/span><\/a>Hvar eru n\u00fa vitringar \u00fe\u00ednir? \u00deeir \u00e6ttu n\u00fa a\u00f0 segja \u00fe\u00e9r, og mega vita, hverja fyrir\u00e6tlan Drottinn allsherjar hefir me\u00f0 Egyptaland.<a name=\"13\"><span class=\"versanumer\">13<\/span><\/a>H\u00f6f\u00f0ingjarnir \u00ed S\u00f3an standa eins og afglapar, h\u00f6f\u00f0ingjarnir \u00ed N\u00f3f eru \u00e1 t\u00e1lar dregnir. \u00deeir sem eru hyrningarsteinar \u00e6ttkv\u00edsla Egyptalands, hafa leitt \u00fea\u00f0 \u00e1 glapstigu.<a name=\"14\"><span class=\"versanumer\">14<\/span><\/a>Drottinn hefir byrla\u00f0 \u00feeim sundlunaranda, svo a\u00f0 \u00feeir valda \u00fev\u00ed, a\u00f0 Egyptaland er \u00e1 reiki \u00ed \u00f6llum fyrirt\u00e6kjum s\u00ednum, eins og drukkinn ma\u00f0ur reikar innan um sp\u00fdju s\u00edna.<a name=\"15\"><span class=\"versanumer\">15<\/span><\/a>Ekkert heppnast Egyptalandi, hvorki \u00fea\u00f0 sem h\u00f6fu\u00f0 e\u00f0a hali, p\u00e1lmakvistur e\u00f0a sefstr\u00e1 taka s\u00e9r fyrir a\u00f0 gj\u00f6ra.<a name=\"16\"><span class=\"versanumer\">16<\/span><\/a>\u00c1 \u00feeim degi munu Egyptar ver\u00f0a sem konur, \u00feeir munu skelfast og hr\u00e6\u00f0ast reidda h\u00f6nd Drottins allsherjar, er hann rei\u00f0ir gegn \u00feeim.<a name=\"17\"><span class=\"versanumer\">17<\/span><\/a>\u00de\u00e1 skal Egyptalandi standa \u00f3tti af J\u00fadalandi. \u00cd hvert sinn sem \u00e1 \u00fea\u00f0 er minnst vi\u00f0 \u00fe\u00e1 munu \u00feeir skelfast, vegna r\u00e1\u00f0s \u00feess, er Drottinn allsherjar hefir r\u00e1\u00f0i\u00f0 gegn \u00feeim.<a name=\"18\"><span class=\"versanumer\">18<\/span><\/a>\u00c1 \u00feeim degi munu fimm borgir \u00ed Egyptalandi m\u00e6la \u00e1 kanverska tungu og sverja hl\u00fd\u00f0ni Drottni allsherjar. Skal ein \u00feeirra kallast B\u00e6r r\u00e9ttv\u00edsinnar.<a name=\"19\"><span class=\"versanumer\">19<\/span><\/a>\u00c1 \u00feeim degi mun vera altari handa Drottni \u00ed mi\u00f0ju Egyptalandi og merkissteinn handa Drottni vi\u00f0 landam\u00e6rin.<a name=\"20\"><span class=\"versanumer\">20<\/span><\/a>\u00dea\u00f0 skal vera til merkis og vitnisbur\u00f0ar um Drottin allsherjar \u00ed Egyptalandi. \u00deegar \u00feeir hr\u00f3pa til Drottins undan k\u00fagurunum, mun hann senda \u00feeim fulltingjara og forv\u00edgismann, er frelsar \u00fe\u00e1.<a name=\"21\"><span class=\"versanumer\">21<\/span><\/a>Drottinn mun kunnur ver\u00f0a Egyptalandi, og Egyptar munu \u00feekkja Drottin \u00e1 \u00feeim degi. \u00deeir munu d\u00fdrka hann me\u00f0 sl\u00e1turf\u00f3rnum og matf\u00f3rnum og vinna Drottni heit og efna \u00feau.<a name=\"22\"><span class=\"versanumer\">22<\/span><\/a>Og Drottinn mun sl\u00e1 Egyptaland, sl\u00e1 og gr\u00e6\u00f0a, og \u00feeir munu sn\u00faa s\u00e9r til Drottins, og hann mun b\u00e6nheyra \u00fe\u00e1 og gr\u00e6\u00f0a \u00fe\u00e1.<a name=\"23\"><span class=\"versanumer\">23<\/span><\/a>\u00c1 \u00feeim degi skal vera brautarvegur fr\u00e1 Egyptalandi til Ass\u00fdr\u00edu, og Ass\u00fdringar skulu koma til Egyptalands og Egyptar til Ass\u00fdr\u00edu, og Egyptar munu tilbi\u00f0ja \u00e1samt Ass\u00fdringum.<a name=\"24\"><span class=\"versanumer\">24<\/span><\/a>\u00c1 \u00feeim degi munu \u00feessir \u00fer\u00edr taka saman, \u00cdsrael, Egyptaland og Ass\u00fdr\u00eda, og vera blessun \u00e1 j\u00f6r\u00f0inni mi\u00f0ri.<a name=\"25\"><span class=\"versanumer\">25<\/span><\/a>Drottinn allsherjar blessar \u00fe\u00e1 og segir: Blessu\u00f0 s\u00e9 \u00fej\u00f3\u00f0 m\u00edn Egyptar, verki\u00f0 handa minna Ass\u00fdr\u00eda og arfleif\u00f0 m\u00edn \u00cdsrael!<\/p>\n<div class=\"footnote1981\"><b>19.1<\/b> Drottinn kemur 5M\u00f3s 33.26; Slm 18.10; 96.13; Nah 1.3 o.fl. \u2013 go\u00f0 Jes 2.8,18,20; 10.10; 31.7<br \/>\n<b>19.3<\/b> Sp\u00e1sagnamenn Egypta 1M\u00f3s 41.8; 2M\u00f3s 7.11,22; 8.2,15 \u2013 sp\u00e1sagnarandar Jes 8.19+<br \/>\n<b>19.4<\/b> Drottinn allsherjar Jes 1.24+<br \/>\n<b>19.11<\/b> S\u00f3an Jes 30.4; 4M\u00f3s 13.22; Esk 30.14; Slm 78.12 \u2013 speki Egypta 1M\u00f3s 41.8; 1Kon 5.10; SSal 17.7; Post 7.22<br \/>\n<b>19.13<\/b> N\u00f3f  Jer 2.16; 44.1; 46.14; Esk 30.13,16<br \/>\n<b>19.14<\/b> Reikulir Jes 28.7; Jer 48.26<br \/>\n<b>19.15<\/b> Haus n\u00e9 hali Jes 9.13+<br \/>\n<b>19.20<\/b> Vitni Jes 8.18 \u2013 bjargv\u00e6ttur D\u00f3m 2.16-18<br \/>\n<b>19.21<\/b> Vi\u00f0urkenna Drottin 2M\u00f3s 6.3; Esk 6.14; 13.14,21; 20.5,9 o.fl.<br \/>\n<b>19.22<\/b> Hann l\u00e6knar H\u00f3s 6.1<br \/>\n<b>19.24<\/b> Blessun 1M\u00f3s 12.2; Sak 8.13<br \/>\n<b>19.25<\/b> Afturhvarf hei\u00f0ingjanna Jes 18.7; M\u00edk 4.1+ &#8211; erlendar \u00fej\u00f3\u00f0ir Slm 87 \u2013 \u00cdsrael, arflei\u00f0 Drottins 5M\u00f3s 9.26,29; 32.9; Slm 28.9<\/div>\n","protected":false},"excerpt":{"rendered":"<p>1Sp\u00e1d\u00f3mur um Egyptaland. Sj\u00e1, Drottinn ekur \u00e1 l\u00e9ttf\u00e6ru sk\u00fdi og kemur til Egyptalands. \u00de\u00e1 skj\u00e1lfa go\u00f0 Egyptalands fyrir honum og hj\u00f6rtu Egypta br\u00e1\u00f0na \u00ed brj\u00f3stum \u00feeirra.2\u00c9g \u00e6si Egypta \u00ed gegn Egyptum, svo a\u00f0 br\u00f3\u00f0ir skal berjast vi\u00f0 br\u00f3\u00f0ur, vinur vi\u00f0 vin, borg vi\u00f0 borg og r\u00edki vi\u00f0 r\u00edki.3Hyggindi Egypta munu \u00fe\u00e1 ver\u00f0a \u00f6r\u00ferota, og r\u00e1\u00f0agj\u00f6r\u00f0ir \u00feeirra \u00f3n\u00fdti \u00e9g. \u00deeir munu leita fr\u00e9tta hj\u00e1 go\u00f0um s\u00ednum, hj\u00e1 galdram\u00f6nnum, \u00fej\u00f3nustu\u00f6ndum og sp\u00e1sagnar\u00f6ndum.4\u00c9g vil selja Egypta har\u00f0r\u00e1\u00f0um drottnara \u00e1 vald, og grimmur konungur skal r\u00edkja yfir \u00feeim segir hinn alvaldi, Drottinn allsherjar.5V\u00f6tnin \u00ed sj\u00f3num munu \u00feverra og flj\u00f3ti\u00f0 grynnast og \u00feorna upp.6\u00c1rkv\u00edslarnar munu <a href=\"https:\/\/biblian.is\/1981\/jesaja-19-kafli\/\"> [&#8230;]<\/a><\/p>\n","protected":false},"author":1,"featured_media":0,"parent":0,"menu_order":0,"comment_status":"open","ping_status":"open","template":"bibliukaflar.php","meta":{"footnotes":""},"class_list":["post-2045","page","type-page","status-publish","hentry"],"_links":{"self":[{"href":"https:\/\/biblian.is\/1981\/wp-json\/wp\/v2\/pages\/2045","targetHints":{"allow":["GET"]}}],"collection":[{"href":"https:\/\/biblian.is\/1981\/wp-json\/wp\/v2\/pages"}],"about":[{"href":"https:\/\/biblian.is\/1981\/wp-json\/wp\/v2\/types\/page"}],"author":[{"embeddable":true,"href":"https:\/\/biblian.is\/1981\/wp-json\/wp\/v2\/users\/1"}],"replies":[{"embeddable":true,"href":"https:\/\/biblian.is\/1981\/wp-json\/wp\/v2\/comments?post=2045"}],"version-history":[{"count":0,"href":"https:\/\/biblian.is\/1981\/wp-json\/wp\/v2\/pages\/2045\/revisions"}],"wp:attachment":[{"href":"https:\/\/biblian.is\/1981\/wp-json\/wp\/v2\/media?parent=2045"}],"curies":[{"name":"wp","href":"https:\/\/api.w.org\/{rel}","templated":true}]}}