{"id":2043,"date":"2017-11-18T20:19:50","date_gmt":"2017-11-18T20:19:50","guid":{"rendered":"http:\/\/biblian.is\/1981\/jesaja-17-kafli\/"},"modified":"2017-11-18T20:19:50","modified_gmt":"2017-11-18T20:19:50","slug":"jesaja-17-kafli","status":"publish","type":"page","link":"https:\/\/biblian.is\/1981\/jesaja-17-kafli\/","title":{"rendered":"Jesaja 17. kafli"},"content":{"rendered":"<p><a name=\"1\"><span class=\"versanumer\">1<\/span><\/a>Sp\u00e1d\u00f3mur um Damaskus. Sj\u00e1, Damaskus skal ver\u00f0a afm\u00e1\u00f0 og ekki vera borg framar, h\u00fan skal ver\u00f0a a\u00f0 r\u00fastum.<a name=\"2\"><span class=\"versanumer\">2<\/span><\/a>Borgir Ar\u00f3er skulu ver\u00f0a yfirgefnar, hj\u00f6r\u00f0um skulu \u00fe\u00e6r ver\u00f0a til beitar, \u00fear skulu \u00fe\u00e6r liggja og enginn styggja \u00fe\u00e6r.<a name=\"3\"><span class=\"versanumer\">3<\/span><\/a>Varnarvirki Efra\u00edms l\u00ed\u00f0ur undir lok og konungd\u00f3murinn hverfur fr\u00e1 Damaskus. Fyrir leifum S\u00fdrlands skal fara eins og fyrir vegsemd \u00cdsraelsmanna segir Drottinn allsherjar.<a name=\"4\"><span class=\"versanumer\">4<\/span><\/a>\u00c1 \u00feeim degi mun vegsemd Jakobs ver\u00f0a l\u00edtilfengleg og fitan \u00e1 holdi hans r\u00fdrna.<a name=\"5\"><span class=\"versanumer\">5<\/span><\/a>\u00de\u00e1 mun fara l\u00edkt og \u00feegar kornskur\u00f0arma\u00f0ur safnar kornst\u00f6ngum og armleggur hans afsn\u00ed\u00f0ur \u00f6xin, og eins og \u00feegar \u00f6x eru t\u00ednd \u00ed Refa\u00edm-dal.<a name=\"6\"><span class=\"versanumer\">6<\/span><\/a>Eftirt\u00edningur skal eftir ver\u00f0a af \u00feeim, eins og \u00feegar ol\u00eduvi\u00f0ur er skekinn, tv\u00f6 e\u00f0a \u00ferj\u00fa ber efst \u00ed laufinu, fj\u00f6gur e\u00f0a fimm \u00e1 greinum aldintr\u00e9sins segir Drottinn, \u00cdsraels Gu\u00f0.<a name=\"7\"><span class=\"versanumer\">7<\/span><\/a>\u00c1 \u00feeim degi mun ma\u00f0urinn m\u00e6na til skapara s\u00edns og augu hans l\u00edta til Hins heilaga \u00ed \u00cdsrael.<a name=\"8\"><span class=\"versanumer\">8<\/span><\/a>Eigi mun hann \u00fe\u00e1 m\u00e6na \u00e1 \u00f6lturun, handaverk s\u00edn, n\u00e9 l\u00edta til \u00feess, er fingur hans hafa gj\u00f6rt, hvorki til as\u00e9ranna n\u00e9 s\u00f3ls\u00falnanna.<a name=\"9\"><span class=\"versanumer\">9<\/span><\/a>\u00c1 \u00feeim degi munu hinar v\u00edggirtu borgir hans ver\u00f0a sem yfirgefnir sta\u00f0ir Amor\u00edta og Hev\u00edta, er \u00feeir fyrirl\u00e9tu, \u00fe\u00e1 er \u00feeir hrukku undan \u00cdsraelsm\u00f6nnum, og landi\u00f0 skal ver\u00f0a a\u00f0 au\u00f0n,<a name=\"10\"><span class=\"versanumer\">10<\/span><\/a>\u00fev\u00ed a\u00f0 \u00fe\u00fa hefir gleymt Gu\u00f0i hj\u00e1lpr\u00e6\u00f0is \u00fe\u00edns og eigi minnst \u00feess hellubjargsins, sem er h\u00e6li \u00feitt. Vegna \u00feess a\u00f0 \u00fe\u00fa plantar yndislega gar\u00f0a og setur \u00fear ni\u00f0ur \u00fatlenda gr\u00f3\u00f0urkvistu,<a name=\"11\"><span class=\"versanumer\">11<\/span><\/a>r\u00e6ktar gar\u00f0 \u00feinn \u00e1 daginn og l\u00e6tur \u00e1 morgnana \u00fats\u00e6\u00f0i \u00feitt bl\u00f3mgast, skal uppskeran breg\u00f0ast \u00e1 degi hins banv\u00e6na s\u00e1rs og hinna \u00f3l\u00e6knandi kvala.<a name=\"12\"><span class=\"versanumer\">12<\/span><\/a>Heyr gn\u00fd margra \u00fej\u00f3\u00f0a \u00fe\u00e6r gn\u00fdja sem gn\u00fdr hafsins. Heyr dyn \u00fej\u00f3\u00f0flokkanna \u00feeir dynja eins og dynur mikilla vatnsfalla.<a name=\"13\"><span class=\"versanumer\">13<\/span><\/a>\u00dej\u00f3\u00f0flokkarnir dynja eins og dynur margra vatnsfalla. En Drottinn hastar \u00e1 \u00fe\u00e1, og \u00fe\u00e1 fl\u00fdja \u00feeir langt burt. \u00deeir tv\u00edstrast eins og s\u00e1\u00f0ir \u00e1 h\u00f3lum fyrir vindi, eins og rykm\u00f6kkur fyrir stormi.<a name=\"14\"><span class=\"versanumer\">14<\/span><\/a>A\u00f0 kveldi er \u00fear skelfing, \u00e1\u00f0ur en morgnar eru \u00feeir allir \u00e1 burt. \u00deetta er hlutskipti \u00feeirra, er oss r\u00e6na, og \u00f6rl\u00f6g \u00feeirra, er fr\u00e1 oss rupla.<\/p>\n<div class=\"footnote1981\"><b>17.2<\/b> A\u00f0 bith\u00f6gum Jes 7.25+ &#8211; enginn styggir Jer 30.10; Esk 34.28<br \/>\n<b>17.7<\/b> Skapari, sk\u00f6pun Jes 51.13 \u2013 Hinn heilagi \u00ed \u00cdsrael Jes 1.4+<br \/>\n<b>17.8<\/b> As\u00e9rust\u00f3plana n\u00e9 reykelsis\u00f6lturun Jes 27.9<br \/>\n<b>17.10<\/b> \u00de\u00fa sem gleymir Gu\u00f0i Jes 51.13; Esk 22.12; 5M\u00f3s 8.11 \u2013 Gu\u00f0i hj\u00e1lpr\u00e6\u00f0is \u00fe\u00edns Jes 43.3+ &#8211; klettsins Slm 28.1+ ; 71.3<br \/>\n<b>17.11<\/b> \u00d3b\u00e6rilegra kvala Jer 15.18; M\u00edk 1.9<br \/>\n<b>17.12<\/b> Gn\u00fdr \u00fej\u00f3\u00f0anna Jes 8.9-10; 28.2; Esk 38.9; sbr Slm 76.2-8<br \/>\n<b>17.14<\/b> T\u00edmi bj\u00f6rgunarinnar Jes 33.2; 37.36; 2M\u00f3s 14.27; Slm 30.6; 46.6<\/div>\n","protected":false},"excerpt":{"rendered":"<p>1Sp\u00e1d\u00f3mur um Damaskus. Sj\u00e1, Damaskus skal ver\u00f0a afm\u00e1\u00f0 og ekki vera borg framar, h\u00fan skal ver\u00f0a a\u00f0 r\u00fastum.2Borgir Ar\u00f3er skulu ver\u00f0a yfirgefnar, hj\u00f6r\u00f0um skulu \u00fe\u00e6r ver\u00f0a til beitar, \u00fear skulu \u00fe\u00e6r liggja og enginn styggja \u00fe\u00e6r.3Varnarvirki Efra\u00edms l\u00ed\u00f0ur undir lok og konungd\u00f3murinn hverfur fr\u00e1 Damaskus. Fyrir leifum S\u00fdrlands skal fara eins og fyrir vegsemd \u00cdsraelsmanna segir Drottinn allsherjar.4\u00c1 \u00feeim degi mun vegsemd Jakobs ver\u00f0a l\u00edtilfengleg og fitan \u00e1 holdi hans r\u00fdrna.5\u00de\u00e1 mun fara l\u00edkt og \u00feegar kornskur\u00f0arma\u00f0ur safnar kornst\u00f6ngum og armleggur hans afsn\u00ed\u00f0ur \u00f6xin, og eins og \u00feegar \u00f6x eru t\u00ednd \u00ed Refa\u00edm-dal.6Eftirt\u00edningur skal eftir ver\u00f0a af \u00feeim, eins og <a href=\"https:\/\/biblian.is\/1981\/jesaja-17-kafli\/\"> [&#8230;]<\/a><\/p>\n","protected":false},"author":1,"featured_media":0,"parent":0,"menu_order":0,"comment_status":"open","ping_status":"open","template":"bibliukaflar.php","meta":{"footnotes":""},"class_list":["post-2043","page","type-page","status-publish","hentry"],"_links":{"self":[{"href":"https:\/\/biblian.is\/1981\/wp-json\/wp\/v2\/pages\/2043","targetHints":{"allow":["GET"]}}],"collection":[{"href":"https:\/\/biblian.is\/1981\/wp-json\/wp\/v2\/pages"}],"about":[{"href":"https:\/\/biblian.is\/1981\/wp-json\/wp\/v2\/types\/page"}],"author":[{"embeddable":true,"href":"https:\/\/biblian.is\/1981\/wp-json\/wp\/v2\/users\/1"}],"replies":[{"embeddable":true,"href":"https:\/\/biblian.is\/1981\/wp-json\/wp\/v2\/comments?post=2043"}],"version-history":[{"count":0,"href":"https:\/\/biblian.is\/1981\/wp-json\/wp\/v2\/pages\/2043\/revisions"}],"wp:attachment":[{"href":"https:\/\/biblian.is\/1981\/wp-json\/wp\/v2\/media?parent=2043"}],"curies":[{"name":"wp","href":"https:\/\/api.w.org\/{rel}","templated":true}]}}