{"id":2041,"date":"2017-11-18T20:19:50","date_gmt":"2017-11-18T20:19:50","guid":{"rendered":"http:\/\/biblian.is\/1981\/jesaja-15-kafli\/"},"modified":"2017-11-18T20:19:50","modified_gmt":"2017-11-18T20:19:50","slug":"jesaja-15-kafli","status":"publish","type":"page","link":"https:\/\/biblian.is\/1981\/jesaja-15-kafli\/","title":{"rendered":"Jesaja 15. kafli"},"content":{"rendered":"<p><a name=\"1\"><span class=\"versanumer\">1<\/span><\/a>Sp\u00e1d\u00f3mur um M\u00f3ab. J\u00e1, \u00e1 n\u00e1ttar\u00feeli ver\u00f0ur Ar \u00ed M\u00f3ab unnin og gj\u00f6reydd! J\u00e1, \u00e1 n\u00e1ttar\u00feeli ver\u00f0ur K\u00edr \u00ed M\u00f3ab unnin og gj\u00f6reydd!<a name=\"2\"><span class=\"versanumer\">2<\/span><\/a>\u00cdb\u00faar D\u00edbon st\u00edga upp \u00e1 h\u00e6\u00f0irnar til a\u00f0 gr\u00e1ta. M\u00f3ab kveinar \u00e1 Neb\u00f3 og \u00ed Medeba. Hvert h\u00f6fu\u00f0 er sk\u00f6ll\u00f3tt, allt skegg af raka\u00f0.<a name=\"3\"><span class=\"versanumer\">3<\/span><\/a>\u00c1 str\u00e6tunum eru \u00feeir gyrtir h\u00e6rusekk. Uppi \u00e1 \u00fe\u00f6kunum og \u00e1 torgunum kveina \u00feeir allir, flj\u00f3tandi \u00ed t\u00e1rum.<a name=\"4\"><span class=\"versanumer\">4<\/span><\/a>\u00cdb\u00faar Hesbon og Eleale hlj\u00f3\u00f0a svo h\u00e1tt, a\u00f0 \u00fea\u00f0 heyrist til Jahas. \u00deess vegna \u00e6pa hermennirnir \u00ed M\u00f3ab, \u00feeim er horfinn hugur.<a name=\"5\"><span class=\"versanumer\">5<\/span><\/a>Hjarta mitt kveinar yfir M\u00f3ab, fl\u00f3ttamenn \u00feeirra fl\u00fdja til S\u00f3ar, til Eglat Selis\u00eda. Gr\u00e1tandi ganga \u00feeir upp st\u00edginn hj\u00e1 L\u00fak\u00edt. \u00c1 veginum til H\u00f3r\u00f3na\u00edm hefja \u00feeir ney\u00f0arkvein tort\u00edmingarinnar.<a name=\"6\"><span class=\"versanumer\">6<\/span><\/a>Nimr\u00edmv\u00f6tn eru or\u00f0in a\u00f0 \u00f6r\u00e6fum, \u00fev\u00ed a\u00f0 grasi\u00f0 skr\u00e6lnar, jurtirnar ey\u00f0ast, allt gr\u00e6ngresi hverfur.<a name=\"7\"><span class=\"versanumer\">7<\/span><\/a>Fyrir \u00fev\u00ed bera \u00feeir \u00fea\u00f0, sem \u00feeir hafa dregi\u00f0 saman, og \u00fea\u00f0, sem \u00feeir hafa geymt, yfir P\u00edlvi\u00f0ar\u00e1.<a name=\"8\"><span class=\"versanumer\">8<\/span><\/a>Ney\u00f0arkveini\u00f0 gengur yfir gj\u00f6rvallt M\u00f3absland. Hlj\u00f3\u00f0in berast allt til Egla\u00edm, hlj\u00f3\u00f0in berast allt til Beer El\u00edm.<a name=\"9\"><span class=\"versanumer\">9<\/span><\/a>V\u00f6tn D\u00edmonar eru full af bl\u00f3\u00f0i. J\u00e1, enn vil \u00e9g leggja meira \u00e1 D\u00edmon: Lj\u00f3n fyrir \u00fe\u00e1, sem undan komast fr\u00e1 M\u00f3ab, og fyrir \u00fe\u00e1, sem eftir ver\u00f0a \u00ed landinu.<\/p>\n<div class=\"footnote1981\"><b>15.1<\/b> Bo\u00f0skapur um M\u00f3ab Jes 25.10-11; 4M\u00f3s 21.27-30; Esk 25.8-11; Am 2.1-3; Sef 2.8-11 \u2013 Ar \u00ed M\u00f3ab 4M\u00f3s 21.28<br \/>\n<b>15.2-7<\/b> Sj\u00e1 Jer 48.34-38 \u2013 Neb\u00f3 4M\u00f3s 32.3,38; 5M\u00f3s 34.1; Jer 48.1,22; 1Kro 5.8 \u2013 Medeba 4M\u00f3s 21.30 \u2013 skalli, afraka\u00f0 skegg Jes 3.24; Jer 48.37; Esk 7.18; Am 8.10<br \/>\n<b>15.3<\/b> Gyrtir h\u00e6rusekk Jes 22.12; J\u00f3n 3.6,8<br \/>\n<b>15.4<\/b> Hesbon 4M\u00f3s 21.25; Ljl 7.5 \u2013 Eleale 4M\u00f3s 32.3,37<br \/>\n<b>15.5<\/b> S\u00f3ar 1M\u00f3s 13.10; 19.30 \u2013 Eglat Selis\u00eda Jer 48.34<br \/>\n<b>15.8<\/b> Egla\u00edm Esk 47.10<\/div>\n","protected":false},"excerpt":{"rendered":"<p>1Sp\u00e1d\u00f3mur um M\u00f3ab. J\u00e1, \u00e1 n\u00e1ttar\u00feeli ver\u00f0ur Ar \u00ed M\u00f3ab unnin og gj\u00f6reydd! J\u00e1, \u00e1 n\u00e1ttar\u00feeli ver\u00f0ur K\u00edr \u00ed M\u00f3ab unnin og gj\u00f6reydd!2\u00cdb\u00faar D\u00edbon st\u00edga upp \u00e1 h\u00e6\u00f0irnar til a\u00f0 gr\u00e1ta. M\u00f3ab kveinar \u00e1 Neb\u00f3 og \u00ed Medeba. Hvert h\u00f6fu\u00f0 er sk\u00f6ll\u00f3tt, allt skegg af raka\u00f0.3\u00c1 str\u00e6tunum eru \u00feeir gyrtir h\u00e6rusekk. Uppi \u00e1 \u00fe\u00f6kunum og \u00e1 torgunum kveina \u00feeir allir, flj\u00f3tandi \u00ed t\u00e1rum.4\u00cdb\u00faar Hesbon og Eleale hlj\u00f3\u00f0a svo h\u00e1tt, a\u00f0 \u00fea\u00f0 heyrist til Jahas. \u00deess vegna \u00e6pa hermennirnir \u00ed M\u00f3ab, \u00feeim er horfinn hugur.5Hjarta mitt kveinar yfir M\u00f3ab, fl\u00f3ttamenn \u00feeirra fl\u00fdja til S\u00f3ar, til Eglat Selis\u00eda. Gr\u00e1tandi ganga \u00feeir upp <a href=\"https:\/\/biblian.is\/1981\/jesaja-15-kafli\/\"> [&#8230;]<\/a><\/p>\n","protected":false},"author":1,"featured_media":0,"parent":0,"menu_order":0,"comment_status":"open","ping_status":"open","template":"bibliukaflar.php","meta":{"footnotes":""},"class_list":["post-2041","page","type-page","status-publish","hentry"],"_links":{"self":[{"href":"https:\/\/biblian.is\/1981\/wp-json\/wp\/v2\/pages\/2041","targetHints":{"allow":["GET"]}}],"collection":[{"href":"https:\/\/biblian.is\/1981\/wp-json\/wp\/v2\/pages"}],"about":[{"href":"https:\/\/biblian.is\/1981\/wp-json\/wp\/v2\/types\/page"}],"author":[{"embeddable":true,"href":"https:\/\/biblian.is\/1981\/wp-json\/wp\/v2\/users\/1"}],"replies":[{"embeddable":true,"href":"https:\/\/biblian.is\/1981\/wp-json\/wp\/v2\/comments?post=2041"}],"version-history":[{"count":0,"href":"https:\/\/biblian.is\/1981\/wp-json\/wp\/v2\/pages\/2041\/revisions"}],"wp:attachment":[{"href":"https:\/\/biblian.is\/1981\/wp-json\/wp\/v2\/media?parent=2041"}],"curies":[{"name":"wp","href":"https:\/\/api.w.org\/{rel}","templated":true}]}}