{"id":2040,"date":"2017-11-18T20:19:50","date_gmt":"2017-11-18T20:19:50","guid":{"rendered":"http:\/\/biblian.is\/1981\/jesaja-14-kafli\/"},"modified":"2017-11-18T20:19:50","modified_gmt":"2017-11-18T20:19:50","slug":"jesaja-14-kafli","status":"publish","type":"page","link":"https:\/\/biblian.is\/1981\/jesaja-14-kafli\/","title":{"rendered":"Jesaja 14. kafli"},"content":{"rendered":"<p><a name=\"1\"><span class=\"versanumer\">1<\/span><\/a>Drottinn mun miskunna Jakob og enn \u00fatvelja \u00cdsrael. Hann mun gefa \u00feeim b\u00f3lfestu \u00ed landi \u00feeirra, og \u00fatlendir menn munu sameinast \u00feeim og gj\u00f6ra f\u00e9lagsskap vi\u00f0 Jakobs h\u00fas.<a name=\"2\"><span class=\"versanumer\">2<\/span><\/a>Og \u00fej\u00f3\u00f0irnar munu taka \u00fe\u00e1 og flytja \u00fe\u00e1 til \u00e1tthaga \u00feeirra, en \u00cdsraelsni\u00f0jar munu eignast \u00fe\u00e6r a\u00f0 \u00fer\u00e6lum og amb\u00e1ttum \u00ed landi Drottins. \u00deeir munu hertaka hertakendur s\u00edna og drottna yfir k\u00fagurum s\u00ednum.<a name=\"3\"><span class=\"versanumer\">3<\/span><\/a>\u00deegar Drottinn veitir \u00fe\u00e9r hv\u00edld af \u00ferautum \u00fe\u00ednum og \u00f3n\u00e6\u00f0i og af hinni h\u00f6r\u00f0u \u00e1nau\u00f0, sem \u00e1 \u00feig var l\u00f6g\u00f0,<a name=\"4\"><span class=\"versanumer\">4<\/span><\/a>\u00fe\u00e1 muntu kyrja upp h\u00e1\u00f0kv\u00e6\u00f0i \u00feetta um konunginn \u00ed Bab\u00fdlon og segja: Hversu hlj\u00f3\u00f0ur er har\u00f0stj\u00f3rinn n\u00fa or\u00f0inn, hve hlj\u00f3tt \u00ed kvalasta\u00f0num!<a name=\"5\"><span class=\"versanumer\">5<\/span><\/a>Drottinn hefir sundurbroti\u00f0 staf hinna \u00f3gu\u00f0legu, sprota yfirdrottnaranna,<a name=\"6\"><span class=\"versanumer\">6<\/span><\/a>sem laust \u00fej\u00f3\u00f0flokkana \u00ed br\u00e6\u00f0i h\u00f6gg \u00e1 h\u00f6gg ofan, og k\u00faga\u00f0i \u00fej\u00f3\u00f0irnar \u00ed rei\u00f0i me\u00f0 v\u00e6g\u00f0arlausri k\u00fagan.<a name=\"7\"><span class=\"versanumer\">7<\/span><\/a>\u00d6ll j\u00f6r\u00f0in n\u00fdtur n\u00fa hv\u00edldar og fri\u00f0ar, fagna\u00f0ar\u00f3pin kve\u00f0a vi\u00f0.<a name=\"8\"><span class=\"versanumer\">8<\/span><\/a>Jafnvel k\u00fdprestr\u00e9n gle\u00f0jast yfir \u00fe\u00e9r og sedrustr\u00e9n \u00e1 L\u00edbanon: Fyrst \u00fe\u00fa ert lagstur l\u00e1gt, mun enginn upp st\u00edga til \u00feess a\u00f0 fella oss.<a name=\"9\"><span class=\"versanumer\">9<\/span><\/a>Hj\u00e1 Helju ni\u00f0ri er allt \u00ed uppn\u00e1mi \u00fe\u00edn vegna til \u00feess a\u00f0 taka \u00e1 m\u00f3ti \u00fe\u00e9r. Vegna \u00fe\u00edn rekur h\u00fan hina dau\u00f0u \u00e1 f\u00e6tur, alla foringja jar\u00f0arinnar. Af h\u00e1s\u00e6tum s\u00ednum l\u00e6tur h\u00fan upp standa alla \u00fej\u00f3\u00f0konunga.<a name=\"10\"><span class=\"versanumer\">10<\/span><\/a>\u00deeir taka allir til m\u00e1ls og segja vi\u00f0 \u00feig: \u00de\u00fa ert \u00fe\u00e1 einnig or\u00f0inn m\u00e1ttvana sem v\u00e9r, or\u00f0inn jafningi vor!<a name=\"11\"><span class=\"versanumer\">11<\/span><\/a>Ofmetna\u00f0ar-skrauti \u00fe\u00ednu er ni\u00f0ur varpa\u00f0 til Heljar, hreimnum harpna \u00feinna! Ormar eru breiddir undir \u00feig, og \u00e1brei\u00f0an \u00fe\u00edn eru ma\u00f0kar.<a name=\"12\"><span class=\"versanumer\">12<\/span><\/a>Hversu ertu hr\u00f6pu\u00f0 af himni, \u00fe\u00fa \u00e1rborna morgunstjarna! Hversu ert \u00fe\u00fa a\u00f0 velli lag\u00f0ur, undirokari \u00fej\u00f3\u00f0anna!<a name=\"13\"><span class=\"versanumer\">13<\/span><\/a>\u00de\u00fa, sem sag\u00f0ir \u00ed hjarta \u00fe\u00ednu: \u00c9g vil upp st\u00edga til himins! Ofar stj\u00f6rnum Gu\u00f0s vil \u00e9g reisa veldist\u00f3l minn! \u00c1 \u00feingfjalli gu\u00f0anna vil \u00e9g setjast a\u00f0, yst \u00ed nor\u00f0ri.<a name=\"14\"><span class=\"versanumer\">14<\/span><\/a>\u00c9g vil upp st\u00edga ofar sk\u00fdjaborgum, gj\u00f6rast l\u00edkur Hinum h\u00e6sta!<a name=\"15\"><span class=\"versanumer\">15<\/span><\/a>J\u00e1, til Heljar var \u00fe\u00e9r ni\u00f0ur varpa\u00f0, \u00ed ne\u00f0stu fylgsni grafarinnar.<a name=\"16\"><span class=\"versanumer\">16<\/span><\/a>\u00deeim sem sj\u00e1 \u00feig, ver\u00f0ur stars\u00fdnt \u00e1 \u00feig, \u00feeir vir\u00f0a \u00feig fyrir s\u00e9r: Er \u00feetta ma\u00f0urinn, sem sk\u00f3k j\u00f6r\u00f0ina og skelfdi konungsr\u00edkin,<a name=\"17\"><span class=\"versanumer\">17<\/span><\/a>gj\u00f6r\u00f0i jar\u00f0kringluna a\u00f0 ey\u00f0im\u00f6rk, eyddi borgir hennar og gaf eigi bandingjum s\u00ednum heimfararleyfi?<a name=\"18\"><span class=\"versanumer\">18<\/span><\/a>Allir konungar \u00fej\u00f3\u00f0anna liggja vir\u00f0ulega grafnir, hver \u00ed s\u00ednu h\u00fasi,<a name=\"19\"><span class=\"versanumer\">19<\/span><\/a>en \u00fe\u00e9r er fleygt \u00fat, langt fr\u00e1 gr\u00f6f \u00feinni, eins og auvir\u00f0ilegum kvisti. \u00de\u00fa ert \u00feakinn dau\u00f0ra manna b\u00fakum, \u00feeirra er lag\u00f0ir voru sver\u00f0i, eins og f\u00f3tum tro\u00f0i\u00f0 hr\u00e6.<a name=\"20\"><span class=\"versanumer\">20<\/span><\/a>Vi\u00f0 \u00fe\u00e1, sem st\u00edga ni\u00f0ur \u00ed steinlag\u00f0ar grafir, hefir \u00fe\u00fa eigi samneyti, \u00fev\u00ed a\u00f0 land \u00feitt hefir \u00fe\u00fa eytt, myrt \u00fej\u00f3\u00f0 \u00fe\u00edna. Eigi skal nefnt ver\u00f0a a\u00f0 eil\u00edfu afsprengi illvirkjanna.<a name=\"21\"><span class=\"versanumer\">21<\/span><\/a>B\u00fai\u00f0 n\u00fa sonum hans rau\u00f0an serk sakir misgj\u00f6r\u00f0a fe\u00f0ra \u00feeirra. Eigi skulu \u00feeir f\u00e1 risi\u00f0 \u00e1 legg og lagt undir sig j\u00f6r\u00f0ina n\u00e9 fyllt jar\u00f0kringluna r\u00fastum!<a name=\"22\"><span class=\"versanumer\">22<\/span><\/a>\u00c9g vil r\u00edsa upp \u00ed gegn \u00feeim, segir Drottinn allsherjar, og afm\u00e1 nafn og leifar Bab\u00fdlonsborgar, \u00e6tt og afkomendur segir Drottinn.<a name=\"23\"><span class=\"versanumer\">23<\/span><\/a>\u00c9g vil gefa hana stj\u00f6rnuhegrum til eignar og l\u00e1ta hana ver\u00f0a a\u00f0 vatnsm\u00fdri. \u00c9g vil s\u00f3pa henni burt me\u00f0 s\u00f3pi ey\u00f0ingarinnar, segir Drottinn allsherjar.<a name=\"24\"><span class=\"versanumer\">24<\/span><\/a>Drottinn allsherjar hefir svari\u00f0 og sagt: Sannlega, \u00fea\u00f0, sem \u00e9g hefi fyrirhuga\u00f0, skal ver\u00f0a og \u00fea\u00f0, sem \u00e9g hefi \u00e1lykta\u00f0, skal framgang f\u00e1.<a name=\"25\"><span class=\"versanumer\">25<\/span><\/a>\u00c9g mun sundurmola Ass\u00fdr\u00edu \u00ed landi m\u00ednu og f\u00f3tum tro\u00f0a hana \u00e1 fj\u00f6llum m\u00ednum. Skal \u00fe\u00e1 ok hennar af \u00feeim teki\u00f0 og byr\u00f0i hennar tekin af her\u00f0um \u00feeirra.<a name=\"26\"><span class=\"versanumer\">26<\/span><\/a>\u00deetta er s\u00fa r\u00e1\u00f0st\u00f6fun, sem \u00e1formu\u00f0 er um alla j\u00f6r\u00f0ina, og \u00feetta er s\u00fa h\u00f6nd, sem \u00fat er r\u00e9tt gegn \u00f6llum \u00fej\u00f3\u00f0um.<a name=\"27\"><span class=\"versanumer\">27<\/span><\/a>&#8222;Drottinn allsherjar hefir \u00e1lykta\u00f0 \u00feetta; hver m\u00e1 \u00f3n\u00fdta \u00fea\u00f0? \u00dea\u00f0 er hans h\u00f6nd, sem \u00fat er r\u00e9tt. Hver m\u00e1 kippa henni aftur?&#8220;<a name=\"28\"><span class=\"versanumer\">28<\/span><\/a>\u00deessi sp\u00e1d\u00f3mur var birtur \u00e1ri\u00f0, sem Akas konungur anda\u00f0ist.<a name=\"29\"><span class=\"versanumer\">29<\/span><\/a>Gle\u00f0st \u00fe\u00fa eigi, gj\u00f6rv\u00f6ll Filistea, af \u00fev\u00ed a\u00f0 stafurinn, sem sl\u00f3 \u00feig, er \u00ed sundur brotinn, \u00fev\u00ed a\u00f0 \u00fat af r\u00f3t h\u00f6ggormsins mun na\u00f0ra koma og \u00e1v\u00f6xtur hennar ver\u00f0a flugdreki.<a name=\"30\"><span class=\"versanumer\">30<\/span><\/a>Hinir allral\u00edtilm\u00f3tlegustu skulu hafa vi\u00f0urv\u00e6ri, og hinir f\u00e1t\u00e6ku hv\u00edlast \u00f3hultir, en r\u00f3t \u00fe\u00edna vil \u00e9g me\u00f0 hungri dey\u00f0a, og leifarnar af \u00fe\u00e9r munu drepnar ver\u00f0a.<a name=\"31\"><span class=\"versanumer\">31<\/span><\/a>Kveina, \u00fe\u00fa hli\u00f0! Hlj\u00f3\u00f0a \u00fe\u00fa, borg! Gn\u00f6tra \u00fe\u00fa, gj\u00f6rv\u00f6ll Filistea! \u00fev\u00ed a\u00f0 m\u00f6kkur kemur \u00far nor\u00f0ur\u00e1tt, \u00ed fylkingum hans dregst enginn aftur \u00far.<a name=\"32\"><span class=\"versanumer\">32<\/span><\/a>Og hverju skal \u00fe\u00e1 svara sendim\u00f6nnum hinnar hei\u00f0nu \u00fej\u00f3\u00f0ar? A\u00f0 Drottinn hafi grundvalla\u00f0 S\u00edon, og a\u00f0 hinir \u00fej\u00e1\u00f0u me\u00f0al \u00fej\u00f3\u00f0ar hans leiti s\u00e9r h\u00e6lis \u00ed henni.<\/p>\n<div class=\"footnote1981\"><b>14.1<\/b> Endurreisn \u00fej\u00f3\u00f0arinnar Esk 37.14 \u2013 a\u00f0komumenn sameinast \u00cdsrael Jes 11.10; 56.3-7; Sak 2.15<br \/>\n<b>14.2<\/b> K\u00fagarar k\u00faga\u00f0ir Jes 60.14<br \/>\n<b>14.3<\/b> Hv\u00edld 2M\u00f3s 33.14; J\u00f3s 1.13,15; 22.4; Jer 30.10<br \/>\n<b>14.4<\/b> H\u00e1\u00f0kv\u00e6\u00f0i 4M\u00f3s 21.27-30; M\u00edk 2.4; Hab 2.6 \u2013 hv\u00edlur endir 2Sam 1.19,27; Esk 26.17; Hlj 1.1<br \/>\n<b>14.5<\/b> Barefli Jes 10.15<br \/>\n<b>14.7<\/b> Fagna\u00f0ar\u00f3p Jes 44.23; 55.12; Opb 18.20<br \/>\n<b>14.9<\/b> Helja Jes 5.14; Hab 2.5; Okv 1.12; 27.20; 30.16<br \/>\n<b>14.12<\/b> Lj\u00f3sberi Opb 22.16<br \/>\n<b>14.13<\/b> Ofdramb konungs sbr Esk 28.2-12<br \/>\n<b>14.14<\/b> L\u00edkur Hinum h\u00e6sta 1M\u00f3s 3.5; Esk 28.2,6,9; Dan 11.36; 2\u00deess 2.4<br \/>\n<b>14.15<\/b> D\u00fdpsta gryfja Esk 32.23<br \/>\n<b>14.19<\/b> \u00c1n greftrunar Jer 8.2; sbr 36.30-31<br \/>\n<b>14.22<\/b> Drottinn r\u00eds gegn 4M\u00f3s 10.35; Slm 12.6; 102.14<br \/>\n<b>14.24<\/b> \u00c1form Drottins Jes 7.7; 8.10; 40.8; Slm 33.11<br \/>\n<b>14.25<\/b> \u00c9g myl Ass\u00fdr\u00edu Jes 10.5-11<br \/>\n<b>14.27<\/b> \u00c1form Drottins, upp reidd h\u00f6nd Jes 5.25; 8.11; 10.23; 28.22 \u2013 hver getur sn\u00fai\u00f0 henni? Dan 4.32<br \/>\n<b>14.29<\/b> Stafurinn, sem laust y\u00f0ur Jes 10.5,20 \u2013 vont versnar Am 5.19<br \/>\n<b>14.31<\/b> \u00dar nor\u00f0ri Jer 1.14+<\/div>\n","protected":false},"excerpt":{"rendered":"<p>1Drottinn mun miskunna Jakob og enn \u00fatvelja \u00cdsrael. Hann mun gefa \u00feeim b\u00f3lfestu \u00ed landi \u00feeirra, og \u00fatlendir menn munu sameinast \u00feeim og gj\u00f6ra f\u00e9lagsskap vi\u00f0 Jakobs h\u00fas.2Og \u00fej\u00f3\u00f0irnar munu taka \u00fe\u00e1 og flytja \u00fe\u00e1 til \u00e1tthaga \u00feeirra, en \u00cdsraelsni\u00f0jar munu eignast \u00fe\u00e6r a\u00f0 \u00fer\u00e6lum og amb\u00e1ttum \u00ed landi Drottins. \u00deeir munu hertaka hertakendur s\u00edna og drottna yfir k\u00fagurum s\u00ednum.3\u00deegar Drottinn veitir \u00fe\u00e9r hv\u00edld af \u00ferautum \u00fe\u00ednum og \u00f3n\u00e6\u00f0i og af hinni h\u00f6r\u00f0u \u00e1nau\u00f0, sem \u00e1 \u00feig var l\u00f6g\u00f0,4\u00fe\u00e1 muntu kyrja upp h\u00e1\u00f0kv\u00e6\u00f0i \u00feetta um konunginn \u00ed Bab\u00fdlon og segja: Hversu hlj\u00f3\u00f0ur er har\u00f0stj\u00f3rinn n\u00fa or\u00f0inn, hve hlj\u00f3tt \u00ed kvalasta\u00f0num!5Drottinn <a href=\"https:\/\/biblian.is\/1981\/jesaja-14-kafli\/\"> [&#8230;]<\/a><\/p>\n","protected":false},"author":1,"featured_media":0,"parent":0,"menu_order":0,"comment_status":"open","ping_status":"open","template":"bibliukaflar.php","meta":{"footnotes":""},"class_list":["post-2040","page","type-page","status-publish","hentry"],"_links":{"self":[{"href":"https:\/\/biblian.is\/1981\/wp-json\/wp\/v2\/pages\/2040","targetHints":{"allow":["GET"]}}],"collection":[{"href":"https:\/\/biblian.is\/1981\/wp-json\/wp\/v2\/pages"}],"about":[{"href":"https:\/\/biblian.is\/1981\/wp-json\/wp\/v2\/types\/page"}],"author":[{"embeddable":true,"href":"https:\/\/biblian.is\/1981\/wp-json\/wp\/v2\/users\/1"}],"replies":[{"embeddable":true,"href":"https:\/\/biblian.is\/1981\/wp-json\/wp\/v2\/comments?post=2040"}],"version-history":[{"count":0,"href":"https:\/\/biblian.is\/1981\/wp-json\/wp\/v2\/pages\/2040\/revisions"}],"wp:attachment":[{"href":"https:\/\/biblian.is\/1981\/wp-json\/wp\/v2\/media?parent=2040"}],"curies":[{"name":"wp","href":"https:\/\/api.w.org\/{rel}","templated":true}]}}