{"id":2039,"date":"2017-11-18T20:19:50","date_gmt":"2017-11-18T20:19:50","guid":{"rendered":"http:\/\/biblian.is\/1981\/jesaja-13-kafli\/"},"modified":"2017-11-18T20:19:50","modified_gmt":"2017-11-18T20:19:50","slug":"jesaja-13-kafli","status":"publish","type":"page","link":"https:\/\/biblian.is\/1981\/jesaja-13-kafli\/","title":{"rendered":"Jesaja 13. kafli"},"content":{"rendered":"<p><a name=\"1\"><span class=\"versanumer\">1<\/span><\/a>Sp\u00e1d\u00f3mur um Bab\u00fdlon, er vitra\u00f0ist Jesaja Amozsyni.<a name=\"2\"><span class=\"versanumer\">2<\/span><\/a>Reisi\u00f0 merki \u00e1 sk\u00f3glausri h\u00e6\u00f0! Kalli\u00f0 h\u00e1rri r\u00f6ddu til \u00feeirra! Bendi\u00f0 \u00feeim me\u00f0 hendinni, a\u00f0 \u00feeir fari inn um hli\u00f0 har\u00f0stj\u00f3ranna!<a name=\"3\"><span class=\"versanumer\">3<\/span><\/a>\u00c9g er s\u00e1, sem bo\u00f0i\u00f0 hefi \u00fat v\u00edg\u00f0um li\u00f0sm\u00f6nnum m\u00ednum og kalla\u00f0 \u00e1 kappa m\u00edna til a\u00f0 framkv\u00e6ma rei\u00f0id\u00f3m minn, \u00feessa hreyknu og hr\u00f3\u00f0ugu menn m\u00edna.<a name=\"4\"><span class=\"versanumer\">4<\/span><\/a>Heyr \u00feysinn \u00e1 fj\u00f6llunum, eins og af mannmerg\u00f0, heyr gn\u00fdinn af hinum samans\u00f6fnu\u00f0u \u00fej\u00f3\u00f0um. Drottinn allsherjar er a\u00f0 kanna li\u00f0i\u00f0.<a name=\"5\"><span class=\"versanumer\">5<\/span><\/a>\u00deeir koma fr\u00e1 fjarl\u00e6gu landi, fr\u00e1 himins enda, Drottinn me\u00f0 verkf\u00e6ri rei\u00f0i sinnar, til \u00feess a\u00f0 leggja \u00ed ey\u00f0i gj\u00f6rvalla j\u00f6r\u00f0ina.<a name=\"6\"><span class=\"versanumer\">6<\/span><\/a>&#8222;Kveini\u00f0, \u00fev\u00ed a\u00f0 dagur Drottins er n\u00e1l\u00e6gur; hann kemur sem ey\u00f0ing fr\u00e1 hinum Alm\u00e1ttka.&#8220;<a name=\"7\"><span class=\"versanumer\">7<\/span><\/a>\u00deess vegna ver\u00f0a allar hendur l\u00e9magna og s\u00e9rhvert mannshjarta br\u00e1\u00f0nar.<a name=\"8\"><span class=\"versanumer\">8<\/span><\/a>\u00deeir skelfast, harmkv\u00e6li og \u00ferautir gagntaka \u00fe\u00e1, \u00feeir hafa hr\u00ed\u00f0ir eins og j\u00f3\u00f0sj\u00fak kona. Angistarfullir stara \u00feeir hver \u00e1 annan, andlit \u00feeirra eru sem eldslogi.<a name=\"9\"><span class=\"versanumer\">9<\/span><\/a>Sj\u00e1, dagur Drottins kemur, grimmilegur, me\u00f0 heift og brennandi rei\u00f0i, til a\u00f0 gj\u00f6ra j\u00f6r\u00f0ina a\u00f0 au\u00f0n og afm\u00e1 syndarana af henni.<a name=\"10\"><span class=\"versanumer\">10<\/span><\/a>Stj\u00f6rnur himinsins og stj\u00f6rnumerkin l\u00e1ta eigi lj\u00f3s sitt sk\u00edna, s\u00f3lin er myrk \u00ed uppg\u00f6ngu sinni og tungli\u00f0 ber eigi birtu s\u00edna.<a name=\"11\"><span class=\"versanumer\">11<\/span><\/a>\u00c9g vil hegna jar\u00f0r\u00edki fyrir illsku \u00feess og hinum \u00f3gu\u00f0legu fyrir misgj\u00f6r\u00f0ir \u00feeirra, \u00e9g vil ni\u00f0urkefja ofdramb hinna r\u00edkil\u00e1tu og l\u00e6gja hroka ofbeldismannanna.<a name=\"12\"><span class=\"versanumer\">12<\/span><\/a>\u00c9g vil l\u00e1ta menn ver\u00f0a sjaldg\u00e6fari en sk\u00edragull og mannf\u00f3lki\u00f0 torg\u00e6tara en \u00d3f\u00edr-gull.<a name=\"13\"><span class=\"versanumer\">13<\/span><\/a>\u00deess vegna vil \u00e9g hrista himininn, og j\u00f6r\u00f0in skal hr\u00e6rast \u00far st\u00f6\u00f0vum s\u00ednum fyrir heift Drottins allsherjar og \u00e1 degi hans brennandi rei\u00f0i.<a name=\"14\"><span class=\"versanumer\">14<\/span><\/a>Eins og f\u00e6ldar sk\u00f3gargeitur og eins og smalalaus hj\u00f6r\u00f0 skulu \u00feeir hverfa aftur, hver til sinnar \u00fej\u00f3\u00f0ar, og fl\u00fdja hver heim \u00ed sitt land.<a name=\"15\"><span class=\"versanumer\">15<\/span><\/a>Hver sem fundinn ver\u00f0ur, mun lag\u00f0ur ver\u00f0a \u00ed gegn, og hver sem gripinn ver\u00f0ur, mun fyrir sver\u00f0i falla.<a name=\"16\"><span class=\"versanumer\">16<\/span><\/a>Ungb\u00f6rn \u00feeirra munu knosu\u00f0 ver\u00f0a fyrir augum \u00feeirra, h\u00fas \u00feeirra ver\u00f0a r\u00e6nd og konur \u00feeirra sm\u00e1na\u00f0ar.<a name=\"17\"><span class=\"versanumer\">17<\/span><\/a>Sj\u00e1, \u00e9g \u00e6si upp Med\u00edumenn gegn \u00feeim. \u00deeir meta einskis silfri\u00f0 og \u00fe\u00e1 langar ekki \u00ed gulli\u00f0.<a name=\"18\"><span class=\"versanumer\">18<\/span><\/a>Bogar \u00feeirra rota unga menn til dau\u00f0a. \u00deeir \u00feyrma ekki l\u00edfsafkv\u00e6mum, og l\u00edta ekki miskunnaraugum til ungbarna.<a name=\"19\"><span class=\"versanumer\">19<\/span><\/a>Svo skal fara fyrir Bab\u00fdlon, \u00feessari pr\u00fd\u00f0i konungsr\u00edkjanna og drembidj\u00e1sni Kaldea, sem \u00fe\u00e1 er Gu\u00f0 umturna\u00f0i S\u00f3d\u00f3mu og G\u00f3morru.<a name=\"20\"><span class=\"versanumer\">20<\/span><\/a>H\u00fan skal aldrei framar af m\u00f6nnum bygg\u00f0 vera, kynsl\u00f3\u00f0 eftir kynsl\u00f3\u00f0 skal \u00fear enginn b\u00faa. Enginn Arabi skal sl\u00e1 \u00fear tj\u00f6ldum s\u00ednum og engir hjar\u00f0menn b\u00e6la \u00fear f\u00e9na\u00f0 sinn.<a name=\"21\"><span class=\"versanumer\">21<\/span><\/a>Ur\u00f0arkettir skulu liggja \u00fear og h\u00fasin fyllast af uglum. Str\u00fatsfuglar skulu halda \u00fear til og sk\u00f3gartr\u00f6ll st\u00f6kkva \u00fear um.<a name=\"22\"><span class=\"versanumer\">22<\/span><\/a>Sjakalar skulu kallast \u00e1 \u00ed h\u00f6llunum og \u00falfar \u00ed b\u00edl\u00edfis-s\u00f6lunum. T\u00edmi hennar n\u00e1l\u00e6gist og dagar hennar munu eigi undan dragast.<\/p>\n<div class=\"footnote1981\"><b>13.1<\/b> Bo\u00f0skapur Jes 15.1; 17.1; 30.6; Nah 1.1; Hab 1.1; Sak 9.1; 12.1; Mal 1.1; Hlj 2.14 \u2013 um Bab\u00fdlon Jes 21.1-10; Jer 50-51; Opb 17-18<br \/>\n<b>13.2<\/b> Hermerki Jes 5.26+<br \/>\n<b>13.4<\/b> Mannmerg\u00f0 Jer 50.9; sbr Slm 2.1<br \/>\n<b>13.6<\/b> Dagur Drottins Am 5.18+<br \/>\n<b>13.7<\/b> Hugleysi Jer 6.24; Esk 7.17<br \/>\n<b>13.8<\/b> Skelfdir Jes 29.9; Hab 1.5; Job 26.11<br \/>\n<b>13.9<\/b> Dagur Drottins Jl 1.15+<br \/>\n<b>13.10<\/b> Stj\u00f6rnur Am 5.8; Job 9.9; 38.31 \u2013 himintungl myrkvast Jer 4.23; Am 5.18; Sef 1.15 \u2013 m\u00e1ninn Matt 24.29<br \/>\n<b>13.11<\/b> Har\u00f0stj\u00f3rar Jes 25.4, 29.5; Slm 54.5<br \/>\n<b>13.12<\/b> \u00d3f\u00edrgull 1Kon 9.28; 10.11; 22.49; Slm 45.10; Job 22.24; 28.16<br \/>\n<b>13.14<\/b> Smalalaus hj\u00f6r\u00f0 1Kon 22.17; Esk 34.5; Mrk 6.34<br \/>\n<b>13.17<\/b> Medar Jer 51.11-28<br \/>\n<b>13.21<\/b> Au\u00f0n, b\u00fasta\u00f0ur villid\u00fdra Jes 14.23; 27.10; 32.14; 34.11; Jer 10.22; 50.39; Sef 2.14 \u2013 b\u00fasta\u00f0ur \u00f3v\u00e6tta Jes 34.14; Bar 4.35<br \/>\n<b>13.22<\/b> T\u00edmi hennar f\u00e6rist n\u00e6r Jer 27.7; Esk 22.4; sbr J\u00f3h 2.4+<\/div>\n","protected":false},"excerpt":{"rendered":"<p>1Sp\u00e1d\u00f3mur um Bab\u00fdlon, er vitra\u00f0ist Jesaja Amozsyni.2Reisi\u00f0 merki \u00e1 sk\u00f3glausri h\u00e6\u00f0! Kalli\u00f0 h\u00e1rri r\u00f6ddu til \u00feeirra! Bendi\u00f0 \u00feeim me\u00f0 hendinni, a\u00f0 \u00feeir fari inn um hli\u00f0 har\u00f0stj\u00f3ranna!3\u00c9g er s\u00e1, sem bo\u00f0i\u00f0 hefi \u00fat v\u00edg\u00f0um li\u00f0sm\u00f6nnum m\u00ednum og kalla\u00f0 \u00e1 kappa m\u00edna til a\u00f0 framkv\u00e6ma rei\u00f0id\u00f3m minn, \u00feessa hreyknu og hr\u00f3\u00f0ugu menn m\u00edna.4Heyr \u00feysinn \u00e1 fj\u00f6llunum, eins og af mannmerg\u00f0, heyr gn\u00fdinn af hinum samans\u00f6fnu\u00f0u \u00fej\u00f3\u00f0um. Drottinn allsherjar er a\u00f0 kanna li\u00f0i\u00f0.5\u00deeir koma fr\u00e1 fjarl\u00e6gu landi, fr\u00e1 himins enda, Drottinn me\u00f0 verkf\u00e6ri rei\u00f0i sinnar, til \u00feess a\u00f0 leggja \u00ed ey\u00f0i gj\u00f6rvalla j\u00f6r\u00f0ina.6&#8222;Kveini\u00f0, \u00fev\u00ed a\u00f0 dagur Drottins er n\u00e1l\u00e6gur; hann kemur sem <a href=\"https:\/\/biblian.is\/1981\/jesaja-13-kafli\/\"> [&#8230;]<\/a><\/p>\n","protected":false},"author":1,"featured_media":0,"parent":0,"menu_order":0,"comment_status":"open","ping_status":"open","template":"bibliukaflar.php","meta":{"footnotes":""},"class_list":["post-2039","page","type-page","status-publish","hentry"],"_links":{"self":[{"href":"https:\/\/biblian.is\/1981\/wp-json\/wp\/v2\/pages\/2039","targetHints":{"allow":["GET"]}}],"collection":[{"href":"https:\/\/biblian.is\/1981\/wp-json\/wp\/v2\/pages"}],"about":[{"href":"https:\/\/biblian.is\/1981\/wp-json\/wp\/v2\/types\/page"}],"author":[{"embeddable":true,"href":"https:\/\/biblian.is\/1981\/wp-json\/wp\/v2\/users\/1"}],"replies":[{"embeddable":true,"href":"https:\/\/biblian.is\/1981\/wp-json\/wp\/v2\/comments?post=2039"}],"version-history":[{"count":0,"href":"https:\/\/biblian.is\/1981\/wp-json\/wp\/v2\/pages\/2039\/revisions"}],"wp:attachment":[{"href":"https:\/\/biblian.is\/1981\/wp-json\/wp\/v2\/media?parent=2039"}],"curies":[{"name":"wp","href":"https:\/\/api.w.org\/{rel}","templated":true}]}}