{"id":2038,"date":"2017-11-18T20:19:50","date_gmt":"2017-11-18T20:19:50","guid":{"rendered":"http:\/\/biblian.is\/1981\/jesaja-12-kafli\/"},"modified":"2017-11-18T20:19:50","modified_gmt":"2017-11-18T20:19:50","slug":"jesaja-12-kafli","status":"publish","type":"page","link":"https:\/\/biblian.is\/1981\/jesaja-12-kafli\/","title":{"rendered":"Jesaja 12. kafli"},"content":{"rendered":"<p><a name=\"1\"><span class=\"versanumer\">1<\/span><\/a>\u00c1 \u00feeim degi skaltu segja: \u00c9g vegsama \u00feig, Drottinn, \u00fev\u00ed \u00fe\u00f3tt \u00fe\u00fa v\u00e6rir m\u00e9r rei\u00f0ur, \u00fe\u00e1 er \u00fe\u00f3 horfin rei\u00f0i \u00fe\u00edn og \u00fe\u00fa hugga\u00f0ir mig.<a name=\"2\"><span class=\"versanumer\">2<\/span><\/a>Sj\u00e1, Gu\u00f0 er mitt hj\u00e1lpr\u00e6\u00f0i, \u00e9g er \u00f6ruggur og \u00f3ttast eigi, \u00fev\u00ed a\u00f0 Drottinn Gu\u00f0 er minn styrkur og minn lofs\u00f6ngur, hann er or\u00f0inn m\u00e9r hj\u00e1lpr\u00e6\u00f0i.<a name=\"3\"><span class=\"versanumer\">3<\/span><\/a>\u00de\u00e9r munu\u00f0 me\u00f0 f\u00f6gnu\u00f0i vatni ausa \u00far lindum hj\u00e1lpr\u00e6\u00f0isins.<a name=\"4\"><span class=\"versanumer\">4<\/span><\/a>Og \u00e1 \u00feeim degi munu\u00f0 \u00fe\u00e9r segja: Lofi\u00f0 Drottin, \u00e1kalli\u00f0 nafn hans. Gj\u00f6ri\u00f0 m\u00e1ttarverk hans kunn me\u00f0al \u00fej\u00f3\u00f0anna, hafi\u00f0 \u00ed minnum, a\u00f0 h\u00e1leitt er nafn hans.<a name=\"5\"><span class=\"versanumer\">5<\/span><\/a>Lofsyngi\u00f0 Drottni, \u00fev\u00ed a\u00f0 d\u00e1semdarverk hefir hann gj\u00f6rt. \u00deetta skal kunnugt ver\u00f0a um alla j\u00f6r\u00f0ina.<a name=\"6\"><span class=\"versanumer\">6<\/span><\/a>L\u00e1t \u00f3ma gle\u00f0ihlj\u00f3m og kve\u00f0a vi\u00f0 fagna\u00f0ar\u00f3p, \u00fe\u00fa sem b\u00fdr \u00e1 S\u00edon, \u00fev\u00ed a\u00f0 mikill er Hinn heilagi \u00ed \u00cdsrael me\u00f0al \u00fe\u00edn.<\/p>\n<div class=\"footnote1981\"><b>12.1<\/b> \u00c9g vegsama \u00feig Slm 118.21; Jer 33.11 \u2013 hvarf rei\u00f0in Jes 10.25; sbr 5.25; 9.11,16,20; 10.4<br \/>\n<b>12.2<\/b> Gu\u00f0 er hj\u00e1lp m\u00edn Jes 43.3+<br \/>\n<b>12.3<\/b> Lindum hj\u00e1lpr\u00e6\u00f0isins Jes 8.6; 55.1; Jer 2.13; 17.13; Esk 47.1; Jl 4.18; Sak 14.8; J\u00f3h 9.11; sbr J\u00f3h 4.14<br \/>\n<b>12.6<\/b> Fagna\u00f0ar\u00f3p \u00e1 S\u00edon Jes 52.8-9; 54.1 \u2013 Hinn heilagi \u00ed \u00cdsrael Jes 1.4+<\/div>\n","protected":false},"excerpt":{"rendered":"<p>1\u00c1 \u00feeim degi skaltu segja: \u00c9g vegsama \u00feig, Drottinn, \u00fev\u00ed \u00fe\u00f3tt \u00fe\u00fa v\u00e6rir m\u00e9r rei\u00f0ur, \u00fe\u00e1 er \u00fe\u00f3 horfin rei\u00f0i \u00fe\u00edn og \u00fe\u00fa hugga\u00f0ir mig.2Sj\u00e1, Gu\u00f0 er mitt hj\u00e1lpr\u00e6\u00f0i, \u00e9g er \u00f6ruggur og \u00f3ttast eigi, \u00fev\u00ed a\u00f0 Drottinn Gu\u00f0 er minn styrkur og minn lofs\u00f6ngur, hann er or\u00f0inn m\u00e9r hj\u00e1lpr\u00e6\u00f0i.3\u00de\u00e9r munu\u00f0 me\u00f0 f\u00f6gnu\u00f0i vatni ausa \u00far lindum hj\u00e1lpr\u00e6\u00f0isins.4Og \u00e1 \u00feeim degi munu\u00f0 \u00fe\u00e9r segja: Lofi\u00f0 Drottin, \u00e1kalli\u00f0 nafn hans. Gj\u00f6ri\u00f0 m\u00e1ttarverk hans kunn me\u00f0al \u00fej\u00f3\u00f0anna, hafi\u00f0 \u00ed minnum, a\u00f0 h\u00e1leitt er nafn hans.5Lofsyngi\u00f0 Drottni, \u00fev\u00ed a\u00f0 d\u00e1semdarverk hefir hann gj\u00f6rt. \u00deetta skal kunnugt ver\u00f0a um alla j\u00f6r\u00f0ina.6L\u00e1t \u00f3ma gle\u00f0ihlj\u00f3m og <a href=\"https:\/\/biblian.is\/1981\/jesaja-12-kafli\/\"> [&#8230;]<\/a><\/p>\n","protected":false},"author":1,"featured_media":0,"parent":0,"menu_order":0,"comment_status":"open","ping_status":"open","template":"bibliukaflar.php","meta":{"footnotes":""},"class_list":["post-2038","page","type-page","status-publish","hentry"],"_links":{"self":[{"href":"https:\/\/biblian.is\/1981\/wp-json\/wp\/v2\/pages\/2038","targetHints":{"allow":["GET"]}}],"collection":[{"href":"https:\/\/biblian.is\/1981\/wp-json\/wp\/v2\/pages"}],"about":[{"href":"https:\/\/biblian.is\/1981\/wp-json\/wp\/v2\/types\/page"}],"author":[{"embeddable":true,"href":"https:\/\/biblian.is\/1981\/wp-json\/wp\/v2\/users\/1"}],"replies":[{"embeddable":true,"href":"https:\/\/biblian.is\/1981\/wp-json\/wp\/v2\/comments?post=2038"}],"version-history":[{"count":0,"href":"https:\/\/biblian.is\/1981\/wp-json\/wp\/v2\/pages\/2038\/revisions"}],"wp:attachment":[{"href":"https:\/\/biblian.is\/1981\/wp-json\/wp\/v2\/media?parent=2038"}],"curies":[{"name":"wp","href":"https:\/\/api.w.org\/{rel}","templated":true}]}}