{"id":2035,"date":"2017-11-18T20:19:50","date_gmt":"2017-11-18T20:19:50","guid":{"rendered":"http:\/\/biblian.is\/1981\/jesaja-9-kafli\/"},"modified":"2017-11-18T20:19:50","modified_gmt":"2017-11-18T20:19:50","slug":"jesaja-9-kafli","status":"publish","type":"page","link":"https:\/\/biblian.is\/1981\/jesaja-9-kafli\/","title":{"rendered":"Jesaja 9. kafli"},"content":{"rendered":"<p><a name=\"1\"><span class=\"versanumer\">1<\/span><\/a>Eigi skal myrkur vera \u00ed landi \u00fev\u00ed, sem n\u00fa er \u00ed nau\u00f0um statt. Fyrrum l\u00e9t hann vans\u00e6md koma yfir Seb\u00falonsland og Naftal\u00edland, en s\u00ed\u00f0ar meir mun hann varpa fr\u00e6g\u00f0 yfir lei\u00f0ina til hafsins, landi\u00f0 hinumegin J\u00f3rdanar og Gal\u00edleu hei\u00f0ingjanna.<a name=\"2\"><span class=\"versanumer\">2<\/span><\/a>S\u00fa \u00fej\u00f3\u00f0, sem \u00ed myrkri gengur, s\u00e9r miki\u00f0 lj\u00f3s. Yfir \u00fe\u00e1, sem b\u00faa \u00ed landi n\u00e1ttmyrkranna, sk\u00edn lj\u00f3s.<a name=\"3\"><span class=\"versanumer\">3<\/span><\/a>\u00de\u00fa eykur st\u00f3rum f\u00f6gnu\u00f0inn, \u00fe\u00fa gj\u00f6rir gle\u00f0ina mikla. Menn gle\u00f0ja sig fyrir \u00fe\u00ednu augliti, eins og \u00feegar menn gle\u00f0jast \u00e1 kornskur\u00f0art\u00edmanum, eins og menn leika af f\u00f6gnu\u00f0i \u00feegar herfangi er skipt.<a name=\"4\"><span class=\"versanumer\">4<\/span><\/a>\u00dev\u00ed a\u00f0 hi\u00f0 \u00feunga ok hennar, stafinn, sem rei\u00f0 a\u00f0 her\u00f0um hennar, brodd rekstrarmannsins, hefir \u00fe\u00fa \u00ed sundur broti\u00f0, eins og \u00e1 degi Mid\u00edans.<a name=\"5\"><span class=\"versanumer\">5<\/span><\/a>\u00d6ll harkmikil hermannast\u00edgv\u00e9l og allar bl\u00f3\u00f0stokknar skikkjur skulu brenndar og ver\u00f0a eldsmatur.<a name=\"6\"><span class=\"versanumer\">6<\/span><\/a>\u00dev\u00ed a\u00f0 barn er oss f\u00e6tt, sonur er oss gefinn. \u00c1 hans her\u00f0um skal h\u00f6f\u00f0ingjad\u00f3murinn hv\u00edla. Nafn hans skal kalla\u00f0 Undrar\u00e1\u00f0gjafi, Gu\u00f0hetja, Eil\u00edf\u00f0arfa\u00f0ir, Fri\u00f0arh\u00f6f\u00f0ingi.<a name=\"7\"><span class=\"versanumer\">7<\/span><\/a>Mikill skal h\u00f6f\u00f0ingjad\u00f3murinn ver\u00f0a og fri\u00f0urinn engan enda taka \u00e1 h\u00e1s\u00e6ti Dav\u00ed\u00f0s og \u00ed r\u00edki hans. Hann mun reisa \u00fea\u00f0 og efla me\u00f0 r\u00e9ttv\u00edsi og r\u00e9ttl\u00e6ti h\u00e9\u00f0an \u00ed fr\u00e1 og a\u00f0 eil\u00edfu. Vandl\u00e6ting Drottins allsherjar mun \u00feessu til vegar koma.<a name=\"8\"><span class=\"versanumer\">8<\/span><\/a>Drottinn hefir sent or\u00f0 gegn Jakob, og \u00fev\u00ed l\u00fdstur ni\u00f0ur \u00ed \u00cdsrael.<a name=\"9\"><span class=\"versanumer\">9<\/span><\/a>Og \u00f6ll \u00fej\u00f3\u00f0in skal ver\u00f0a \u00feess \u00e1skynja, b\u00e6\u00f0i Efra\u00edm og Samar\u00edub\u00faar, sem af metna\u00f0i og st\u00e6ril\u00e6ti hjartans segja:<a name=\"10\"><span class=\"versanumer\">10<\/span><\/a>Tigulsteinarnir eru hrundir, en v\u00e9r skulum byggja upp aftur af h\u00f6ggnu grj\u00f3ti, m\u00f3rberjatr\u00e9n eru felld, en v\u00e9r skulum setja sedrustr\u00e9 \u00ed sta\u00f0inn.<a name=\"11\"><span class=\"versanumer\">11<\/span><\/a>\u00deess vegna mun Drottinn efla m\u00f3tst\u00f6\u00f0umenn Res\u00edns \u00e1 hendur \u00feeim og vopna \u00f3vini \u00feeirra,<a name=\"12\"><span class=\"versanumer\">12<\/span><\/a>S\u00fdrlendinga a\u00f0 austan og Filista a\u00f0 vestan, og \u00feeir skulu svelgja \u00cdsrael me\u00f0 gapandi gini. Allt fyrir \u00fea\u00f0 linnti ekki rei\u00f0i hans, og h\u00f6nd hans er enn \u00fe\u00e1 \u00fatr\u00e9tt.<a name=\"13\"><span class=\"versanumer\">13<\/span><\/a>En \u00fej\u00f3\u00f0in sneri s\u00e9r ekki til hans, sem laust hana, og Drottins allsherjar leitu\u00f0u \u00feeir ekki.<a name=\"14\"><span class=\"versanumer\">14<\/span><\/a>\u00deess vegna mun Drottinn h\u00f6ggva h\u00f6fu\u00f0 og hala af \u00cdsrael, p\u00e1lmakvistinn og sefstr\u00e1i\u00f0 \u00e1 sama degi.<a name=\"15\"><span class=\"versanumer\">15<\/span><\/a>\u00d6ldungarnir og vir\u00f0ingamennirnir eru h\u00f6fu\u00f0i\u00f0, sp\u00e1menn \u00feeir, er kenna lygar, eru halinn.<a name=\"16\"><span class=\"versanumer\">16<\/span><\/a>\u00dev\u00ed a\u00f0 lei\u00f0togar \u00feessa f\u00f3lks lei\u00f0a \u00fea\u00f0 aflei\u00f0is, og \u00feeir, sem l\u00e1ta lei\u00f0a sig, tort\u00edmast.<a name=\"17\"><span class=\"versanumer\">17<\/span><\/a>Fyrir \u00fev\u00ed hefir Drottinn enga gle\u00f0i af \u00e6skum\u00f6nnum \u00feess og enga me\u00f0aumkun me\u00f0 muna\u00f0arleysingjum \u00feess og ekkjum, \u00fev\u00ed a\u00f0 allir eru \u00feeir gu\u00f0leysingjar og illvirkjar, og hver munnur m\u00e6lir heimsku. Allt fyrir \u00feetta linnti ekki rei\u00f0i hans, og h\u00f6nd hans er enn \u00fe\u00e1 \u00fatr\u00e9tt.<a name=\"18\"><span class=\"versanumer\">18<\/span><\/a>\u00dev\u00ed a\u00f0 hi\u00f0 \u00f3gu\u00f0lega ath\u00e6fi brennur eins og eldur, ey\u00f0ir \u00feyrnum og \u00feistlum og kveikir \u00ed \u00feykkum sk\u00f3garrunnum, svo a\u00f0 \u00feeir hvirflast upp \u00ed reykjarm\u00f6kk.<a name=\"19\"><span class=\"versanumer\">19<\/span><\/a>&#8222;Vegna rei\u00f0i Drottins allsherjar stendur landi\u00f0 \u00ed bj\u00f6rtu b\u00e1li og f\u00f3lki\u00f0 ver\u00f0ur sem eldsmatur; enginn \u00feyrmir \u00f6\u00f0rum.&#8220;<a name=\"20\"><span class=\"versanumer\">20<\/span><\/a>Menn r\u00edfa \u00ed sig til h\u00e6gri handar og eru \u00fe\u00f3 hungra\u00f0ir. \u00deeir eta til vinstri handar og ver\u00f0a \u00fe\u00f3 eigi saddir. Hver etur holdi\u00f0 af s\u00ednum eigin armlegg:<a name=\"21\"><span class=\"versanumer\">21<\/span><\/a>Manasse Efra\u00edm og Efra\u00edm Manasse, og b\u00e1\u00f0ir saman r\u00e1\u00f0a \u00feeir \u00e1 J\u00fada. Allt fyrir \u00feetta linnir ekki rei\u00f0i hans, og h\u00f6nd hans er enn \u00fe\u00e1 \u00fatr\u00e9tt.<\/p>\n<div class=\"footnote1981\"><b>9.1<\/b> Myrkur Jes 8.22-9.1; 42.7; 49.9; 59.9; Slm 107.10,14; Job 10.21-22; 15.22-24; 38.17 \u2013 lj\u00f3s Jes 58.8-10; 60.1,20; M\u00edk 7.8; Slm 27.1+ ; sbr 2Sam 23.3-4; Slm 72.5,17; L\u00fak 1.78<br \/>\n<b>9.2<\/b> Konungi fagna\u00f0 1Kon 1.40; 2Kon 11.14; Slm 132.9 \u2013 uppskera Slm 4.8<br \/>\n<b>9.3<\/b> Ok Jes 10.27; 14.25; 3M\u00f3s 26.13; 5M\u00f3s 28.48; Jer 27.2-11 \u2013 klafinn Jes 14.5-6 \u2013 Mid\u00edan D\u00f3m 7; Jes 10.26; Slm 83.10-12<br \/>\n<b>9.4<\/b> Hermannast\u00edgv\u00e9l &#8230; brennndar Jes 2.4; Esk 39.9; H\u00f3s 2.20; Sak 9.10; Slm 46.10; 76.4<br \/>\n<b>9.5<\/b> Barn er oss f\u00e6tt Jes 7.14; L\u00fak 2.11 \u2013 gefinn J\u00f3h 3.16 \u2013 nafn 2Sam 7.9; 1Kon 1.47; sbr Slm 2.6-7; 72.17; 110.4; 2Sam 23.3-4 \u2013 r\u00e1\u00f0gjafi Jes 11.2 \u2013 Gu\u00f0hetja Jes 42.13; 5M\u00f3s 10.17; Jer 32.18; Slm 24.8 \u2013 eil\u00edf\u00f0arfa\u00f0ir 1Sam 24.12; Jes 45.17; 47.7; Slm 21.5,7 \u2013 fri\u00f0arh\u00f6f\u00f0ingi v6; 11.6-9; M\u00edk 5.4; Sak 9.10, Slm 72.3,7<br \/>\n<b>9.6<\/b> H\u00f6f\u00f0ingjad\u00f3mur Jes 2.3-4; Slm 21.5,7 \u2013 r\u00e9ttv\u00edsi og r\u00e9ttl\u00e6ti Jes 1.26-27; 5.7; 11.3-5; 16.5; 32.1,16-17; Jer 23.5; 33.15; Slm 89.15; 97.2 \u2013 a\u00f0 eil\u00edfu 2Sam 7.16; Slm 45.7 \u2013 vandl\u00e6ti, afbr\u00fd\u00f0i Jes 37.32; sbr 26.11; 42.13; 59.17; 63.15; Esk 36.5; 39.25; Jl 2.18; Sak 1.14; 8.2<br \/>\n<b>9.7<\/b> Or\u00f0 Drottins Jes 55.11; Jer 23.29; H\u00f3s 6.5; Slm 107.20; 147.15,18<br \/>\n<b>9.8<\/b> St\u00e6ril\u00e6ti Jes 2.11-17 \u2013 Samar\u00edu 28.1; Am 6.13<br \/>\n<b>9.9<\/b> Dramb er falli n\u00e6st Mal 1.4; sbr Jer 22.14-15; Okv 16.18<br \/>\n<b>9.11<\/b> \u00d3vinir hva\u00f0an\u00e6va Jes 28.17-18 \u2013 samt &#8230; Jes 5.25+ \u2013 rei\u00f0i hans Jer 4.8 \u2013 h\u00f6nd hans upp reidd 5M\u00f3s 4.34; Slm 136.12; sbr Jes 30.30; Sef 1.4<br \/>\n<b>9.12<\/b> Sneri ekki Jer 5.3; H\u00f3s 7.10; Am 4.6-11 \u2013 leitu\u00f0u ekki til Drottins Jes 31.1; Sef 1.6<br \/>\n<b>9.13<\/b> H\u00f6fu\u00f0 og hali Jes 19.15; sbr 5M\u00f3s 28.13,14,44<br \/>\n<b>9.14<\/b> Falssp\u00e1menn Jes 28.7; 30.10; Jer 14.14; Hlj 2.14<br \/>\n<b>9.15<\/b> Lei\u00f0a afvega Jes 3.12; sbr Jer 14.16<br \/>\n<b>9.16<\/b> Muna\u00f0arleysingjum og ekkjum Jes 1.17+<br \/>\n<b>9.17<\/b> \u00deyrnar og \u00feistlar Jes 5.6+<br \/>\n<b>9.18<\/b> Enginn \u00feyrmir \u00f6\u00f0rum Jes 3.5; M\u00edk 7.5-6<br \/>\n<b>9.19<\/b> R\u00f3stur \u00ed \u00cdsrael 2Kon 15.16,23-31; H\u00f3s 6.7-11; 7.7; 10.3-4; 13.9-11<\/div>\n","protected":false},"excerpt":{"rendered":"<p>1Eigi skal myrkur vera \u00ed landi \u00fev\u00ed, sem n\u00fa er \u00ed nau\u00f0um statt. Fyrrum l\u00e9t hann vans\u00e6md koma yfir Seb\u00falonsland og Naftal\u00edland, en s\u00ed\u00f0ar meir mun hann varpa fr\u00e6g\u00f0 yfir lei\u00f0ina til hafsins, landi\u00f0 hinumegin J\u00f3rdanar og Gal\u00edleu hei\u00f0ingjanna.2S\u00fa \u00fej\u00f3\u00f0, sem \u00ed myrkri gengur, s\u00e9r miki\u00f0 lj\u00f3s. Yfir \u00fe\u00e1, sem b\u00faa \u00ed landi n\u00e1ttmyrkranna, sk\u00edn lj\u00f3s.3\u00de\u00fa eykur st\u00f3rum f\u00f6gnu\u00f0inn, \u00fe\u00fa gj\u00f6rir gle\u00f0ina mikla. Menn gle\u00f0ja sig fyrir \u00fe\u00ednu augliti, eins og \u00feegar menn gle\u00f0jast \u00e1 kornskur\u00f0art\u00edmanum, eins og menn leika af f\u00f6gnu\u00f0i \u00feegar herfangi er skipt.4\u00dev\u00ed a\u00f0 hi\u00f0 \u00feunga ok hennar, stafinn, sem rei\u00f0 a\u00f0 her\u00f0um hennar, brodd rekstrarmannsins, hefir <a href=\"https:\/\/biblian.is\/1981\/jesaja-9-kafli\/\"> [&#8230;]<\/a><\/p>\n","protected":false},"author":1,"featured_media":0,"parent":0,"menu_order":0,"comment_status":"open","ping_status":"open","template":"bibliukaflar.php","meta":{"footnotes":""},"class_list":["post-2035","page","type-page","status-publish","hentry"],"_links":{"self":[{"href":"https:\/\/biblian.is\/1981\/wp-json\/wp\/v2\/pages\/2035","targetHints":{"allow":["GET"]}}],"collection":[{"href":"https:\/\/biblian.is\/1981\/wp-json\/wp\/v2\/pages"}],"about":[{"href":"https:\/\/biblian.is\/1981\/wp-json\/wp\/v2\/types\/page"}],"author":[{"embeddable":true,"href":"https:\/\/biblian.is\/1981\/wp-json\/wp\/v2\/users\/1"}],"replies":[{"embeddable":true,"href":"https:\/\/biblian.is\/1981\/wp-json\/wp\/v2\/comments?post=2035"}],"version-history":[{"count":0,"href":"https:\/\/biblian.is\/1981\/wp-json\/wp\/v2\/pages\/2035\/revisions"}],"wp:attachment":[{"href":"https:\/\/biblian.is\/1981\/wp-json\/wp\/v2\/media?parent=2035"}],"curies":[{"name":"wp","href":"https:\/\/api.w.org\/{rel}","templated":true}]}}