{"id":2034,"date":"2017-11-18T20:19:50","date_gmt":"2017-11-18T20:19:50","guid":{"rendered":"http:\/\/biblian.is\/1981\/jesaja-8-kafli\/"},"modified":"2017-11-18T20:19:50","modified_gmt":"2017-11-18T20:19:50","slug":"jesaja-8-kafli","status":"publish","type":"page","link":"https:\/\/biblian.is\/1981\/jesaja-8-kafli\/","title":{"rendered":"Jesaja 8. kafli"},"content":{"rendered":"<p><a name=\"1\"><span class=\"versanumer\">1<\/span><\/a>Drottinn sag\u00f0i vi\u00f0 mig: Tak \u00fe\u00e9r st\u00f3rt spjald og rita \u00fe\u00fa \u00e1 \u00fea\u00f0 me\u00f0 algengu letri: Hra\u00f0fengi Skyndir\u00e1n.<a name=\"2\"><span class=\"versanumer\">2<\/span><\/a>Og tak m\u00e9r skilr\u00edka votta, prestinn \u00dar\u00eda og Sakar\u00eda Jeberek\u00edason.<a name=\"3\"><span class=\"versanumer\">3<\/span><\/a>Og \u00e9g n\u00e1lga\u00f0ist sp\u00e1konuna, og h\u00fan var\u00f0 \u00feungu\u00f0 og \u00f3l son. \u00de\u00e1 sag\u00f0i Drottinn vi\u00f0 mig: L\u00e1t \u00fe\u00fa hann heita Hra\u00f0fengi Skyndir\u00e1n.<a name=\"4\"><span class=\"versanumer\">4<\/span><\/a>\u00dev\u00ed a\u00f0 \u00e1\u00f0ur en sveinninn l\u00e6rir a\u00f0 kalla fa\u00f0ir minn og m\u00f3\u00f0ir m\u00edn, skal au\u00f0ur Damaskus og herfang Samar\u00edu burt flutt ver\u00f0a fram fyrir Ass\u00fdr\u00edukonung.<a name=\"5\"><span class=\"versanumer\">5<\/span><\/a>Og Drottinn tala\u00f0i enn vi\u00f0 mig og sag\u00f0i:<a name=\"6\"><span class=\"versanumer\">6<\/span><\/a>Af \u00fev\u00ed a\u00f0 \u00feessi l\u00fd\u00f0ur fyrirl\u00edtur hin straumh\u00e6gu S\u00edl\u00f3a-v\u00f6tn, en fagnar Res\u00edn og Remaljasyni,<a name=\"7\"><span class=\"versanumer\">7<\/span><\/a>sj\u00e1, fyrir \u00fev\u00ed mun Drottinn l\u00e1ta yfir \u00fe\u00e1 koma hin str\u00ed\u00f0u og miklu v\u00f6tn flj\u00f3tsins Ass\u00fdr\u00edukonung og allt hans einvalali\u00f0. Skal \u00fea\u00f0 ganga upp yfir alla farvegu s\u00edna og fl\u00f3a yfir alla bakka.<a name=\"8\"><span class=\"versanumer\">8<\/span><\/a>Og \u00fea\u00f0 skal brj\u00f3tast inn \u00ed J\u00fada, fl\u00e6\u00f0a \u00fear yfir og geysast \u00e1fram, \u00fear til manni tekur undir h\u00f6ku, og brei\u00f0a v\u00e6ngi s\u00edna yfir allt \u00feitt land, eins og \u00fea\u00f0 er v\u00edtt til, Imman\u00fael!<a name=\"9\"><span class=\"versanumer\">9<\/span><\/a>Viti\u00f0 \u00fea\u00f0, l\u00fd\u00f0ir, og hlusti\u00f0 \u00e1, allar fjarl\u00e6gar lands\u00e1lfur! Herkl\u00e6\u00f0ist, \u00fe\u00e9r skulu\u00f0 samt l\u00e1ta hugfallast! Herkl\u00e6\u00f0ist, \u00fe\u00e9r skulu\u00f0 samt l\u00e1ta hugfallast!<a name=\"10\"><span class=\"versanumer\">10<\/span><\/a>Taki\u00f0 saman r\u00e1\u00f0 y\u00f0ar, \u00feau skulu a\u00f0 engu ver\u00f0a. M\u00e6li\u00f0 m\u00e1lum y\u00f0ar, \u00feau skulu engan framgang f\u00e1, \u00fev\u00ed a\u00f0 Gu\u00f0 er me\u00f0 oss!<a name=\"11\"><span class=\"versanumer\">11<\/span><\/a>Svo m\u00e6lti Drottinn vi\u00f0 mig, \u00fe\u00e1 er h\u00f6nd hans hreif mig og hann vara\u00f0i mig vi\u00f0 \u00fev\u00ed a\u00f0 ganga sama veg og \u00feetta f\u00f3lk gengur:<a name=\"12\"><span class=\"versanumer\">12<\/span><\/a>\u00de\u00e9r skulu\u00f0 ekki kalla allt \u00fea\u00f0 sams\u00e6ri, sem \u00feetta f\u00f3lk kallar sams\u00e6ri, og ekki \u00f3ttast \u00fea\u00f0, sem \u00fea\u00f0 \u00f3ttast, og eigi skelfast.<a name=\"13\"><span class=\"versanumer\">13<\/span><\/a>Drottinn allsherjar, hann skulu\u00f0 \u00fe\u00e9r telja heilagan, hann s\u00e9 y\u00f0ur \u00f3tti, hann s\u00e9 y\u00f0ur skelfing.<a name=\"14\"><span class=\"versanumer\">14<\/span><\/a>Og hann skal ver\u00f0a helgid\u00f3mur og \u00e1steytingarsteinn og hr\u00f6sunarhella fyrir b\u00e1\u00f0ar \u00e6tt\u00fej\u00f3\u00f0ir \u00cdsraels og snara og gildra fyrir Jer\u00fasalemb\u00faa.<a name=\"15\"><span class=\"versanumer\">15<\/span><\/a>Og margir af \u00feeim munu hrasa, falla og mei\u00f0ast, festast \u00ed sn\u00f6runni og ver\u00f0a veiddir.<a name=\"16\"><span class=\"versanumer\">16<\/span><\/a>\u00c9g bind saman vitnisbur\u00f0inn og innsigla kenninguna hj\u00e1 l\u00e6risveinum m\u00ednum.<a name=\"17\"><span class=\"versanumer\">17<\/span><\/a>\u00c9g treysti Drottni, \u00fe\u00f3tt hann byrgi n\u00fa auglit sitt fyrir Jakobs ni\u00f0jum, og \u00e9g b\u00ed\u00f0 hans.<a name=\"18\"><span class=\"versanumer\">18<\/span><\/a>Sj\u00e1, \u00e9g og synirnir, sem Drottinn hefir gefi\u00f0 m\u00e9r, v\u00e9r erum til t\u00e1kns og jarteikna \u00ed \u00cdsrael fr\u00e1 Drottni allsherjar, sem b\u00fdr \u00e1 S\u00edonfjalli.<a name=\"19\"><span class=\"versanumer\">19<\/span><\/a>Ef \u00feeir segja vi\u00f0 y\u00f0ur: Leiti\u00f0 til andas\u00e6ringarmanna og sp\u00e1sagnarmanna, sem hv\u00edskra og umla! \u00c1 ekki f\u00f3lk a\u00f0 leita fr\u00e9tta hj\u00e1 gu\u00f0um s\u00ednum og leita til hinna dau\u00f0u vegna hinna lifandi?<a name=\"20\"><span class=\"versanumer\">20<\/span><\/a>\u00fe\u00e1 svari\u00f0 \u00feeim: Til kenningarinnar og vitnisbur\u00f0arins! Ef menn tala ekki samkv\u00e6mt \u00feessu or\u00f0i, hafa \u00feeir engan morgunro\u00f0a<a name=\"21\"><span class=\"versanumer\">21<\/span><\/a>og munu r\u00e1fa hrj\u00e1\u00f0ir og hungra\u00f0ir. Og er \u00fe\u00e1 hungrar munu \u00feeir fyllast br\u00e6\u00f0i og form\u00e6la konungi s\u00ednum og Gu\u00f0i s\u00ednum. Hvort sem horft er til himins<a name=\"22\"><span class=\"versanumer\">22<\/span><\/a>e\u00f0a liti\u00f0 til jar\u00f0ar, sj\u00e1, \u00fear er ney\u00f0 og myrkur. \u00cd angistarsorta og ni\u00f0dimmu eru \u00feeir \u00fatreknir.<\/p>\n<div class=\"footnote1981\"><b>8.1<\/b> Bo\u00f0skapur sp\u00e1manns skr\u00e1\u00f0ur Jes 30.8; Jer 30.2; 36.2; Hab 2.2 \u2013 skyndir\u00e1n Jes 10.6<br \/>\n<b>8.2<\/b> Vitni 5M\u00f3s 17.6; 19.15; 1Kon 21.13 \u2013 \u00dar\u00eda 2Kon 16.10-16 \u2013 Sakar\u00eda 2Kon 18.2; 2Kro 29.1<br \/>\n<b>8.3<\/b> Fj\u00f6lskylda sp\u00e1manns H\u00f3s 1.1-9 \u2013 sonur Jes 7.14<br \/>\n<b>8.4<\/b> \u00c1\u00f0ur en Jes 7.16 \u2013 ey\u00f0ing Samar\u00edu og Damaskus Jes 7.20; 17.3<br \/>\n<b>8.6<\/b> S\u00edl\u00f3a J\u00f3h 9.7,11 \u2013 straumh\u00e6g sbr Jes 30.15 \u2013 Synir Remalja Jes 7.1,8-9<br \/>\n<b>8.7<\/b> Efrat Jes 7.20; 27.12 \u2013 innr\u00e1s, fl\u00f3\u00f0 Jes 17.12-14; Jer 46.7; 47.2; 51.42; Dan 11.10,40<br \/>\n<b>8.8<\/b> Ry\u00f0jast inn Jes 10.28-32 \u2013 allt land \u00feitt Jes 1.7; 36.1; 2Kon 17.5 \u2013 Imman\u00fael Jes 7.14<br \/>\n<b>8.10<\/b> \u00c1form Gu\u00f0s, \u00e1form manna Jes 5.19; 14.26-27; Slm 33.10-11; 81.13; Okv 21.30 \u2013 f\u00e6r ekki sta\u00f0ist Jes 7.7; 28.18; sbr 17.14 \u2013 Gu\u00f0 er me\u00f0 oss Jes 7.14; R\u00f3m 8.31<br \/>\n<b>8.11<\/b> H\u00f6nd Drottins 2M\u00f3s 3.20 \u2013 greip mig 1Kon 18.46; 2Kon 3.15; Jer 15.17; Esk 3.14<br \/>\n<b>8.12<\/b> Sams\u00e6ri 2Sam 15.12; 1Kon 16.20; 2Kon 11.14; 12.21; 14.19; 15.15,30; Slm 31.14+ &#8211; \u00f3ttist ekki 1P\u00e9t 3.14 \u2013 \u00fea\u00f0, sem \u00fea\u00f0 \u00f3ttast Jes 7.2<br \/>\n<b>8.13<\/b> Drottin s\u00e9 heilagur 1P\u00e9t 3.15 \u2013 Hinn heilagi Jes 6.3+ ; Jes 29.22-23; sbr 31.1<br \/>\n<b>8.14<\/b> Helgid\u00f3mur Esk 11.16; sbr Opb 21.22 \u2013 steinn sbr Jes 28.16; 1M\u00f3s 49.24 \u2013 hella sbr Jes 17.10; 2Sam 22.2; Slm 28.1 \u2013 til hr\u00f6sunar sbr 5.15-16,24; 30.9-14; 31.1; 37.22-23; L\u00fak 2.34; R\u00f3m 9.32-33; 1P\u00e9t 2.7-8 \u2013 snara Slm 9.16+<br \/>\n<b>8.15<\/b> Margir mei\u00f0ast Matt 21.44<br \/>\n<b>8.16<\/b> \u00c9g vef Jer 32.14 \u2013 innsigla Jes 29.11; 1Kon 21.8; Jer 32.11; Dan 12.4 \u2013 kenninguna Jes 1.10; 2.3; 5.24; 30.9<br \/>\n<b>8.17<\/b> B\u00ed\u00f0a Drottins Slm 27.14; 31.25+ &#8211; byrgir auglit sitt Slm 13.2+ &#8211; \u00e6tt Jakobs Jes 2.5; 10.20; 14.1; 29.22<br \/>\n<b>8.18<\/b> Drottinn gaf Heb 2.13 \u2013 fj\u00f6lskylda sp\u00e1manns, t\u00e1kn og vi\u00f0v\u00f6run Jes 7.3; 10.21; 8.1-3; Jer 16.1-8; Esk 24.15-24; H\u00f3s 1-3 \u2013 t\u00e1kn Jes 7.11+ &#8211; S\u00edon Jes 2.2-5; 4.5; 11.9; 14.32; 28.16; 31.9; 33.5; sbr Slm 132.13<br \/>\n<b>8.19<\/b> Sp\u00e1sagnarandi Jes 19.3; 1Sam 28.7-20; 2Kon 21.6; 23.24 \u2013 banna\u00f0 a\u00f0 leita anda 3M\u00f3s 19.31; 20.6,27; 5M\u00f3s 18.11; 1Sam 28.3,9<br \/>\n<b>8.21<\/b> \u00c1byrg\u00f0 konungsins 2Kon 6.26-27; Slm 72.12-16 \u2013 form\u00e6la konunginum og Gu\u00f0i 2M\u00f3s 22.27; 1Kon 21.10<br \/>\n<b>8.22<\/b> Ney\u00f0 og myrkur Jes 5.30; M\u00edk 3.6<br \/>\n<b>8.23<\/b> Handan vi\u00f0 J\u00f3rdan (G\u00edlea\u00f0) 2Sam 2.9; 1Kon 22.3-6; 2Kon 10.32-33; o.fl. \u2013 Gal\u00edlea hei\u00f0ingjanna 2Kon 15.29; sbr J\u00f3s 20.7; 21.32; 1Kon 9.11<\/div>\n","protected":false},"excerpt":{"rendered":"<p>1Drottinn sag\u00f0i vi\u00f0 mig: Tak \u00fe\u00e9r st\u00f3rt spjald og rita \u00fe\u00fa \u00e1 \u00fea\u00f0 me\u00f0 algengu letri: Hra\u00f0fengi Skyndir\u00e1n.2Og tak m\u00e9r skilr\u00edka votta, prestinn \u00dar\u00eda og Sakar\u00eda Jeberek\u00edason.3Og \u00e9g n\u00e1lga\u00f0ist sp\u00e1konuna, og h\u00fan var\u00f0 \u00feungu\u00f0 og \u00f3l son. \u00de\u00e1 sag\u00f0i Drottinn vi\u00f0 mig: L\u00e1t \u00fe\u00fa hann heita Hra\u00f0fengi Skyndir\u00e1n.4\u00dev\u00ed a\u00f0 \u00e1\u00f0ur en sveinninn l\u00e6rir a\u00f0 kalla fa\u00f0ir minn og m\u00f3\u00f0ir m\u00edn, skal au\u00f0ur Damaskus og herfang Samar\u00edu burt flutt ver\u00f0a fram fyrir Ass\u00fdr\u00edukonung.5Og Drottinn tala\u00f0i enn vi\u00f0 mig og sag\u00f0i:6Af \u00fev\u00ed a\u00f0 \u00feessi l\u00fd\u00f0ur fyrirl\u00edtur hin straumh\u00e6gu S\u00edl\u00f3a-v\u00f6tn, en fagnar Res\u00edn og Remaljasyni,7sj\u00e1, fyrir \u00fev\u00ed mun Drottinn l\u00e1ta yfir \u00fe\u00e1 koma <a href=\"https:\/\/biblian.is\/1981\/jesaja-8-kafli\/\"> [&#8230;]<\/a><\/p>\n","protected":false},"author":1,"featured_media":0,"parent":0,"menu_order":0,"comment_status":"open","ping_status":"open","template":"bibliukaflar.php","meta":{"footnotes":""},"class_list":["post-2034","page","type-page","status-publish","hentry"],"_links":{"self":[{"href":"https:\/\/biblian.is\/1981\/wp-json\/wp\/v2\/pages\/2034","targetHints":{"allow":["GET"]}}],"collection":[{"href":"https:\/\/biblian.is\/1981\/wp-json\/wp\/v2\/pages"}],"about":[{"href":"https:\/\/biblian.is\/1981\/wp-json\/wp\/v2\/types\/page"}],"author":[{"embeddable":true,"href":"https:\/\/biblian.is\/1981\/wp-json\/wp\/v2\/users\/1"}],"replies":[{"embeddable":true,"href":"https:\/\/biblian.is\/1981\/wp-json\/wp\/v2\/comments?post=2034"}],"version-history":[{"count":0,"href":"https:\/\/biblian.is\/1981\/wp-json\/wp\/v2\/pages\/2034\/revisions"}],"wp:attachment":[{"href":"https:\/\/biblian.is\/1981\/wp-json\/wp\/v2\/media?parent=2034"}],"curies":[{"name":"wp","href":"https:\/\/api.w.org\/{rel}","templated":true}]}}