{"id":2032,"date":"2017-11-18T20:19:50","date_gmt":"2017-11-18T20:19:50","guid":{"rendered":"http:\/\/biblian.is\/1981\/jesaja-6-kafli\/"},"modified":"2017-11-18T20:19:50","modified_gmt":"2017-11-18T20:19:50","slug":"jesaja-6-kafli","status":"publish","type":"page","link":"https:\/\/biblian.is\/1981\/jesaja-6-kafli\/","title":{"rendered":"Jesaja 6. kafli"},"content":{"rendered":"<p><a name=\"1\"><span class=\"versanumer\">1<\/span><\/a>\u00c1ri\u00f0 sem \u00dass\u00eda konungur anda\u00f0ist s\u00e1 \u00e9g Drottin sitjandi \u00e1 h\u00e1um og gn\u00e6fandi veldist\u00f3li, og sl\u00f3\u00f0i skikkju hans fyllti helgid\u00f3minn.<a name=\"2\"><span class=\"versanumer\">2<\/span><\/a>Umhverfis hann st\u00f3\u00f0u serafar. Haf\u00f0i hver \u00feeirra sex v\u00e6ngi. Me\u00f0 tveimur huldu \u00feeir \u00e1sj\u00f3nur s\u00ednar, me\u00f0 tveimur huldu \u00feeir f\u00e6tur s\u00edna og me\u00f0 tveimur flugu \u00feeir.<a name=\"3\"><span class=\"versanumer\">3<\/span><\/a>Og \u00feeir k\u00f6llu\u00f0u hver til annars og s\u00f6g\u00f0u: Heilagur, heilagur, heilagur er Drottinn allsherjar, \u00f6ll j\u00f6r\u00f0in er full af hans d\u00fdr\u00f0.<a name=\"4\"><span class=\"versanumer\">4<\/span><\/a>Vi\u00f0 raust \u00feeirra, er \u00feeir k\u00f6llu\u00f0u, skulfu undirst\u00f6\u00f0ur \u00fer\u00f6skuldanna og h\u00fasi\u00f0 var\u00f0 fullt af reyk.<a name=\"5\"><span class=\"versanumer\">5<\/span><\/a>\u00de\u00e1 sag\u00f0i \u00e9g: Vei m\u00e9r, \u00fea\u00f0 er \u00fati um mig! \u00dev\u00ed a\u00f0 \u00e9g er ma\u00f0ur, sem hefi \u00f3hreinar varir og b\u00fd me\u00f0al f\u00f3lks, sem hefir \u00f3hreinar varir, \u00fev\u00ed a\u00f0 augu m\u00edn hafa s\u00e9\u00f0 konunginn, Drottin allsherjar.<a name=\"6\"><span class=\"versanumer\">6<\/span><\/a>Einn serafanna flaug \u00fe\u00e1 til m\u00edn. Hann h\u00e9lt \u00e1 gl\u00f3andi koli, sem hann haf\u00f0i teki\u00f0 af altarinu me\u00f0 t\u00f6ng,<a name=\"7\"><span class=\"versanumer\">7<\/span><\/a>og hann snart munn minn me\u00f0 kolinu og sag\u00f0i: Sj\u00e1, \u00feetta hefir snorti\u00f0 varir \u00fe\u00ednar. Misgj\u00f6r\u00f0 \u00fe\u00edn er burt tekin og fri\u00f0\u00fe\u00e6gt er fyrir synd \u00fe\u00edna.<a name=\"8\"><span class=\"versanumer\">8<\/span><\/a>\u00de\u00e1 heyr\u00f0i \u00e9g raust Drottins. Hann sag\u00f0i: Hvern skal \u00e9g senda? Hver vill vera erindreki vor? Og \u00e9g sag\u00f0i: H\u00e9r er \u00e9g, send \u00fe\u00fa mig!<a name=\"9\"><span class=\"versanumer\">9<\/span><\/a>Og hann sag\u00f0i: Far og seg \u00feessu f\u00f3lki: Hl\u00fd\u00f0i\u00f0 grandg\u00e6filega til, \u00fe\u00e9r skulu\u00f0 \u00fe\u00f3 ekkert skilja, horfi\u00f0 \u00e1 vandlega, \u00fe\u00e9r skulu\u00f0 \u00fe\u00f3 einskis v\u00edsir ver\u00f0a!<a name=\"10\"><span class=\"versanumer\">10<\/span><\/a>Gj\u00f6r \u00fe\u00fa hjarta \u00feessa f\u00f3lks tilfinningarlaust og eyru \u00feess daufheyr\u00f0 og afturloka augum \u00feess, svo a\u00f0 \u00feeir sj\u00e1i ekki me\u00f0 augum s\u00ednum, heyri ekki me\u00f0 eyrum s\u00ednum og skilji ekki me\u00f0 hjarta s\u00ednu, a\u00f0 \u00feeir m\u00e6ttu sn\u00faa s\u00e9r og l\u00e6knast.<a name=\"11\"><span class=\"versanumer\">11<\/span><\/a>Og \u00e9g sag\u00f0i: Hversu lengi, Drottinn? Hann svara\u00f0i: \u00dear til er borgirnar standa \u00ed ey\u00f0i \u00f3bygg\u00f0ar og h\u00fasin mannlaus og landi\u00f0 ver\u00f0ur gj\u00f6reytt.<a name=\"12\"><span class=\"versanumer\">12<\/span><\/a>Drottinn mun reka f\u00f3lki\u00f0 langt \u00ed burt og ey\u00f0ista\u00f0irnir ver\u00f0a margir \u00ed landinu.<a name=\"13\"><span class=\"versanumer\">13<\/span><\/a>Og \u00fe\u00f3tt enn s\u00e9 t\u00edundi hluti eftir \u00ed \u00fev\u00ed, skal hann og ver\u00f0a eyddur. En eins og r\u00f3tarst\u00fafur ver\u00f0ur eftir af terpent\u00edntr\u00e9nu og eikinni, \u00fe\u00e1 er \u00feau eru felld, svo skal og st\u00fafur \u00feess ver\u00f0a heilagt s\u00e6\u00f0i.<\/p>\n<div class=\"footnote1981\"><b>6.1<\/b> \u00dass\u00eda konungur Jes 1.1+ ; 2Kro 26 \u2013 h\u00e1s\u00e6ti Drottins 1Kon 22.19; Opb 4.2+<br \/>\n<b>6.3<\/b> Heilagur Jes 1.4+ ; 10.17; 40.25; 57.15 \u2013 \u00f6ll j\u00f6r\u00f0in full af hans d\u00fdr\u00f0 4M\u00f3s 14.21; Slm 29.9; 57.12; 72.19; 108.6<br \/>\n<b>6.4<\/b> Reykur Jes 4.5; 2M\u00f3s 19.16-19; 20.18; Slm 18.8-12 \u2013 h\u00fasi\u00f0 fylltist 2M\u00f3s 40.34; 1Kon 8.10<br \/>\n<b>6.5<\/b> Vei m\u00e9r 2M\u00f3s 3.6; 33.20; D\u00f3m 6.22; 13.22; 1Kon 19.13; sbr 2M\u00f3s 20.19; 5M\u00f3s 5.26; 18.16; Job 42.5<br \/>\n<b>6.6<\/b> Altari\u00f0 Opb 8.3-5<br \/>\n<b>6.7<\/b> Drottinn heinsar varir sp\u00e1mannsins Jer 1.9; Esk 2.8<br \/>\n<b>6.8<\/b> R\u00f6dd Drottins Jes 40.6 \u2013 hvern skal \u00e9g senda? 1Kon 22.20<br \/>\n<b>6.9<\/b> Skilji\u00f0 ekkert Mrk 4.12 og hlst+<br \/>\n<b>6.10<\/b> Forher\u00f0ing 2M\u00f3s 7.3; Sak 7.11 \u2013 \u00feverskallast Jes 1.2-4,19-20; 9.9-10; 29.9-12; 30.1,9-11; sbr 7.12-13; 8.14-15; Jer 5.21 \u2013 sp\u00e1ma\u00f0urinn sendur Jer 1.17-19; Esk 2.3-10; 3.4-9<br \/>\n<b>6.11<\/b> Hversu lengi? Slm 6.4+ &#8211; be\u00f0i\u00f0 fyrir \u00cdsrael 2M\u00f3s 32.11-13; 5M\u00f3s 9.26-29<br \/>\n<b>6.13<\/b> Ey\u00f0andi eldur Jes 1.31; 5.24; 9.18-19; 10.16-17; 2M\u00f3s 24.17; 4M\u00f3s 11.1 \u2013 hreinsandi eldur Jes 1.25; 6.6-7; 4M\u00f3s 31.21-23 \u2013 tr\u00e9 helgista\u00f0anna Jes 1.29; 1M\u00f3s 12.6; 13.18; J\u00f3s 24.26; D\u00f3m 9.6; Esk 6.13; H\u00f3s 4.13<\/div>\n","protected":false},"excerpt":{"rendered":"<p>1\u00c1ri\u00f0 sem \u00dass\u00eda konungur anda\u00f0ist s\u00e1 \u00e9g Drottin sitjandi \u00e1 h\u00e1um og gn\u00e6fandi veldist\u00f3li, og sl\u00f3\u00f0i skikkju hans fyllti helgid\u00f3minn.2Umhverfis hann st\u00f3\u00f0u serafar. Haf\u00f0i hver \u00feeirra sex v\u00e6ngi. Me\u00f0 tveimur huldu \u00feeir \u00e1sj\u00f3nur s\u00ednar, me\u00f0 tveimur huldu \u00feeir f\u00e6tur s\u00edna og me\u00f0 tveimur flugu \u00feeir.3Og \u00feeir k\u00f6llu\u00f0u hver til annars og s\u00f6g\u00f0u: Heilagur, heilagur, heilagur er Drottinn allsherjar, \u00f6ll j\u00f6r\u00f0in er full af hans d\u00fdr\u00f0.4Vi\u00f0 raust \u00feeirra, er \u00feeir k\u00f6llu\u00f0u, skulfu undirst\u00f6\u00f0ur \u00fer\u00f6skuldanna og h\u00fasi\u00f0 var\u00f0 fullt af reyk.5\u00de\u00e1 sag\u00f0i \u00e9g: Vei m\u00e9r, \u00fea\u00f0 er \u00fati um mig! \u00dev\u00ed a\u00f0 \u00e9g er ma\u00f0ur, sem hefi \u00f3hreinar varir og b\u00fd me\u00f0al <a href=\"https:\/\/biblian.is\/1981\/jesaja-6-kafli\/\"> [&#8230;]<\/a><\/p>\n","protected":false},"author":1,"featured_media":0,"parent":0,"menu_order":0,"comment_status":"open","ping_status":"open","template":"bibliukaflar.php","meta":{"footnotes":""},"class_list":["post-2032","page","type-page","status-publish","hentry"],"_links":{"self":[{"href":"https:\/\/biblian.is\/1981\/wp-json\/wp\/v2\/pages\/2032","targetHints":{"allow":["GET"]}}],"collection":[{"href":"https:\/\/biblian.is\/1981\/wp-json\/wp\/v2\/pages"}],"about":[{"href":"https:\/\/biblian.is\/1981\/wp-json\/wp\/v2\/types\/page"}],"author":[{"embeddable":true,"href":"https:\/\/biblian.is\/1981\/wp-json\/wp\/v2\/users\/1"}],"replies":[{"embeddable":true,"href":"https:\/\/biblian.is\/1981\/wp-json\/wp\/v2\/comments?post=2032"}],"version-history":[{"count":0,"href":"https:\/\/biblian.is\/1981\/wp-json\/wp\/v2\/pages\/2032\/revisions"}],"wp:attachment":[{"href":"https:\/\/biblian.is\/1981\/wp-json\/wp\/v2\/media?parent=2032"}],"curies":[{"name":"wp","href":"https:\/\/api.w.org\/{rel}","templated":true}]}}