{"id":2031,"date":"2017-11-18T20:19:50","date_gmt":"2017-11-18T20:19:50","guid":{"rendered":"http:\/\/biblian.is\/1981\/jesaja-5-kafli\/"},"modified":"2017-11-18T20:19:50","modified_gmt":"2017-11-18T20:19:50","slug":"jesaja-5-kafli","status":"publish","type":"page","link":"https:\/\/biblian.is\/1981\/jesaja-5-kafli\/","title":{"rendered":"Jesaja 5. kafli"},"content":{"rendered":"<p><a name=\"1\"><span class=\"versanumer\">1<\/span><\/a>\u00c9g vil kve\u00f0a kv\u00e6\u00f0i um \u00e1stvin minn, \u00e1starkv\u00e6\u00f0i um v\u00edngar\u00f0 hans. \u00c1stvinur minn \u00e1tti v\u00edngar\u00f0 \u00e1 frj\u00f3samri h\u00e6\u00f0.<a name=\"2\"><span class=\"versanumer\">2<\/span><\/a>Hann stakk upp gar\u00f0inn og t\u00edndi grj\u00f3ti\u00f0 \u00far honum, hann gr\u00f3\u00f0ursetti g\u00e6\u00f0av\u00ednvi\u00f0 \u00ed honum, reisti turn \u00ed honum mi\u00f0jum og hj\u00f3 \u00fear einnig \u00fat v\u00ednlagar\u00fer\u00f3, og hann vona\u00f0i a\u00f0 gar\u00f0urinn mundi bera v\u00ednber, en hann bar mu\u00f0linga.<a name=\"3\"><span class=\"versanumer\">3<\/span><\/a>D\u00e6mi\u00f0 n\u00fa, \u00fe\u00e9r Jer\u00fasalemb\u00faar og J\u00fadamenn, milli m\u00edn og v\u00edngar\u00f0s m\u00edns!<a name=\"4\"><span class=\"versanumer\">4<\/span><\/a>Hva\u00f0 var\u00f0 meira a\u00f0 gj\u00f6rt vi\u00f0 v\u00edngar\u00f0 minn en \u00e9g haf\u00f0i gj\u00f6rt vi\u00f0 hann? Hv\u00ed bar hann mu\u00f0linga, \u00feegar \u00e9g vona\u00f0i a\u00f0 hann mundi bera v\u00ednber?<a name=\"5\"><span class=\"versanumer\">5<\/span><\/a>En n\u00fa vil \u00e9g kunngj\u00f6ra y\u00f0ur, hva\u00f0 \u00e9g \u00e6tla a\u00f0 gj\u00f6ra vi\u00f0 v\u00edngar\u00f0 minn: R\u00edfa \u00feyrniger\u00f0i\u00f0, svo a\u00f0 hann ver\u00f0i etinn upp, brj\u00f3ta ni\u00f0ur m\u00farvegginn, svo a\u00f0 hann ver\u00f0i tro\u00f0inn ni\u00f0ur.<a name=\"6\"><span class=\"versanumer\">6<\/span><\/a>Og \u00e9g vil gj\u00f6ra hann a\u00f0 au\u00f0n, hann skal ekki ver\u00f0a sni\u00f0la\u00f0ur og ekki stunginn upp, \u00fear skulu vaxa \u00feyrnar og \u00feistlar, og sk\u00fdjunum vil \u00e9g um bj\u00f3\u00f0a, a\u00f0 \u00feau l\u00e1ti enga regnsk\u00far yfir hann drj\u00fapa.<a name=\"7\"><span class=\"versanumer\">7<\/span><\/a>&#8222;V\u00edngar\u00f0ur Drottins allsherjar er \u00cdsraels h\u00fas, og J\u00fadamenn \u00e1stk\u00e6r plantan hans. Hann vona\u00f0ist eftir r\u00e9tti, en sj\u00e1, manndr\u00e1p; eftir r\u00e9ttv\u00edsi, en sj\u00e1, ney\u00f0arkvein.&#8220;<a name=\"8\"><span class=\"versanumer\">8<\/span><\/a>Vei \u00feeim, sem b\u00e6ta h\u00fasi vi\u00f0 h\u00fas og leggja akur vi\u00f0 akur, uns ekkert landr\u00fdmi er eftir og \u00fe\u00e9r b\u00fai\u00f0 einir \u00ed landi.<a name=\"9\"><span class=\"versanumer\">9<\/span><\/a>Drottinn allsherjar m\u00e6lir \u00ed eyra m\u00e9r: \u00cd sannleika skulu m\u00f6rg h\u00fas ver\u00f0a a\u00f0 au\u00f0n, mikil og f\u00f6gur h\u00fas ver\u00f0a mannlaus.<a name=\"10\"><span class=\"versanumer\">10<\/span><\/a>\u00dev\u00ed a\u00f0 t\u00edu pl\u00f3gl\u00f6nd \u00ed v\u00edngar\u00f0i skulu gefa af s\u00e9r eina skj\u00f3lu og ein tunna s\u00e6\u00f0is eina skeppu.<a name=\"11\"><span class=\"versanumer\">11<\/span><\/a>Vei \u00feeim, sem r\u00edsa \u00e1rla morguns til \u00feess a\u00f0 s\u00e6kjast eftir \u00e1fengum drykk, sem sitja fram \u00e1 n\u00f3tt eldrau\u00f0ir af v\u00edni.<a name=\"12\"><span class=\"versanumer\">12<\/span><\/a>G\u00edgjur, h\u00f6rpur, bumbur og hlj\u00f3\u00f0p\u00edpur kve\u00f0a vi\u00f0, og v\u00edni\u00f0 fl\u00f3ir vi\u00f0 samdrykkjur \u00feeirra, en gj\u00f6r\u00f0um Drottins gefa \u00feeir eigi gaum, og \u00fea\u00f0, sem hann hefir me\u00f0 h\u00f6ndum, sj\u00e1 \u00feeir ekki.<a name=\"13\"><span class=\"versanumer\">13<\/span><\/a>Fyrir \u00fev\u00ed mun l\u00fd\u00f0ur minn fyrr en af veit fara \u00ed \u00fatleg\u00f0, og tignarmennirnir kveljast af hungri og svallararnir vanmegnast af \u00feorsta.<a name=\"14\"><span class=\"versanumer\">14<\/span><\/a>Fyrir \u00fev\u00ed vex gr\u00e6\u00f0gi Heljar og h\u00fan glennir gini\u00f0 sem mest h\u00fan m\u00e1, og skrautmenni landsins og svallarar, h\u00e1va\u00f0amennirnir og gle\u00f0imennirnir steypast ni\u00f0ur \u00feanga\u00f0.<a name=\"15\"><span class=\"versanumer\">15<\/span><\/a>Og mannkind skal beygjast og ma\u00f0urinn l\u00e6gjast og augu drambl\u00e1tra ver\u00f0a ni\u00f0url\u00fat.<a name=\"16\"><span class=\"versanumer\">16<\/span><\/a>En Drottinn allsherjar mun h\u00e1leitur ver\u00f0a \u00ed d\u00f3minum og hinn heilagi Gu\u00f0 s\u00fdna heilagleik \u00ed r\u00e9ttv\u00edsi.<a name=\"17\"><span class=\"versanumer\">17<\/span><\/a>L\u00f6mb munu ganga \u00fear \u00e1 beit eins og \u00e1 afr\u00e9tti, og hinar au\u00f0u lendur r\u00edkismannanna munu geitur upp eta.<a name=\"18\"><span class=\"versanumer\">18<\/span><\/a>Vei \u00feeim, sem draga refsinguna \u00ed b\u00f6ndum rangl\u00e6tisins og syndagj\u00f6ldin eins og \u00ed aktaugum,<a name=\"19\"><span class=\"versanumer\">19<\/span><\/a>\u00feeim er segja: Fl\u00fdti hann s\u00e9r og hra\u00f0i verki s\u00ednu, svo a\u00f0 v\u00e9r megum sj\u00e1 \u00fea\u00f0, komi n\u00fa r\u00e1\u00f0agj\u00f6r\u00f0 Hins heilaga \u00ed \u00cdsrael fram og r\u00e6tist, svo a\u00f0 v\u00e9r megum ver\u00f0a varir vi\u00f0.<a name=\"20\"><span class=\"versanumer\">20<\/span><\/a>Vei \u00feeim, sem kalla hi\u00f0 illa gott og hi\u00f0 g\u00f3\u00f0a illt, sem gj\u00f6ra myrkur a\u00f0 lj\u00f3si og lj\u00f3s a\u00f0 myrkri, sem gj\u00f6ra beiskt a\u00f0 s\u00e6tu og s\u00e6tt a\u00f0 beisku.<a name=\"21\"><span class=\"versanumer\">21<\/span><\/a>Vei \u00feeim, sem vitrir eru \u00ed augum sj\u00e1lfra s\u00edn og hyggnir a\u00f0 eigin \u00e1liti.<a name=\"22\"><span class=\"versanumer\">22<\/span><\/a>Vei \u00feeim, sem kappar eru \u00ed v\u00edndrykkju og \u00f6flugar hetjur \u00ed \u00fev\u00ed a\u00f0 byrla \u00e1fengan drykk,<a name=\"23\"><span class=\"versanumer\">23<\/span><\/a>\u00feeim sem s\u00fdkna hinn seka fyrir m\u00fatur og svipta hina r\u00e9ttl\u00e1tu r\u00e9tti \u00feeirra.<a name=\"24\"><span class=\"versanumer\">24<\/span><\/a>Fyrir \u00fev\u00ed, eins og eldsloginn ey\u00f0ir str\u00e1inu og heyi\u00f0 hn\u00edgur \u00ed b\u00e1li\u00f0, svo skal r\u00f3t \u00feeirra f\u00fana og bl\u00f3m \u00feeirra feykjast sem ryk, af \u00fev\u00ed a\u00f0 \u00feeir hafa hafna\u00f0 l\u00f6gm\u00e1li Drottins allsherjar og fyrirliti\u00f0 or\u00f0 Hins heilaga \u00ed \u00cdsrael.<a name=\"25\"><span class=\"versanumer\">25<\/span><\/a>\u00deess vegna b\u00e1la\u00f0ist rei\u00f0i Drottins \u00ed gegn l\u00fd\u00f0 hans, og hann r\u00e9tti \u00fat h\u00f6nd s\u00edna m\u00f3ti honum og laust hann, og fj\u00f6llin skulfu og l\u00edkin l\u00e1gu sem sorp \u00e1 str\u00e6tum. Allt fyrir \u00fea\u00f0 linnir ekki rei\u00f0i hans og h\u00f6nd hans er enn \u00fe\u00e1 \u00fatr\u00e9tt.<a name=\"26\"><span class=\"versanumer\">26<\/span><\/a>Drottinn reisir hermerki fyrir fjarl\u00e6ga \u00fej\u00f3\u00f0 og bl\u00edstrar \u00e1 hana fr\u00e1 ystu lands\u00e1lfu, og sj\u00e1, h\u00fan kemur flj\u00f3t og fr\u00e1.<a name=\"27\"><span class=\"versanumer\">27<\/span><\/a>Enginn er \u00fear m\u00f3\u00f0ur og engum skrikar f\u00f3tur, enginn blundar n\u00e9 tekur \u00e1 sig n\u00e1\u00f0ir, engum \u00feeirra losnar belti fr\u00e1 lendum, og ekki slitnar sk\u00f3\u00fevengur nokkurs \u00feeirra.<a name=\"28\"><span class=\"versanumer\">28<\/span><\/a>\u00d6rvar \u00feeirra eru hvesstar og allir bogar \u00feeirra bentir. H\u00f3farnir \u00e1 hestum \u00feeirra eru sem tinna og vagnhj\u00f3l \u00feeirra sem vindbylur.<a name=\"29\"><span class=\"versanumer\">29<\/span><\/a>\u00d6skur \u00feeirra er sem lj\u00f3ns\u00f6skur, \u00feeir \u00f6skra sem ung lj\u00f3n. \u00deeir grenja, gr\u00edpa herfangi\u00f0 og hafa \u00fea\u00f0 \u00e1 burt, og enginn f\u00e6r bjarga\u00f0.<a name=\"30\"><span class=\"versanumer\">30<\/span><\/a>\u00c1 \u00feeim degi munu \u00feeir koma grenjandi \u00ed m\u00f3ti \u00fej\u00f3\u00f0inni eins og \u00f3lgandi brim. Ef horft er yfir landi\u00f0, er \u00fear skelfilegt myrkur, og dagsbirtan er myrkvu\u00f0 af dimmum sk\u00fdjum.<\/p>\n<div class=\"footnote1981\"><b>5.1<\/b> V\u00edngar\u00f0urinn Jes 3.14; 27.2-5; Jer 2.21; 5.10; 6.9; 12.10; Esk 15.1-8; 17.3-10; 19.10-14; H\u00f3s 10.1; Slm 80.9-19; sbr Matt 21.33-43; J\u00f3h 15.1-7<br \/>\n<b>5.2<\/b> G\u00e6\u00f0av\u00ednvi\u00f0ur Jes 16.8; Jer 2.21<br \/>\n<b>5.5<\/b> R\u00edfa limger\u00f0i\u00f0 Slm 80.13<br \/>\n<b>5.6<\/b> \u00deyrnar og \u00feystlar Jes 7.23-24; 9.17; 10.17; 27.4; 34.13; H\u00f3s 10.8; M\u00edk 7.4; sbr 1M\u00f3s 3.18 \u2013 Drottinn gefur regni\u00f0 5M\u00f3s 11.14; Am 4.7<br \/>\n<b>5.7<\/b> \u00cdsrael, hjartf\u00f3lgi\u00f0 barn Jer 31.20; Okv 8.30 \u2013 \u00f3r\u00e9ttv\u00edsi Jes 1.21 \u2013 ney\u00f0ar\u00f3p 2M\u00f3s 3.7-9; Slm 9.13<br \/>\n<b>5.8<\/b> Vei Jes 10.1-4 \u2013 tengja akur vi\u00f0 akur 1Kon 21.1-46; M\u00edk 2.2 \u2013 landinu skipt 3M\u00f3s 25.23-28; 5M\u00f3s 1.8; 15.1-11; J\u00f3s 13-19<br \/>\n<b>5.9<\/b> Yfirgefin Am 3.15; sbr Jes 1.7; 6.11; 17.9<br \/>\n<b>5.11<\/b> Eldrau\u00f0ir af v\u00edni Jes 28.1; 56.12; Am 6.4-6; Okv 23.30<br \/>\n<b>5.12<\/b> Verk Drottins Jes 5.19; 28.21; 31.1; 45.11<br \/>\n<b>5.13<\/b> \u00deorsti Am 8.13<br \/>\n<b>5.16<\/b> Gu\u00f0 birtir heilagleika 3M\u00f3s 10.3; 4M\u00f3s 20.13; Esk 20.41; 36.23<br \/>\n<b>5.19<\/b> Fl\u00fdti hann s\u00e9r Jer 17.15; 2P\u00e9t 3.3-4 \u2013 sp\u00e1ma\u00f0urinn h\u00e6ddur Jes 28.9-10; 30.11 \u2013 Hinn heilagi \u00ed \u00cdsrael Jes 1.4+ ; 10.17; Slm 22.4<br \/>\n<b>5.20<\/b> Kalla illt gott Am 5.7; M\u00edk 3.2; Okv 17.15<br \/>\n<b>5.21<\/b> Vitrir \u00ed eigin augum Okv 3.7; R\u00f3m 11.25; sbr Jes 29.14<br \/>\n<b>5.25<\/b> Fj\u00f6llin skulfu Hab 3.6; Slm 18.8 \u2013 samt &#8230; Jes 9.11,16,20; 10.4<br \/>\n<b>5.26<\/b> Hermerki Jes 11.10,12; 13.2; 18.3; 30.17; 49.22; 62.10; Jer 4.6 \u2013 \u00fej\u00f3\u00f0 \u00ed fjarl\u00e6g\u00f0 (Ass\u00far) Jes 7.20; 8.4,7; 10.5; 14.25; 19.23; 20.1; 30.31; 31.8; 36-37 \u2013 hann flautar Jes 7.18; sbr Jer 5.15<br \/>\n<b>5.29<\/b> \u00d6skur Jer 2.15 \u2013 enginn f\u00e6r bjarga\u00f0 H\u00f3s 5.14<br \/>\n<b>5.30<\/b> Ass\u00fdr\u00eda lostin Jes 10.12; 30.31 \u2013 \u00fer\u00fagandi myrkur Jes 8.22; Jl 2.2; Am 5.18; Sef 1.15<\/div>\n","protected":false},"excerpt":{"rendered":"<p>1\u00c9g vil kve\u00f0a kv\u00e6\u00f0i um \u00e1stvin minn, \u00e1starkv\u00e6\u00f0i um v\u00edngar\u00f0 hans. \u00c1stvinur minn \u00e1tti v\u00edngar\u00f0 \u00e1 frj\u00f3samri h\u00e6\u00f0.2Hann stakk upp gar\u00f0inn og t\u00edndi grj\u00f3ti\u00f0 \u00far honum, hann gr\u00f3\u00f0ursetti g\u00e6\u00f0av\u00ednvi\u00f0 \u00ed honum, reisti turn \u00ed honum mi\u00f0jum og hj\u00f3 \u00fear einnig \u00fat v\u00ednlagar\u00fer\u00f3, og hann vona\u00f0i a\u00f0 gar\u00f0urinn mundi bera v\u00ednber, en hann bar mu\u00f0linga.3D\u00e6mi\u00f0 n\u00fa, \u00fe\u00e9r Jer\u00fasalemb\u00faar og J\u00fadamenn, milli m\u00edn og v\u00edngar\u00f0s m\u00edns!4Hva\u00f0 var\u00f0 meira a\u00f0 gj\u00f6rt vi\u00f0 v\u00edngar\u00f0 minn en \u00e9g haf\u00f0i gj\u00f6rt vi\u00f0 hann? Hv\u00ed bar hann mu\u00f0linga, \u00feegar \u00e9g vona\u00f0i a\u00f0 hann mundi bera v\u00ednber?5En n\u00fa vil \u00e9g kunngj\u00f6ra y\u00f0ur, hva\u00f0 \u00e9g \u00e6tla a\u00f0 gj\u00f6ra vi\u00f0 <a href=\"https:\/\/biblian.is\/1981\/jesaja-5-kafli\/\"> [&#8230;]<\/a><\/p>\n","protected":false},"author":1,"featured_media":0,"parent":0,"menu_order":0,"comment_status":"open","ping_status":"open","template":"bibliukaflar.php","meta":{"footnotes":""},"class_list":["post-2031","page","type-page","status-publish","hentry"],"_links":{"self":[{"href":"https:\/\/biblian.is\/1981\/wp-json\/wp\/v2\/pages\/2031","targetHints":{"allow":["GET"]}}],"collection":[{"href":"https:\/\/biblian.is\/1981\/wp-json\/wp\/v2\/pages"}],"about":[{"href":"https:\/\/biblian.is\/1981\/wp-json\/wp\/v2\/types\/page"}],"author":[{"embeddable":true,"href":"https:\/\/biblian.is\/1981\/wp-json\/wp\/v2\/users\/1"}],"replies":[{"embeddable":true,"href":"https:\/\/biblian.is\/1981\/wp-json\/wp\/v2\/comments?post=2031"}],"version-history":[{"count":0,"href":"https:\/\/biblian.is\/1981\/wp-json\/wp\/v2\/pages\/2031\/revisions"}],"wp:attachment":[{"href":"https:\/\/biblian.is\/1981\/wp-json\/wp\/v2\/media?parent=2031"}],"curies":[{"name":"wp","href":"https:\/\/api.w.org\/{rel}","templated":true}]}}