{"id":2030,"date":"2017-11-18T20:19:50","date_gmt":"2017-11-18T20:19:50","guid":{"rendered":"http:\/\/biblian.is\/1981\/jesaja-4-kafli\/"},"modified":"2017-11-18T20:19:50","modified_gmt":"2017-11-18T20:19:50","slug":"jesaja-4-kafli","status":"publish","type":"page","link":"https:\/\/biblian.is\/1981\/jesaja-4-kafli\/","title":{"rendered":"Jesaja 4. kafli"},"content":{"rendered":"<p><a name=\"1\"><span class=\"versanumer\">1<\/span><\/a>\u00c1 \u00feeim degi munu sj\u00f6 konur \u00fer\u00edfa \u00ed sama manninn og segja: V\u00e9r skulum sj\u00e1lfar f\u00e6\u00f0a oss og kl\u00e6\u00f0a, l\u00e1t \u00fe\u00fa oss a\u00f0eins nefnast eftir nafni \u00fe\u00ednu, nem burt sm\u00e1n vora.<a name=\"2\"><span class=\"versanumer\">2<\/span><\/a>\u00c1 \u00feeim degi mun kvistur Drottins pr\u00fd\u00f0ilegur og veglegur ver\u00f0a, og \u00e1v\u00f6xtur landsins h\u00e1r og fagur fyrir \u00fe\u00e1 af \u00cdsrael, sem undan komast.<a name=\"3\"><span class=\"versanumer\">3<\/span><\/a>\u00deeir sem af lifa \u00ed S\u00edon og eftir ver\u00f0a \u00ed Jer\u00fasalem, skulu kallast heilagir, allir \u00feeir, sem skr\u00e1\u00f0ir eru me\u00f0al hinna lifandi \u00ed Jer\u00fasalem.<a name=\"4\"><span class=\"versanumer\">4<\/span><\/a>\u00de\u00e1 er Drottinn hefir af\u00fevegi\u00f0 \u00f3hreinindi S\u00edonard\u00e6tra og hreinsa\u00f0 bl\u00f3\u00f0 Jer\u00fasalemborgar af henni me\u00f0 refsid\u00f3msanda og hreinsunaranda,<a name=\"5\"><span class=\"versanumer\">5<\/span><\/a>mun hann skapa sk\u00fd um daga og reyk og sk\u00ednandi eldsloga um n\u00e6tur yfir \u00f6llum helgid\u00f3minum \u00e1 S\u00edonarfjalli og samkomunum \u00fear, \u00fev\u00ed a\u00f0 yfir \u00f6llu \u00fev\u00ed, sem d\u00fdrlegt er, skal verndarhl\u00edf vera.<a name=\"6\"><span class=\"versanumer\">6<\/span><\/a>Og laufsk\u00e1li skal vera \u00fear til fors\u00e6lu fyrir hitanum \u00e1 daginn og til h\u00e6lis og sk\u00fdlis fyrir steypiregni og sk\u00farum.<\/p>\n<div class=\"footnote1981\"><b>4.2<\/b> Heilagt s\u00e6\u00f0i og uppskera Jes 6.13; 53.2; 61.11; Am 9.13; Slm 72.16 \u2013 kvistur Drottins Jer 23.5; 33.15; Sak 3.8; 6.12; Slm 132.17<br \/>\n<b>4.3<\/b> \u00deeir sem af lifa Jes 1.8-9; 6.13; 10.20-22+ ; 37.4,31,32; Jer 23.3; 31.7; 50.20; Esk 6.8-9; 11.13; Am 5.3,15; M\u00edk 2.12; 4.7; 5.2,6; Sef 2.7,9; 3.12-13; Sak 13.8-9; 14.2; Neh 1.2; Bar 2.13 \u2013 heilagir 2M\u00f3s 19.6 \u2013 skr\u00e1\u00f0ir 2M\u00f3s 32.32; Esk 13.9; Mal 3.16; Slm 69.29; 87.6; Opb 13.8<br \/>\n<b>4.5<\/b> Sk\u00fd, reykur, eldur 2M\u00f3s 19.9,16,18; Hlj 2.3; sbr H\u00f3s 7.6<br \/>\n<b>4.6<\/b> H\u00e6li Jes 25.4; 28.15; Slm 14.6; 91.2<\/div>\n","protected":false},"excerpt":{"rendered":"<p>1\u00c1 \u00feeim degi munu sj\u00f6 konur \u00fer\u00edfa \u00ed sama manninn og segja: V\u00e9r skulum sj\u00e1lfar f\u00e6\u00f0a oss og kl\u00e6\u00f0a, l\u00e1t \u00fe\u00fa oss a\u00f0eins nefnast eftir nafni \u00fe\u00ednu, nem burt sm\u00e1n vora.2\u00c1 \u00feeim degi mun kvistur Drottins pr\u00fd\u00f0ilegur og veglegur ver\u00f0a, og \u00e1v\u00f6xtur landsins h\u00e1r og fagur fyrir \u00fe\u00e1 af \u00cdsrael, sem undan komast.3\u00deeir sem af lifa \u00ed S\u00edon og eftir ver\u00f0a \u00ed Jer\u00fasalem, skulu kallast heilagir, allir \u00feeir, sem skr\u00e1\u00f0ir eru me\u00f0al hinna lifandi \u00ed Jer\u00fasalem.4\u00de\u00e1 er Drottinn hefir af\u00fevegi\u00f0 \u00f3hreinindi S\u00edonard\u00e6tra og hreinsa\u00f0 bl\u00f3\u00f0 Jer\u00fasalemborgar af henni me\u00f0 refsid\u00f3msanda og hreinsunaranda,5mun hann skapa sk\u00fd um daga og reyk og <a href=\"https:\/\/biblian.is\/1981\/jesaja-4-kafli\/\"> [&#8230;]<\/a><\/p>\n","protected":false},"author":1,"featured_media":0,"parent":0,"menu_order":0,"comment_status":"open","ping_status":"open","template":"bibliukaflar.php","meta":{"footnotes":""},"class_list":["post-2030","page","type-page","status-publish","hentry"],"_links":{"self":[{"href":"https:\/\/biblian.is\/1981\/wp-json\/wp\/v2\/pages\/2030","targetHints":{"allow":["GET"]}}],"collection":[{"href":"https:\/\/biblian.is\/1981\/wp-json\/wp\/v2\/pages"}],"about":[{"href":"https:\/\/biblian.is\/1981\/wp-json\/wp\/v2\/types\/page"}],"author":[{"embeddable":true,"href":"https:\/\/biblian.is\/1981\/wp-json\/wp\/v2\/users\/1"}],"replies":[{"embeddable":true,"href":"https:\/\/biblian.is\/1981\/wp-json\/wp\/v2\/comments?post=2030"}],"version-history":[{"count":0,"href":"https:\/\/biblian.is\/1981\/wp-json\/wp\/v2\/pages\/2030\/revisions"}],"wp:attachment":[{"href":"https:\/\/biblian.is\/1981\/wp-json\/wp\/v2\/media?parent=2030"}],"curies":[{"name":"wp","href":"https:\/\/api.w.org\/{rel}","templated":true}]}}