{"id":2029,"date":"2017-11-18T20:19:50","date_gmt":"2017-11-18T20:19:50","guid":{"rendered":"http:\/\/biblian.is\/1981\/jesaja-3-kafli\/"},"modified":"2017-11-18T20:19:50","modified_gmt":"2017-11-18T20:19:50","slug":"jesaja-3-kafli","status":"publish","type":"page","link":"https:\/\/biblian.is\/1981\/jesaja-3-kafli\/","title":{"rendered":"Jesaja 3. kafli"},"content":{"rendered":"<p><a name=\"1\"><span class=\"versanumer\">1<\/span><\/a>Sj\u00e1, hinn alvaldi, Drottinn allsherjar sviptir Jer\u00fasalem og J\u00fada hverri sto\u00f0 og styttu, allri sto\u00f0 brau\u00f0s og allri sto\u00f0 vatns,<a name=\"2\"><span class=\"versanumer\">2<\/span><\/a>hetjum og herm\u00f6nnum, d\u00f3mendum og sp\u00e1m\u00f6nnum, sp\u00e1sagnam\u00f6nnum og \u00f6ldungum,<a name=\"3\"><span class=\"versanumer\">3<\/span><\/a>h\u00f6fu\u00f0sm\u00f6nnum, vir\u00f0ingam\u00f6nnum, r\u00e1\u00f0gj\u00f6fum, hugvitsm\u00f6nnum og kunn\u00e1ttum\u00f6nnum.<a name=\"4\"><span class=\"versanumer\">4<\/span><\/a>\u00c9g vil f\u00e1 \u00feeim ungmenni fyrir h\u00f6f\u00f0ingja, og sm\u00e1sveinar skulu drottna yfir \u00feeim.<a name=\"5\"><span class=\"versanumer\">5<\/span><\/a>\u00c1 me\u00f0al f\u00f3lksins skal ma\u00f0ur manni \u00ferengja. Ungmenni\u00f0 mun hrokast upp \u00ed m\u00f3ti \u00f6ldungnum og skr\u00edlmenni\u00f0 upp \u00ed m\u00f3ti tignarmanninum.<a name=\"6\"><span class=\"versanumer\">6<\/span><\/a>\u00deegar einhver \u00fer\u00edfur \u00ed br\u00f3\u00f0ur sinn \u00ed h\u00fasi f\u00f6\u00f0ur s\u00edns og segir: \u00de\u00fa \u00e1tt yfirh\u00f6fn, ver \u00fe\u00fa stj\u00f3rnari vor, og \u00feetta fallandi r\u00edki skal vera undir \u00feinni hendi,<a name=\"7\"><span class=\"versanumer\">7<\/span><\/a>\u00fe\u00e1 mun hann \u00e1 \u00feeim degi hefja upp raust s\u00edna og segja: \u00c9g vil ekki vera s\u00e1ral\u00e6knir, og \u00ed h\u00fasi m\u00ednu er hvorki til brau\u00f0 n\u00e9 kl\u00e6\u00f0i. Gj\u00f6ri\u00f0 mig ekki a\u00f0 \u00fej\u00f3\u00f0stj\u00f3ra.<a name=\"8\"><span class=\"versanumer\">8<\/span><\/a>Jer\u00fasalem er a\u00f0 hruni komin og J\u00fada er a\u00f0 falla, af \u00fev\u00ed a\u00f0 tunga \u00feeirra og ath\u00e6fi var gegn Drottni til \u00feess a\u00f0 storka d\u00fdr\u00f0araugum hans.<a name=\"9\"><span class=\"versanumer\">9<\/span><\/a>Andlitssvipur \u00feeirra vitnar \u00ed gegn \u00feeim, og \u00feeir gj\u00f6ra syndir s\u00ednar heyrinkunnar, eins og S\u00f3d\u00f3ma, og leyna \u00feeim ekki. Vei \u00feeim, \u00fev\u00ed a\u00f0 \u00feeir hafa baka\u00f0 sj\u00e1lfum s\u00e9r \u00f3g\u00e6fu.<a name=\"10\"><span class=\"versanumer\">10<\/span><\/a>Heill hinum r\u00e9ttl\u00e1tu, \u00fev\u00ed a\u00f0 \u00feeim mun vel vegna, \u00fev\u00ed a\u00f0 \u00feeir munu nj\u00f3ta \u00e1vaxtar verka sinna.<a name=\"11\"><span class=\"versanumer\">11<\/span><\/a>Vei hinum \u00f3gu\u00f0lega, honum mun illa vegna, \u00fev\u00ed a\u00f0 honum mun goldi\u00f0 ver\u00f0a eftir tilgj\u00f6r\u00f0um hans.<a name=\"12\"><span class=\"versanumer\">12<\/span><\/a>Har\u00f0stj\u00f3ri \u00fej\u00f3\u00f0ar minnar er drengur, og konur drottna yfir henni. \u00dej\u00f3\u00f0 m\u00edn, lei\u00f0togar \u00fe\u00ednir lei\u00f0a \u00feig aflei\u00f0is og villa fyrir \u00fe\u00e9r veginn.<a name=\"13\"><span class=\"versanumer\">13<\/span><\/a>Drottinn gengur fram til a\u00f0 s\u00e6kja s\u00f6kina, hann stendur frammi til a\u00f0 d\u00e6ma \u00fej\u00f3\u00f0irnar.<a name=\"14\"><span class=\"versanumer\">14<\/span><\/a>Drottinn gengur fram til d\u00f3ms \u00ed gegn \u00f6ldungum l\u00fd\u00f0s s\u00edns og h\u00f6f\u00f0ingjum hans: \u00dea\u00f0 eru\u00f0 \u00fe\u00e9r, sem hafi\u00f0 eti\u00f0 upp v\u00edngar\u00f0inn. R\u00e6ndir fj\u00e1rmunir f\u00e1t\u00e6klinganna eru \u00ed h\u00fasum y\u00f0ar.<a name=\"15\"><span class=\"versanumer\">15<\/span><\/a>Hvernig geti\u00f0 \u00fe\u00e9r fengi\u00f0 af y\u00f0ur a\u00f0 f\u00f3tum tro\u00f0a l\u00fd\u00f0 minn og merja sundur andlit hinna snau\u00f0u, segir hinn alvaldi, Drottinn allsherjar.<a name=\"16\"><span class=\"versanumer\">16<\/span><\/a>Drottinn sag\u00f0i: S\u00f6kum \u00feess a\u00f0 d\u00e6tur S\u00edonar eru drembil\u00e1tar og ganga hnakkakerrtar, gj\u00f3ta \u00fat undan s\u00e9r augunum og tifa \u00ed g\u00f6ngunni og l\u00e1ta glamra \u00ed \u00f6kklaspennunum,<a name=\"17\"><span class=\"versanumer\">17<\/span><\/a>\u00fe\u00e1 mun Drottinn gj\u00f6ra kl\u00e1\u00f0ugan hvirfil S\u00edonar d\u00e6tra og gj\u00f6ra bera blyg\u00f0an \u00feeirra.<a name=\"18\"><span class=\"versanumer\">18<\/span><\/a>\u00c1 \u00feeim degi mun Drottinn burt nema skart \u00feeirra: \u00f6kklaspennurnar, ennisb\u00f6ndin, h\u00e1lstinglin,<a name=\"19\"><span class=\"versanumer\">19<\/span><\/a>eyrnaperlurnar, armhringana, andlitssk\u00fdlurnar,<a name=\"20\"><span class=\"versanumer\">20<\/span><\/a>motrana, \u00f6kklafestarnar, beltin, ilmbaukana, t\u00f6fra\u00feingin,<a name=\"21\"><span class=\"versanumer\">21<\/span><\/a>fingurgullin, nefhringana,<a name=\"22\"><span class=\"versanumer\">22<\/span><\/a>glitkl\u00e6\u00f0in, n\u00e6rkl\u00e6\u00f0in, m\u00f6ttlana og pyngjurnar,<a name=\"23\"><span class=\"versanumer\">23<\/span><\/a>speglana, l\u00ednd\u00fakana, vefjarhettina og sl\u00e6\u00f0urnar.<a name=\"24\"><span class=\"versanumer\">24<\/span><\/a>Koma mun \u00f3daunn fyrir ilm, reiptagl fyrir belti, skalli fyrir h\u00e1rfl\u00e9ttur, a\u00f0strengdur h\u00e6rusekkur \u00ed sta\u00f0 skrautskikkju, brennimerki \u00ed sta\u00f0 fegur\u00f0ar.<a name=\"25\"><span class=\"versanumer\">25<\/span><\/a>Menn \u00fe\u00ednir munu fyrir sver\u00f0i falla og kappar \u00fe\u00ednir \u00ed orustu.<a name=\"26\"><span class=\"versanumer\">26<\/span><\/a>Hli\u00f0 borgarinnar munu kveina og harma, og h\u00fan sj\u00e1lf mun sitja einmana \u00e1 j\u00f6r\u00f0inni.<\/p>\n<div class=\"footnote1981\"><b>3.1<\/b> Drottinn allsherjar Jes 1.24+<br \/>\n<b>3.2<\/b> Sp\u00e1sagnamenn 5M\u00f3s 18.14; J\u00f3s 13.22; 1Sam 6.2; Jes 44.25; Jer 27.9; 29.8; M\u00edk 3.5-7; Sak 10.2 \u2013 \u00f6ldungur 2M\u00f3s 3.16,18; 2Sam 5.3; 1Kon 21.8; sbr 5M\u00f3s 25.7-9<br \/>\n<b>3.4<\/b> Drengir a\u00f0 h\u00f6f\u00f0ingjum Pr\u00e9d 10.16<br \/>\n<b>3.5<\/b> Br\u00e6\u00f0ur munu berjast D\u00f3m 7.22; 1Sam 14.20; M\u00edk 7.6<br \/>\n<b>3.6<\/b> R\u00fastir Jer 14.19<br \/>\n<b>3.9<\/b> Andlitssvipur \u00feeirra Jer 3.3 \u2013 vitnar gegn \u00feeim Jer 14.7; H\u00f3s 5.5; 1T\u00edm 5.24<br \/>\n<b>3.11<\/b> Endurgjalda Slm 128.2; Okv 12.14; Gal 6.7; sbr Jer 17.10; Okv 1.31<br \/>\n<b>3.12<\/b> Afvegalei\u00f0a \u00fej\u00f3\u00f0ina Jer 23.13; H\u00f3s 4.12; M\u00edk 3.5<br \/>\n<b>3.13<\/b> Drottinn d\u00e6mir Jer 2.9; H\u00f3s 4.1; M\u00edk 6.1; Slm 50.4; sbr Jes 41.1+<br \/>\n<b>3.14<\/b> V\u00edngar\u00f0urinn Jes 5.1+ &#8211; \u00fe\u00fdfi fr\u00e1 f\u00e1t\u00e6kum Am 2.6,8; M\u00edk 2.1-2<br \/>\n<b>3.15<\/b> R\u00e9ttl\u00e6ti\u00f0 f\u00f3tum tro\u00f0i\u00f0 Jes 1.23,26; 5.23; 10.1-2; 3M\u00f3s 19.15; Okv 22.22-23<br \/>\n<b>3.16<\/b> St\u00e6ril\u00e1tar Esk 16.50; Sef 3.11<br \/>\n<b>3.17<\/b> Ni\u00f0url\u00e6ging Jes 47.3; Jer 13.26; Esk 16.37<br \/>\n<b>3.25<\/b> Falla fyrir sver\u00f0i 2Sam 1.12; H\u00f3s 14.1<br \/>\n<b>3.26<\/b> Hrygg\u00f0armynd Jes 24.4; 33.9; Jer 14.2; H\u00f3s 4.3; Jl 1.10; Am 1.2; Hlj 1.4; 2.8-9 \u2013 yfirgefin Jes 47.1; Job 2.13; Hlj 2.10<\/div>\n","protected":false},"excerpt":{"rendered":"<p>1Sj\u00e1, hinn alvaldi, Drottinn allsherjar sviptir Jer\u00fasalem og J\u00fada hverri sto\u00f0 og styttu, allri sto\u00f0 brau\u00f0s og allri sto\u00f0 vatns,2hetjum og herm\u00f6nnum, d\u00f3mendum og sp\u00e1m\u00f6nnum, sp\u00e1sagnam\u00f6nnum og \u00f6ldungum,3h\u00f6fu\u00f0sm\u00f6nnum, vir\u00f0ingam\u00f6nnum, r\u00e1\u00f0gj\u00f6fum, hugvitsm\u00f6nnum og kunn\u00e1ttum\u00f6nnum.4\u00c9g vil f\u00e1 \u00feeim ungmenni fyrir h\u00f6f\u00f0ingja, og sm\u00e1sveinar skulu drottna yfir \u00feeim.5\u00c1 me\u00f0al f\u00f3lksins skal ma\u00f0ur manni \u00ferengja. Ungmenni\u00f0 mun hrokast upp \u00ed m\u00f3ti \u00f6ldungnum og skr\u00edlmenni\u00f0 upp \u00ed m\u00f3ti tignarmanninum.6\u00deegar einhver \u00fer\u00edfur \u00ed br\u00f3\u00f0ur sinn \u00ed h\u00fasi f\u00f6\u00f0ur s\u00edns og segir: \u00de\u00fa \u00e1tt yfirh\u00f6fn, ver \u00fe\u00fa stj\u00f3rnari vor, og \u00feetta fallandi r\u00edki skal vera undir \u00feinni hendi,7\u00fe\u00e1 mun hann \u00e1 \u00feeim degi hefja upp raust s\u00edna <a href=\"https:\/\/biblian.is\/1981\/jesaja-3-kafli\/\"> [&#8230;]<\/a><\/p>\n","protected":false},"author":1,"featured_media":0,"parent":0,"menu_order":0,"comment_status":"open","ping_status":"open","template":"bibliukaflar.php","meta":{"footnotes":""},"class_list":["post-2029","page","type-page","status-publish","hentry"],"_links":{"self":[{"href":"https:\/\/biblian.is\/1981\/wp-json\/wp\/v2\/pages\/2029","targetHints":{"allow":["GET"]}}],"collection":[{"href":"https:\/\/biblian.is\/1981\/wp-json\/wp\/v2\/pages"}],"about":[{"href":"https:\/\/biblian.is\/1981\/wp-json\/wp\/v2\/types\/page"}],"author":[{"embeddable":true,"href":"https:\/\/biblian.is\/1981\/wp-json\/wp\/v2\/users\/1"}],"replies":[{"embeddable":true,"href":"https:\/\/biblian.is\/1981\/wp-json\/wp\/v2\/comments?post=2029"}],"version-history":[{"count":0,"href":"https:\/\/biblian.is\/1981\/wp-json\/wp\/v2\/pages\/2029\/revisions"}],"wp:attachment":[{"href":"https:\/\/biblian.is\/1981\/wp-json\/wp\/v2\/media?parent=2029"}],"curies":[{"name":"wp","href":"https:\/\/api.w.org\/{rel}","templated":true}]}}