{"id":2028,"date":"2017-11-18T20:19:50","date_gmt":"2017-11-18T20:19:50","guid":{"rendered":"http:\/\/biblian.is\/1981\/jesaja-2-kafli\/"},"modified":"2017-11-18T20:19:50","modified_gmt":"2017-11-18T20:19:50","slug":"jesaja-2-kafli","status":"publish","type":"page","link":"https:\/\/biblian.is\/1981\/jesaja-2-kafli\/","title":{"rendered":"Jesaja 2. kafli"},"content":{"rendered":"<p><a name=\"1\"><span class=\"versanumer\">1<\/span><\/a>Or\u00f0i\u00f0, sem Jesaja Amozsyni vitra\u00f0ist um J\u00fada og Jer\u00fasalem.<a name=\"2\"><span class=\"versanumer\">2<\/span><\/a>\u00dea\u00f0 skal ver\u00f0a \u00e1 hinum s\u00ed\u00f0ustu d\u00f6gum, a\u00f0 fjall \u00fea\u00f0, er h\u00fas Drottins stendur \u00e1, mun grundvalla\u00f0 ver\u00f0a \u00e1 fjallatindi og gn\u00e6fa upp yfir h\u00e6\u00f0irnar, og \u00feanga\u00f0 munu allir l\u00fd\u00f0irnir streyma.<a name=\"3\"><span class=\"versanumer\">3<\/span><\/a>Og margar \u00fej\u00f3\u00f0ir munu b\u00faast til fer\u00f0ar og segja: Komi\u00f0, f\u00f6rum upp \u00e1 fjall Drottins, til h\u00fass Jakobs Gu\u00f0s, svo a\u00f0 hann kenni oss s\u00edna vegu og v\u00e9r megum ganga \u00e1 hans stigum, \u00fev\u00ed a\u00f0 fr\u00e1 S\u00edon mun kenning \u00fat ganga og or\u00f0 Drottins fr\u00e1 Jer\u00fasalem.<a name=\"4\"><span class=\"versanumer\">4<\/span><\/a>Og hann mun d\u00e6ma me\u00f0al l\u00fd\u00f0anna og skera \u00far m\u00e1lum margra \u00fej\u00f3\u00f0a. Og \u00fe\u00e6r munu sm\u00ed\u00f0a pl\u00f3gj\u00e1rn \u00far sver\u00f0um s\u00ednum og sni\u00f0la \u00far spj\u00f3tum s\u00ednum. Engin \u00fej\u00f3\u00f0 skal sver\u00f0 rei\u00f0a a\u00f0 annarri \u00fej\u00f3\u00f0, og ekki skulu \u00fe\u00e6r temja s\u00e9r herna\u00f0 framar.<a name=\"5\"><span class=\"versanumer\">5<\/span><\/a>\u00c6ttmenn Jakobs, komi\u00f0, g\u00f6ngum \u00ed lj\u00f3si Drottins.<a name=\"6\"><span class=\"versanumer\">6<\/span><\/a>\u00de\u00fa hefir hafna\u00f0 \u00fej\u00f3\u00f0 \u00feinni, \u00e6ttm\u00f6nnum Jakobs, \u00fev\u00ed a\u00f0 \u00feeir eru allir \u00ed austurlenskum g\u00f6ldrum og sp\u00e1f\u00f6rum, eins og Filistar, og fylla landi\u00f0 \u00fatlendum m\u00f6nnum.<a name=\"7\"><span class=\"versanumer\">7<\/span><\/a>Land \u00feeirra er fullt af silfri og gulli, og fj\u00e1rsj\u00f3\u00f0ir \u00feeirra eru \u00f3\u00ferj\u00f3tandi. Land \u00feeirra er fullt af str\u00ed\u00f0shestum, og vagnar \u00feeirra eru \u00f3teljandi.<a name=\"8\"><span class=\"versanumer\">8<\/span><\/a>Land \u00feeirra er fullt af falsgu\u00f0um, \u00feeir falla fram fyrir eigin handaverkum s\u00ednum, fram fyrir \u00fev\u00ed, sem fingur \u00feeirra hafa gj\u00f6rt.<a name=\"9\"><span class=\"versanumer\">9<\/span><\/a>En mannkind skal beygjast og ma\u00f0urinn l\u00e6gjast, og eigi munt \u00fe\u00fa fyrirgefa \u00feeim.<a name=\"10\"><span class=\"versanumer\">10<\/span><\/a>Gakk \u00fe\u00fa inn \u00ed bergi\u00f0 og fel \u00feig \u00ed j\u00f6r\u00f0u fyrir \u00f3gnum Drottins og lj\u00f3ma h\u00e1tignar hans.<a name=\"11\"><span class=\"versanumer\">11<\/span><\/a>Hin drembilegu augu mannsins skulu l\u00e6gjast og hroki mannanna beygjast, og Drottinn einn skal \u00e1 \u00feeim degi h\u00e1leitur vera.<a name=\"12\"><span class=\"versanumer\">12<\/span><\/a>Sannarlega mun dagur Drottins allsherjar upp renna. Hann kemur yfir allt \u00fea\u00f0, sem drambl\u00e1tt er og hrokafullt, og yfir allt, er h\u00e1tt gn\u00e6fir, \u00fea\u00f0 skal l\u00e6gjast<a name=\"13\"><span class=\"versanumer\">13<\/span><\/a>og yfir \u00f6ll hin h\u00e1v\u00f6xnu og gn\u00e6fandi sedrustr\u00e9 \u00e1 L\u00edbanon, og yfir allar Basanseikur,<a name=\"14\"><span class=\"versanumer\">14<\/span><\/a>og yfir \u00f6ll h\u00e1 fj\u00f6ll og allar gn\u00e6fandi h\u00e6\u00f0ir,<a name=\"15\"><span class=\"versanumer\">15<\/span><\/a>og yfir alla h\u00e1reista turna og yfir alla \u00f3kleifa m\u00farveggi,<a name=\"16\"><span class=\"versanumer\">16<\/span><\/a>og yfir alla Tarsiskn\u00f6rru og yfir allt ginnandi glys.<a name=\"17\"><span class=\"versanumer\">17<\/span><\/a>Og drambl\u00e6ti mannsins skal l\u00e6gjast og hroki mannanna beygjast, og Drottinn einn skal \u00e1 \u00feeim degi h\u00e1leitur vera.<a name=\"18\"><span class=\"versanumer\">18<\/span><\/a>Og falsgu\u00f0irnir \u00fea\u00f0 er me\u00f0 \u00f6llu \u00fati um \u00fe\u00e1.<a name=\"19\"><span class=\"versanumer\">19<\/span><\/a>\u00de\u00e1 munu menn smj\u00faga inn \u00ed bjarghella og jar\u00f0holur fyrir \u00f3gnum Drottins og fyrir lj\u00f3ma h\u00e1tignar hans, \u00feegar hann r\u00eds upp til \u00feess a\u00f0 skelfa j\u00f6r\u00f0ina.<a name=\"20\"><span class=\"versanumer\">20<\/span><\/a>\u00c1 \u00feeim degi munu menn kasta fyrir moldv\u00f6rpur og le\u00f0urbl\u00f6kur silfurgo\u00f0um s\u00ednum og gullgo\u00f0um, er \u00feeir hafa gj\u00f6rt s\u00e9r til a\u00f0 falla fram fyrir,<a name=\"21\"><span class=\"versanumer\">21<\/span><\/a>en skrei\u00f0ast sj\u00e1lfir inn \u00ed klettagj\u00e1r og hamarskorur fyrir \u00f3gnum Drottins og fyrir lj\u00f3ma h\u00e1tignar hans, \u00feegar hann r\u00eds upp til \u00feess a\u00f0 skelfa j\u00f6r\u00f0ina.<a name=\"22\"><span class=\"versanumer\">22<\/span><\/a>H\u00e6tti\u00f0 a\u00f0 treysta m\u00f6nnum, hverfulan l\u00edfsanda hafa \u00feeir \u00ed n\u00f6sum s\u00e9r. Hvers vir\u00f0i eru \u00feeir?<\/p>\n<div class=\"footnote1981\"><b>2.2-4<\/b> M\u00edk 4.1-3+ &#8211; fjall Drottins Sak 8.3; Slm 2.6; 24.3<br \/>\n<b>2.3<\/b> Til Jer\u00fasalem 5M\u00f3s 16.16; Slm 122.4 \u2013 margar \u00fej\u00f3\u00f0ir M\u00edk 4.1+ &#8211; Jakobs Gu\u00f0 Slm 46.8; 75.10; 76.7; 84.9<br \/>\n<b>2.4<\/b> D\u00e6ma Jes 11.3-4; 16.5 \u2013 str\u00ed\u00f0 og fri\u00f0ur H\u00f3s 2.20; Sak 9.10; Slm 46.10; sbr Jl 3.15<br \/>\n<b>2.5<\/b> Lj\u00f3s Drottins Jes 10.17; 60.1; sbr Slm 56.14; 119.105; Okv 6.23; J\u00f3h 3.19+<br \/>\n<b>2.6<\/b> Galdrar Jes 57.3; 3M\u00f3s 19.26; 5M\u00f3s 18.10<br \/>\n<b>2.7<\/b> Vagnar, hestar Jes 31.1; 5M\u00f3s 17.16; Slm 20.8<br \/>\n<b>2.8<\/b> Handverk Jes 17.8<br \/>\n<b>2.10<\/b> Fel \u00feig H\u00f3s 10.8; L\u00fak 23.30; Opb 6.15 \u2013 \u00f3gnir (sj\u00e1 Slm 7.7; 9.21) \u2013 d\u00fdr\u00f0 og vald Slm 21.6; 29.2; 104.1<br \/>\n<b>2.11<\/b> Hi\u00f0 drembilega l\u00e6gist Jes 37.29; Okv 15.25; S\u00edr 10.13; L\u00fak 1.51<br \/>\n<b>2.12<\/b> Dagur Drottins Jl 1.15+<br \/>\n<b>2.13<\/b> L\u00edbanon Jes 10.34; 14.8; 29.17; 33.9; 40.16; 60.13; 5M\u00f3s 3.25; 1Kon 5.13,20; Jer 22.6; Nah 1.4; Slm 29.6; 92.13 \u2013 Basan Am 4.1+ ; Jes 33.9; Esk 27.6; M\u00edk 7.14; Sak 11.2<br \/>\n<b>2.16<\/b> Tarsisskip Jes 23.1,14; 60.9; 1Kon 10.22; 22.49; Slm 48.8; sbr J\u00f3n 1.3<br \/>\n<b>2.19<\/b> Drottinn r\u00eds upp 4M\u00f3s 10.35; Slm 82.8<br \/>\n<b>2.22<\/b> Ma\u00f0urinn, vindbl\u00e6r Slm 8.5; 9.21; 39.5-7; 89.48; 102.12; 103.15; 144.3-4; Job 7.16-17; 10.20; 25.6; sbr Jes 42.5; 1M\u00f3s 2.7; Job 32.8<\/div>\n","protected":false},"excerpt":{"rendered":"<p>1Or\u00f0i\u00f0, sem Jesaja Amozsyni vitra\u00f0ist um J\u00fada og Jer\u00fasalem.2\u00dea\u00f0 skal ver\u00f0a \u00e1 hinum s\u00ed\u00f0ustu d\u00f6gum, a\u00f0 fjall \u00fea\u00f0, er h\u00fas Drottins stendur \u00e1, mun grundvalla\u00f0 ver\u00f0a \u00e1 fjallatindi og gn\u00e6fa upp yfir h\u00e6\u00f0irnar, og \u00feanga\u00f0 munu allir l\u00fd\u00f0irnir streyma.3Og margar \u00fej\u00f3\u00f0ir munu b\u00faast til fer\u00f0ar og segja: Komi\u00f0, f\u00f6rum upp \u00e1 fjall Drottins, til h\u00fass Jakobs Gu\u00f0s, svo a\u00f0 hann kenni oss s\u00edna vegu og v\u00e9r megum ganga \u00e1 hans stigum, \u00fev\u00ed a\u00f0 fr\u00e1 S\u00edon mun kenning \u00fat ganga og or\u00f0 Drottins fr\u00e1 Jer\u00fasalem.4Og hann mun d\u00e6ma me\u00f0al l\u00fd\u00f0anna og skera \u00far m\u00e1lum margra \u00fej\u00f3\u00f0a. Og \u00fe\u00e6r munu sm\u00ed\u00f0a pl\u00f3gj\u00e1rn <a href=\"https:\/\/biblian.is\/1981\/jesaja-2-kafli\/\"> [&#8230;]<\/a><\/p>\n","protected":false},"author":1,"featured_media":0,"parent":0,"menu_order":0,"comment_status":"open","ping_status":"open","template":"bibliukaflar.php","meta":{"footnotes":""},"class_list":["post-2028","page","type-page","status-publish","hentry"],"_links":{"self":[{"href":"https:\/\/biblian.is\/1981\/wp-json\/wp\/v2\/pages\/2028","targetHints":{"allow":["GET"]}}],"collection":[{"href":"https:\/\/biblian.is\/1981\/wp-json\/wp\/v2\/pages"}],"about":[{"href":"https:\/\/biblian.is\/1981\/wp-json\/wp\/v2\/types\/page"}],"author":[{"embeddable":true,"href":"https:\/\/biblian.is\/1981\/wp-json\/wp\/v2\/users\/1"}],"replies":[{"embeddable":true,"href":"https:\/\/biblian.is\/1981\/wp-json\/wp\/v2\/comments?post=2028"}],"version-history":[{"count":0,"href":"https:\/\/biblian.is\/1981\/wp-json\/wp\/v2\/pages\/2028\/revisions"}],"wp:attachment":[{"href":"https:\/\/biblian.is\/1981\/wp-json\/wp\/v2\/media?parent=2028"}],"curies":[{"name":"wp","href":"https:\/\/api.w.org\/{rel}","templated":true}]}}