{"id":2027,"date":"2017-11-18T20:19:44","date_gmt":"2017-11-18T20:19:44","guid":{"rendered":"http:\/\/biblian.is\/1981\/jesaja-1-kafli\/"},"modified":"2017-11-18T20:19:44","modified_gmt":"2017-11-18T20:19:44","slug":"jesaja-1-kafli","status":"publish","type":"page","link":"https:\/\/biblian.is\/1981\/jesaja-1-kafli\/","title":{"rendered":"Jesaja 1. kafli"},"content":{"rendered":"<p><a name=\"1\"><span class=\"versanumer\">1<\/span><\/a>Vitrun Jesaja Amozsonar, er hann f\u00e9kk um J\u00fada og Jer\u00fasalem \u00e1 d\u00f6gum \u00dass\u00eda, J\u00f3tams, Akasar og Hisk\u00eda, konunga \u00ed J\u00fada.<a name=\"2\"><span class=\"versanumer\">2<\/span><\/a>Heyri\u00f0, \u00fe\u00e9r himnar, og hlusta \u00fe\u00fa, j\u00f6r\u00f0, \u00fev\u00ed a\u00f0 Drottinn talar: \u00c9g hefi f\u00f3stra\u00f0 b\u00f6rn og f\u00e6tt \u00feau upp, og \u00feau hafa risi\u00f0 \u00ed gegn m\u00e9r.<a name=\"3\"><span class=\"versanumer\">3<\/span><\/a>Uxinn \u00feekkir eiganda sinn og asninn j\u00f6tu h\u00fasb\u00f3nda s\u00edns, en \u00cdsrael \u00feekkir ekki, mitt f\u00f3lk skilur ekki.<a name=\"4\"><span class=\"versanumer\">4<\/span><\/a>Vei hinni syndugu \u00fej\u00f3\u00f0, \u00feeim l\u00fd\u00f0, sem misgj\u00f6r\u00f0um er hla\u00f0inn, afsprengi illr\u00e6\u00f0ismannanna, spilltum sonum! \u00deeir hafa yfirgefi\u00f0 Drottin, sm\u00e1\u00f0 Hinn heilaga \u00ed \u00cdsrael og sn\u00fai\u00f0 baki vi\u00f0 honum.<a name=\"5\"><span class=\"versanumer\">5<\/span><\/a>Hvar \u00e6tli\u00f0 \u00fe\u00e9r a\u00f0 l\u00e1ta lj\u00f3sta y\u00f0ur framvegis, fyrst \u00fe\u00e9r haldi\u00f0 \u00e1fram a\u00f0 \u00feverskallast? H\u00f6fu\u00f0i\u00f0 er allt \u00ed s\u00e1rum og hjarta\u00f0 allt sj\u00fakt.<a name=\"6\"><span class=\"versanumer\">6<\/span><\/a>Fr\u00e1 hvirfli til ilja er ekkert heilt, t\u00f3mar undir, skr\u00e1mur og n\u00fdjar benjar, sem hvorki er kreist \u00far n\u00e9 um bundi\u00f0 og \u00fe\u00e6r eigi m\u00fdktar me\u00f0 ol\u00edu.<a name=\"7\"><span class=\"versanumer\">7<\/span><\/a>Land y\u00f0ar er au\u00f0n, borgir y\u00f0ar \u00ed eldi brenndar, \u00fatlendir menn eta upp akurland y\u00f0ar fyrir augum y\u00f0ar, sl\u00edk ey\u00f0ing sem \u00fe\u00e1 er land kemst \u00ed \u00f3vina hendur.<a name=\"8\"><span class=\"versanumer\">8<\/span><\/a>D\u00f3ttirin S\u00edon er ein eftir eins og var\u00f0sk\u00e1li \u00ed v\u00edngar\u00f0i, eins og v\u00f6kukofi \u00ed mel\u00f3nugar\u00f0i, eins og umsetin borg.<a name=\"9\"><span class=\"versanumer\">9<\/span><\/a>Ef Drottinn allsherjar hef\u00f0i eigi l\u00e1ti\u00f0 oss eftir leifar, mundum v\u00e9r br\u00e1tt hafa or\u00f0i\u00f0 sem S\u00f3d\u00f3ma, l\u00edkst G\u00f3morru!<a name=\"10\"><span class=\"versanumer\">10<\/span><\/a>Heyri\u00f0 or\u00f0 Drottins, d\u00f3marar \u00ed S\u00f3d\u00f3mu! Hlusta \u00fe\u00fa \u00e1 kenning Gu\u00f0s vors, G\u00f3morru-l\u00fd\u00f0ur!<a name=\"11\"><span class=\"versanumer\">11<\/span><\/a>Hva\u00f0 skulu m\u00e9r y\u00f0ar m\u00f6rgu sl\u00e1turf\u00f3rnir? segir Drottinn. \u00c9g er or\u00f0inn saddur \u00e1 hr\u00fatabrennif\u00f3rnum og alik\u00e1lfafeiti, og \u00ed uxa-, lamba- og hafrabl\u00f3\u00f0 langar mig ekki.<a name=\"12\"><span class=\"versanumer\">12<\/span><\/a>\u00deegar \u00fe\u00e9r komi\u00f0 til \u00feess a\u00f0 l\u00edta auglit mitt, hver hefir \u00fe\u00e1 be\u00f0i\u00f0 y\u00f0ur a\u00f0 tra\u00f0ka forgar\u00f0a m\u00edna?<a name=\"13\"><span class=\"versanumer\">13<\/span><\/a>&#8222;Beri\u00f0 eigi lengur fram f\u00e1n\u00fdtar matf\u00f3rnir; \u00fe\u00e6r eru m\u00e9r andstyggilegur f\u00f3rnarreykur! Tunglkomur, hv\u00edldardagar, h\u00e1t\u00ed\u00f0astefnur, \u00e9g f\u00e6 eigi \u00feola\u00f0 a\u00f0 saman fari rangl\u00e6ti og h\u00e1t\u00ed\u00f0a\u00fer\u00f6ng.&#8220;<a name=\"14\"><span class=\"versanumer\">14<\/span><\/a>S\u00e1l m\u00edn hatar tunglkomur y\u00f0ar og h\u00e1t\u00ed\u00f0ir, \u00fe\u00e6r eru or\u00f0nar m\u00e9r byr\u00f0i, \u00e9g er \u00fereyttur or\u00f0inn a\u00f0 bera \u00fe\u00e6r.<a name=\"15\"><span class=\"versanumer\">15<\/span><\/a>Er \u00fe\u00e9r f\u00f3rni\u00f0 upp h\u00f6ndum, byrgi \u00e9g augu m\u00edn fyrir y\u00f0ur, og \u00fe\u00f3tt \u00fe\u00e9r bi\u00f0ji\u00f0 m\u00f6rgum b\u00e6num, \u00fe\u00e1 heyri \u00e9g ekki. Hendur y\u00f0ar eru albl\u00f3\u00f0ugar.<a name=\"16\"><span class=\"versanumer\">16<\/span><\/a>\u00devoi\u00f0 y\u00f0ur, hreinsi\u00f0 y\u00f0ur. Taki\u00f0 illskubreytni y\u00f0ar \u00ed burt fr\u00e1 augum m\u00ednum. L\u00e1ti\u00f0 af a\u00f0 gj\u00f6ra illt,<a name=\"17\"><span class=\"versanumer\">17<\/span><\/a>l\u00e6ri\u00f0 gott a\u00f0 gj\u00f6ra! Leiti\u00f0 \u00feess, sem r\u00e9tt er. Hj\u00e1lpi\u00f0 \u00feeim, sem fyrir ofr\u00edki ver\u00f0ur. Reki\u00f0 r\u00e9ttar hins muna\u00f0arlausa. Verji\u00f0 m\u00e1lefni ekkjunnar.<a name=\"18\"><span class=\"versanumer\">18<\/span><\/a>Komi\u00f0, eigumst l\u00f6g vi\u00f0! segir Drottinn. \u00de\u00f3 a\u00f0 syndir y\u00f0ar s\u00e9u sem skarlat, skulu \u00fe\u00e6r ver\u00f0a hv\u00edtar sem mj\u00f6ll. \u00de\u00f3 a\u00f0 \u00fe\u00e6r s\u00e9u rau\u00f0ar sem purpuri, skulu \u00fe\u00e6r ver\u00f0a sem ull.<a name=\"19\"><span class=\"versanumer\">19<\/span><\/a>Ef \u00fe\u00e9r eru\u00f0 au\u00f0sveipir og hl\u00fd\u00f0nir, \u00fe\u00e1 skulu\u00f0 \u00fe\u00e9r nj\u00f3ta landsins g\u00e6\u00f0a,<a name=\"20\"><span class=\"versanumer\">20<\/span><\/a>en ef \u00fe\u00e9r f\u00e6rist undan \u00fev\u00ed og \u00feverskallist, \u00fe\u00e1 skulu\u00f0 \u00fe\u00e9r ver\u00f0a sver\u00f0i bitnir. Munnur Drottins hefir tala\u00f0 \u00fea\u00f0.<a name=\"21\"><span class=\"versanumer\">21<\/span><\/a>Hvernig stendur \u00e1 \u00fev\u00ed, a\u00f0 h\u00fan er or\u00f0in a\u00f0 sk\u00e6kju borgin tr\u00fafasta? H\u00fan var full r\u00e9ttinda, og r\u00e9ttl\u00e6ti\u00f0 haf\u00f0i \u00fear b\u00f3lfestu, en n\u00fa manndr\u00e1psmenn.<a name=\"22\"><span class=\"versanumer\">22<\/span><\/a>Silfur \u00feitt er or\u00f0i\u00f0 a\u00f0 sora, v\u00edn \u00feitt vatni blanda\u00f0.<a name=\"23\"><span class=\"versanumer\">23<\/span><\/a>H\u00f6f\u00f0ingjar \u00fe\u00ednir eru uppreistarmenn og leggja lag sitt vi\u00f0 \u00fej\u00f3fa. Allir elska \u00feeir m\u00fatu og s\u00e6kjast \u00f3lmir eftir f\u00e9gj\u00f6fum. \u00deeir reka eigi r\u00e9ttar hins muna\u00f0arlausa, og m\u00e1lefni ekkjunnar f\u00e6r eigi a\u00f0 koma fyrir \u00fe\u00e1.<a name=\"24\"><span class=\"versanumer\">24<\/span><\/a>Fyrir \u00fev\u00ed segir hinn alvaldi Drottinn allsherjar, hinn voldugi \u00cdsraels Gu\u00f0: Vei, \u00e9g skal n\u00e1 r\u00e9tti m\u00ednum gagnvart m\u00f3tst\u00f6\u00f0um\u00f6nnum m\u00ednum og hefna m\u00edn \u00e1 \u00f3vinum m\u00ednum.<a name=\"25\"><span class=\"versanumer\">25<\/span><\/a>Og \u00e9g skal r\u00e9tta \u00fat h\u00f6nd m\u00edna til \u00fe\u00edn og hreinsa sorann \u00far \u00fe\u00e9r, eins og me\u00f0 l\u00fat\u00f6sku, og skilja fr\u00e1 allt bl\u00fdi\u00f0.<a name=\"26\"><span class=\"versanumer\">26<\/span><\/a>\u00c9g skal f\u00e1 \u00fe\u00e9r aftur sl\u00edka d\u00f3mendur sem \u00ed \u00f6ndver\u00f0u og a\u00f0ra eins r\u00e1\u00f0gjafa og \u00ed upphafi. Upp fr\u00e1 \u00fev\u00ed skalt \u00fe\u00fa kallast b\u00e6r r\u00e9ttv\u00edsinnar, borgin tr\u00fafasta.<a name=\"27\"><span class=\"versanumer\">27<\/span><\/a>S\u00edon skal endurleyst fyrir r\u00e9ttan d\u00f3m, og \u00feeir, sem taka sinnaskiptum, munu frelsa\u00f0ir ver\u00f0a fyrir r\u00e9ttl\u00e6ti.<a name=\"28\"><span class=\"versanumer\">28<\/span><\/a>En tort\u00edming kemur yfir alla illr\u00e6\u00f0ismenn og syndara, og \u00feeir, sem yfirgefa Drottin, skulu fyrirfarast.<a name=\"29\"><span class=\"versanumer\">29<\/span><\/a>\u00de\u00e9r munu\u00f0 blyg\u00f0ast y\u00f0ar fyrir eikurnar, sem \u00fe\u00e9r h\u00f6f\u00f0u\u00f0 m\u00e6tur \u00e1, og \u00fe\u00e9r munu\u00f0 skammast y\u00f0ar fyrir lundana, sem voru yndi y\u00f0ar.<a name=\"30\"><span class=\"versanumer\">30<\/span><\/a>\u00dev\u00ed a\u00f0 \u00fe\u00e9r munu\u00f0 ver\u00f0a sem eik me\u00f0 visnu\u00f0u laufi og eins og vatnslaus lundur.<a name=\"31\"><span class=\"versanumer\">31<\/span><\/a>Og hinn voldugi skal ver\u00f0a a\u00f0 str\u00fdi og verk hans a\u00f0 eldsneista, og hvort tveggja mun uppbrenna hva\u00f0 me\u00f0 \u00f6\u00f0ru og enginn sl\u00f6kkva.<\/p>\n<div class=\"footnote1981\"><b>1.1<\/b> Vitrun \u00d3b 1+ &#8211; \u00dass\u00eda\/Asarja 2Kon 15.1-7 \u2013 J\u00f3tam 2Kon 15.32-38 \u2013 Akas 2Kon 16.2-20 \u2013 Hisk\u00eda 2Kon 18.1 \u2013 20.21<br \/>\n<b>1.2<\/b> Himinn og j\u00f6r\u00f0 til vitnis 5M\u00f3s 30.19; 31.28; 32.1; M\u00edk 1.2; Slm 50.4 \u2013 \u00cdsrael, barn Drottins 2M\u00f3s 4.22; Jer 3.19<br \/>\n<b>1.4<\/b> Yfirgefi\u00f0 Drottinn 5M\u00f3s 28.20; Jer 1.16; 3.13 \u2013 Hinn heilagi \u00ed \u00cdsrael Jes 5.19,24; 10.20; 12.6; 17.7; 29.19; 30.11; 31.1; 37.23; 41.14,20; 47.4; 49.7; 54.5; 60.9,14; Jer 50.29; 51.5; Slm 71.22; 78.41; 89.19; sbr 3M\u00f3s 19.2<br \/>\n<b>1.6<\/b> Undir, opin s\u00e1r H\u00f3s 5.13 \u2013 m\u00fdkt me\u00f0 ol\u00edu Jer 8.22; L\u00fak 10.34<br \/>\n<b>1.8<\/b> Sk\u00fdli Jes 24.20<br \/>\n<b>1.9<\/b> S\u00f3d\u00f3ma, G\u00f3morra Jes 13.19; 1M\u00f3s 19.1-28; 5M\u00f3s 29.22; Am 4.11; Sef 2.9; R\u00f3m 9.29; 2P\u00e9t 2.6; sbr Matt 10.15 og hlst.<br \/>\n<b>1.10<\/b> Or\u00f0 Drottins Jes 2.3; 8.16,20 \u2013 \u00edb\u00faar G\u00f3morru 5M\u00f3s 32.32; Jer 23.14; Hlj 4.6<br \/>\n<b>1.11<\/b> Hr\u00e6sni Jer 7.22-23; H\u00f3s 6.6; Am 5.21-25; sbr Slm 50.8<br \/>\n<b>1.13<\/b> H\u00e1t\u00ed\u00f0ir 2M\u00f3s 23.14-17<br \/>\n<b>1.14<\/b> Drottinn \u00fereyttur Jer 15.6<br \/>\n<b>1.15<\/b> Lyfta h\u00f6ndum Slm 28.2+ &#8211; albl\u00f3\u00f0uguar hendur Jes 4.4; 59.3; Slm 5.7 \u2013 saklaust bl\u00f3\u00f0 1M\u00f3s 4.10; 5M\u00f3s 19.10<br \/>\n<b>1.17<\/b> R\u00e9ttur l\u00edtilmagnans 2M\u00f3s 22.21; 5M\u00f3s 24.17; 27.19 \u2013 ekkjur og muna\u00f0arlausir Jes 1.23; 9.16; 10.2; 2M\u00f3s 22.22-24; Jer 7.6; 22.3; Esk 22.7; Slm 82.3+ ; 146.9+ ; Job 31.16-17<br \/>\n<b>1.18<\/b> Drottinn \u00e1k\u00e6rir M\u00edk 6.2<br \/>\n<b>1.19<\/b> G\u00e6\u00f0i landsins Jer 2.7<br \/>\n<b>1.20<\/b> Sver\u00f0 3M\u00f3s 26.6,25; 5M\u00f3s 32.42; 2Sam 2.26; Jer 2.30<br \/>\n<b>1.21<\/b> Sk\u00e6kja H\u00f3s 1.2+ &#8211; r\u00e9ttl\u00e6ti Slm 89.15; 97.2<br \/>\n<b>1.23<\/b> M\u00fatur Jes 5.23; 2M\u00f3s 23.8; 5M\u00f3s 16.19; 27.25<br \/>\n<b>1.24<\/b> Drottinn hersveitanna Jes 3.1; 10.16; 19.4; 44.6+ &#8211; Hinn voldugi \u00ed \u00cdsrael 1M\u00f3s 49.24; Jes 49.26; 60.16; sbr Slm 132.2,5<br \/>\n<b>1.25<\/b> Bl\u00fd Jer 2.22; 6.29; Esk 22.18; Mal 3.2-3<br \/>\n<b>1.26<\/b> Nafn borgarinnar Jes 56.5; 60.14; Opb 2.17; 3.12; sbr Bar 4.30+<br \/>\n<b>1.27<\/b> R\u00e9ttl\u00e6ti og sanngirni Jes 5.7,16; 9.6; 28.17; 32.16; 33.5; 58.2; 59.9<br \/>\n<b>1.29<\/b> Frj\u00f3semisd\u00fdrkun Jes 57.5; 65.3; 66.17; Jer 2.20,23; Esk 6.13<br \/>\n<b>1.31<\/b> H\u00e1lmur, neisti Jes 5.24; 9.18-19; 10.16-17; 26.11; 33.11 \u2013 enginn sl\u00f6kkva Jer 4.4; 21.12; Am 5.6<\/div>\n","protected":false},"excerpt":{"rendered":"<p>1Vitrun Jesaja Amozsonar, er hann f\u00e9kk um J\u00fada og Jer\u00fasalem \u00e1 d\u00f6gum \u00dass\u00eda, J\u00f3tams, Akasar og Hisk\u00eda, konunga \u00ed J\u00fada.2Heyri\u00f0, \u00fe\u00e9r himnar, og hlusta \u00fe\u00fa, j\u00f6r\u00f0, \u00fev\u00ed a\u00f0 Drottinn talar: \u00c9g hefi f\u00f3stra\u00f0 b\u00f6rn og f\u00e6tt \u00feau upp, og \u00feau hafa risi\u00f0 \u00ed gegn m\u00e9r.3Uxinn \u00feekkir eiganda sinn og asninn j\u00f6tu h\u00fasb\u00f3nda s\u00edns, en \u00cdsrael \u00feekkir ekki, mitt f\u00f3lk skilur ekki.4Vei hinni syndugu \u00fej\u00f3\u00f0, \u00feeim l\u00fd\u00f0, sem misgj\u00f6r\u00f0um er hla\u00f0inn, afsprengi illr\u00e6\u00f0ismannanna, spilltum sonum! \u00deeir hafa yfirgefi\u00f0 Drottin, sm\u00e1\u00f0 Hinn heilaga \u00ed \u00cdsrael og sn\u00fai\u00f0 baki vi\u00f0 honum.5Hvar \u00e6tli\u00f0 \u00fe\u00e9r a\u00f0 l\u00e1ta lj\u00f3sta y\u00f0ur framvegis, fyrst \u00fe\u00e9r haldi\u00f0 \u00e1fram a\u00f0 <a href=\"https:\/\/biblian.is\/1981\/jesaja-1-kafli\/\"> [&#8230;]<\/a><\/p>\n","protected":false},"author":1,"featured_media":0,"parent":0,"menu_order":0,"comment_status":"open","ping_status":"open","template":"bibliukaflar.php","meta":{"footnotes":""},"class_list":["post-2027","page","type-page","status-publish","hentry"],"_links":{"self":[{"href":"https:\/\/biblian.is\/1981\/wp-json\/wp\/v2\/pages\/2027","targetHints":{"allow":["GET"]}}],"collection":[{"href":"https:\/\/biblian.is\/1981\/wp-json\/wp\/v2\/pages"}],"about":[{"href":"https:\/\/biblian.is\/1981\/wp-json\/wp\/v2\/types\/page"}],"author":[{"embeddable":true,"href":"https:\/\/biblian.is\/1981\/wp-json\/wp\/v2\/users\/1"}],"replies":[{"embeddable":true,"href":"https:\/\/biblian.is\/1981\/wp-json\/wp\/v2\/comments?post=2027"}],"version-history":[{"count":0,"href":"https:\/\/biblian.is\/1981\/wp-json\/wp\/v2\/pages\/2027\/revisions"}],"wp:attachment":[{"href":"https:\/\/biblian.is\/1981\/wp-json\/wp\/v2\/media?parent=2027"}],"curies":[{"name":"wp","href":"https:\/\/api.w.org\/{rel}","templated":true}]}}