{"id":2026,"date":"2017-11-18T20:19:44","date_gmt":"2017-11-18T20:19:44","guid":{"rendered":"http:\/\/biblian.is\/1981\/ljodaljodin-8-kafli\/"},"modified":"2017-11-18T20:19:44","modified_gmt":"2017-11-18T20:19:44","slug":"ljodaljodin-8-kafli","status":"publish","type":"page","link":"https:\/\/biblian.is\/1981\/ljodaljodin-8-kafli\/","title":{"rendered":"Lj\u00f3\u00f0alj\u00f3\u00f0in 8. kafli"},"content":{"rendered":"<p><a name=\"1\"><span class=\"versanumer\">1<\/span><\/a>\u00d3, a\u00f0 \u00fe\u00fa v\u00e6rir m\u00e9r sem br\u00f3\u00f0ir, er sogi\u00f0 hef\u00f0i brj\u00f3st m\u00f3\u00f0ur minnar. Hitti \u00e9g \u00feig \u00fati, mundi \u00e9g kyssa \u00feig, og menn mundu \u00fe\u00f3 ekki fyrirl\u00edta mig.<a name=\"2\"><span class=\"versanumer\">2<\/span><\/a>\u00c9g mundi lei\u00f0a \u00feig, fara me\u00f0 \u00feig \u00ed h\u00fas m\u00f3\u00f0ur minnar, \u00ed herbergi hennar er mig \u00f3l. \u00c9g mundi gefa \u00fe\u00e9r kryddv\u00edn a\u00f0 drekka, kjarneplal\u00f6g minn.<a name=\"3\"><span class=\"versanumer\">3<\/span><\/a>Vinstri h\u00f6nd hans s\u00e9 undir h\u00f6f\u00f0i m\u00e9r, en hin h\u00e6gri umfa\u00f0mi mig.<a name=\"4\"><span class=\"versanumer\">4<\/span><\/a>Br\u00fa\u00f0guminn  \u00c9g s\u00e6ri y\u00f0ur, Jer\u00fasalemd\u00e6tur: \u00d3, veki\u00f0 ekki, veki\u00f0 ekki elskuna, fyrr en h\u00fan sj\u00e1lf vill.<a name=\"5\"><span class=\"versanumer\">5<\/span><\/a>K\u00f3r  Hver er s\u00fa, sem kemur \u00fearna \u00far hei\u00f0inni og sty\u00f0st vi\u00f0 unnusta sinn?  Br\u00fa\u00f0urin  Undir eplatr\u00e9nu vakti \u00e9g \u00feig, \u00fear f\u00e6ddi m\u00f3\u00f0ir \u00fe\u00edn \u00feig me\u00f0 kv\u00f6l, \u00fear f\u00e6ddi me\u00f0 kv\u00f6l s\u00fa er \u00feig \u00f3l.<a name=\"6\"><span class=\"versanumer\">6<\/span><\/a>Legg mig sem innsiglishring vi\u00f0 hjarta \u00fe\u00e9r, sem innsiglishring vi\u00f0 armlegg \u00feinn. \u00dev\u00ed a\u00f0 elskan er sterk eins og dau\u00f0inn, \u00e1str\u00ed\u00f0an h\u00f6r\u00f0 eins og Hel. Blossar hennar eru eldblossar, logi hennar brennandi.<a name=\"7\"><span class=\"versanumer\">7<\/span><\/a>Miki\u00f0 vatn getur ekki sl\u00f6kkt elskuna og \u00e1rstraumar ekki drekkt henni. \u00de\u00f3tt einhver vildi gefa \u00f6ll au\u00f0\u00e6fi h\u00fass s\u00edns fyrir elskuna, \u00fe\u00e1 mundu menn ekki gj\u00f6ra anna\u00f0 en fyrirl\u00edta hann.<a name=\"8\"><span class=\"versanumer\">8<\/span><\/a>K\u00f3r  Vi\u00f0 eigum unga systur, sem enn er brj\u00f3stalaus. Hva\u00f0 eigum vi\u00f0 a\u00f0 gj\u00f6ra vi\u00f0 systur okkar, \u00fe\u00e1 er einhver kemur a\u00f0 bi\u00f0ja hennar?<a name=\"9\"><span class=\"versanumer\">9<\/span><\/a>Ef h\u00fan er m\u00farveggur, \u00fe\u00e1 reisum vi\u00f0 \u00e1 honum silfurtind, en ef h\u00fan er hur\u00f0, \u00fe\u00e1 lokum vi\u00f0 henni me\u00f0 sedrusbj\u00e1lka.<a name=\"10\"><span class=\"versanumer\">10<\/span><\/a>Br\u00fa\u00f0urin  \u00c9g er m\u00farveggur, og brj\u00f3st m\u00edn eru eins og turnar. \u00c9g var\u00f0 \u00ed augum hans eins og s\u00fa er fann hamingjuna.<a name=\"11\"><span class=\"versanumer\">11<\/span><\/a>Br\u00fa\u00f0guminn  Sal\u00f3mon \u00e1tti v\u00edngar\u00f0 \u00ed Baal Ham\u00f3n. Hann f\u00e9kk v\u00edngar\u00f0inn var\u00f0m\u00f6nnum, hver \u00e1tti a\u00f0 grei\u00f0a \u00fe\u00fasund sikla silfurs fyrir sinn hlut \u00e1vaxtanna.<a name=\"12\"><span class=\"versanumer\">12<\/span><\/a>V\u00edngar\u00f0urinn minn, sem \u00e9g \u00e1, er fyrir mig. Eig \u00fe\u00fa \u00fe\u00fasundin, Sal\u00f3mon, og \u00feeir sem g\u00e6ta \u00e1vaxtar hans, tv\u00f6 hundru\u00f0.<a name=\"13\"><span class=\"versanumer\">13<\/span><\/a>\u00de\u00fa sem b\u00fdr \u00ed g\u00f6r\u00f0unum, vinir hlusta \u00e1 r\u00f6dd \u00fe\u00edna, l\u00e1t mig heyra hana.<a name=\"14\"><span class=\"versanumer\">14<\/span><\/a>Br\u00fa\u00f0urin  Fl\u00fd \u00fe\u00fa burt, unnusti minn, og l\u00edkst \u00fe\u00fa sk\u00f3gargeitinni e\u00f0a hindark\u00e1lfi \u00e1 balsamfj\u00f6llum.<\/p>\n<div class=\"footnote1981\"><b>8.1<\/b> Br\u00f3\u00f0ir minn sbr Ljl 4.9 \u2013 kyssa Ljl 1.2<br \/>\n<b>8.2<\/b> Heim til m\u00f3\u00f0ur minnar Ljl 3.4 \u2013 v\u00edn Ljl 1.2+ &#8211; safi granateplanna Ljl 4.13<br \/>\n<b>8.3<\/b> Vinstri h\u00f6nd, hin h\u00e6gri Ljl 2.6<br \/>\n<b>8.5<\/b> Hver er s\u00fa? 3.6+ &#8211; eplatr\u00e9 Ljl 2.3<br \/>\n<b><\/b>  8.6 Innsigli 1M\u00f3s 38.18; 1Kon 21.8; Jer 22.24; Hag 2.23 \u2013 sterk eins og dau\u00f0inn Jes 28.15; H\u00f3s 13.14; Hab 2.5 \u2013 \u00e1str\u00ed\u00f0an 2M\u00f3s 20.5 \u2013 logi Drottins 4M\u00f3s 11.1,3; 1Kon 18.38; 2Kon 1.12; Job 1.16<br \/>\n<b>8.7<\/b> Vatnsflaumur Esk 26.19; Hab 3.15; Slm 18.17 \u2013 st\u00f3rflj\u00f3t Jes 43.2; Hab 3.8 \u2013 aleiga 1M\u00f3s 34.12, Okv 6.31: 31.10<br \/>\n<b>8.8<\/b> Br\u00e6\u00f0ur st\u00falkunnar Ljl 1.6<br \/>\n<b>8.10<\/b> Veita (finna) sbr Ljl 3.1-4; 5.6-8<br \/>\n<b>8.11<\/b> Sal\u00f3mon Ljl 3.7+ &#8211; setti ver\u00f0i um v\u00ednekruna Ljl 1.6 \u2013 \u00fe\u00fasund sikla silfurs Jes 7.23<br \/>\n<b>8.12<\/b> V\u00ednekran (st\u00falkan) Ljl 1.6+<br \/>\n<b>8.13<\/b> Gar\u00f0ar Ljl 4.12+<br \/>\n<b>8.14<\/b> L\u00edkur d\u00e1d\u00fdri Ljl 2.17<\/div>\n","protected":false},"excerpt":{"rendered":"<p>1\u00d3, a\u00f0 \u00fe\u00fa v\u00e6rir m\u00e9r sem br\u00f3\u00f0ir, er sogi\u00f0 hef\u00f0i brj\u00f3st m\u00f3\u00f0ur minnar. Hitti \u00e9g \u00feig \u00fati, mundi \u00e9g kyssa \u00feig, og menn mundu \u00fe\u00f3 ekki fyrirl\u00edta mig.2\u00c9g mundi lei\u00f0a \u00feig, fara me\u00f0 \u00feig \u00ed h\u00fas m\u00f3\u00f0ur minnar, \u00ed herbergi hennar er mig \u00f3l. \u00c9g mundi gefa \u00fe\u00e9r kryddv\u00edn a\u00f0 drekka, kjarneplal\u00f6g minn.3Vinstri h\u00f6nd hans s\u00e9 undir h\u00f6f\u00f0i m\u00e9r, en hin h\u00e6gri umfa\u00f0mi mig.4Br\u00fa\u00f0guminn \u00c9g s\u00e6ri y\u00f0ur, Jer\u00fasalemd\u00e6tur: \u00d3, veki\u00f0 ekki, veki\u00f0 ekki elskuna, fyrr en h\u00fan sj\u00e1lf vill.5K\u00f3r Hver er s\u00fa, sem kemur \u00fearna \u00far hei\u00f0inni og sty\u00f0st vi\u00f0 unnusta sinn? Br\u00fa\u00f0urin Undir eplatr\u00e9nu vakti \u00e9g \u00feig, \u00fear f\u00e6ddi <a href=\"https:\/\/biblian.is\/1981\/ljodaljodin-8-kafli\/\"> [&#8230;]<\/a><\/p>\n","protected":false},"author":1,"featured_media":0,"parent":0,"menu_order":0,"comment_status":"open","ping_status":"open","template":"bibliukaflar.php","meta":{"footnotes":""},"class_list":["post-2026","page","type-page","status-publish","hentry"],"_links":{"self":[{"href":"https:\/\/biblian.is\/1981\/wp-json\/wp\/v2\/pages\/2026","targetHints":{"allow":["GET"]}}],"collection":[{"href":"https:\/\/biblian.is\/1981\/wp-json\/wp\/v2\/pages"}],"about":[{"href":"https:\/\/biblian.is\/1981\/wp-json\/wp\/v2\/types\/page"}],"author":[{"embeddable":true,"href":"https:\/\/biblian.is\/1981\/wp-json\/wp\/v2\/users\/1"}],"replies":[{"embeddable":true,"href":"https:\/\/biblian.is\/1981\/wp-json\/wp\/v2\/comments?post=2026"}],"version-history":[{"count":0,"href":"https:\/\/biblian.is\/1981\/wp-json\/wp\/v2\/pages\/2026\/revisions"}],"wp:attachment":[{"href":"https:\/\/biblian.is\/1981\/wp-json\/wp\/v2\/media?parent=2026"}],"curies":[{"name":"wp","href":"https:\/\/api.w.org\/{rel}","templated":true}]}}