{"id":2024,"date":"2017-11-18T20:19:44","date_gmt":"2017-11-18T20:19:44","guid":{"rendered":"http:\/\/biblian.is\/1981\/ljodaljodin-6-kafli\/"},"modified":"2017-11-18T20:19:44","modified_gmt":"2017-11-18T20:19:44","slug":"ljodaljodin-6-kafli","status":"publish","type":"page","link":"https:\/\/biblian.is\/1981\/ljodaljodin-6-kafli\/","title":{"rendered":"Lj\u00f3\u00f0alj\u00f3\u00f0in 6. kafli"},"content":{"rendered":"<p><a name=\"1\"><span class=\"versanumer\">1<\/span><\/a>K\u00f3r  Hvert er unnusti \u00feinn genginn, \u00fe\u00fa hin fegursta me\u00f0al kvenna? Hvert hefir unnusti \u00feinn fari\u00f0, a\u00f0 v\u00e9r megum leita hans me\u00f0 \u00fe\u00e9r?<a name=\"2\"><span class=\"versanumer\">2<\/span><\/a>Br\u00fa\u00f0urin  Unnusti minn gekk ofan \u00ed gar\u00f0 sinn, a\u00f0 balsambe\u00f0unum, til \u00feess a\u00f0 skemmta s\u00e9r \u00ed g\u00f6r\u00f0unum og til a\u00f0 t\u00edna liljur.<a name=\"3\"><span class=\"versanumer\">3<\/span><\/a>\u00c9g heyri unnusta m\u00ednum, og unnusti minn heyrir m\u00e9r, hann sem skemmtir s\u00e9r me\u00f0al liljanna.<a name=\"4\"><span class=\"versanumer\">4<\/span><\/a>Br\u00fa\u00f0guminn  F\u00f6gur ertu, vina m\u00edn, eins og Tirsa, yndisleg eins og Jer\u00fasalem, \u00e6gileg sem herflokkar.<a name=\"5\"><span class=\"versanumer\">5<\/span><\/a>Sn\u00fa fr\u00e1 m\u00e9r augum \u00fe\u00ednum, \u00fev\u00ed a\u00f0 \u00feau hr\u00e6\u00f0a mig. H\u00e1r \u00feitt er eins og geitahj\u00f6r\u00f0, sem rennur ni\u00f0ur G\u00edlea\u00f0fjall.<a name=\"6\"><span class=\"versanumer\">6<\/span><\/a>Tennur \u00fe\u00ednar eru eins og h\u00f3pur af \u00e1m, sem koma af sundi, sem allar eru tv\u00edlembdar og engin lamblaus me\u00f0al \u00feeirra.<a name=\"7\"><span class=\"versanumer\">7<\/span><\/a>Vangi \u00feinn er eins og kinn \u00e1 granatepli \u00fat um sk\u00fdluraufina.<a name=\"8\"><span class=\"versanumer\">8<\/span><\/a>Sext\u00edu eru drottningarnar og \u00e1ttat\u00edu hj\u00e1konurnar og \u00f3teljandi ungfr\u00far.<a name=\"9\"><span class=\"versanumer\">9<\/span><\/a>En ein er d\u00fafan m\u00edn, lj\u00fafan m\u00edn, einkabarn m\u00f3\u00f0ur sinnar, augasteinn \u00feeirrar er \u00f3l hana. Meyjarnar s\u00e1u hana og s\u00f6g\u00f0u hana s\u00e6la, og drottningar og hj\u00e1konur v\u00ed\u00f0fr\u00e6g\u00f0u hana.<a name=\"10\"><span class=\"versanumer\">10<\/span><\/a>Hver er s\u00fa sem horfir ni\u00f0ur eins og morgunro\u00f0inn, f\u00f6gur sem m\u00e1ninn, hrein sem s\u00f3lin, \u00e6gileg sem herflokkar?<a name=\"11\"><span class=\"versanumer\">11<\/span><\/a>\u00c9g haf\u00f0i gengi\u00f0 ofan \u00ed hnotgar\u00f0inn til \u00feess a\u00f0 sko\u00f0a gr\u00f3\u00f0urinn \u00ed dalnum, til \u00feess a\u00f0 sko\u00f0a, hvort v\u00ednvi\u00f0urinn v\u00e6ri farinn a\u00f0 bruma, hvort granateplatr\u00e9n v\u00e6ru farin a\u00f0 bl\u00f3mgast.<a name=\"12\"><span class=\"versanumer\">12<\/span><\/a>\u00c1\u00f0ur en \u00e9g vissi af, haf\u00f0i l\u00f6ngun m\u00edn leitt mig a\u00f0 v\u00f6gnum manna h\u00f6f\u00f0ingja nokkurs.<a name=\"13\"><span class=\"versanumer\">13<\/span><\/a>K\u00f3r  Sn\u00fa \u00fe\u00e9r vi\u00f0, sn\u00fa \u00fe\u00e9r vi\u00f0, S\u00falam\u00edt, sn\u00fa \u00fe\u00e9r vi\u00f0, sn\u00fa \u00fe\u00e9r vi\u00f0, svo a\u00f0 v\u00e9r f\u00e1um s\u00e9\u00f0 \u00feig!  Br\u00fa\u00f0guminn  Hva\u00f0 vilji\u00f0 \u00fe\u00e9r sj\u00e1 \u00e1 S\u00falam\u00edt? Er \u00fea\u00f0 dansinn \u00ed tv\u00edflokknum?<\/p>\n<div class=\"footnote1981\"><b>6.1<\/b> Leita hans Ljl 3.1<br \/>\n<b>6.2<\/b> Gar\u00f0ur Ljl 1.12+ &#8211; a\u00f0 ilmjurtareitunum Ljl 5.13; sbr 1.12+ &#8211; lilja Ljl 2.1+<br \/>\n<b>6.3<\/b> \u00c9g er hans Ljl 2.16<br \/>\n<b>6.4-10<\/b> Lof til hinnar elsku\u00f0u Ljl 4.1-14+<br \/>\n<b>6.4<\/b> F\u00f6gur ertu Ljl 1.15+<br \/>\n<b>6.5<\/b> Augu \u00fe\u00edn skelfa mig Ljl 4.9 \u2013 h\u00e1r \u00feitt Ljl 4.1<br \/>\n<b>6.6<\/b> Tennur \u00fe\u00ednar Ljl 4.2<br \/>\n<b>6.7<\/b> Sneitt granatepli Ljl 4.3+<br \/>\n<b>6.8<\/b> Kvennab\u00far Sal\u00f3mons 1Kon 11.3 \u2013 ungmeyjar Ljl 1.3+ ; sbr Est 2.12-17<br \/>\n<b>6.9<\/b> D\u00fafa Ljl 1.15+ &#8211; einkabarn Okv 4.3 \u2013 ungmeyjarnar Ljl 1.3+ &#8211; r\u00f3ma hana Okv 31.28; sbr Slm 1.1+ ; Matt 5.3+<br \/>\n<b>6.10<\/b> Hver &#8230;  Ljl 3.6+ &#8211; morgunro\u00f0inn Jes 14.12 \u2013 sem s\u00f3lin S\u00edr 26.16 \u2013 f\u00f6gur, \u00f3gurleg Ljl 6.4<br \/>\n<b>6.11<\/b> Sko\u00f0a gr\u00f3\u00f0urinn Ljl 7.13<\/div>\n","protected":false},"excerpt":{"rendered":"<p>1K\u00f3r Hvert er unnusti \u00feinn genginn, \u00fe\u00fa hin fegursta me\u00f0al kvenna? Hvert hefir unnusti \u00feinn fari\u00f0, a\u00f0 v\u00e9r megum leita hans me\u00f0 \u00fe\u00e9r?2Br\u00fa\u00f0urin Unnusti minn gekk ofan \u00ed gar\u00f0 sinn, a\u00f0 balsambe\u00f0unum, til \u00feess a\u00f0 skemmta s\u00e9r \u00ed g\u00f6r\u00f0unum og til a\u00f0 t\u00edna liljur.3\u00c9g heyri unnusta m\u00ednum, og unnusti minn heyrir m\u00e9r, hann sem skemmtir s\u00e9r me\u00f0al liljanna.4Br\u00fa\u00f0guminn F\u00f6gur ertu, vina m\u00edn, eins og Tirsa, yndisleg eins og Jer\u00fasalem, \u00e6gileg sem herflokkar.5Sn\u00fa fr\u00e1 m\u00e9r augum \u00fe\u00ednum, \u00fev\u00ed a\u00f0 \u00feau hr\u00e6\u00f0a mig. H\u00e1r \u00feitt er eins og geitahj\u00f6r\u00f0, sem rennur ni\u00f0ur G\u00edlea\u00f0fjall.6Tennur \u00fe\u00ednar eru eins og h\u00f3pur af \u00e1m, sem koma <a href=\"https:\/\/biblian.is\/1981\/ljodaljodin-6-kafli\/\"> [&#8230;]<\/a><\/p>\n","protected":false},"author":1,"featured_media":0,"parent":0,"menu_order":0,"comment_status":"open","ping_status":"open","template":"bibliukaflar.php","meta":{"footnotes":""},"class_list":["post-2024","page","type-page","status-publish","hentry"],"_links":{"self":[{"href":"https:\/\/biblian.is\/1981\/wp-json\/wp\/v2\/pages\/2024","targetHints":{"allow":["GET"]}}],"collection":[{"href":"https:\/\/biblian.is\/1981\/wp-json\/wp\/v2\/pages"}],"about":[{"href":"https:\/\/biblian.is\/1981\/wp-json\/wp\/v2\/types\/page"}],"author":[{"embeddable":true,"href":"https:\/\/biblian.is\/1981\/wp-json\/wp\/v2\/users\/1"}],"replies":[{"embeddable":true,"href":"https:\/\/biblian.is\/1981\/wp-json\/wp\/v2\/comments?post=2024"}],"version-history":[{"count":0,"href":"https:\/\/biblian.is\/1981\/wp-json\/wp\/v2\/pages\/2024\/revisions"}],"wp:attachment":[{"href":"https:\/\/biblian.is\/1981\/wp-json\/wp\/v2\/media?parent=2024"}],"curies":[{"name":"wp","href":"https:\/\/api.w.org\/{rel}","templated":true}]}}