{"id":2023,"date":"2017-11-18T20:19:44","date_gmt":"2017-11-18T20:19:44","guid":{"rendered":"http:\/\/biblian.is\/1981\/ljodaljodin-5-kafli\/"},"modified":"2017-11-18T20:19:44","modified_gmt":"2017-11-18T20:19:44","slug":"ljodaljodin-5-kafli","status":"publish","type":"page","link":"https:\/\/biblian.is\/1981\/ljodaljodin-5-kafli\/","title":{"rendered":"Lj\u00f3\u00f0alj\u00f3\u00f0in 5. kafli"},"content":{"rendered":"<p><a name=\"1\"><span class=\"versanumer\">1<\/span><\/a>Br\u00fa\u00f0guminn  \u00c9g kom \u00ed gar\u00f0 minn, systir m\u00edn, br\u00fa\u00f0ur, \u00e9g t\u00edndi myrru m\u00edna og balsam. \u00c9g \u00e1t hunangsk\u00f6ku m\u00edna og hunangsseim, \u00e9g drakk v\u00edn mitt og mj\u00f3lk.  K\u00f3r  Eti\u00f0, vinir, drekki\u00f0, gj\u00f6rist \u00e1stdrukknir.<a name=\"2\"><span class=\"versanumer\">2<\/span><\/a>Br\u00fa\u00f0urin  \u00c9g sef, en hjarta mitt vakir, heyr, unnusti minn drepur \u00e1 dyr! Lj\u00fak upp fyrir m\u00e9r, systir m\u00edn, vina m\u00edn, d\u00fafan m\u00edn, lj\u00fafan m\u00edn! \u00dev\u00ed a\u00f0 h\u00f6fu\u00f0 mitt er alvott af d\u00f6gg, h\u00e1rlokkar m\u00ednir af dropum n\u00e6turinnar.<a name=\"3\"><span class=\"versanumer\">3<\/span><\/a>\u00c9g er komin \u00far kyrtlinum, hvernig \u00e6tti \u00e9g a\u00f0 fara \u00ed hann aftur? \u00c9g hefi lauga\u00f0 f\u00e6turna, hvernig \u00e6tti \u00e9g a\u00f0 \u00f3hreinka \u00fe\u00e1 aftur?<a name=\"4\"><span class=\"versanumer\">4<\/span><\/a>Unnusti minn r\u00e9tti h\u00f6ndina inn um gluggann, og hjarta mitt svall honum \u00e1 m\u00f3ti.<a name=\"5\"><span class=\"versanumer\">5<\/span><\/a>\u00c9g reis \u00e1 f\u00e6tur til \u00feess a\u00f0 lj\u00faka upp fyrir unnusta m\u00ednum, og myrra draup af h\u00f6ndum m\u00ednum og flj\u00f3tandi myrra af fingrum m\u00ednum \u00e1 handfang sl\u00e1rinnar.<a name=\"6\"><span class=\"versanumer\">6<\/span><\/a>\u00c9g lauk upp fyrir unnusta m\u00ednum, en unnusti minn var farinn, horfinn. \u00c9g st\u00f3\u00f0 \u00e1 \u00f6ndinni me\u00f0an hann tala\u00f0i. \u00c9g leita\u00f0i hans, en fann hann ekki, \u00e9g kalla\u00f0i \u00e1 hann, en hann svara\u00f0i ekki.<a name=\"7\"><span class=\"versanumer\">7<\/span><\/a>Ver\u00f0irnir sem ganga um borgina, hittu mig, \u00feeir sl\u00f3gu mig, \u00feeir s\u00e6r\u00f0u mig, ver\u00f0ir m\u00faranna sviptu sl\u00e6\u00f0unum af m\u00e9r.<a name=\"8\"><span class=\"versanumer\">8<\/span><\/a>\u00c9g s\u00e6ri y\u00f0ur, Jer\u00fasalemd\u00e6tur: \u00deegar \u00fe\u00e9r finni\u00f0 unnusta minn, hva\u00f0 \u00e6tli\u00f0 \u00fe\u00e9r \u00fe\u00e1 a\u00f0 segja honum? A\u00f0 \u00e9g s\u00e9 sj\u00fak af \u00e1st!<a name=\"9\"><span class=\"versanumer\">9<\/span><\/a>K\u00f3r  Hva\u00f0 hefir unnusti \u00feinn fram yfir a\u00f0ra unnusta, \u00fe\u00fa hin fegursta me\u00f0al kvenna? Hva\u00f0 hefir unnusti \u00feinn fram yfir a\u00f0ra unnusta, \u00far \u00fev\u00ed \u00fe\u00fa s\u00e6rir oss svo?<a name=\"10\"><span class=\"versanumer\">10<\/span><\/a>Br\u00fa\u00f0urin  Unnusti minn er mjallahv\u00edtur og rau\u00f0ur, hann ber af t\u00edu \u00fe\u00fasundum.<a name=\"11\"><span class=\"versanumer\">11<\/span><\/a>H\u00f6fu\u00f0 hans er sk\u00edragull, hinir hrynjandi h\u00e1rlokkar hans hrafnsvartir,<a name=\"12\"><span class=\"versanumer\">12<\/span><\/a>augu hans eins og d\u00fafur vi\u00f0 vatnsl\u00e6ki, ba\u00f0andi sig \u00ed mj\u00f3lk, sett \u00ed umgj\u00f6r\u00f0,<a name=\"13\"><span class=\"versanumer\">13<\/span><\/a>kinnar hans eins og balsambe\u00f0, er \u00ed vaxa kryddjurtir. Varir hans eru liljur, drj\u00fapandi af flj\u00f3tandi myrru.<a name=\"14\"><span class=\"versanumer\">14<\/span><\/a>Hendur hans eru gullkefli, sett kr\u00fdsol\u00edtsteinum, kvi\u00f0ur hans listaverk af f\u00edlabeini, lagt saf\u00edrum.<a name=\"15\"><span class=\"versanumer\">15<\/span><\/a>F\u00f3tleggir hans eru marmaras\u00falur, sem hv\u00edla \u00e1 undirst\u00f6\u00f0um \u00far sk\u00edragulli, \u00e1s\u00fdndar er hann sem L\u00edbanon, fr\u00e1b\u00e6r eins og sedrustr\u00e9.<a name=\"16\"><span class=\"versanumer\">16<\/span><\/a>G\u00f3mur hans er s\u00e6tleikur, og allur er hann yndislegur. \u00deetta er unnusti minn og \u00feetta er vinur minn, \u00fe\u00e9r Jer\u00fasalemd\u00e6tur.<\/p>\n<div class=\"footnote1981\"><b>5.1<\/b> Ilmur Ljl 1.12+ &#8211; v\u00edn Ljl 1.2+<br \/>\n<b>5.5<\/b> Ilmur Ljl 1.12+<br \/>\n<b>5.6<\/b> \u00c9g leita hans Ljl 3.1-2<br \/>\n<b>5.7<\/b> Ver\u00f0irnir Ljl 3.3<br \/>\n<b>5.8<\/b> Sj\u00fak af \u00e1st Ljl 2.5<br \/>\n<b>5.10-16<\/b> Elskhugi minn sbr Ljl 4.1-14+<br \/>\n<b>5.10<\/b> Bjartur og rj\u00f3\u00f0ur sbr 1Sam 16.12 \u2013 ber af 2Sam 18.3<br \/>\n<b>5.12<\/b> D\u00fafur Ljl 1.15+<br \/>\n<b>5.13<\/b> Kinnar Ljl 1.10 \u2013 ilmur Ljl 1.12+<br \/>\n<b>5.15<\/b> S\u00falur sbr Slm 144.12; S\u00edr 26.18<\/div>\n","protected":false},"excerpt":{"rendered":"<p>1Br\u00fa\u00f0guminn \u00c9g kom \u00ed gar\u00f0 minn, systir m\u00edn, br\u00fa\u00f0ur, \u00e9g t\u00edndi myrru m\u00edna og balsam. \u00c9g \u00e1t hunangsk\u00f6ku m\u00edna og hunangsseim, \u00e9g drakk v\u00edn mitt og mj\u00f3lk. K\u00f3r Eti\u00f0, vinir, drekki\u00f0, gj\u00f6rist \u00e1stdrukknir.2Br\u00fa\u00f0urin \u00c9g sef, en hjarta mitt vakir, heyr, unnusti minn drepur \u00e1 dyr! Lj\u00fak upp fyrir m\u00e9r, systir m\u00edn, vina m\u00edn, d\u00fafan m\u00edn, lj\u00fafan m\u00edn! \u00dev\u00ed a\u00f0 h\u00f6fu\u00f0 mitt er alvott af d\u00f6gg, h\u00e1rlokkar m\u00ednir af dropum n\u00e6turinnar.3\u00c9g er komin \u00far kyrtlinum, hvernig \u00e6tti \u00e9g a\u00f0 fara \u00ed hann aftur? \u00c9g hefi lauga\u00f0 f\u00e6turna, hvernig \u00e6tti \u00e9g a\u00f0 \u00f3hreinka \u00fe\u00e1 aftur?4Unnusti minn r\u00e9tti h\u00f6ndina inn um gluggann, og <a href=\"https:\/\/biblian.is\/1981\/ljodaljodin-5-kafli\/\"> [&#8230;]<\/a><\/p>\n","protected":false},"author":1,"featured_media":0,"parent":0,"menu_order":0,"comment_status":"open","ping_status":"open","template":"bibliukaflar.php","meta":{"footnotes":""},"class_list":["post-2023","page","type-page","status-publish","hentry"],"_links":{"self":[{"href":"https:\/\/biblian.is\/1981\/wp-json\/wp\/v2\/pages\/2023","targetHints":{"allow":["GET"]}}],"collection":[{"href":"https:\/\/biblian.is\/1981\/wp-json\/wp\/v2\/pages"}],"about":[{"href":"https:\/\/biblian.is\/1981\/wp-json\/wp\/v2\/types\/page"}],"author":[{"embeddable":true,"href":"https:\/\/biblian.is\/1981\/wp-json\/wp\/v2\/users\/1"}],"replies":[{"embeddable":true,"href":"https:\/\/biblian.is\/1981\/wp-json\/wp\/v2\/comments?post=2023"}],"version-history":[{"count":0,"href":"https:\/\/biblian.is\/1981\/wp-json\/wp\/v2\/pages\/2023\/revisions"}],"wp:attachment":[{"href":"https:\/\/biblian.is\/1981\/wp-json\/wp\/v2\/media?parent=2023"}],"curies":[{"name":"wp","href":"https:\/\/api.w.org\/{rel}","templated":true}]}}