{"id":2022,"date":"2017-11-18T20:19:44","date_gmt":"2017-11-18T20:19:44","guid":{"rendered":"http:\/\/biblian.is\/1981\/ljodaljodin-4-kafli\/"},"modified":"2017-11-18T20:19:44","modified_gmt":"2017-11-18T20:19:44","slug":"ljodaljodin-4-kafli","status":"publish","type":"page","link":"https:\/\/biblian.is\/1981\/ljodaljodin-4-kafli\/","title":{"rendered":"Lj\u00f3\u00f0alj\u00f3\u00f0in 4. kafli"},"content":{"rendered":"<p><a name=\"1\"><span class=\"versanumer\">1<\/span><\/a>Br\u00fa\u00f0guminn  J\u00e1, f\u00f6gur ertu, vina m\u00edn, j\u00e1, f\u00f6gur ertu. Augu \u00fe\u00edn eru d\u00fafuaugu fyrir innan sk\u00fdluraufina. H\u00e1r \u00feitt er eins og geitahj\u00f6r\u00f0, sem rennur ni\u00f0ur G\u00edlea\u00f0fjall.<a name=\"2\"><span class=\"versanumer\">2<\/span><\/a>Tennur \u00fe\u00ednar eru eins og h\u00f3pur af n\u00fdklipptum \u00e1m, sem koma af sundi, sem allar eru tv\u00edlembdar og engin lamblaus me\u00f0al \u00feeirra.<a name=\"3\"><span class=\"versanumer\">3<\/span><\/a>Varir \u00fe\u00ednar eru eins og skarlatsband og munnur \u00feinn yndislegur. Vangi \u00feinn er eins og kinn \u00e1 granatepli \u00fat um sk\u00fdluraufina.<a name=\"4\"><span class=\"versanumer\">4<\/span><\/a>H\u00e1ls \u00feinn er eins og Dav\u00ed\u00f0sturn, reistur fyrir hernumin vopn. \u00de\u00fasund skildir hanga \u00e1 honum, allar t\u00f6rgur kappanna.<a name=\"5\"><span class=\"versanumer\">5<\/span><\/a>Brj\u00f3st \u00fe\u00edn eru eins og tveir r\u00e1d\u00fdrsk\u00e1lfar, sk\u00f3ggeitar-tv\u00edburar, sem eru \u00e1 beit me\u00f0al liljanna.<a name=\"6\"><span class=\"versanumer\">6<\/span><\/a>\u00dear til kular af degi og skuggarnir fl\u00fdja, vil \u00e9g ganga til myrruh\u00f3lsins og til reykelsish\u00e6\u00f0arinnar.<a name=\"7\"><span class=\"versanumer\">7<\/span><\/a>\u00d6ll ertu f\u00f6gur, vina m\u00edn, og \u00e1 \u00fe\u00e9r eru engin l\u00fdti.<a name=\"8\"><span class=\"versanumer\">8<\/span><\/a>Me\u00f0 m\u00e9r fr\u00e1 L\u00edbanon, br\u00fa\u00f0ur, me\u00f0 m\u00e9r skaltu koma fr\u00e1 L\u00edbanon! L\u00edt ni\u00f0ur fr\u00e1 Amanatindi, fr\u00e1 Sen\u00edr- og Hermontindi, fr\u00e1 b\u00e6lum lj\u00f3nanna, fr\u00e1 fj\u00f6llum pardusd\u00fdranna.<a name=\"9\"><span class=\"versanumer\">9<\/span><\/a>\u00de\u00fa hefir r\u00e6nt hjarta m\u00ednu, systir m\u00edn, br\u00fa\u00f0ur, \u00fe\u00fa hefir r\u00e6nt hjarta m\u00ednu me\u00f0 einu augnatilliti \u00fe\u00ednu, me\u00f0 einni festi af h\u00e1lsskarti \u00fe\u00ednu.<a name=\"10\"><span class=\"versanumer\">10<\/span><\/a>Hversu lj\u00faf er \u00e1st \u00fe\u00edn, systir m\u00edn, br\u00fa\u00f0ur, hversu miklu d\u00fdrm\u00e6tari er \u00e1st \u00fe\u00edn en v\u00edn og angan smyrsla \u00feinna heldur en \u00f6ll ilmf\u00f6ng.<a name=\"11\"><span class=\"versanumer\">11<\/span><\/a>Hunangsseimur dr\u00fdpur af v\u00f6rum \u00fe\u00ednum, br\u00fa\u00f0ur, hunang og mj\u00f3lk er undir tungu \u00feinni, og ilmur kl\u00e6\u00f0a \u00feinna er eins og L\u00edbanonsilmur.<a name=\"12\"><span class=\"versanumer\">12<\/span><\/a>Loka\u00f0ur gar\u00f0ur er systir m\u00edn, br\u00fa\u00f0ur, loku\u00f0 lind, innsiglu\u00f0 uppspretta.<a name=\"13\"><span class=\"versanumer\">13<\/span><\/a>Frj\u00f3angar \u00fe\u00ednir eru lystirunnur af granateplatrj\u00e1m me\u00f0 d\u00fdrum \u00e1v\u00f6xtum, kypurbl\u00f3m og nardusgr\u00f6s,<a name=\"14\"><span class=\"versanumer\">14<\/span><\/a>nardus og kr\u00f3kus, kalamus og kanel, \u00e1samt alls konar reykelsisrunnum, myrra og al\u00f3e, \u00e1samt alls konar \u00e1g\u00e6tis ilmf\u00f6ngum.<a name=\"15\"><span class=\"versanumer\">15<\/span><\/a>\u00de\u00fa ert gar\u00f0uppspretta, brunnur lifandi vatns og bunul\u00e6kur ofan af L\u00edbanon.<a name=\"16\"><span class=\"versanumer\">16<\/span><\/a>Br\u00fa\u00f0urin  Vakna \u00fe\u00fa, nor\u00f0anvindur, og kom \u00fe\u00fa, sunnanbl\u00e6r, bl\u00e1s \u00fe\u00fa um gar\u00f0 minn, svo a\u00f0 ilmur hans dreifist. Unnusti minn komi \u00ed gar\u00f0 sinn og neyti hinna d\u00fdru \u00e1vaxta hans.<\/p>\n<div class=\"footnote1981\"><b>4.1-14<\/b> F\u00f6gur ertu &#8230; Ljl 6.4-10; 7.1-10 \u2013 unnusti minn Ljl 5.10-16<br \/>\n<b>4.1<\/b> F\u00f6gur ertu Ljl 1.15+ &#8211; bl\u00e6ja 1M\u00f3s 24.65 \u2013 h\u00e1r \u00feitt &#8230; Ljl 6.5 \u2013 G\u00edlea\u00f0fjall 1M\u00f3s 31.21<br \/>\n<b>4.2<\/b> Tennur \u00fe\u00ednar Ljl 6.6<br \/>\n<b>4.3<\/b> Granatepli Ljl 4.13; 6.7,11; 7.13; 8.2<br \/>\n<b>4.4<\/b> H\u00e1ls \u00feinn Ljl 1.10+ &#8211; skildir Esk 27.10-11<br \/>\n<b>4.5<\/b> Brj\u00f3st \u00fe\u00edn Ljl 7.4,8,9; 8.10; Okv 5.19 \u2013 tveir hindark\u00e1lfar Ljl 7.4; sbr 2.9,17 \u2013 me\u00f0al lilja Ljl 2.16<br \/>\n<b>4.6<\/b> Svalur Ljl 2.17 \u2013 ilmur Ljl 1.12+<br \/>\n<b>4.7<\/b> F\u00f6gur Ljl 1.15+ &#8211; l\u00fdtalaus sbr Ef 5.27<br \/>\n<b>4.8<\/b> L\u00edbanon, Sen\u00edr, Hermon Ljl 7.5; 5M\u00f3s 3.8-9; 1Kro 5.23<br \/>\n<b>4.9<\/b> Me\u00f0 augnar\u00e1\u00f0inu einu Ljl 6.5<br \/>\n<b>4.10<\/b> V\u00edn Ljl 1.2+ &#8211; angan smyrsla \u00feinna Ljl 1.12+<br \/>\n<b>4.11<\/b> Af v\u00f6rum \u00fe\u00ednum Okv 5.3 \u2013 hunang og mj\u00f3lk 2M\u00f3s 3.8; Jes 55.1 \u2013 ilmur kl\u00e6\u00f0a \u00feinna Slm 45.9; Okv 7.17 \u2013 Angan L\u00edbanonfjalls H\u00f3s 14.7<br \/>\n<b>4.12<\/b> Gar\u00f0ur (\u00fe.e. st\u00falkan) Ljl 1.12+ &#8211; innsiglu\u00f0 lind Okv 5.16<br \/>\n<b>4.13<\/b> Me\u00f0 g\u00f3ms\u00e6tum \u00e1v\u00f6xtum Ljl 4.16; 7.14<br \/>\n<b>4.14<\/b> Ilmf\u00f6ng Ljl 1.12+ ; Slm 45.9; Okv 7.17<br \/>\n<b>4.16<\/b> \u00cd gar\u00f0 minn sbr Ljl 1.12+<\/div>\n","protected":false},"excerpt":{"rendered":"<p>1Br\u00fa\u00f0guminn J\u00e1, f\u00f6gur ertu, vina m\u00edn, j\u00e1, f\u00f6gur ertu. Augu \u00fe\u00edn eru d\u00fafuaugu fyrir innan sk\u00fdluraufina. H\u00e1r \u00feitt er eins og geitahj\u00f6r\u00f0, sem rennur ni\u00f0ur G\u00edlea\u00f0fjall.2Tennur \u00fe\u00ednar eru eins og h\u00f3pur af n\u00fdklipptum \u00e1m, sem koma af sundi, sem allar eru tv\u00edlembdar og engin lamblaus me\u00f0al \u00feeirra.3Varir \u00fe\u00ednar eru eins og skarlatsband og munnur \u00feinn yndislegur. Vangi \u00feinn er eins og kinn \u00e1 granatepli \u00fat um sk\u00fdluraufina.4H\u00e1ls \u00feinn er eins og Dav\u00ed\u00f0sturn, reistur fyrir hernumin vopn. \u00de\u00fasund skildir hanga \u00e1 honum, allar t\u00f6rgur kappanna.5Brj\u00f3st \u00fe\u00edn eru eins og tveir r\u00e1d\u00fdrsk\u00e1lfar, sk\u00f3ggeitar-tv\u00edburar, sem eru \u00e1 beit me\u00f0al liljanna.6\u00dear til kular af <a href=\"https:\/\/biblian.is\/1981\/ljodaljodin-4-kafli\/\"> [&#8230;]<\/a><\/p>\n","protected":false},"author":1,"featured_media":0,"parent":0,"menu_order":0,"comment_status":"open","ping_status":"open","template":"bibliukaflar.php","meta":{"footnotes":""},"class_list":["post-2022","page","type-page","status-publish","hentry"],"_links":{"self":[{"href":"https:\/\/biblian.is\/1981\/wp-json\/wp\/v2\/pages\/2022","targetHints":{"allow":["GET"]}}],"collection":[{"href":"https:\/\/biblian.is\/1981\/wp-json\/wp\/v2\/pages"}],"about":[{"href":"https:\/\/biblian.is\/1981\/wp-json\/wp\/v2\/types\/page"}],"author":[{"embeddable":true,"href":"https:\/\/biblian.is\/1981\/wp-json\/wp\/v2\/users\/1"}],"replies":[{"embeddable":true,"href":"https:\/\/biblian.is\/1981\/wp-json\/wp\/v2\/comments?post=2022"}],"version-history":[{"count":0,"href":"https:\/\/biblian.is\/1981\/wp-json\/wp\/v2\/pages\/2022\/revisions"}],"wp:attachment":[{"href":"https:\/\/biblian.is\/1981\/wp-json\/wp\/v2\/media?parent=2022"}],"curies":[{"name":"wp","href":"https:\/\/api.w.org\/{rel}","templated":true}]}}