{"id":2020,"date":"2017-11-18T20:19:44","date_gmt":"2017-11-18T20:19:44","guid":{"rendered":"http:\/\/biblian.is\/1981\/ljodaljodin-2-kafli\/"},"modified":"2017-11-18T20:19:44","modified_gmt":"2017-11-18T20:19:44","slug":"ljodaljodin-2-kafli","status":"publish","type":"page","link":"https:\/\/biblian.is\/1981\/ljodaljodin-2-kafli\/","title":{"rendered":"Lj\u00f3\u00f0alj\u00f3\u00f0in 2. kafli"},"content":{"rendered":"<p><a name=\"1\"><span class=\"versanumer\">1<\/span><\/a>\u00c9g er narsissa \u00e1 Saronv\u00f6llum, lilja \u00ed d\u00f6lunum.<a name=\"2\"><span class=\"versanumer\">2<\/span><\/a>Br\u00fa\u00f0guminn  Eins og lilja me\u00f0al \u00feyrna, svo er vina m\u00edn me\u00f0al meyjanna.<a name=\"3\"><span class=\"versanumer\">3<\/span><\/a>Br\u00fa\u00f0urin  Eins og apaldur me\u00f0al sk\u00f3gartrj\u00e1nna, svo er unnusti minn me\u00f0al sveinanna. \u00cd skugga hans \u00fer\u00e1i \u00e9g a\u00f0 sitja, og \u00e1vextir hans eru m\u00e9r g\u00f3ms\u00e6tir.<a name=\"4\"><span class=\"versanumer\">4<\/span><\/a>Hann leiddi mig \u00ed v\u00ednh\u00fasi\u00f0 og merki hans yfir m\u00e9r var elska.<a name=\"5\"><span class=\"versanumer\">5<\/span><\/a>Endurn\u00e6ri\u00f0 mig me\u00f0 r\u00fas\u00ednuk\u00f6kum, hressi\u00f0 mig \u00e1 eplum, \u00fev\u00ed a\u00f0 \u00e9g er sj\u00fak af \u00e1st.<a name=\"6\"><span class=\"versanumer\">6<\/span><\/a>Vinstri h\u00f6nd hans s\u00e9 undir h\u00f6f\u00f0i m\u00e9r, en hin h\u00e6gri umfa\u00f0mi mig!<a name=\"7\"><span class=\"versanumer\">7<\/span><\/a>Br\u00fa\u00f0guminn  \u00c9g s\u00e6ri y\u00f0ur, Jer\u00fasalemd\u00e6tur, vi\u00f0 sk\u00f3gargeiturnar, e\u00f0a vi\u00f0 hindirnar \u00ed haganum: Veki\u00f0 ekki, veki\u00f0 ekki elskuna, fyrr en h\u00fan sj\u00e1lf vill.<a name=\"8\"><span class=\"versanumer\">8<\/span><\/a>Br\u00fa\u00f0urin  Heyr, \u00fea\u00f0 er unnusti minn! Sj\u00e1, \u00fear kemur hann, st\u00f6kkvandi yfir fj\u00f6llin, hlaupandi yfir h\u00e6\u00f0irnar.<a name=\"9\"><span class=\"versanumer\">9<\/span><\/a>Unnusti minn er l\u00edkur sk\u00f3gargeit e\u00f0a hindark\u00e1lfi. Hann stendur \u00feegar bak vi\u00f0 h\u00fasvegginn, horfir inn um gluggann, g\u00e6gist inn um grindurnar.<a name=\"10\"><span class=\"versanumer\">10<\/span><\/a>Unnusti minn tekur til m\u00e1ls og segir vi\u00f0 mig: Stattu upp, vina m\u00edn, fr\u00ed\u00f0a m\u00edn, \u00e6 kom \u00fe\u00fa!<a name=\"11\"><span class=\"versanumer\">11<\/span><\/a>\u00dev\u00ed sj\u00e1, veturinn er li\u00f0inn, rigningarnar um gar\u00f0 gengnar, \u00e1 enda.<a name=\"12\"><span class=\"versanumer\">12<\/span><\/a>Bl\u00f3min eru farin a\u00f0 sj\u00e1st \u00e1 j\u00f6r\u00f0inni, t\u00edminn til a\u00f0 sni\u00f0la v\u00ednvi\u00f0inn er kominn, og kurr turtild\u00fafunnar heyrist \u00ed landi voru.<a name=\"13\"><span class=\"versanumer\">13<\/span><\/a>\u00c1vextir f\u00edkjutr\u00e9sins eru \u00feegar farnir a\u00f0 \u00feroskast, og ilminn leggur af bl\u00f3mstrandi v\u00ednvi\u00f0num. Stattu upp, vina m\u00edn, fr\u00ed\u00f0a m\u00edn, \u00e6 kom \u00fe\u00fa!<a name=\"14\"><span class=\"versanumer\">14<\/span><\/a>D\u00fafan m\u00edn \u00ed klettaskorunum, \u00ed fylgsni fjallhn\u00faksins, l\u00e1t mig sj\u00e1 auglit \u00feitt, l\u00e1t mig heyra r\u00f6dd \u00fe\u00edna! \u00dev\u00ed a\u00f0 r\u00f6dd \u00fe\u00edn er s\u00e6t og auglit \u00feitt yndislegt.<a name=\"15\"><span class=\"versanumer\">15<\/span><\/a>N\u00e1i\u00f0 fyrir oss refunum, yr\u00f0lingunum, sem skemma v\u00edngar\u00f0ana, \u00fev\u00ed a\u00f0 v\u00edngar\u00f0ar vorir standa \u00ed bl\u00f3ma.<a name=\"16\"><span class=\"versanumer\">16<\/span><\/a>Unnusti minn er minn, og \u00e9g er hans, hans, sem heldur hj\u00f6r\u00f0 sinni til haga me\u00f0al liljanna.<a name=\"17\"><span class=\"versanumer\">17<\/span><\/a>\u00deanga\u00f0 til dagurinn ver\u00f0ur svalur og skuggarnir fl\u00fdja, sn\u00fa \u00fe\u00fa aftur, unnusti minn, og l\u00edkst \u00fe\u00fa sk\u00f3gargeitinni e\u00f0a hindark\u00e1lfi \u00e1 anganfj\u00f6llum.<\/p>\n<div class=\"footnote1981\"><b>2.1<\/b> Bl\u00f3m \u00e1 Saronv\u00f6llum Jes 35.1-2; sbr 33.9 \u2013 lilja Ljl 2.16; 4.5; 6.2-3; sbr H\u00f3s 14.6; Matt 6.28<br \/>\n<b>2.3<\/b> Eplatr\u00e9 Ljl 8.5 \u2013 g\u00f3ms\u00e6tir Ljl 5.16; 7.10<br \/>\n<b>2.5<\/b> R\u00fas\u00ednuk\u00f6kur Jes 16.7; Jer 7.18; 44.19; H\u00f3s 3.1 \u2013 epli Ljl 2.3; 7.9 \u2013 m\u00e1ttvana af \u00e1st Ljl 5.8<br \/>\n<b>2.6<\/b> Vinstri h\u00f6nd, hin h\u00e6gri Ljl 8.3<br \/>\n<b>2.7<\/b> \u00c1stin Ljl 7.7<br \/>\n<b>2.10<\/b> Komdu Ljl 7.12<br \/>\n<b>2.14<\/b> D\u00fafan m\u00edn Ljl 1.15+<br \/>\n<b>2.15<\/b> Refir Esk 13.4; Neh 3.35; L\u00fak 13.32 \u2013 v\u00ednekra Ljl 1.6+<br \/>\n<b>2.16<\/b> Hann er minn og \u00e9g er hans Ljl 6.3; 7.11; sbr H\u00f3s 2.4-25 \u2013 lilja Ljl 2.1+<br \/>\n<b>2.17<\/b> Kular Ljl 4.6 \u2013 d\u00e1d\u00fdr Ljl 8.14<\/div>\n","protected":false},"excerpt":{"rendered":"<p>1\u00c9g er narsissa \u00e1 Saronv\u00f6llum, lilja \u00ed d\u00f6lunum.2Br\u00fa\u00f0guminn Eins og lilja me\u00f0al \u00feyrna, svo er vina m\u00edn me\u00f0al meyjanna.3Br\u00fa\u00f0urin Eins og apaldur me\u00f0al sk\u00f3gartrj\u00e1nna, svo er unnusti minn me\u00f0al sveinanna. \u00cd skugga hans \u00fer\u00e1i \u00e9g a\u00f0 sitja, og \u00e1vextir hans eru m\u00e9r g\u00f3ms\u00e6tir.4Hann leiddi mig \u00ed v\u00ednh\u00fasi\u00f0 og merki hans yfir m\u00e9r var elska.5Endurn\u00e6ri\u00f0 mig me\u00f0 r\u00fas\u00ednuk\u00f6kum, hressi\u00f0 mig \u00e1 eplum, \u00fev\u00ed a\u00f0 \u00e9g er sj\u00fak af \u00e1st.6Vinstri h\u00f6nd hans s\u00e9 undir h\u00f6f\u00f0i m\u00e9r, en hin h\u00e6gri umfa\u00f0mi mig!7Br\u00fa\u00f0guminn \u00c9g s\u00e6ri y\u00f0ur, Jer\u00fasalemd\u00e6tur, vi\u00f0 sk\u00f3gargeiturnar, e\u00f0a vi\u00f0 hindirnar \u00ed haganum: Veki\u00f0 ekki, veki\u00f0 ekki elskuna, fyrr en h\u00fan sj\u00e1lf vill.8Br\u00fa\u00f0urin <a href=\"https:\/\/biblian.is\/1981\/ljodaljodin-2-kafli\/\"> [&#8230;]<\/a><\/p>\n","protected":false},"author":1,"featured_media":0,"parent":0,"menu_order":0,"comment_status":"open","ping_status":"open","template":"bibliukaflar.php","meta":{"footnotes":""},"class_list":["post-2020","page","type-page","status-publish","hentry"],"_links":{"self":[{"href":"https:\/\/biblian.is\/1981\/wp-json\/wp\/v2\/pages\/2020","targetHints":{"allow":["GET"]}}],"collection":[{"href":"https:\/\/biblian.is\/1981\/wp-json\/wp\/v2\/pages"}],"about":[{"href":"https:\/\/biblian.is\/1981\/wp-json\/wp\/v2\/types\/page"}],"author":[{"embeddable":true,"href":"https:\/\/biblian.is\/1981\/wp-json\/wp\/v2\/users\/1"}],"replies":[{"embeddable":true,"href":"https:\/\/biblian.is\/1981\/wp-json\/wp\/v2\/comments?post=2020"}],"version-history":[{"count":0,"href":"https:\/\/biblian.is\/1981\/wp-json\/wp\/v2\/pages\/2020\/revisions"}],"wp:attachment":[{"href":"https:\/\/biblian.is\/1981\/wp-json\/wp\/v2\/media?parent=2020"}],"curies":[{"name":"wp","href":"https:\/\/api.w.org\/{rel}","templated":true}]}}