{"id":2019,"date":"2017-11-18T20:19:44","date_gmt":"2017-11-18T20:19:44","guid":{"rendered":"http:\/\/biblian.is\/1981\/ljodaljodin-1-kafli\/"},"modified":"2017-11-18T20:19:44","modified_gmt":"2017-11-18T20:19:44","slug":"ljodaljodin-1-kafli","status":"publish","type":"page","link":"https:\/\/biblian.is\/1981\/ljodaljodin-1-kafli\/","title":{"rendered":"Lj\u00f3\u00f0alj\u00f3\u00f0in 1. kafli"},"content":{"rendered":"<p><a name=\"1\"><span class=\"versanumer\">1<\/span><\/a>Lj\u00f3\u00f0alj\u00f3\u00f0in, eftir Sal\u00f3mon.<a name=\"2\"><span class=\"versanumer\">2<\/span><\/a>Br\u00fa\u00f0urin  Hann kyssi mig kossi munns s\u00edns, \u00fev\u00ed a\u00f0 \u00e1st \u00fe\u00edn er betri en v\u00edn.<a name=\"3\"><span class=\"versanumer\">3<\/span><\/a>Yndislegur ilmur er af smyrslum \u00fe\u00ednum, nafn \u00feitt eins og \u00fathellt ol\u00eda, \u00feess vegna elska meyjarnar \u00feig.<a name=\"4\"><span class=\"versanumer\">4<\/span><\/a>Drag mig \u00e1 eftir \u00fe\u00e9r! Vi\u00f0 skulum fl\u00fdta okkur! Konungurinn lei\u00f0i mig \u00ed herbergi s\u00edn! F\u00f6gnum og gle\u00f0jumst yfir \u00fe\u00e9r, vegs\u00f6mum \u00e1st \u00fe\u00edna meir en v\u00edn me\u00f0 r\u00e9ttu elska \u00fe\u00e6r \u00feig!<a name=\"5\"><span class=\"versanumer\">5<\/span><\/a>Sv\u00f6rt er \u00e9g, og \u00fe\u00f3 yndisleg, \u00fe\u00e9r Jer\u00fasalemd\u00e6tur, sem tj\u00f6ld Kedars, sem tjaldd\u00fakar Sal\u00f3mons.<a name=\"6\"><span class=\"versanumer\">6<\/span><\/a>Taki\u00f0 ekki til \u00feess, a\u00f0 \u00e9g er svartleit, \u00fev\u00ed a\u00f0 s\u00f3lin hefir brennt mig. Synir m\u00f3\u00f0ur minnar reiddust m\u00e9r, \u00feeir settu mig til a\u00f0 g\u00e6ta v\u00edngar\u00f0a m\u00edns eigin v\u00edngar\u00f0s hefi \u00e9g eigi g\u00e6tt.<a name=\"7\"><span class=\"versanumer\">7<\/span><\/a>Seg m\u00e9r, \u00fe\u00fa sem s\u00e1l m\u00edn elskar, hvar heldur \u00fe\u00fa hj\u00f6r\u00f0 \u00feinni til haga, hvar b\u00e6lir \u00fe\u00fa um h\u00e1degi\u00f0? \u00dev\u00ed a\u00f0 hv\u00ed skal \u00e9g vera eins og villur\u00e1fandi hj\u00e1 hj\u00f6r\u00f0um f\u00e9laga \u00feinna?<a name=\"8\"><span class=\"versanumer\">8<\/span><\/a>Br\u00fa\u00f0guminn  Ef \u00fe\u00fa veist \u00fea\u00f0 eigi, \u00fe\u00fa hin fegursta me\u00f0al kvenna, \u00fe\u00e1 far \u00fe\u00fa og rek f\u00f6r hjar\u00f0arinnar og hald ki\u00f0um \u00fe\u00ednum til haga hj\u00e1 kofum hir\u00f0anna.<a name=\"9\"><span class=\"versanumer\">9<\/span><\/a>Vi\u00f0 hryssurnar fyrir vagni Fara\u00f3s l\u00edki \u00e9g \u00fe\u00e9r, vina m\u00edn.<a name=\"10\"><span class=\"versanumer\">10<\/span><\/a>Yndislegar eru kinnar \u00fe\u00ednar fl\u00e9ttum pr\u00fdddar, h\u00e1ls \u00feinn undir perlub\u00f6ndum.<a name=\"11\"><span class=\"versanumer\">11<\/span><\/a>Gullfestar viljum v\u00e9r gj\u00f6ra \u00fe\u00e9r, settar silfurhn\u00f6ppum.<a name=\"12\"><span class=\"versanumer\">12<\/span><\/a>Br\u00fa\u00f0urin  Me\u00f0an konungurinn hv\u00edldi \u00e1 legubekk s\u00ednum, lag\u00f0i ilminn af nardussmyrslum m\u00ednum.<a name=\"13\"><span class=\"versanumer\">13<\/span><\/a>Unnusti minn er sem myrrubelgur, sem hv\u00edlist milli brj\u00f3sta m\u00e9r.<a name=\"14\"><span class=\"versanumer\">14<\/span><\/a>Kypur-ber er unnusti minn m\u00e9r, \u00far v\u00edng\u00f6r\u00f0unum \u00ed Enged\u00ed.<a name=\"15\"><span class=\"versanumer\">15<\/span><\/a>Br\u00fa\u00f0guminn  Hversu f\u00f6gur ertu, vina m\u00edn, hversu f\u00f6gur ertu! Augu \u00fe\u00edn eru d\u00fafuaugu.<a name=\"16\"><span class=\"versanumer\">16<\/span><\/a>Br\u00fa\u00f0urin  Hversu fagur ertu, unnusti minn, j\u00e1 ind\u00e6ll. J\u00e1, i\u00f0gr\u00e6n er hv\u00edla okkar.<a name=\"17\"><span class=\"versanumer\">17<\/span><\/a>Bj\u00e1lkarnir \u00ed h\u00fasi okkar eru sedrusvi\u00f0ir, \u00feiljur okkar k\u00fdprestr\u00e9.<\/p>\n<div class=\"footnote1981\"><b>1.1<\/b> Sal\u00f3mon 1Kon 5.12; Ljl 8.11-12; sbr 3.7<br \/>\n<b>1.2<\/b> Kyssa Ljl 8.1 \u2013 v\u00edn (t\u00e1kn um gle\u00f0i) Ljl 1.4; 4.10; 5.1; 7.9; 8.2; sbr 2.4; Pr\u00e9d 2.3<br \/>\n<b>1.3<\/b> St\u00falkurnar Ljl 2.2; 6.8-9; sbr 1M\u00f3s 24.43; Jes 7.14; Okv 30.19<br \/>\n<b>1.4<\/b> Elskhuganum l\u00edkt vi\u00f0 konung Ljl 1.12; 7.6; sbr 3.7-11<br \/>\n<b>1.6<\/b> Br\u00e6\u00f0ur Ljl 8.8 \u2013 v\u00ednekra (unga st\u00falkan) Ljl 2.15; 7.13; 8.12; sbr 8.11; Jes 5.1<br \/>\n<b>1.10<\/b> Vangar \u00fe\u00ednir Ljl 5.13 \u2013 h\u00e1ls \u00feinn Ljl 4.4; 7.5<br \/>\n<b>1.12<\/b> H\u00e6gindi (gar\u00f0urinn) Ljl 4.12,16; 5.1; 6.2 \u2013 ilmurinn, fegur\u00f0 st\u00falkunnar Ljl 4.6,10,13-14; 5.1,15; 8.2; sbr 4.11 \u2013 e\u00f0a unga mannsins Ljl 1.13,14; 5.13, sbr 3.6<br \/>\n<b>1.13<\/b> Elskuhugi minn Ljl 5.8-9<br \/>\n<b>1.14<\/b> Enged\u00ed 1Sam 24.1-2<br \/>\n<b>1.15<\/b> Hve f\u00f6gur ertu Ljl 4.1,7; 6.4; 7.7 \u2013 d\u00fafa Ljl 2.14; 5.12; 6.9<\/div>\n","protected":false},"excerpt":{"rendered":"<p>1Lj\u00f3\u00f0alj\u00f3\u00f0in, eftir Sal\u00f3mon.2Br\u00fa\u00f0urin Hann kyssi mig kossi munns s\u00edns, \u00fev\u00ed a\u00f0 \u00e1st \u00fe\u00edn er betri en v\u00edn.3Yndislegur ilmur er af smyrslum \u00fe\u00ednum, nafn \u00feitt eins og \u00fathellt ol\u00eda, \u00feess vegna elska meyjarnar \u00feig.4Drag mig \u00e1 eftir \u00fe\u00e9r! Vi\u00f0 skulum fl\u00fdta okkur! Konungurinn lei\u00f0i mig \u00ed herbergi s\u00edn! F\u00f6gnum og gle\u00f0jumst yfir \u00fe\u00e9r, vegs\u00f6mum \u00e1st \u00fe\u00edna meir en v\u00edn me\u00f0 r\u00e9ttu elska \u00fe\u00e6r \u00feig!5Sv\u00f6rt er \u00e9g, og \u00fe\u00f3 yndisleg, \u00fe\u00e9r Jer\u00fasalemd\u00e6tur, sem tj\u00f6ld Kedars, sem tjaldd\u00fakar Sal\u00f3mons.6Taki\u00f0 ekki til \u00feess, a\u00f0 \u00e9g er svartleit, \u00fev\u00ed a\u00f0 s\u00f3lin hefir brennt mig. Synir m\u00f3\u00f0ur minnar reiddust m\u00e9r, \u00feeir settu mig til a\u00f0 g\u00e6ta <a href=\"https:\/\/biblian.is\/1981\/ljodaljodin-1-kafli\/\"> [&#8230;]<\/a><\/p>\n","protected":false},"author":1,"featured_media":0,"parent":0,"menu_order":0,"comment_status":"open","ping_status":"open","template":"bibliukaflar.php","meta":{"footnotes":""},"class_list":["post-2019","page","type-page","status-publish","hentry"],"_links":{"self":[{"href":"https:\/\/biblian.is\/1981\/wp-json\/wp\/v2\/pages\/2019","targetHints":{"allow":["GET"]}}],"collection":[{"href":"https:\/\/biblian.is\/1981\/wp-json\/wp\/v2\/pages"}],"about":[{"href":"https:\/\/biblian.is\/1981\/wp-json\/wp\/v2\/types\/page"}],"author":[{"embeddable":true,"href":"https:\/\/biblian.is\/1981\/wp-json\/wp\/v2\/users\/1"}],"replies":[{"embeddable":true,"href":"https:\/\/biblian.is\/1981\/wp-json\/wp\/v2\/comments?post=2019"}],"version-history":[{"count":0,"href":"https:\/\/biblian.is\/1981\/wp-json\/wp\/v2\/pages\/2019\/revisions"}],"wp:attachment":[{"href":"https:\/\/biblian.is\/1981\/wp-json\/wp\/v2\/media?parent=2019"}],"curies":[{"name":"wp","href":"https:\/\/api.w.org\/{rel}","templated":true}]}}