{"id":2018,"date":"2017-11-18T20:19:44","date_gmt":"2017-11-18T20:19:44","guid":{"rendered":"http:\/\/biblian.is\/1981\/predikarinn-12-kafli\/"},"modified":"2021-06-06T11:05:08","modified_gmt":"2021-06-06T11:05:08","slug":"predikarinn-12-kafli","status":"publish","type":"page","link":"https:\/\/biblian.is\/1981\/predikarinn-12-kafli\/","title":{"rendered":"Pr\u00e9dikarinn 12. kafli"},"content":{"rendered":"<p><a name=\"1\"><span class=\"versanumer\">1<\/span><\/a>Og mundu eftir skapara \u00fe\u00ednum \u00e1 unglings\u00e1rum \u00fe\u00ednum, \u00e1\u00f0ur en vondu dagarnir koma og \u00feau \u00e1rin n\u00e1lgast, er \u00fe\u00fa segir um: M\u00e9r l\u00edka \u00feau ekki<a name=\"2\"><span class=\"versanumer\">2<\/span><\/a>\u00e1\u00f0ur en s\u00f3lin myrkvast og lj\u00f3si\u00f0 og tungli\u00f0 og stj\u00f6rnurnar, og \u00e1\u00f0ur en sk\u00fdin koma aftur eftir regni\u00f0<a name=\"3\"><span class=\"versanumer\">3<\/span><\/a>\u00fe\u00e1 er \u00feeir skj\u00e1lfa, sem h\u00fassins geyma, og sterku mennirnir ver\u00f0a bognir og kvarnarst\u00falkurnar hafast ekki a\u00f0, af \u00fev\u00ed a\u00f0 \u00fe\u00e6r eru or\u00f0nar f\u00e1ar, og dimmt er or\u00f0i\u00f0 hj\u00e1 \u00feeim, sem l\u00edta \u00fat um gluggana,<a name=\"4\"><span class=\"versanumer\">4<\/span><\/a>og dyrunum \u00fat a\u00f0 g\u00f6tunni er loka\u00f0, og h\u00e1va\u00f0inn \u00ed kv\u00f6rninni minnkar, og menn fara \u00e1 f\u00e6tur vi\u00f0 fuglskvak, en allir s\u00f6ngvarnir ver\u00f0a l\u00e1gv\u00e6rir,<a name=\"5\"><span class=\"versanumer\">5<\/span><\/a>\u00fe\u00e1 menn eru hr\u00e6ddir vi\u00f0 h\u00e6\u00f0ir og sj\u00e1 skelfingar \u00e1 veginum, og \u00feegar m\u00f6ndlutr\u00e9\u00f0 stendur \u00ed bl\u00f3ma og engispretturnar dragast \u00e1fram og kaper-ber hr\u00edfa ekki lengur, \u00fev\u00ed a\u00f0 ma\u00f0urinn fer burt til s\u00edns eil\u00edf\u00f0ar-h\u00fass og gr\u00e1tendurnir ganga um str\u00e6ti\u00f0<a name=\"6\"><span class=\"versanumer\">6<\/span><\/a>\u00e1\u00f0ur en silfur\u00fer\u00e1\u00f0urinn slitnar og gullsk\u00e1lin brotnar og skj\u00f3lan m\u00f6lvast vi\u00f0 lindina og hj\u00f3li\u00f0 brotnar vi\u00f0 brunninn<a name=\"7\"><span class=\"versanumer\">7<\/span><\/a>og moldin hverfur aftur til jar\u00f0arinnar, \u00fear sem h\u00fan \u00e1\u00f0ur var, og andinn til Gu\u00f0s, sem gaf hann.<a name=\"8\"><span class=\"versanumer\">8<\/span><\/a>Aumasti h\u00e9g\u00f3mi, segir pr\u00e9dikarinn, allt er h\u00e9g\u00f3mi!<a name=\"9\"><span class=\"versanumer\">9<\/span><\/a>En auk \u00feess sem pr\u00e9dikarinn var spekingur, mi\u00f0la\u00f0i hann og m\u00f6nnum \u00feekkingu og rannsaka\u00f0i og kynnti s\u00e9r og samdi m\u00f6rg spakm\u00e6li.<a name=\"10\"><span class=\"versanumer\">10<\/span><\/a>Pr\u00e9dikarinn leita\u00f0ist vi\u00f0 a\u00f0 finna f\u00f6gur or\u00f0, og \u00fea\u00f0 sem hann hefir skrifa\u00f0 \u00ed einl\u00e6gni, eru sannleiksor\u00f0.<a name=\"11\"><span class=\"versanumer\">11<\/span><\/a>Or\u00f0 spekinganna eru eins og broddar og kjarnyr\u00f0in eins og fastreknir naglar \u00feau eru gefin af einum hir\u00f0i.<a name=\"12\"><span class=\"versanumer\">12<\/span><\/a>Og enn fremur, sonur minn, \u00fe\u00fd\u00f0stu vi\u00f0varanir. A\u00f0 taka saman margar b\u00e6kur, \u00e1 \u00fev\u00ed er enginn endir, og mikil b\u00f3ki\u00f0n \u00fereytir l\u00edkamann.<a name=\"13\"><span class=\"versanumer\">13<\/span><\/a>V\u00e9r skulum hl\u00fd\u00f0a \u00e1 ni\u00f0urlagsor\u00f0i\u00f0 \u00ed \u00fev\u00ed \u00f6llu: \u00d3ttastu Gu\u00f0 og haltu hans bo\u00f0or\u00f0, \u00fev\u00ed a\u00f0 \u00fea\u00f0 \u00e1 hver ma\u00f0ur a\u00f0 gj\u00f6ra.<a name=\"14\"><span class=\"versanumer\">14<\/span><\/a>\u00dev\u00ed a\u00f0 Gu\u00f0 mun lei\u00f0a s\u00e9rhvert verk fyrir d\u00f3m, sem haldinn ver\u00f0ur yfir \u00f6llu \u00fev\u00ed sem huli\u00f0 er, hvort sem \u00fea\u00f0 er gott e\u00f0a illt.<\/p>\n<div class=\"footnote1981\"><b>12.7<\/b> Aftur til jar\u00f0ar Pr\u00e9d 3.20+ &#8211; Gu\u00f0 gefur andann 1M\u00f3s 2.7+<br \/>\n<b>12.13<\/b> \u00d3ttast Gu\u00f0 Okv 8.13+<\/div>\n","protected":false},"excerpt":{"rendered":"<p>1Og mundu eftir skapara \u00fe\u00ednum \u00e1 unglings\u00e1rum \u00fe\u00ednum, \u00e1\u00f0ur en vondu dagarnir koma og \u00feau \u00e1rin n\u00e1lgast, er \u00fe\u00fa segir um: M\u00e9r l\u00edka \u00feau ekki2\u00e1\u00f0ur en s\u00f3lin myrkvast og lj\u00f3si\u00f0 og tungli\u00f0 og stj\u00f6rnurnar, og \u00e1\u00f0ur en sk\u00fdin koma aftur eftir regni\u00f03\u00fe\u00e1 er \u00feeir skj\u00e1lfa, sem h\u00fassins geyma, og sterku mennirnir ver\u00f0a bognir og kvarnarst\u00falkurnar hafast ekki a\u00f0, af \u00fev\u00ed a\u00f0 \u00fe\u00e6r eru or\u00f0nar f\u00e1ar, og dimmt er or\u00f0i\u00f0 hj\u00e1 \u00feeim, sem l\u00edta \u00fat um gluggana,4og dyrunum \u00fat a\u00f0 g\u00f6tunni er loka\u00f0, og h\u00e1va\u00f0inn \u00ed kv\u00f6rninni minnkar, og menn fara \u00e1 f\u00e6tur vi\u00f0 fuglskvak, en allir s\u00f6ngvarnir ver\u00f0a l\u00e1gv\u00e6rir,5\u00fe\u00e1 menn <a href=\"https:\/\/biblian.is\/1981\/predikarinn-12-kafli\/\"> [&#8230;]<\/a><\/p>\n","protected":false},"author":1,"featured_media":0,"parent":0,"menu_order":0,"comment_status":"open","ping_status":"open","template":"bibliukaflar.php","meta":{"footnotes":""},"class_list":["post-2018","page","type-page","status-publish","hentry"],"_links":{"self":[{"href":"https:\/\/biblian.is\/1981\/wp-json\/wp\/v2\/pages\/2018","targetHints":{"allow":["GET"]}}],"collection":[{"href":"https:\/\/biblian.is\/1981\/wp-json\/wp\/v2\/pages"}],"about":[{"href":"https:\/\/biblian.is\/1981\/wp-json\/wp\/v2\/types\/page"}],"author":[{"embeddable":true,"href":"https:\/\/biblian.is\/1981\/wp-json\/wp\/v2\/users\/1"}],"replies":[{"embeddable":true,"href":"https:\/\/biblian.is\/1981\/wp-json\/wp\/v2\/comments?post=2018"}],"version-history":[{"count":0,"href":"https:\/\/biblian.is\/1981\/wp-json\/wp\/v2\/pages\/2018\/revisions"}],"wp:attachment":[{"href":"https:\/\/biblian.is\/1981\/wp-json\/wp\/v2\/media?parent=2018"}],"curies":[{"name":"wp","href":"https:\/\/api.w.org\/{rel}","templated":true}]}}