{"id":2017,"date":"2017-11-18T20:19:44","date_gmt":"2017-11-18T20:19:44","guid":{"rendered":"http:\/\/biblian.is\/1981\/predikarinn-11-kafli\/"},"modified":"2021-06-06T11:05:08","modified_gmt":"2021-06-06T11:05:08","slug":"predikarinn-11-kafli","status":"publish","type":"page","link":"https:\/\/biblian.is\/1981\/predikarinn-11-kafli\/","title":{"rendered":"Pr\u00e9dikarinn 11. kafli"},"content":{"rendered":"<p><a name=\"1\"><span class=\"versanumer\">1<\/span><\/a>Varpa \u00fe\u00fa brau\u00f0i \u00fe\u00ednu \u00fat \u00e1 vatni\u00f0, \u00fev\u00ed \u00feegar margir dagar eru um li\u00f0nir, munt \u00fe\u00fa finna \u00fea\u00f0 aftur.<a name=\"2\"><span class=\"versanumer\">2<\/span><\/a>Skiptu hlutanum sundur \u00ed sj\u00f6 e\u00f0a jafnvel \u00e1tta, \u00fev\u00ed a\u00f0 \u00fe\u00fa veist ekki, hva\u00f0a \u00f3g\u00e6fa muni koma yfir landi\u00f0.<a name=\"3\"><span class=\"versanumer\">3<\/span><\/a>\u00deegar sk\u00fdin eru or\u00f0in full af vatni, hella \u00feau regni yfir j\u00f6r\u00f0ina. Og \u00feegar tr\u00e9 fellur til su\u00f0urs e\u00f0a nor\u00f0urs \u00e1 \u00feeim sta\u00f0, \u00fear sem tr\u00e9\u00f0 fellur, \u00fear liggur \u00fea\u00f0 kyrrt.<a name=\"4\"><span class=\"versanumer\">4<\/span><\/a>S\u00e1 sem s\u00edfellt g\u00e1ir a\u00f0 vindinum, s\u00e1ir ekki, og s\u00e1 sem s\u00edfellt horfir \u00e1 sk\u00fdin, uppsker ekki.<a name=\"5\"><span class=\"versanumer\">5<\/span><\/a>Eins og \u00fe\u00fa veist ekki, hva\u00f0a veg vindurinn fer og hvernig beinin myndast \u00ed m\u00f3\u00f0urkvi\u00f0i \u00feunga\u00f0rar konu, eins \u00feekkir \u00fe\u00fa heldur ekki verk Gu\u00f0s, sem allt gj\u00f6rir.<a name=\"6\"><span class=\"versanumer\">6<\/span><\/a>S\u00e1 s\u00e6\u00f0i \u00fe\u00ednu a\u00f0 morgni og l\u00e1t hendur \u00fe\u00ednar eigi hv\u00edlast a\u00f0 kveldi, \u00fev\u00ed a\u00f0 \u00fe\u00fa veist ekki, hva\u00f0 muni heppnast, \u00feetta e\u00f0a hitt, e\u00f0a hvort tveggja ver\u00f0i gott.<a name=\"7\"><span class=\"versanumer\">7<\/span><\/a>Ind\u00e6lt er lj\u00f3si\u00f0, og lj\u00faft er fyrir augun a\u00f0 horfa \u00e1 s\u00f3lina.<a name=\"8\"><span class=\"versanumer\">8<\/span><\/a>\u00dev\u00ed lifi ma\u00f0urinn m\u00f6rg \u00e1r, \u00fe\u00e1 \u00e1 hann a\u00f0 vera gla\u00f0ur \u00f6ll \u00feau \u00e1r og minnast \u00feess, a\u00f0 dagar myrkursins ver\u00f0a margir. Allt sem \u00e1 eftir kemur er h\u00e9g\u00f3mi.<a name=\"9\"><span class=\"versanumer\">9<\/span><\/a>Gle\u00f0 \u00feig, ungi ma\u00f0ur, \u00ed \u00e6sku \u00feinni, og l\u00e1t liggja vel \u00e1 \u00fe\u00e9r unglings\u00e1r \u00fe\u00edn, og breyt \u00fe\u00fa eins og hjarta\u00f0 lei\u00f0ir \u00feig og eins og augun girnast, en vit, a\u00f0 fyrir allt \u00feetta lei\u00f0ir Gu\u00f0 \u00feig fyrir d\u00f3m.<a name=\"10\"><span class=\"versanumer\">10<\/span><\/a>Og hrind gremju burt fr\u00e1 hjarta \u00fe\u00ednu og l\u00e1t eigi b\u00f6l koma n\u00e6rri l\u00edkama \u00fe\u00ednum, \u00fev\u00ed a\u00f0 \u00e6ska og morgunro\u00f0i l\u00edfsins eru hverful.<\/p>\n<div class=\"footnote1981\"><b>11.5<\/b> Ma\u00f0urinn \u00feekkir ekki Pr\u00e9d 3.11+<br \/>\n<b>11.7-9<\/b> Nj\u00f3ta l\u00edfsins Pr\u00e9d 2.24+<br \/>\n<b>11.9<\/b> Gu\u00f0 d\u00e6mir Pr\u00e9d 3.17+<\/div>\n","protected":false},"excerpt":{"rendered":"<p>1Varpa \u00fe\u00fa brau\u00f0i \u00fe\u00ednu \u00fat \u00e1 vatni\u00f0, \u00fev\u00ed \u00feegar margir dagar eru um li\u00f0nir, munt \u00fe\u00fa finna \u00fea\u00f0 aftur.2Skiptu hlutanum sundur \u00ed sj\u00f6 e\u00f0a jafnvel \u00e1tta, \u00fev\u00ed a\u00f0 \u00fe\u00fa veist ekki, hva\u00f0a \u00f3g\u00e6fa muni koma yfir landi\u00f0.3\u00deegar sk\u00fdin eru or\u00f0in full af vatni, hella \u00feau regni yfir j\u00f6r\u00f0ina. Og \u00feegar tr\u00e9 fellur til su\u00f0urs e\u00f0a nor\u00f0urs \u00e1 \u00feeim sta\u00f0, \u00fear sem tr\u00e9\u00f0 fellur, \u00fear liggur \u00fea\u00f0 kyrrt.4S\u00e1 sem s\u00edfellt g\u00e1ir a\u00f0 vindinum, s\u00e1ir ekki, og s\u00e1 sem s\u00edfellt horfir \u00e1 sk\u00fdin, uppsker ekki.5Eins og \u00fe\u00fa veist ekki, hva\u00f0a veg vindurinn fer og hvernig beinin myndast \u00ed m\u00f3\u00f0urkvi\u00f0i \u00feunga\u00f0rar konu, eins <a href=\"https:\/\/biblian.is\/1981\/predikarinn-11-kafli\/\"> [&#8230;]<\/a><\/p>\n","protected":false},"author":1,"featured_media":0,"parent":0,"menu_order":0,"comment_status":"open","ping_status":"open","template":"bibliukaflar.php","meta":{"footnotes":""},"class_list":["post-2017","page","type-page","status-publish","hentry"],"_links":{"self":[{"href":"https:\/\/biblian.is\/1981\/wp-json\/wp\/v2\/pages\/2017","targetHints":{"allow":["GET"]}}],"collection":[{"href":"https:\/\/biblian.is\/1981\/wp-json\/wp\/v2\/pages"}],"about":[{"href":"https:\/\/biblian.is\/1981\/wp-json\/wp\/v2\/types\/page"}],"author":[{"embeddable":true,"href":"https:\/\/biblian.is\/1981\/wp-json\/wp\/v2\/users\/1"}],"replies":[{"embeddable":true,"href":"https:\/\/biblian.is\/1981\/wp-json\/wp\/v2\/comments?post=2017"}],"version-history":[{"count":0,"href":"https:\/\/biblian.is\/1981\/wp-json\/wp\/v2\/pages\/2017\/revisions"}],"wp:attachment":[{"href":"https:\/\/biblian.is\/1981\/wp-json\/wp\/v2\/media?parent=2017"}],"curies":[{"name":"wp","href":"https:\/\/api.w.org\/{rel}","templated":true}]}}