{"id":2016,"date":"2017-11-18T20:19:44","date_gmt":"2017-11-18T20:19:44","guid":{"rendered":"http:\/\/biblian.is\/1981\/predikarinn-10-kafli\/"},"modified":"2021-06-06T11:05:07","modified_gmt":"2021-06-06T11:05:07","slug":"predikarinn-10-kafli","status":"publish","type":"page","link":"https:\/\/biblian.is\/1981\/predikarinn-10-kafli\/","title":{"rendered":"Pr\u00e9dikarinn 10. kafli"},"content":{"rendered":"<p><a name=\"1\"><span class=\"versanumer\">1<\/span><\/a>Dau\u00f0ar flugur valda \u00f3daun me\u00f0 \u00fev\u00ed a\u00f0 hleypa \u00f3lgu \u00ed ol\u00edu smyrslarans. Ofurl\u00edtill aulaskapur er \u00feyngri \u00e1 metunum heldur en viska, heldur en s\u00f3mi.<a name=\"2\"><span class=\"versanumer\">2<\/span><\/a>Hjarta viturs manns stefnir \u00e1 heillabraut, en hjarta heimskingjans lei\u00f0ir hann \u00ed \u00f3g\u00e6fu.<a name=\"3\"><span class=\"versanumer\">3<\/span><\/a>Og \u00feegar aulinn er kominn \u00fat \u00e1 veginn, brestur og \u00e1 viti\u00f0, og hann segir vi\u00f0 hvern mann, a\u00f0 hann s\u00e9 auli.<a name=\"4\"><span class=\"versanumer\">4<\/span><\/a>Ef rei\u00f0i drottnarans r\u00eds \u00ed gegn \u00fe\u00e9r, \u00fe\u00e1 yfirgef ekki st\u00f6\u00f0u \u00fe\u00edna, \u00fev\u00ed a\u00f0 stilling afst\u00fdrir st\u00f3rum glappaskotum.<a name=\"5\"><span class=\"versanumer\">5<\/span><\/a>Til er b\u00f6l, sem \u00e9g hefi s\u00e9\u00f0 undir s\u00f3linni, nokkurs konar yfirsj\u00f3n af h\u00e1lfu valdhafans:<a name=\"6\"><span class=\"versanumer\">6<\/span><\/a>Heimskan er sett \u00ed h\u00e1u st\u00f6\u00f0urnar, en g\u00f6fugmennin sitja \u00ed ni\u00f0url\u00e6gingu.<a name=\"7\"><span class=\"versanumer\">7<\/span><\/a>\u00c9g s\u00e1 \u00fer\u00e6la r\u00ed\u00f0andi hestum og h\u00f6f\u00f0ingja f\u00f3tgangandi eins og \u00fer\u00e6la.<a name=\"8\"><span class=\"versanumer\">8<\/span><\/a>S\u00e1 sem grefur gr\u00f6f, getur falli\u00f0 \u00ed hana, og \u00feann sem r\u00edfur ni\u00f0ur vegg, getur h\u00f6ggormur biti\u00f0.<a name=\"9\"><span class=\"versanumer\">9<\/span><\/a>S\u00e1 sem sprengir steina, getur meitt sig \u00e1 \u00feeim, s\u00e1 sem kl\u00fdfur vi\u00f0, getur me\u00f0 \u00fev\u00ed stofna\u00f0 s\u00e9r \u00ed h\u00e6ttu.<a name=\"10\"><span class=\"versanumer\">10<\/span><\/a>Ef \u00f6xin er or\u00f0in slj\u00f3 og eggin er ekki br\u00fdnd, \u00fe\u00e1 ver\u00f0ur ma\u00f0urinn a\u00f0 neyta \u00fev\u00ed meiri orku. \u00dea\u00f0 er \u00e1vinningur a\u00f0 undirb\u00faa s\u00e9rhva\u00f0 me\u00f0 hags\u00fdni.<a name=\"11\"><span class=\"versanumer\">11<\/span><\/a>Ef h\u00f6ggormurinn b\u00edtur, af \u00fev\u00ed a\u00f0 s\u00e6ringar hafa veri\u00f0 vanr\u00e6ktar, \u00fe\u00e1 kemur s\u00e6ringama\u00f0urinn a\u00f0 engu li\u00f0i.<a name=\"12\"><span class=\"versanumer\">12<\/span><\/a>Or\u00f0 af munni viturs manns eru yndisleg, en varir heimskingjans vinna honum tj\u00f3n.<a name=\"13\"><span class=\"versanumer\">13<\/span><\/a>Fyrstu or\u00f0in fram \u00far honum eru heimska, og endir r\u00e6\u00f0u hans er ill fl\u00f3nska.<a name=\"14\"><span class=\"versanumer\">14<\/span><\/a>Heimskinginn talar m\u00f6rg or\u00f0. Og \u00fe\u00f3 veit ma\u00f0urinn ekki, hva\u00f0 ver\u00f0a muni. Og hva\u00f0 ver\u00f0a muni eftir hans dag hver segir honum \u00fea\u00f0?<a name=\"15\"><span class=\"versanumer\">15<\/span><\/a>Amstur heimskingjans \u00fereytir hann, hann ratar ekki veginn inn \u00ed borgina.<a name=\"16\"><span class=\"versanumer\">16<\/span><\/a>Vei \u00fe\u00e9r, land, sem hefir dreng a\u00f0 konungi og h\u00f6f\u00f0ingjar \u00fe\u00ednir setjast a\u00f0 \u00e1ti a\u00f0 morgni dags!<a name=\"17\"><span class=\"versanumer\">17<\/span><\/a>S\u00e6lt ert \u00fe\u00fa, land, sem hefir e\u00f0alborinn mann a\u00f0 konungi og h\u00f6f\u00f0ingjar \u00fe\u00ednir eta \u00e1 r\u00e9ttum t\u00edma, s\u00e9r til styrkingar, en ekki til \u00feess a\u00f0 ver\u00f0a drukknir.<a name=\"18\"><span class=\"versanumer\">18<\/span><\/a>Fyrir leti s\u00edga bj\u00e1lkarnir ni\u00f0ur, og vegna i\u00f0julausra handa lekur h\u00fasi\u00f0.<a name=\"19\"><span class=\"versanumer\">19<\/span><\/a>Til gle\u00f0skapar b\u00faa menn m\u00e1lt\u00ed\u00f0ir, og v\u00edn gj\u00f6rir l\u00edfi\u00f0 skemmtilegt og peningarnir veita allt.<a name=\"20\"><span class=\"versanumer\">20<\/span><\/a>Form\u00e6l ekki konunginum, jafnvel ekki \u00ed huga \u00fe\u00ednum, og form\u00e6l ekki r\u00edkum manni \u00ed svefnherbergjum \u00fe\u00ednum, \u00fev\u00ed a\u00f0 fuglar loftsins kynnu a\u00f0 bera burt hlj\u00f3\u00f0i\u00f0 og hinir v\u00e6ngju\u00f0u a\u00f0 hafa or\u00f0in eftir.<\/p>\n<div class=\"footnote1981\"><b>10.6-7<\/b> \u00dej\u00f3\u00f0f\u00e9lagsskipan raskast Okv 19.10; 30.22; sbr 1Sam 2.7-8<br \/>\n<b>10.8<\/b> Falla \u00ed eigin gr\u00f6f sbr Slm 7.16+<br \/>\n<b>10.13-14<\/b> Or\u00f0 heimskingjans sbr Jes 32.6; Slm 14.1<br \/>\n<b>10.16-17<\/b> Dreng a\u00f0 konungi Jes 3.4-12 \u2013 h\u00f6f\u00f0ingjar setjast a\u00f0 veislu sbr Okv 31.4; 20.1+<br \/>\n<b>10.19<\/b> V\u00edn gle\u00f0ur Slm 104.15+<\/div>\n","protected":false},"excerpt":{"rendered":"<p>1Dau\u00f0ar flugur valda \u00f3daun me\u00f0 \u00fev\u00ed a\u00f0 hleypa \u00f3lgu \u00ed ol\u00edu smyrslarans. Ofurl\u00edtill aulaskapur er \u00feyngri \u00e1 metunum heldur en viska, heldur en s\u00f3mi.2Hjarta viturs manns stefnir \u00e1 heillabraut, en hjarta heimskingjans lei\u00f0ir hann \u00ed \u00f3g\u00e6fu.3Og \u00feegar aulinn er kominn \u00fat \u00e1 veginn, brestur og \u00e1 viti\u00f0, og hann segir vi\u00f0 hvern mann, a\u00f0 hann s\u00e9 auli.4Ef rei\u00f0i drottnarans r\u00eds \u00ed gegn \u00fe\u00e9r, \u00fe\u00e1 yfirgef ekki st\u00f6\u00f0u \u00fe\u00edna, \u00fev\u00ed a\u00f0 stilling afst\u00fdrir st\u00f3rum glappaskotum.5Til er b\u00f6l, sem \u00e9g hefi s\u00e9\u00f0 undir s\u00f3linni, nokkurs konar yfirsj\u00f3n af h\u00e1lfu valdhafans:6Heimskan er sett \u00ed h\u00e1u st\u00f6\u00f0urnar, en g\u00f6fugmennin sitja \u00ed ni\u00f0url\u00e6gingu.7\u00c9g s\u00e1 \u00fer\u00e6la <a href=\"https:\/\/biblian.is\/1981\/predikarinn-10-kafli\/\"> [&#8230;]<\/a><\/p>\n","protected":false},"author":1,"featured_media":0,"parent":0,"menu_order":0,"comment_status":"open","ping_status":"open","template":"bibliukaflar.php","meta":{"footnotes":""},"class_list":["post-2016","page","type-page","status-publish","hentry"],"_links":{"self":[{"href":"https:\/\/biblian.is\/1981\/wp-json\/wp\/v2\/pages\/2016","targetHints":{"allow":["GET"]}}],"collection":[{"href":"https:\/\/biblian.is\/1981\/wp-json\/wp\/v2\/pages"}],"about":[{"href":"https:\/\/biblian.is\/1981\/wp-json\/wp\/v2\/types\/page"}],"author":[{"embeddable":true,"href":"https:\/\/biblian.is\/1981\/wp-json\/wp\/v2\/users\/1"}],"replies":[{"embeddable":true,"href":"https:\/\/biblian.is\/1981\/wp-json\/wp\/v2\/comments?post=2016"}],"version-history":[{"count":0,"href":"https:\/\/biblian.is\/1981\/wp-json\/wp\/v2\/pages\/2016\/revisions"}],"wp:attachment":[{"href":"https:\/\/biblian.is\/1981\/wp-json\/wp\/v2\/media?parent=2016"}],"curies":[{"name":"wp","href":"https:\/\/api.w.org\/{rel}","templated":true}]}}