{"id":2015,"date":"2017-11-18T20:19:44","date_gmt":"2017-11-18T20:19:44","guid":{"rendered":"http:\/\/biblian.is\/1981\/predikarinn-9-kafli\/"},"modified":"2021-06-06T11:05:15","modified_gmt":"2021-06-06T11:05:15","slug":"predikarinn-9-kafli","status":"publish","type":"page","link":"https:\/\/biblian.is\/1981\/predikarinn-9-kafli\/","title":{"rendered":"Pr\u00e9dikarinn 9. kafli"},"content":{"rendered":"<p><a name=\"1\"><span class=\"versanumer\">1<\/span><\/a>\u00d6llu \u00feessu veitti \u00e9g athygli, og allt \u00feetta reyndi \u00e9g a\u00f0 rannsaka: A\u00f0 hinir r\u00e9ttl\u00e1tu og vitru og verk \u00feeirra eru \u00ed hendi Gu\u00f0s. Hvorki elsku n\u00e9 hatur veit ma\u00f0urinn fyrir, allt liggur fram undan \u00feeim.<a name=\"2\"><span class=\"versanumer\">2<\/span><\/a>Allt getur alla hent, s\u00f6mu \u00f6rl\u00f6g m\u00e6ta r\u00e9ttl\u00e1tum og \u00f3gu\u00f0legum, g\u00f3\u00f0um og hreinum og \u00f3hreinum, \u00feeim er f\u00f3rnf\u00e6rir og \u00feeim er ekki f\u00f3rnf\u00e6rir. Hinum g\u00f3\u00f0a farnast eins og syndaranum, og \u00feeim er sver eins og \u00feeim er \u00f3ttast svardaga.<a name=\"3\"><span class=\"versanumer\">3<\/span><\/a>\u00dea\u00f0 er \u00f3kostur vi\u00f0 allt, sem vi\u00f0 ber undir s\u00f3linni, a\u00f0 s\u00f6mu \u00f6rl\u00f6g m\u00e6ta \u00f6llum, og \u00fev\u00ed fyllist hjarta mannanna illsku, og heimska r\u00edkir \u00ed hj\u00f6rtum \u00feeirra alla \u00e6vi \u00feeirra, og s\u00ed\u00f0an liggur lei\u00f0in til hinna dau\u00f0u.<a name=\"4\"><span class=\"versanumer\">4<\/span><\/a>\u00dev\u00ed a\u00f0 me\u00f0an ma\u00f0ur er sameina\u00f0ur \u00f6llum sem lifa, \u00e1 me\u00f0an er von, \u00fev\u00ed a\u00f0 lifandi hundur er betri en dautt lj\u00f3n.<a name=\"5\"><span class=\"versanumer\">5<\/span><\/a>\u00dev\u00ed a\u00f0 \u00feeir sem lifa, vita a\u00f0 \u00feeir eiga a\u00f0 deyja, en hinir dau\u00f0u vita ekki neitt og hlj\u00f3ta engin laun framar, \u00fev\u00ed a\u00f0 minning \u00feeirra gleymist.<a name=\"6\"><span class=\"versanumer\">6<\/span><\/a>B\u00e6\u00f0i elska \u00feeirra og hatur og \u00f6fund, \u00fea\u00f0 er fyrir l\u00f6ngu fari\u00f0, og \u00feeir eiga aldrei framar hlutdeild \u00ed neinu \u00fev\u00ed, sem vi\u00f0 ber undir s\u00f3linni.<a name=\"7\"><span class=\"versanumer\">7<\/span><\/a>Far \u00fev\u00ed og et brau\u00f0 \u00feitt me\u00f0 \u00e1n\u00e6gju og drekk v\u00edn \u00feitt me\u00f0 gl\u00f6\u00f0u hjarta, \u00fev\u00ed a\u00f0 Gu\u00f0 hefir \u00feegar lengi haft vel\u00fe\u00f3knun \u00e1 verkum \u00fe\u00ednum.<a name=\"8\"><span class=\"versanumer\">8<\/span><\/a>Kl\u00e6\u00f0i \u00fe\u00edn s\u00e9u \u00e6t\u00ed\u00f0 hv\u00edt og h\u00f6fu\u00f0 \u00feitt skorti aldrei ilmsmyrsl.<a name=\"9\"><span class=\"versanumer\">9<\/span><\/a>Nj\u00f3t \u00fe\u00fa l\u00edfsins me\u00f0 \u00feeirri konu, sem \u00fe\u00fa elskar, alla daga \u00fe\u00edns f\u00e1n\u00fdta l\u00edfs, sem hann hefir gefi\u00f0 \u00fe\u00e9r undir s\u00f3linni, alla \u00fe\u00edna f\u00e1n\u00fdtu daga, \u00fev\u00ed a\u00f0 \u00fea\u00f0 er hlutdeild \u00fe\u00edn \u00ed l\u00edfinu og \u00fea\u00f0 sem \u00fe\u00fa f\u00e6r fyrir strit \u00feitt, sem \u00fe\u00fa streitist vi\u00f0 undir s\u00f3linni.<a name=\"10\"><span class=\"versanumer\">10<\/span><\/a>Allt, sem h\u00f6nd \u00fe\u00edn megnar a\u00f0 gj\u00f6ra me\u00f0 kr\u00f6ftum \u00fe\u00ednum, gj\u00f6r \u00fe\u00fa \u00fea\u00f0, \u00fev\u00ed a\u00f0 \u00ed d\u00e1narheimum, \u00feanga\u00f0 sem \u00fe\u00fa fer, er hvorki starfsemi n\u00e9 hyggindi n\u00e9 \u00feekking n\u00e9 viska.<a name=\"11\"><span class=\"versanumer\">11<\/span><\/a>Enn s\u00e1 \u00e9g undir s\u00f3linni, a\u00f0 hinir flj\u00f3tu r\u00e1\u00f0a ekki yfir hlaupinu, n\u00e9 kapparnir yfir str\u00ed\u00f0inu, n\u00e9 heldur spekingarnir yfir brau\u00f0inu, n\u00e9 hinir hyggnu yfir au\u00f0num, n\u00e9 vitsmunamennirnir yfir vins\u00e6ldinni, \u00fev\u00ed a\u00f0 t\u00edmi og tilviljun m\u00e6tir \u00feeim \u00f6llum.<a name=\"12\"><span class=\"versanumer\">12<\/span><\/a>\u00dev\u00ed a\u00f0 ma\u00f0urinn \u00feekkir ekki einu sinni sinn t\u00edma: Eins og fiskarnir festast \u00ed hinu h\u00e1skalega neti og eins og fuglarnir festast \u00ed sn\u00f6runni \u00e1 l\u00edkan h\u00e1tt ver\u00f0a mennirnir fangnir \u00e1 \u00f3heillat\u00ed\u00f0, \u00fe\u00e1 er h\u00fan kemur skyndilega yfir \u00fe\u00e1.<a name=\"13\"><span class=\"versanumer\">13<\/span><\/a>\u00deetta s\u00e1 \u00e9g einnig sem speki undir s\u00f3linni, og fannst m\u00e9r miki\u00f0 um:<a name=\"14\"><span class=\"versanumer\">14<\/span><\/a>Einu sinni var l\u00edtil borg og f\u00e1ir menn \u00ed henni. Voldugur konungur f\u00f3r \u00ed m\u00f3ti henni og settist um hana og reisti mikil hervirki gegn henni.<a name=\"15\"><span class=\"versanumer\">15<\/span><\/a>En \u00ed borginni var f\u00e1t\u00e6kur ma\u00f0ur, en vitur, og hann bjarga\u00f0i borginni me\u00f0 viturleik s\u00ednum. En enginn ma\u00f0ur minntist \u00feessa f\u00e1t\u00e6ka manns.<a name=\"16\"><span class=\"versanumer\">16<\/span><\/a>\u00de\u00e1 hugsa\u00f0i \u00e9g: Viska er betri en afl, en viska f\u00e1t\u00e6ks manns er fyrirlitin, og or\u00f0um hans er eigi gaumur gefinn.<a name=\"17\"><span class=\"versanumer\">17<\/span><\/a>Or\u00f0 viturra manna, sem hlusta\u00f0 er \u00e1 \u00ed r\u00f3, eru betri en \u00f3p valdhafans me\u00f0al heimskingjanna.<a name=\"18\"><span class=\"versanumer\">18<\/span><\/a>Viska er betri en hervopn, en einn syndari spillir m\u00f6rgu g\u00f3\u00f0u.<\/p>\n<div class=\"footnote1981\"><b>9.1<\/b> \u00cd hendi Gu\u00f0s 5M\u00f3s 33.3; Slm 16.1; SSal 7.16<br \/>\n<b>9.2<\/b> R\u00e9ttl\u00e1tur og \u00f3gu\u00f0legur Pr\u00e9d 7.15+<br \/>\n<b>9.4<\/b> Hundur Slm 22.17; Okv 26.11; Matt 7.6; L\u00fak 16.21<br \/>\n<b>9.7<\/b> Nj\u00f3ta l\u00edfsins Pr\u00e9d 2.24+<br \/>\n<b>9.9<\/b> Konan, sem \u00fe\u00fa elskar Okv 5.18<br \/>\n<b>9.12<\/b> \u00deekkir ekki sinn t\u00edma L\u00fak 12.20<br \/>\n<b>9.16<\/b> Gildi spekinnar Okv 8.11+<\/div>\n","protected":false},"excerpt":{"rendered":"<p>1\u00d6llu \u00feessu veitti \u00e9g athygli, og allt \u00feetta reyndi \u00e9g a\u00f0 rannsaka: A\u00f0 hinir r\u00e9ttl\u00e1tu og vitru og verk \u00feeirra eru \u00ed hendi Gu\u00f0s. Hvorki elsku n\u00e9 hatur veit ma\u00f0urinn fyrir, allt liggur fram undan \u00feeim.2Allt getur alla hent, s\u00f6mu \u00f6rl\u00f6g m\u00e6ta r\u00e9ttl\u00e1tum og \u00f3gu\u00f0legum, g\u00f3\u00f0um og hreinum og \u00f3hreinum, \u00feeim er f\u00f3rnf\u00e6rir og \u00feeim er ekki f\u00f3rnf\u00e6rir. Hinum g\u00f3\u00f0a farnast eins og syndaranum, og \u00feeim er sver eins og \u00feeim er \u00f3ttast svardaga.3\u00dea\u00f0 er \u00f3kostur vi\u00f0 allt, sem vi\u00f0 ber undir s\u00f3linni, a\u00f0 s\u00f6mu \u00f6rl\u00f6g m\u00e6ta \u00f6llum, og \u00fev\u00ed fyllist hjarta mannanna illsku, og heimska r\u00edkir \u00ed hj\u00f6rtum \u00feeirra <a href=\"https:\/\/biblian.is\/1981\/predikarinn-9-kafli\/\"> [&#8230;]<\/a><\/p>\n","protected":false},"author":1,"featured_media":0,"parent":0,"menu_order":0,"comment_status":"open","ping_status":"open","template":"bibliukaflar.php","meta":{"footnotes":""},"class_list":["post-2015","page","type-page","status-publish","hentry"],"_links":{"self":[{"href":"https:\/\/biblian.is\/1981\/wp-json\/wp\/v2\/pages\/2015","targetHints":{"allow":["GET"]}}],"collection":[{"href":"https:\/\/biblian.is\/1981\/wp-json\/wp\/v2\/pages"}],"about":[{"href":"https:\/\/biblian.is\/1981\/wp-json\/wp\/v2\/types\/page"}],"author":[{"embeddable":true,"href":"https:\/\/biblian.is\/1981\/wp-json\/wp\/v2\/users\/1"}],"replies":[{"embeddable":true,"href":"https:\/\/biblian.is\/1981\/wp-json\/wp\/v2\/comments?post=2015"}],"version-history":[{"count":0,"href":"https:\/\/biblian.is\/1981\/wp-json\/wp\/v2\/pages\/2015\/revisions"}],"wp:attachment":[{"href":"https:\/\/biblian.is\/1981\/wp-json\/wp\/v2\/media?parent=2015"}],"curies":[{"name":"wp","href":"https:\/\/api.w.org\/{rel}","templated":true}]}}