{"id":2014,"date":"2017-11-18T20:19:44","date_gmt":"2017-11-18T20:19:44","guid":{"rendered":"http:\/\/biblian.is\/1981\/predikarinn-8-kafli\/"},"modified":"2021-06-06T11:05:14","modified_gmt":"2021-06-06T11:05:14","slug":"predikarinn-8-kafli","status":"publish","type":"page","link":"https:\/\/biblian.is\/1981\/predikarinn-8-kafli\/","title":{"rendered":"Pr\u00e9dikarinn 8. kafli"},"content":{"rendered":"<p><a name=\"1\"><span class=\"versanumer\">1<\/span><\/a>Hver er sem spekingurinn og hver skilur \u00fe\u00fd\u00f0ingu hlutanna? Speki mannsins h\u00fdrgar andlit hans, og harkan \u00ed svipnum breytist.<a name=\"2\"><span class=\"versanumer\">2<\/span><\/a>\u00c9g segi: Var\u00f0veit \u00fe\u00fa bo\u00f0 konungsins, og \u00fea\u00f0 vegna ei\u00f0sins vi\u00f0 Gu\u00f0.<a name=\"3\"><span class=\"versanumer\">3<\/span><\/a>Ver \u00fe\u00fa eigi flj\u00f3tur til a\u00f0 ganga burt fr\u00e1 honum, gef \u00feig eigi vi\u00f0 illu m\u00e1lefni. \u00dev\u00ed a\u00f0 hann gj\u00f6rir allt, sem hann vill,<a name=\"4\"><span class=\"versanumer\">4<\/span><\/a>af \u00fev\u00ed a\u00f0 konungsor\u00f0 er m\u00e1ttugt, og hver segir vi\u00f0 hann: Hva\u00f0 gj\u00f6rir \u00fe\u00fa?<a name=\"5\"><span class=\"versanumer\">5<\/span><\/a>S\u00e1 sem var\u00f0veitir skipunina, mun ekki kenna \u00e1 neinu illu, og hjarta viturs manns \u00feekkir t\u00edma og d\u00f3m.<a name=\"6\"><span class=\"versanumer\">6<\/span><\/a>\u00dev\u00ed a\u00f0 s\u00e9rhvert fyrirt\u00e6ki \u00e1 sinn t\u00edma og d\u00f3m, \u00fev\u00ed a\u00f0 b\u00f6l mannsins hv\u00edlir \u00feungt \u00e1 honum.<a name=\"7\"><span class=\"versanumer\">7<\/span><\/a>Hann veit ekki, hva\u00f0 ver\u00f0a muni, \u00fev\u00ed a\u00f0 hver segir honum, hvernig \u00fea\u00f0 muni ver\u00f0a?<a name=\"8\"><span class=\"versanumer\">8<\/span><\/a>Enginn ma\u00f0ur r\u00e6\u00f0ur yfir vindinum, svo a\u00f0 hann geti st\u00f6\u00f0va\u00f0 vindinn, og enginn ma\u00f0ur hefir vald yfir dau\u00f0adeginum, og enginn f\u00e6r sig lausan \u00far bardaganum, og \u00f3h\u00e6fan bjargar ekki \u00feeim, er hana fremur.<a name=\"9\"><span class=\"versanumer\">9<\/span><\/a>Allt \u00feetta hefi \u00e9g s\u00e9\u00f0, og \u00fea\u00f0 me\u00f0 \u00fev\u00ed a\u00f0 \u00e9g veitti athygli \u00f6llu \u00fev\u00ed, sem gj\u00f6rist undir s\u00f3linni, \u00feegar einn ma\u00f0urinn drottnar yfir \u00f6\u00f0rum honum til \u00f3g\u00e6fu.<a name=\"10\"><span class=\"versanumer\">10<\/span><\/a>\u00de\u00e1 hefi \u00e9g s\u00e9\u00f0 \u00f3gu\u00f0lega menn jar\u00f0a\u00f0a, en \u00feeir er gj\u00f6rt h\u00f6f\u00f0u \u00fea\u00f0 sem r\u00e9tt var, m\u00e1ttu fara burt fr\u00e1 hinum heilaga sta\u00f0 og gleymdust \u00ed borginni. Einnig \u00fea\u00f0 er h\u00e9g\u00f3mi.<a name=\"11\"><span class=\"versanumer\">11<\/span><\/a>Af \u00fev\u00ed a\u00f0 d\u00f3mi yfir verkum illskunnar er ekki fulln\u00e6gt \u00feegar \u00ed sta\u00f0, \u00fe\u00e1 svellur m\u00f6nnum m\u00f3\u00f0ur til \u00feess a\u00f0 gj\u00f6ra \u00fea\u00f0 sem illt er.<a name=\"12\"><span class=\"versanumer\">12<\/span><\/a>Syndarinn gj\u00f6rir \u00fea\u00f0 sem illt er hundra\u00f0 sinnum og ver\u00f0ur samt gamall, \u00fe\u00f3tt \u00e9g hins vegar viti, a\u00f0 gu\u00f0hr\u00e6ddum m\u00f6nnum, er \u00f3ttast Gu\u00f0, muni vel vegna.<a name=\"13\"><span class=\"versanumer\">13<\/span><\/a>En hinum gu\u00f0lausa mun ekki vel vegna, og hann mun ekki ver\u00f0a langl\u00edfur fremur en skugginn, af \u00fev\u00ed a\u00f0 hann \u00f3ttast ekki Gu\u00f0.<a name=\"14\"><span class=\"versanumer\">14<\/span><\/a>\u00dea\u00f0 er h\u00e9g\u00f3mi, sem gj\u00f6rist \u00e1 j\u00f6r\u00f0inni, a\u00f0 til eru r\u00e9ttl\u00e1tir menn, sem ver\u00f0a fyrir \u00fev\u00ed, er \u00f3gu\u00f0legir eiga skili\u00f0, og til eru \u00f3gu\u00f0legir menn, sem ver\u00f0a fyrir \u00fev\u00ed, er r\u00e9ttl\u00e1tir eiga skili\u00f0. \u00c9g sag\u00f0i: Einnig \u00fea\u00f0 er h\u00e9g\u00f3mi.<a name=\"15\"><span class=\"versanumer\">15<\/span><\/a>Fyrir \u00fev\u00ed lofa\u00f0i \u00e9g gle\u00f0ina, \u00fev\u00ed a\u00f0 ekkert betra er til fyrir manninn undir s\u00f3linni en a\u00f0 eta og drekka og vera gla\u00f0ur. Og \u00fea\u00f0 fylgi honum \u00ed striti hans um \u00e6vidagana, sem Gu\u00f0 hefir gefi\u00f0 honum undir s\u00f3linni.<a name=\"16\"><span class=\"versanumer\">16<\/span><\/a>\u00deegar \u00e9g lag\u00f0i allan hug \u00e1 a\u00f0 kynna m\u00e9r speki og a\u00f0 sj\u00e1 \u00fea\u00f0 starf, sem frami\u00f0 er \u00e1 j\u00f6r\u00f0inni \u00fev\u00ed a\u00f0 hvorki dag n\u00e9 n\u00f3tt kemur manni blundur \u00e1 auga<a name=\"17\"><span class=\"versanumer\">17<\/span><\/a>\u00fe\u00e1 s\u00e1 \u00e9g, a\u00f0 ma\u00f0urinn getur ekki skili\u00f0 til fulls allt Gu\u00f0s verk, \u00fea\u00f0 verk sem gj\u00f6rist undir s\u00f3linni, \u00fev\u00ed a\u00f0 hversu mj\u00f6g sem ma\u00f0urinn gj\u00f6rir s\u00e9r far um a\u00f0 leita, f\u00e6r hann \u00fe\u00f3 ekki skili\u00f0 \u00fea\u00f0 til fulls, og enda \u00fe\u00f3tt spekingurinn hyggist a\u00f0 \u00feekkja \u00fea\u00f0, \u00fe\u00e1 f\u00e6r hann eigi skili\u00f0 \u00fea\u00f0 til fulls.<\/p>\n<div class=\"footnote1981\"><b>8.2<\/b> Bo\u00f0 konungsins R\u00f3m 13.1<br \/>\n<b>8.5<\/b> Var\u00f0veita skipunina Pr\u00e9d 12.13; Okv 19.16<br \/>\n<b>8.7<\/b> Ma\u00f0urinn veit ekki Pr\u00e9d 3.11+<br \/>\n<b>8.8<\/b> Vald yfir dau\u00f0anum SSal 2.1<br \/>\n<b>8.12-13<\/b> \u00d3ttast Gu\u00f0 Okv 10.27+ &#8211; og vegna vel Slm 73<br \/>\n<b>8.14<\/b> R\u00e9ttl\u00e1tir og rangl\u00e1tir Pr\u00e9d 7.15+<br \/>\n<b>8.15<\/b> Nj\u00f3ta l\u00edfsins Pr\u00e9d 2.24+<br \/>\n<b>8.17<\/b> Skilja verk Gu\u00f0s Pr\u00e9d 3.11+<\/div>\n","protected":false},"excerpt":{"rendered":"<p>1Hver er sem spekingurinn og hver skilur \u00fe\u00fd\u00f0ingu hlutanna? Speki mannsins h\u00fdrgar andlit hans, og harkan \u00ed svipnum breytist.2\u00c9g segi: Var\u00f0veit \u00fe\u00fa bo\u00f0 konungsins, og \u00fea\u00f0 vegna ei\u00f0sins vi\u00f0 Gu\u00f0.3Ver \u00fe\u00fa eigi flj\u00f3tur til a\u00f0 ganga burt fr\u00e1 honum, gef \u00feig eigi vi\u00f0 illu m\u00e1lefni. \u00dev\u00ed a\u00f0 hann gj\u00f6rir allt, sem hann vill,4af \u00fev\u00ed a\u00f0 konungsor\u00f0 er m\u00e1ttugt, og hver segir vi\u00f0 hann: Hva\u00f0 gj\u00f6rir \u00fe\u00fa?5S\u00e1 sem var\u00f0veitir skipunina, mun ekki kenna \u00e1 neinu illu, og hjarta viturs manns \u00feekkir t\u00edma og d\u00f3m.6\u00dev\u00ed a\u00f0 s\u00e9rhvert fyrirt\u00e6ki \u00e1 sinn t\u00edma og d\u00f3m, \u00fev\u00ed a\u00f0 b\u00f6l mannsins hv\u00edlir \u00feungt \u00e1 honum.7Hann veit <a href=\"https:\/\/biblian.is\/1981\/predikarinn-8-kafli\/\"> [&#8230;]<\/a><\/p>\n","protected":false},"author":1,"featured_media":0,"parent":0,"menu_order":0,"comment_status":"open","ping_status":"open","template":"bibliukaflar.php","meta":{"footnotes":""},"class_list":["post-2014","page","type-page","status-publish","hentry"],"_links":{"self":[{"href":"https:\/\/biblian.is\/1981\/wp-json\/wp\/v2\/pages\/2014","targetHints":{"allow":["GET"]}}],"collection":[{"href":"https:\/\/biblian.is\/1981\/wp-json\/wp\/v2\/pages"}],"about":[{"href":"https:\/\/biblian.is\/1981\/wp-json\/wp\/v2\/types\/page"}],"author":[{"embeddable":true,"href":"https:\/\/biblian.is\/1981\/wp-json\/wp\/v2\/users\/1"}],"replies":[{"embeddable":true,"href":"https:\/\/biblian.is\/1981\/wp-json\/wp\/v2\/comments?post=2014"}],"version-history":[{"count":0,"href":"https:\/\/biblian.is\/1981\/wp-json\/wp\/v2\/pages\/2014\/revisions"}],"wp:attachment":[{"href":"https:\/\/biblian.is\/1981\/wp-json\/wp\/v2\/media?parent=2014"}],"curies":[{"name":"wp","href":"https:\/\/api.w.org\/{rel}","templated":true}]}}