{"id":2013,"date":"2017-11-18T20:19:44","date_gmt":"2017-11-18T20:19:44","guid":{"rendered":"http:\/\/biblian.is\/1981\/predikarinn-7-kafli\/"},"modified":"2021-06-06T11:05:13","modified_gmt":"2021-06-06T11:05:13","slug":"predikarinn-7-kafli","status":"publish","type":"page","link":"https:\/\/biblian.is\/1981\/predikarinn-7-kafli\/","title":{"rendered":"Pr\u00e9dikarinn 7. kafli"},"content":{"rendered":"<p><a name=\"1\"><span class=\"versanumer\">1<\/span><\/a>Betra er gott mannor\u00f0 en g\u00f3\u00f0 ilmsmyrsl og dau\u00f0adagur betri en f\u00e6\u00f0ingardagur.<a name=\"2\"><span class=\"versanumer\">2<\/span><\/a>Betra er a\u00f0 ganga \u00ed sorgarh\u00fas en a\u00f0 ganga \u00ed veislusal, \u00fev\u00ed a\u00f0 \u00fea\u00f0 eru endalok s\u00e9rhvers manns, og s\u00e1 sem lifir, hugfestir \u00fea\u00f0.<a name=\"3\"><span class=\"versanumer\">3<\/span><\/a>Betri er hrygg\u00f0 en hl\u00e1tur, \u00fev\u00ed a\u00f0 \u00feegar andliti\u00f0 er dapurt, l\u00ed\u00f0ur hjartanu vel.<a name=\"4\"><span class=\"versanumer\">4<\/span><\/a>Hjarta spekinganna er \u00ed sorgarh\u00fasi, en hjarta heimskingjanna \u00ed gle\u00f0ih\u00fasi.<a name=\"5\"><span class=\"versanumer\">5<\/span><\/a>Betra er a\u00f0 hl\u00fd\u00f0a \u00e1 \u00e1v\u00edtur viturs manns en \u00e1 s\u00f6ng heimskra manna.<a name=\"6\"><span class=\"versanumer\">6<\/span><\/a>\u00dev\u00ed a\u00f0 hl\u00e1tur heimskingjans er eins og \u00feegar snarkar \u00ed \u00feyrnum undir potti. Einnig \u00fea\u00f0 er h\u00e9g\u00f3mi.<a name=\"7\"><span class=\"versanumer\">7<\/span><\/a>K\u00fagun gj\u00f6rir vitran mann a\u00f0 heimskingja, og m\u00fatur spilla hjartanu.<a name=\"8\"><span class=\"versanumer\">8<\/span><\/a>Betri er endir m\u00e1ls en upphaf, betri er \u00feolinm\u00f3\u00f0ur ma\u00f0ur en \u00fe\u00f3ttafullur.<a name=\"9\"><span class=\"versanumer\">9<\/span><\/a>Ver \u00fe\u00fa eigi flj\u00f3tur til a\u00f0 l\u00e1ta \u00fe\u00e9r gremjast, \u00fev\u00ed a\u00f0 gremja hv\u00edlir \u00ed brj\u00f3sti heimskra manna.<a name=\"10\"><span class=\"versanumer\">10<\/span><\/a>Seg ekki: Hvernig stendur \u00e1 \u00fev\u00ed, a\u00f0 hinir fyrri dagar voru betri en \u00feessir? \u00dev\u00ed a\u00f0 eigi er \u00fea\u00f0 af skynsemi, a\u00f0 \u00fe\u00fa spyr um \u00fea\u00f0.<a name=\"11\"><span class=\"versanumer\">11<\/span><\/a>Speki er eins g\u00f3\u00f0 og \u00f3\u00f0al, og \u00e1vinningur fyrir \u00fe\u00e1 sem s\u00f3lina l\u00edta.<a name=\"12\"><span class=\"versanumer\">12<\/span><\/a>\u00dev\u00ed a\u00f0 spekin veitir fors\u00e6lu eins og silfri\u00f0 veitir fors\u00e6lu, en yfirbur\u00f0ir \u00feekkingarinnar eru \u00feeir, a\u00f0 spekin heldur l\u00edfinu \u00ed \u00feeim sem hana \u00e1.<a name=\"13\"><span class=\"versanumer\">13<\/span><\/a>Sko\u00f0a \u00fe\u00fa verk Gu\u00f0s. Hver getur gj\u00f6rt \u00fea\u00f0 beint, er hann hefir gj\u00f6rt bogi\u00f0?<a name=\"14\"><span class=\"versanumer\">14<\/span><\/a>Ver \u00fe\u00fa \u00ed g\u00f3\u00f0u skapi \u00e1 hinum g\u00f3\u00f0a degi, og huglei\u00f0 \u00feetta \u00e1 hinum vonda degi: Gu\u00f0 hefir gj\u00f6rt \u00feennan alveg eins og hinn, til \u00feess a\u00f0 ma\u00f0urinn ver\u00f0i einskis v\u00edsari um \u00fea\u00f0 sem s\u00ed\u00f0ar kemur.<a name=\"15\"><span class=\"versanumer\">15<\/span><\/a>Allt hefi \u00e9g s\u00e9\u00f0 \u00e1 m\u00ednum f\u00e1n\u00fdtu \u00e6vid\u00f6gum: Margur r\u00e9ttl\u00e1tur ma\u00f0ur ferst \u00ed r\u00e9ttl\u00e6ti s\u00ednu, og margur gu\u00f0laus ma\u00f0ur lifir lengi \u00ed illsku sinni.<a name=\"16\"><span class=\"versanumer\">16<\/span><\/a>Ver \u00fe\u00fa ekki of r\u00e9ttl\u00e1tur og s\u00fdn \u00feig ekki fr\u00e1b\u00e6rlega vitran hv\u00ed vilt \u00fe\u00fa tort\u00edma sj\u00e1lfum \u00fe\u00e9r?<a name=\"17\"><span class=\"versanumer\">17<\/span><\/a>Breyttu eigi of \u00f3gu\u00f0lega og ver \u00fe\u00fa eigi heimskingi hv\u00ed vilt \u00fe\u00fa deyja \u00e1\u00f0ur en \u00feinn t\u00edmi er kominn?<a name=\"18\"><span class=\"versanumer\">18<\/span><\/a>\u00dea\u00f0 er gott, a\u00f0 \u00fe\u00fa s\u00e9rt fastheldinn vi\u00f0 \u00feetta, en sleppir \u00fe\u00f3 ekki hendinni af hinu, \u00fev\u00ed a\u00f0 s\u00e1 sem \u00f3ttast Gu\u00f0, kemst hj\u00e1 \u00fev\u00ed \u00f6llu.<a name=\"19\"><span class=\"versanumer\">19<\/span><\/a>Spekin veitir vitrum manni meiri kraft en t\u00edu valdhafar, sem eru \u00ed borginni.<a name=\"20\"><span class=\"versanumer\">20<\/span><\/a>Enginn r\u00e9ttl\u00e1tur ma\u00f0ur er til \u00e1 j\u00f6r\u00f0inni, er gj\u00f6rt hafi gott eitt og aldrei syndga\u00f0.<a name=\"21\"><span class=\"versanumer\">21<\/span><\/a>Gef \u00fe\u00fa heldur ekki gaum \u00f6llum \u00feeim or\u00f0um sem t\u00f6lu\u00f0 eru, til \u00feess a\u00f0 \u00fe\u00fa heyrir eigi \u00fej\u00f3n \u00feinn b\u00f6lva \u00fe\u00e9r.<a name=\"22\"><span class=\"versanumer\">22<\/span><\/a>\u00dev\u00ed a\u00f0 \u00fe\u00fa ert \u00fe\u00e9r \u00feess me\u00f0vitandi, a\u00f0 \u00fe\u00fa hefir og sj\u00e1lfur oftsinnis b\u00f6lva\u00f0 \u00f6\u00f0rum.<a name=\"23\"><span class=\"versanumer\">23<\/span><\/a>Allt \u00feetta hefi \u00e9g rannsaka\u00f0 me\u00f0 speki. \u00c9g hugsa\u00f0i: \u00c9g vil ver\u00f0a vitur, en spekin er fjarl\u00e6g m\u00e9r.<a name=\"24\"><span class=\"versanumer\">24<\/span><\/a>Fjarl\u00e6gt er \u00fea\u00f0, sem er, og dj\u00fapt, j\u00e1 dj\u00fapt. Hver getur fundi\u00f0 \u00fea\u00f0?<a name=\"25\"><span class=\"versanumer\">25<\/span><\/a>\u00c9g sneri m\u00e9r og beindi huga m\u00ednum a\u00f0 \u00fev\u00ed a\u00f0 \u00feekkja og rannsaka og leita visku og hygginda og a\u00f0 gera m\u00e9r lj\u00f3st, a\u00f0 gu\u00f0leysi er heimska og heimska vitleysa.<a name=\"26\"><span class=\"versanumer\">26<\/span><\/a>Og \u00e9g fann a\u00f0 konan er bitrari en dau\u00f0inn, \u00fev\u00ed a\u00f0 h\u00fan er net og hjarta hennar snara, hendur hennar fj\u00f6trar. S\u00e1 sem Gu\u00f0i \u00fe\u00f3knast, kemst undan henni, en syndarinn ver\u00f0ur fanginn af henni.<a name=\"27\"><span class=\"versanumer\">27<\/span><\/a>Sj\u00e1, \u00feetta hefi \u00e9g fundi\u00f0, segir pr\u00e9dikarinn, me\u00f0 \u00fev\u00ed a\u00f0 leggja eitt vi\u00f0 anna\u00f0 til \u00feess a\u00f0 komast a\u00f0 hyggindum.<a name=\"28\"><span class=\"versanumer\">28<\/span><\/a>\u00dea\u00f0 sem \u00e9g hefi st\u00f6\u00f0ugt leita\u00f0 a\u00f0, en ekki fundi\u00f0, \u00fea\u00f0 er \u00feetta: Einn mann af \u00fe\u00fasundi hefi \u00e9g fundi\u00f0, en konu \u00e1 me\u00f0al allra \u00feessara hefi \u00e9g ekki fundi\u00f0.<a name=\"29\"><span class=\"versanumer\">29<\/span><\/a>Sj\u00e1, \u00feetta eitt hefi \u00e9g fundi\u00f0, a\u00f0 Gu\u00f0 hefir skapa\u00f0 manninn beinan, en \u00feeir leita margra brag\u00f0a.<\/p>\n<div class=\"footnote1981\"><b>7.1<\/b> Mannor\u00f0 Okv 22.1; S\u00edr 41.12<br \/>\n<b>7.4<\/b> Sorg og gle\u00f0i sbr Slm 126.5; L\u00fak 6.25<br \/>\n<b>7.9<\/b> Gremja Jak 1.19-20<br \/>\n<b>7.11<\/b> Gildi spekinnar Okv 8.11+<br \/>\n<b>7.13<\/b> Verk Gu\u00f0s Pr\u00e9d 3.11+<br \/>\n<b>7.14<\/b> G\u00f3\u00f0ur dagur og illur dagur Job 2.10<br \/>\n<b>7.15<\/b> R\u00e9ttl\u00e1tur, gu\u00f0laus Pr\u00e9d 8.14; 9.2; sbr 3.17; 8.12-13<br \/>\n<b>7.20<\/b> Enginn r\u00e9ttl\u00e1tur Slm 143.2; Job 4.17; Okv 20.9; S\u00edr 8.5; R\u00f3m 3.20; J\u00f3h 1.8<br \/>\n<b>7.26<\/b> Konan er gildra Okv 22.14; sbr Okv 2.16+<\/div>\n","protected":false},"excerpt":{"rendered":"<p>1Betra er gott mannor\u00f0 en g\u00f3\u00f0 ilmsmyrsl og dau\u00f0adagur betri en f\u00e6\u00f0ingardagur.2Betra er a\u00f0 ganga \u00ed sorgarh\u00fas en a\u00f0 ganga \u00ed veislusal, \u00fev\u00ed a\u00f0 \u00fea\u00f0 eru endalok s\u00e9rhvers manns, og s\u00e1 sem lifir, hugfestir \u00fea\u00f0.3Betri er hrygg\u00f0 en hl\u00e1tur, \u00fev\u00ed a\u00f0 \u00feegar andliti\u00f0 er dapurt, l\u00ed\u00f0ur hjartanu vel.4Hjarta spekinganna er \u00ed sorgarh\u00fasi, en hjarta heimskingjanna \u00ed gle\u00f0ih\u00fasi.5Betra er a\u00f0 hl\u00fd\u00f0a \u00e1 \u00e1v\u00edtur viturs manns en \u00e1 s\u00f6ng heimskra manna.6\u00dev\u00ed a\u00f0 hl\u00e1tur heimskingjans er eins og \u00feegar snarkar \u00ed \u00feyrnum undir potti. Einnig \u00fea\u00f0 er h\u00e9g\u00f3mi.7K\u00fagun gj\u00f6rir vitran mann a\u00f0 heimskingja, og m\u00fatur spilla hjartanu.8Betri er endir m\u00e1ls en upphaf, betri <a href=\"https:\/\/biblian.is\/1981\/predikarinn-7-kafli\/\"> [&#8230;]<\/a><\/p>\n","protected":false},"author":1,"featured_media":0,"parent":0,"menu_order":0,"comment_status":"open","ping_status":"open","template":"bibliukaflar.php","meta":{"footnotes":""},"class_list":["post-2013","page","type-page","status-publish","hentry"],"_links":{"self":[{"href":"https:\/\/biblian.is\/1981\/wp-json\/wp\/v2\/pages\/2013","targetHints":{"allow":["GET"]}}],"collection":[{"href":"https:\/\/biblian.is\/1981\/wp-json\/wp\/v2\/pages"}],"about":[{"href":"https:\/\/biblian.is\/1981\/wp-json\/wp\/v2\/types\/page"}],"author":[{"embeddable":true,"href":"https:\/\/biblian.is\/1981\/wp-json\/wp\/v2\/users\/1"}],"replies":[{"embeddable":true,"href":"https:\/\/biblian.is\/1981\/wp-json\/wp\/v2\/comments?post=2013"}],"version-history":[{"count":0,"href":"https:\/\/biblian.is\/1981\/wp-json\/wp\/v2\/pages\/2013\/revisions"}],"wp:attachment":[{"href":"https:\/\/biblian.is\/1981\/wp-json\/wp\/v2\/media?parent=2013"}],"curies":[{"name":"wp","href":"https:\/\/api.w.org\/{rel}","templated":true}]}}