{"id":2012,"date":"2017-11-18T20:19:44","date_gmt":"2017-11-18T20:19:44","guid":{"rendered":"http:\/\/biblian.is\/1981\/predikarinn-6-kafli\/"},"modified":"2021-06-06T11:05:13","modified_gmt":"2021-06-06T11:05:13","slug":"predikarinn-6-kafli","status":"publish","type":"page","link":"https:\/\/biblian.is\/1981\/predikarinn-6-kafli\/","title":{"rendered":"Pr\u00e9dikarinn 6. kafli"},"content":{"rendered":"<p><a name=\"1\"><span class=\"versanumer\">1<\/span><\/a>Til er b\u00f6l, sem \u00e9g hefi s\u00e9\u00f0 undir s\u00f3linni, og \u00fea\u00f0 liggur \u00feungt \u00e1 m\u00f6nnunum:<a name=\"2\"><span class=\"versanumer\">2<\/span><\/a>\u00deegar Gu\u00f0 gefur einhverjum manni r\u00edkid\u00e6mi, au\u00f0\u00e6fi og hei\u00f0ur, svo a\u00f0 hann skortir ekkert af \u00fev\u00ed er hann girnist, en Gu\u00f0 gj\u00f6rir hann ekki f\u00e6ran um a\u00f0 nj\u00f3ta \u00feess, heldur n\u00fdtur annar ma\u00f0ur \u00feess \u00fea\u00f0 er h\u00e9g\u00f3mi og vond \u00fej\u00e1ning.<a name=\"3\"><span class=\"versanumer\">3<\/span><\/a>\u00de\u00f3tt einhver eigna\u00f0ist hundra\u00f0 b\u00f6rn og lif\u00f0i m\u00f6rg \u00e1r, og \u00e6vidagar hans yr\u00f0u margir, en s\u00e1l hans metta\u00f0ist ekki af g\u00e6\u00f0um og hann fengi heldur enga greftrun, \u00fe\u00e1 segi \u00e9g: \u00d3t\u00edmabur\u00f0urinn er s\u00e6lli en hann.<a name=\"4\"><span class=\"versanumer\">4<\/span><\/a>\u00dev\u00ed a\u00f0 hann er kominn \u00ed h\u00e9g\u00f3ma og fer burt \u00ed myrkur, og nafn hans er myrkri huli\u00f0.<a name=\"5\"><span class=\"versanumer\">5<\/span><\/a>Hann hefir ekki heldur s\u00e9\u00f0 s\u00f3lina n\u00e9 \u00feekkt hana, hann hefir meiri r\u00f3 en hinn.<a name=\"6\"><span class=\"versanumer\">6<\/span><\/a>Og \u00fe\u00f3tt hann lifi tvenn \u00fe\u00fasund \u00e1r, en nj\u00f3ti einskis fagna\u00f0ar, fer ekki allt s\u00f6mu lei\u00f0ina?<a name=\"7\"><span class=\"versanumer\">7<\/span><\/a>Allt strit mannsins er fyrir munn hans, og \u00fe\u00f3 se\u00f0st girndin aldrei.<a name=\"8\"><span class=\"versanumer\">8<\/span><\/a>\u00dev\u00ed a\u00f0 hva\u00f0a yfirbur\u00f0i hefir spekingurinn fram yfir heimskingjann? hva\u00f0a yfirbur\u00f0i hinn snau\u00f0i, er kann a\u00f0 ganga frammi fyrir \u00feeim sem lifa?<a name=\"9\"><span class=\"versanumer\">9<\/span><\/a>Betri er sj\u00f3n augnanna en reik girndarinnar. Einnig \u00fea\u00f0 er h\u00e9g\u00f3mi og eftirs\u00f3kn eftir vindi.<a name=\"10\"><span class=\"versanumer\">10<\/span><\/a>\u00dea\u00f0 sem vi\u00f0 ber, hefir fyrir l\u00f6ngu hloti\u00f0 nafn sitt, og \u00fea\u00f0 er \u00e1kve\u00f0i\u00f0, hva\u00f0 menn eiga a\u00f0 ver\u00f0a, og ma\u00f0urinn getur ekki deilt vi\u00f0 \u00feann sem honum er m\u00e1ttkari.<a name=\"11\"><span class=\"versanumer\">11<\/span><\/a>Og \u00fe\u00f3tt til s\u00e9u m\u00f6rg or\u00f0, sem auka h\u00e9g\u00f3mann hva\u00f0 er ma\u00f0urinn a\u00f0 b\u00e6ttari?<a name=\"12\"><span class=\"versanumer\">12<\/span><\/a>\u00dev\u00ed a\u00f0 hver veit, hva\u00f0 gott er fyrir manninn \u00ed l\u00edfinu, alla daga hans f\u00e1n\u00fdta l\u00edfs, er hann lifir sem skuggi? \u00dev\u00ed a\u00f0 hver segir manninum, hva\u00f0 bera muni vi\u00f0 eftir hans dag undir s\u00f3linni?<\/p>\n<div class=\"footnote1981\"><b>6.2<\/b> Annar n\u00fdtur S\u00edr 14.-4; L\u00fak 12.20<br \/>\n<b>6.3<\/b> \u00d3t\u00edmabur\u00f0urinn s\u00e6lli Pr\u00e9d 4.3+<br \/>\n<b>6.6<\/b> Sama veg S\u00edr 41.4; sbr Pr\u00e9d 3.20+<br \/>\n<b>6.9<\/b> H\u00e9g\u00f3mi Pr\u00e9d 1.14+<br \/>\n<b>6.10<\/b> Deila vi\u00f0 Gu\u00f0 Job 9.14+<br \/>\n<b>6.11<\/b> Or\u00f0agj\u00e1lfur sbr Okv 13.3+<br \/>\n<b>6.12<\/b> Hver veit? Pr\u00e9d 3.11+ &#8211; sem skuggi Slm 102.12; 109.23; Job 14.2+<\/div>\n","protected":false},"excerpt":{"rendered":"<p>1Til er b\u00f6l, sem \u00e9g hefi s\u00e9\u00f0 undir s\u00f3linni, og \u00fea\u00f0 liggur \u00feungt \u00e1 m\u00f6nnunum:2\u00deegar Gu\u00f0 gefur einhverjum manni r\u00edkid\u00e6mi, au\u00f0\u00e6fi og hei\u00f0ur, svo a\u00f0 hann skortir ekkert af \u00fev\u00ed er hann girnist, en Gu\u00f0 gj\u00f6rir hann ekki f\u00e6ran um a\u00f0 nj\u00f3ta \u00feess, heldur n\u00fdtur annar ma\u00f0ur \u00feess \u00fea\u00f0 er h\u00e9g\u00f3mi og vond \u00fej\u00e1ning.3\u00de\u00f3tt einhver eigna\u00f0ist hundra\u00f0 b\u00f6rn og lif\u00f0i m\u00f6rg \u00e1r, og \u00e6vidagar hans yr\u00f0u margir, en s\u00e1l hans metta\u00f0ist ekki af g\u00e6\u00f0um og hann fengi heldur enga greftrun, \u00fe\u00e1 segi \u00e9g: \u00d3t\u00edmabur\u00f0urinn er s\u00e6lli en hann.4\u00dev\u00ed a\u00f0 hann er kominn \u00ed h\u00e9g\u00f3ma og fer burt \u00ed myrkur, og <a href=\"https:\/\/biblian.is\/1981\/predikarinn-6-kafli\/\"> [&#8230;]<\/a><\/p>\n","protected":false},"author":1,"featured_media":0,"parent":0,"menu_order":0,"comment_status":"open","ping_status":"open","template":"bibliukaflar.php","meta":{"footnotes":""},"class_list":["post-2012","page","type-page","status-publish","hentry"],"_links":{"self":[{"href":"https:\/\/biblian.is\/1981\/wp-json\/wp\/v2\/pages\/2012","targetHints":{"allow":["GET"]}}],"collection":[{"href":"https:\/\/biblian.is\/1981\/wp-json\/wp\/v2\/pages"}],"about":[{"href":"https:\/\/biblian.is\/1981\/wp-json\/wp\/v2\/types\/page"}],"author":[{"embeddable":true,"href":"https:\/\/biblian.is\/1981\/wp-json\/wp\/v2\/users\/1"}],"replies":[{"embeddable":true,"href":"https:\/\/biblian.is\/1981\/wp-json\/wp\/v2\/comments?post=2012"}],"version-history":[{"count":0,"href":"https:\/\/biblian.is\/1981\/wp-json\/wp\/v2\/pages\/2012\/revisions"}],"wp:attachment":[{"href":"https:\/\/biblian.is\/1981\/wp-json\/wp\/v2\/media?parent=2012"}],"curies":[{"name":"wp","href":"https:\/\/api.w.org\/{rel}","templated":true}]}}