{"id":2011,"date":"2017-11-18T20:19:44","date_gmt":"2017-11-18T20:19:44","guid":{"rendered":"http:\/\/biblian.is\/1981\/predikarinn-5-kafli\/"},"modified":"2021-06-06T11:05:12","modified_gmt":"2021-06-06T11:05:12","slug":"predikarinn-5-kafli","status":"publish","type":"page","link":"https:\/\/biblian.is\/1981\/predikarinn-5-kafli\/","title":{"rendered":"Pr\u00e9dikarinn 5. kafli"},"content":{"rendered":"<p><a name=\"1\"><span class=\"versanumer\">1<\/span><\/a>&#8222;Haf g\u00e1t \u00e1 f\u00e6ti \u00fe\u00ednum \u00feegar \u00fe\u00fa gengur \u00ed Gu\u00f0s h\u00fas, \u00fev\u00ed a\u00f0 \u00fea\u00f0 er betra a\u00f0 koma \u00feanga\u00f0 til \u00feess a\u00f0 heyra, heldur en a\u00f0 heimskingjar f\u00e6ri sl\u00e1turf\u00f3rn; \u00fev\u00ed a\u00f0 \u00feeir vita ekkert og gj\u00f6ra \u00fea\u00f0 sem illt er.&#8220;<a name=\"2\"><span class=\"versanumer\">2<\/span><\/a>Vertu ekki of munnhvatur, og hjarta \u00feitt hra\u00f0i s\u00e9r ekki a\u00f0 m\u00e6la or\u00f0 frammi fyrir Gu\u00f0i, \u00fev\u00ed a\u00f0 Gu\u00f0 er \u00e1 himnum, en \u00fe\u00fa \u00e1 j\u00f6r\u00f0u, ver \u00fev\u00ed eigi margor\u00f0ur.<a name=\"3\"><span class=\"versanumer\">3<\/span><\/a>\u00dev\u00ed a\u00f0 draumar koma, \u00fear sem \u00e1hyggjurnar eru miklar, og heimskutal, \u00fear sem m\u00f6rg or\u00f0 eru vi\u00f0h\u00f6f\u00f0.<a name=\"4\"><span class=\"versanumer\">4<\/span><\/a>\u00deegar \u00fe\u00fa gj\u00f6rir Gu\u00f0i heit, \u00fe\u00e1 fresta \u00fe\u00fa eigi a\u00f0 efna \u00fea\u00f0, \u00fev\u00ed a\u00f0 hann hefir eigi vel\u00fe\u00f3knun \u00e1 heimskingjum. Efn \u00fea\u00f0 er \u00fe\u00fa heitir.<a name=\"5\"><span class=\"versanumer\">5<\/span><\/a>Betra er a\u00f0 \u00fe\u00fa heitir engu en a\u00f0 \u00fe\u00fa heitir og efnir ekki.<a name=\"6\"><span class=\"versanumer\">6<\/span><\/a>Leyf eigi munni \u00fe\u00ednum a\u00f0 baka l\u00edkama \u00fe\u00ednum sekt og seg eigi vi\u00f0 sendibo\u00f0ann: \u00dea\u00f0 var flj\u00f3tf\u00e6rni! Hvers vegna \u00e1 Gu\u00f0 a\u00f0 rei\u00f0ast tali \u00fe\u00ednu og skemma verk handa \u00feinna?<a name=\"7\"><span class=\"versanumer\">7<\/span><\/a>\u00dev\u00ed a\u00f0 \u00fear sem miki\u00f0 er um drauma og or\u00f0, \u00fear er og mikill h\u00e9g\u00f3mi. \u00d3ttastu heldur Gu\u00f0!<a name=\"8\"><span class=\"versanumer\">8<\/span><\/a>Sj\u00e1ir \u00fe\u00fa hinn snau\u00f0a undiroka\u00f0an og a\u00f0 r\u00e9tti og r\u00e9ttl\u00e6ti er r\u00e6nt \u00ed h\u00e9ra\u00f0inu, \u00fe\u00e1 fur\u00f0a \u00fe\u00fa \u00feig ekki \u00e1 \u00fev\u00ed ath\u00e6fi, \u00fev\u00ed a\u00f0 h\u00e1r vakir yfir h\u00e1um og hinn h\u00e6sti yfir \u00feeim \u00f6llum.<a name=\"9\"><span class=\"versanumer\">9<\/span><\/a>Konungur, sem gefinn er fyrir jar\u00f0yrkju, er \u00ed alla sta\u00f0i \u00e1vinningur fyrir land.<a name=\"10\"><span class=\"versanumer\">10<\/span><\/a>S\u00e1 sem elskar peninga, ver\u00f0ur aldrei saddur af peningum, og s\u00e1 sem elskar au\u00f0inn, hefir ekki gagn af honum. Einnig \u00fea\u00f0 er h\u00e9g\u00f3mi.<a name=\"11\"><span class=\"versanumer\">11<\/span><\/a>\u00dear sem eigurnar vaxa, \u00fear fj\u00f6lgar og \u00feeim er ey\u00f0a \u00feeim, og hva\u00f0a \u00e1bata hefir eigandinn af \u00feeim annan en a\u00f0 horfa \u00e1 \u00fe\u00e6r?<a name=\"12\"><span class=\"versanumer\">12<\/span><\/a>S\u00e6tur er svefninn \u00feeim sem erfi\u00f0ar, hvort sem hann etur l\u00edti\u00f0 e\u00f0a miki\u00f0, en offylli hins au\u00f0uga l\u00e6tur hann eigi hafa fri\u00f0 til a\u00f0 sofa.<a name=\"13\"><span class=\"versanumer\">13<\/span><\/a>Til er sl\u00e6mt b\u00f6l, sem \u00e9g hefi s\u00e9\u00f0 undir s\u00f3linni: au\u00f0ur sem eigandinn var\u00f0veitir sj\u00e1lfum s\u00e9r til \u00f3g\u00e6fu.<a name=\"14\"><span class=\"versanumer\">14<\/span><\/a>Missist \u00feessi au\u00f0ur fyrir slys, og hafi eigandinn eignast son, \u00fe\u00e1 ver\u00f0ur ekkert til handa honum.<a name=\"15\"><span class=\"versanumer\">15<\/span><\/a>Eins og hann kom af m\u00f3\u00f0url\u00edfi, svo mun hann nakinn fara burt aftur eins og hann kom, og hann mun ekkert \u00e1 burt hafa fyrir strit sitt, \u00fea\u00f0 er hann taki me\u00f0 s\u00e9r \u00ed hendi s\u00e9r.<a name=\"16\"><span class=\"versanumer\">16<\/span><\/a>Einnig \u00fea\u00f0 er sl\u00e6mt b\u00f6l: Me\u00f0 \u00f6llu svo sem hann kom mun hann aftur fara, og hva\u00f0a \u00e1vinning hefir hann af \u00fev\u00ed, a\u00f0 hann stritar \u00fat \u00ed ve\u00f0ur og vind?<a name=\"17\"><span class=\"versanumer\">17<\/span><\/a>Auk \u00feess elur hann allan aldur sinn \u00ed myrkri og vi\u00f0 sorg og mikla gremju og \u00fej\u00e1ning og rei\u00f0i.<a name=\"18\"><span class=\"versanumer\">18<\/span><\/a>Sj\u00e1, \u00fea\u00f0 sem \u00e9g hefi s\u00e9\u00f0, a\u00f0 er gott og fagurt, \u00fea\u00f0 er, a\u00f0 ma\u00f0urinn eti og drekki og nj\u00f3ti fagna\u00f0ar af \u00f6llu striti s\u00ednu, \u00fev\u00ed er hann streitist vi\u00f0 undir s\u00f3linni alla \u00e6vidaga s\u00edna, \u00fe\u00e1 er Gu\u00f0 gefur honum, \u00fev\u00ed a\u00f0 \u00fea\u00f0 er hlutdeild hans.<a name=\"19\"><span class=\"versanumer\">19<\/span><\/a>Og \u00feegar Gu\u00f0 gefur einhverjum manni r\u00edkid\u00e6mi og au\u00f0\u00e6fi og gj\u00f6rir hann f\u00e6ran um a\u00f0 nj\u00f3ta \u00feess og taka hlutdeild s\u00edna og a\u00f0 gle\u00f0jast yfir starfi s\u00ednu, \u00fe\u00e1 er og \u00fea\u00f0 Gu\u00f0s gj\u00f6f.<a name=\"20\"><span class=\"versanumer\">20<\/span><\/a>\u00dev\u00ed a\u00f0 sl\u00edkur ma\u00f0ur hugsar ekki miki\u00f0 um \u00e6vidaga l\u00edfs s\u00edns, me\u00f0an Gu\u00f0 l\u00e6tur hann hafa n\u00f3g a\u00f0 s\u00fdsla vi\u00f0 f\u00f6gnu\u00f0 hjarta s\u00edns.<\/p>\n<div class=\"footnote1981\"><b>5.1<\/b> Gu\u00f0 \u00e1 himnum 5M\u00f3s 4.39; J\u00f3s 2.11; Job 22.12<br \/>\n<b>5.1-2<\/b> Ver eigi or\u00f0hvatur S\u00edr 7.14; Matt 6.7; sbr Pr\u00e9d 6.11; Okv 13.3+<br \/>\n<b>5.3-5<\/b> Heit og efnd \u00feess 4M\u00f3s 30.2-17+<br \/>\n<b>5.6<\/b> Draumar S\u00edr 34.1-7 \u2013 \u00f3ttast Gu\u00f0 Okv 8.13+<br \/>\n<b>5.7<\/b> R\u00e9ttinum halla\u00f0 Pr\u00e9d 3.16; 4.1; Job 9.24<br \/>\n<b>5.9-10<\/b> Elska peninga &#8230; Pr\u00e9d 6.2; S\u00edr 14.3<br \/>\n<b>5.14<\/b> Nakinn burt aftur Job 1.21+<br \/>\n<b>5.17-19<\/b> Nj\u00f3ta l\u00edfsins Pr\u00e9d 2.24+<\/div>\n","protected":false},"excerpt":{"rendered":"<p>1&#8222;Haf g\u00e1t \u00e1 f\u00e6ti \u00fe\u00ednum \u00feegar \u00fe\u00fa gengur \u00ed Gu\u00f0s h\u00fas, \u00fev\u00ed a\u00f0 \u00fea\u00f0 er betra a\u00f0 koma \u00feanga\u00f0 til \u00feess a\u00f0 heyra, heldur en a\u00f0 heimskingjar f\u00e6ri sl\u00e1turf\u00f3rn; \u00fev\u00ed a\u00f0 \u00feeir vita ekkert og gj\u00f6ra \u00fea\u00f0 sem illt er.&#8220;2Vertu ekki of munnhvatur, og hjarta \u00feitt hra\u00f0i s\u00e9r ekki a\u00f0 m\u00e6la or\u00f0 frammi fyrir Gu\u00f0i, \u00fev\u00ed a\u00f0 Gu\u00f0 er \u00e1 himnum, en \u00fe\u00fa \u00e1 j\u00f6r\u00f0u, ver \u00fev\u00ed eigi margor\u00f0ur.3\u00dev\u00ed a\u00f0 draumar koma, \u00fear sem \u00e1hyggjurnar eru miklar, og heimskutal, \u00fear sem m\u00f6rg or\u00f0 eru vi\u00f0h\u00f6f\u00f0.4\u00deegar \u00fe\u00fa gj\u00f6rir Gu\u00f0i heit, \u00fe\u00e1 fresta \u00fe\u00fa eigi a\u00f0 efna \u00fea\u00f0, \u00fev\u00ed a\u00f0 hann hefir <a href=\"https:\/\/biblian.is\/1981\/predikarinn-5-kafli\/\"> [&#8230;]<\/a><\/p>\n","protected":false},"author":1,"featured_media":0,"parent":0,"menu_order":0,"comment_status":"open","ping_status":"open","template":"bibliukaflar.php","meta":{"footnotes":""},"class_list":["post-2011","page","type-page","status-publish","hentry"],"_links":{"self":[{"href":"https:\/\/biblian.is\/1981\/wp-json\/wp\/v2\/pages\/2011","targetHints":{"allow":["GET"]}}],"collection":[{"href":"https:\/\/biblian.is\/1981\/wp-json\/wp\/v2\/pages"}],"about":[{"href":"https:\/\/biblian.is\/1981\/wp-json\/wp\/v2\/types\/page"}],"author":[{"embeddable":true,"href":"https:\/\/biblian.is\/1981\/wp-json\/wp\/v2\/users\/1"}],"replies":[{"embeddable":true,"href":"https:\/\/biblian.is\/1981\/wp-json\/wp\/v2\/comments?post=2011"}],"version-history":[{"count":0,"href":"https:\/\/biblian.is\/1981\/wp-json\/wp\/v2\/pages\/2011\/revisions"}],"wp:attachment":[{"href":"https:\/\/biblian.is\/1981\/wp-json\/wp\/v2\/media?parent=2011"}],"curies":[{"name":"wp","href":"https:\/\/api.w.org\/{rel}","templated":true}]}}