{"id":2010,"date":"2017-11-18T20:19:44","date_gmt":"2017-11-18T20:19:44","guid":{"rendered":"http:\/\/biblian.is\/1981\/predikarinn-4-kafli\/"},"modified":"2021-06-06T11:05:11","modified_gmt":"2021-06-06T11:05:11","slug":"predikarinn-4-kafli","status":"publish","type":"page","link":"https:\/\/biblian.is\/1981\/predikarinn-4-kafli\/","title":{"rendered":"Pr\u00e9dikarinn 4. kafli"},"content":{"rendered":"<p><a name=\"1\"><span class=\"versanumer\">1<\/span><\/a>Og enn s\u00e1 \u00e9g alla \u00fe\u00e1 k\u00fagun, sem vi\u00f0gengst undir s\u00f3linni: \u00dearna streyma t\u00e1r hinna undiroku\u00f0u, en enginn huggar \u00fe\u00e1. Af hendi k\u00fagara sinna s\u00e6ta \u00feeir ofbeldi, en enginn huggar \u00fe\u00e1.<a name=\"2\"><span class=\"versanumer\">2<\/span><\/a>\u00de\u00e1 taldi \u00e9g hina framli\u00f0nu s\u00e6la, \u00fe\u00e1 er fyrir l\u00f6ngu eru d\u00e1nir, \u00ed samanbur\u00f0i vi\u00f0 hina lifandi, \u00fe\u00e1 er enn eru \u00e1 l\u00edfi,<a name=\"3\"><span class=\"versanumer\">3<\/span><\/a>en s\u00e6lli en \u00feessa hvora tveggja \u00feann, sem enn er ekki til or\u00f0inn og ekki hefir s\u00e9\u00f0 \u00feau vondu verk, sem framin eru undir s\u00f3linni.<a name=\"4\"><span class=\"versanumer\">4<\/span><\/a>Og \u00e9g s\u00e1, a\u00f0 allt strit og dugna\u00f0ur \u00ed framkv\u00e6mdum er ekki anna\u00f0 en \u00f6fund eins vi\u00f0 annan. Einnig \u00fea\u00f0 er h\u00e9g\u00f3mi og eftirs\u00f3kn eftir vindi.<a name=\"5\"><span class=\"versanumer\">5<\/span><\/a>Heimskinginn spennir greipar og etur sitt eigi\u00f0 hold.<a name=\"6\"><span class=\"versanumer\">6<\/span><\/a>Betri er hnefafylli af r\u00f3 en b\u00e1\u00f0ar hendur fullar af striti og eftirs\u00f3kn eftir vindi.<a name=\"7\"><span class=\"versanumer\">7<\/span><\/a>Og enn s\u00e1 \u00e9g h\u00e9g\u00f3ma undir s\u00f3linni:<a name=\"8\"><span class=\"versanumer\">8<\/span><\/a>Ma\u00f0ur stendur einn og enginn annar me\u00f0 honum, hann \u00e1 hvorki son n\u00e9 br\u00f3\u00f0ur, og \u00fe\u00f3 er enginn endir \u00e1 \u00f6llu striti hans, og augu hans mettast ekki \u00e1 au\u00f0leg\u00f0. En fyrir hvern er \u00e9g \u00fe\u00e1 a\u00f0 stritast og fyrir hvern l\u00e6t \u00e9g \u00fe\u00e1 s\u00e1l m\u00edna fara g\u00f3\u00f0s \u00e1 mis? Einnig \u00feetta er h\u00e9g\u00f3mi og lei\u00f0 \u00feraut.<a name=\"9\"><span class=\"versanumer\">9<\/span><\/a>Betri eru tveir en einn, me\u00f0 \u00fev\u00ed a\u00f0 \u00feeir hafa g\u00f3\u00f0 laun fyrir strit sitt.<a name=\"10\"><span class=\"versanumer\">10<\/span><\/a>\u00dev\u00ed a\u00f0 falli annar \u00feeirra, \u00fe\u00e1 getur hinn reist f\u00e9laga sinn \u00e1 f\u00e6tur, en vei einst\u00e6\u00f0ingnum, sem fellur og enginn annar er til a\u00f0 reisa \u00e1 f\u00e6tur.<a name=\"11\"><span class=\"versanumer\">11<\/span><\/a>S\u00f6mulei\u00f0is ef tveir sofa saman, \u00fe\u00e1 er \u00feeim heitt, en s\u00e1 sem er einn, hvernig getur honum hitna\u00f0?<a name=\"12\"><span class=\"versanumer\">12<\/span><\/a>Og ef einhver r\u00e6\u00f0st \u00e1 \u00feann sem er einn, \u00fe\u00e1 munu tveir geta veitt honum m\u00f3tst\u00f6\u00f0u, og \u00ferefaldan \u00fer\u00e1\u00f0 er eigi au\u00f0velt a\u00f0 sl\u00edta.<a name=\"13\"><span class=\"versanumer\">13<\/span><\/a>Betri er f\u00e1t\u00e6kur unglingur, s\u00e9 hann vitur, heldur en gamall konungur, s\u00e9 hann heimskur og \u00fe\u00fd\u00f0ist eigi framar vi\u00f0varanir.<a name=\"14\"><span class=\"versanumer\">14<\/span><\/a>\u00dev\u00ed a\u00f0 hann gekk \u00fat \u00far d\u00fdflissunni og var\u00f0 konungur, \u00fe\u00f3tt hann hef\u00f0i f\u00e6\u00f0st snau\u00f0ur \u00ed r\u00edki annars.<a name=\"15\"><span class=\"versanumer\">15<\/span><\/a>\u00c9g s\u00e1 alla lifandi menn, \u00fe\u00e1 er gengu undir s\u00f3linni, vera \u00e1 bandi unglingsins, hins annars, \u00feess er koma \u00e1tti \u00ed hins sta\u00f0.<a name=\"16\"><span class=\"versanumer\">16<\/span><\/a>Enginn endir var \u00e1 \u00f6llu \u00fev\u00ed f\u00f3lki, \u00e1 \u00f6llum \u00feeim, er hann var fyrir. \u00de\u00f3 gl\u00f6ddust eftirkomendurnir ekki yfir honum. \u00dev\u00ed a\u00f0 einnig \u00fea\u00f0 er h\u00e9g\u00f3mi og eftirs\u00f3kn eftir vindi.<\/p>\n<div class=\"footnote1981\"><b>4.1<\/b> K\u00fagun Pr\u00e9d 5.7+<br \/>\n<b>4.2-3<\/b> \u00d3t\u00edmabur\u00f0urinn s\u00e6lli Pr\u00e9d 6.3; Jer 20.18; Job 3.11-16; 10.18-19<br \/>\n<b>4.4<\/b> H\u00e9g\u00f3mi Pr\u00e9d 1.14+<br \/>\n<b>4.5<\/b> Hlutskipti letingjans Okv 6.11+<br \/>\n<b>4.16<\/b> H\u00e9g\u00f3mi Pr\u00e9d 1.14+<br \/>\n<b>4.17<\/b> Hl\u00fd\u00f0ni betri en f\u00f3rn 1Sam 15.22+<\/div>\n","protected":false},"excerpt":{"rendered":"<p>1Og enn s\u00e1 \u00e9g alla \u00fe\u00e1 k\u00fagun, sem vi\u00f0gengst undir s\u00f3linni: \u00dearna streyma t\u00e1r hinna undiroku\u00f0u, en enginn huggar \u00fe\u00e1. Af hendi k\u00fagara sinna s\u00e6ta \u00feeir ofbeldi, en enginn huggar \u00fe\u00e1.2\u00de\u00e1 taldi \u00e9g hina framli\u00f0nu s\u00e6la, \u00fe\u00e1 er fyrir l\u00f6ngu eru d\u00e1nir, \u00ed samanbur\u00f0i vi\u00f0 hina lifandi, \u00fe\u00e1 er enn eru \u00e1 l\u00edfi,3en s\u00e6lli en \u00feessa hvora tveggja \u00feann, sem enn er ekki til or\u00f0inn og ekki hefir s\u00e9\u00f0 \u00feau vondu verk, sem framin eru undir s\u00f3linni.4Og \u00e9g s\u00e1, a\u00f0 allt strit og dugna\u00f0ur \u00ed framkv\u00e6mdum er ekki anna\u00f0 en \u00f6fund eins vi\u00f0 annan. Einnig \u00fea\u00f0 er h\u00e9g\u00f3mi og eftirs\u00f3kn <a href=\"https:\/\/biblian.is\/1981\/predikarinn-4-kafli\/\"> [&#8230;]<\/a><\/p>\n","protected":false},"author":1,"featured_media":0,"parent":0,"menu_order":0,"comment_status":"open","ping_status":"open","template":"bibliukaflar.php","meta":{"footnotes":""},"class_list":["post-2010","page","type-page","status-publish","hentry"],"_links":{"self":[{"href":"https:\/\/biblian.is\/1981\/wp-json\/wp\/v2\/pages\/2010","targetHints":{"allow":["GET"]}}],"collection":[{"href":"https:\/\/biblian.is\/1981\/wp-json\/wp\/v2\/pages"}],"about":[{"href":"https:\/\/biblian.is\/1981\/wp-json\/wp\/v2\/types\/page"}],"author":[{"embeddable":true,"href":"https:\/\/biblian.is\/1981\/wp-json\/wp\/v2\/users\/1"}],"replies":[{"embeddable":true,"href":"https:\/\/biblian.is\/1981\/wp-json\/wp\/v2\/comments?post=2010"}],"version-history":[{"count":0,"href":"https:\/\/biblian.is\/1981\/wp-json\/wp\/v2\/pages\/2010\/revisions"}],"wp:attachment":[{"href":"https:\/\/biblian.is\/1981\/wp-json\/wp\/v2\/media?parent=2010"}],"curies":[{"name":"wp","href":"https:\/\/api.w.org\/{rel}","templated":true}]}}