{"id":2009,"date":"2017-11-18T20:19:44","date_gmt":"2017-11-18T20:19:44","guid":{"rendered":"http:\/\/biblian.is\/1981\/predikarinn-3-kafli\/"},"modified":"2021-06-06T11:05:10","modified_gmt":"2021-06-06T11:05:10","slug":"predikarinn-3-kafli","status":"publish","type":"page","link":"https:\/\/biblian.is\/1981\/predikarinn-3-kafli\/","title":{"rendered":"Pr\u00e9dikarinn 3. kafli"},"content":{"rendered":"<p><a name=\"1\"><span class=\"versanumer\">1<\/span><\/a>\u00d6llu er afm\u00f6rku\u00f0 stund, og s\u00e9rhver hlutur undir himninum hefir sinn t\u00edma.<a name=\"2\"><span class=\"versanumer\">2<\/span><\/a>A\u00f0 f\u00e6\u00f0ast hefir sinn t\u00edma og a\u00f0 deyja hefir sinn t\u00edma, a\u00f0 gr\u00f3\u00f0ursetja hefir sinn t\u00edma og a\u00f0 r\u00edfa \u00fea\u00f0 upp, sem gr\u00f3\u00f0ursett hefir veri\u00f0, hefir sinn t\u00edma,<a name=\"3\"><span class=\"versanumer\">3<\/span><\/a>a\u00f0 dey\u00f0a hefir sinn t\u00edma og a\u00f0 l\u00e6kna hefir sinn t\u00edma, a\u00f0 r\u00edfa ni\u00f0ur hefir sinn t\u00edma og a\u00f0 byggja upp hefir sinn t\u00edma,<a name=\"4\"><span class=\"versanumer\">4<\/span><\/a>a\u00f0 gr\u00e1ta hefir sinn t\u00edma og a\u00f0 hl\u00e6ja hefir sinn t\u00edma, a\u00f0 kveina hefir sinn t\u00edma og a\u00f0 dansa hefir sinn t\u00edma,<a name=\"5\"><span class=\"versanumer\">5<\/span><\/a>a\u00f0 kasta steinum hefir sinn t\u00edma og a\u00f0 t\u00edna saman steina hefir sinn t\u00edma, a\u00f0 fa\u00f0mast hefir sinn t\u00edma og a\u00f0 halda s\u00e9r fr\u00e1 fa\u00f0ml\u00f6gum hefir sinn t\u00edma,<a name=\"6\"><span class=\"versanumer\">6<\/span><\/a>a\u00f0 leita hefir sinn t\u00edma og a\u00f0 t\u00fdna hefir sinn t\u00edma, a\u00f0 geyma hefir sinn t\u00edma og a\u00f0 fleygja hefir sinn t\u00edma,<a name=\"7\"><span class=\"versanumer\">7<\/span><\/a>a\u00f0 r\u00edfa sundur hefir sinn t\u00edma og a\u00f0 sauma saman hefir sinn t\u00edma, a\u00f0 \u00feegja hefir sinn t\u00edma og a\u00f0 tala hefir sinn t\u00edma,<a name=\"8\"><span class=\"versanumer\">8<\/span><\/a>a\u00f0 elska hefir sinn t\u00edma og a\u00f0 hata hefir sinn t\u00edma, \u00f3fri\u00f0ur hefir sinn t\u00edma, og fri\u00f0ur hefir sinn t\u00edma.<a name=\"9\"><span class=\"versanumer\">9<\/span><\/a>Hvern \u00e1vinning hefir starfandinn af \u00f6llu striti s\u00ednu?<a name=\"10\"><span class=\"versanumer\">10<\/span><\/a>\u00c9g virti fyrir m\u00e9r \u00fe\u00e1 \u00feraut, sem Gu\u00f0 hefir fengi\u00f0 m\u00f6nnunum a\u00f0 \u00fereyta sig \u00e1.<a name=\"11\"><span class=\"versanumer\">11<\/span><\/a>Allt hefir hann gj\u00f6rt hagfellt \u00e1 s\u00ednum t\u00edma, jafnvel eil\u00edf\u00f0ina hefir hann lagt \u00ed brj\u00f3st \u00feeirra, a\u00f0eins f\u00e6r ma\u00f0urinn ekki skili\u00f0 \u00fea\u00f0 verk, sem Gu\u00f0 gj\u00f6rir, fr\u00e1 upphafi til enda.<a name=\"12\"><span class=\"versanumer\">12<\/span><\/a>\u00c9g komst a\u00f0 raun um, a\u00f0 ekkert er betra me\u00f0 \u00feeim en a\u00f0 vera gla\u00f0ur og g\u00e6\u00f0a s\u00e9r me\u00f0an \u00e6vin endist.<a name=\"13\"><span class=\"versanumer\">13<\/span><\/a>En \u00fea\u00f0, a\u00f0 ma\u00f0ur etur og drekkur og n\u00fdtur fagna\u00f0ar af \u00f6llu striti s\u00ednu, einnig \u00fea\u00f0 er Gu\u00f0s gj\u00f6f.<a name=\"14\"><span class=\"versanumer\">14<\/span><\/a>\u00c9g komst a\u00f0 raun um, a\u00f0 allt, sem Gu\u00f0 gj\u00f6rir, stendur a\u00f0 eil\u00edfu, vi\u00f0 \u00fea\u00f0 er engu a\u00f0 b\u00e6ta, og af \u00fev\u00ed ver\u00f0ur ekkert teki\u00f0. Gu\u00f0 hefir gj\u00f6rt \u00fea\u00f0 svo, til \u00feess a\u00f0 menn \u00f3ttu\u00f0ust hann.<a name=\"15\"><span class=\"versanumer\">15<\/span><\/a>\u00dea\u00f0 sem er, var fyrir l\u00f6ngu, og \u00fea\u00f0 sem mun ver\u00f0a, hefir veri\u00f0 fyrir l\u00f6ngu, og Gu\u00f0 leitar aftur hins li\u00f0na.<a name=\"16\"><span class=\"versanumer\">16<\/span><\/a>Og enn fremur s\u00e1 \u00e9g undir s\u00f3linni: \u00dear sem r\u00e9tturinn \u00e1tti a\u00f0 vera, \u00fear var rangl\u00e6ti, og \u00fear sem r\u00e9ttl\u00e6ti\u00f0 \u00e1tti a\u00f0 vera, \u00fear var rangl\u00e6ti.<a name=\"17\"><span class=\"versanumer\">17<\/span><\/a>\u00c9g sag\u00f0i vi\u00f0 sj\u00e1lfan mig: Hinn r\u00e1\u00f0vanda og hinn \u00f3gu\u00f0lega mun Gu\u00f0 d\u00e6ma, \u00fev\u00ed a\u00f0 hann hefir sett t\u00edma \u00f6llum hlutum og \u00f6llum gj\u00f6r\u00f0um.<a name=\"18\"><span class=\"versanumer\">18<\/span><\/a>\u00c9g sag\u00f0i vi\u00f0 sj\u00e1lfan mig: \u00dea\u00f0 er mannanna vegna, til \u00feess a\u00f0 Gu\u00f0 geti reynt \u00fe\u00e1, og til \u00feess a\u00f0 \u00feeir sj\u00e1i, a\u00f0 \u00feeir eru sj\u00e1lfir ekki anna\u00f0 en skepnur.<a name=\"19\"><span class=\"versanumer\">19<\/span><\/a>\u00dev\u00ed a\u00f0 \u00f6rl\u00f6g mannanna og \u00f6rl\u00f6g skepnunnar \u00f6rl\u00f6g \u00feeirra eru hin s\u00f6mu: Eins og skepnan deyr, svo deyr og ma\u00f0urinn, og allt hefir sama andann, og yfirbur\u00f0i hefir ma\u00f0urinn enga fram yfir skepnuna, \u00fev\u00ed a\u00f0 allt er h\u00e9g\u00f3mi.<a name=\"20\"><span class=\"versanumer\">20<\/span><\/a>Allt fer s\u00f6mu lei\u00f0ina: Allt er af moldu komi\u00f0, og allt hverfur aftur til moldar.<a name=\"21\"><span class=\"versanumer\">21<\/span><\/a>Hver veit, hvort andi mannanna fer upp \u00e1 vi\u00f0, en andi skepnunnar ni\u00f0ur \u00e1 vi\u00f0 til jar\u00f0ar?<a name=\"22\"><span class=\"versanumer\">22<\/span><\/a>\u00deannig s\u00e1 \u00e9g, a\u00f0 ekkert betra er til en a\u00f0 ma\u00f0urinn gle\u00f0ji sig vi\u00f0 verk s\u00edn, \u00fev\u00ed a\u00f0 \u00fea\u00f0 er hlutdeild hans. \u00dev\u00ed a\u00f0 hver kemur honum svo langt, a\u00f0 hann sj\u00e1i \u00fea\u00f0 sem ver\u00f0ur eftir hans dag?<\/p>\n<div class=\"footnote1981\"><b>3.9<\/b> Hva\u00f0a gagn? Pr\u00e9d 1.3+<br \/>\n<b>3.11<\/b> Ma\u00f0urinn f\u00e6r ekki skili\u00f0 Pr\u00e9d 6.12; 7.14; 8.17; 11.5; S\u00edr 18.6 \u2013 verk Gu\u00f0s Slm 139.14-17; Okv 30.18,19; S\u00edr 11.4; 39.16; R\u00f3m 11.33<br \/>\n<b>3.12-13<\/b> Nj\u00f3ta l\u00edfsins Pr\u00e9d 2.24+<br \/>\n<b>3.14<\/b> Stendur a\u00f0 eil\u00edfu Slm 33.11+ &#8211; vir\u00f0a Gu\u00f0 Okv 1.29+<br \/>\n<b>3.17<\/b> Gu\u00f0 d\u00e6mir Pr\u00e9d 11.9; 12.14; sbr Okv 11.31+ ; 1P\u00e9t 1.17+<br \/>\n<b>3.19<\/b> Ma\u00f0urinn og skepna Slm 49.13-21<br \/>\n<b>3.20<\/b> Aftur til moldar 1M\u00f3s 3.19+ ; Slm 104.29; S\u00edr 17.1<br \/>\n<b>3.22<\/b> Hver s\u00fdnir honum? sbr Pr\u00e9d 3.11+<\/div>\n","protected":false},"excerpt":{"rendered":"<p>1\u00d6llu er afm\u00f6rku\u00f0 stund, og s\u00e9rhver hlutur undir himninum hefir sinn t\u00edma.2A\u00f0 f\u00e6\u00f0ast hefir sinn t\u00edma og a\u00f0 deyja hefir sinn t\u00edma, a\u00f0 gr\u00f3\u00f0ursetja hefir sinn t\u00edma og a\u00f0 r\u00edfa \u00fea\u00f0 upp, sem gr\u00f3\u00f0ursett hefir veri\u00f0, hefir sinn t\u00edma,3a\u00f0 dey\u00f0a hefir sinn t\u00edma og a\u00f0 l\u00e6kna hefir sinn t\u00edma, a\u00f0 r\u00edfa ni\u00f0ur hefir sinn t\u00edma og a\u00f0 byggja upp hefir sinn t\u00edma,4a\u00f0 gr\u00e1ta hefir sinn t\u00edma og a\u00f0 hl\u00e6ja hefir sinn t\u00edma, a\u00f0 kveina hefir sinn t\u00edma og a\u00f0 dansa hefir sinn t\u00edma,5a\u00f0 kasta steinum hefir sinn t\u00edma og a\u00f0 t\u00edna saman steina hefir sinn t\u00edma, a\u00f0 fa\u00f0mast hefir sinn <a href=\"https:\/\/biblian.is\/1981\/predikarinn-3-kafli\/\"> [&#8230;]<\/a><\/p>\n","protected":false},"author":1,"featured_media":0,"parent":0,"menu_order":0,"comment_status":"open","ping_status":"open","template":"bibliukaflar.php","meta":{"footnotes":""},"class_list":["post-2009","page","type-page","status-publish","hentry"],"_links":{"self":[{"href":"https:\/\/biblian.is\/1981\/wp-json\/wp\/v2\/pages\/2009","targetHints":{"allow":["GET"]}}],"collection":[{"href":"https:\/\/biblian.is\/1981\/wp-json\/wp\/v2\/pages"}],"about":[{"href":"https:\/\/biblian.is\/1981\/wp-json\/wp\/v2\/types\/page"}],"author":[{"embeddable":true,"href":"https:\/\/biblian.is\/1981\/wp-json\/wp\/v2\/users\/1"}],"replies":[{"embeddable":true,"href":"https:\/\/biblian.is\/1981\/wp-json\/wp\/v2\/comments?post=2009"}],"version-history":[{"count":0,"href":"https:\/\/biblian.is\/1981\/wp-json\/wp\/v2\/pages\/2009\/revisions"}],"wp:attachment":[{"href":"https:\/\/biblian.is\/1981\/wp-json\/wp\/v2\/media?parent=2009"}],"curies":[{"name":"wp","href":"https:\/\/api.w.org\/{rel}","templated":true}]}}