{"id":2008,"date":"2017-11-18T20:19:44","date_gmt":"2017-11-18T20:19:44","guid":{"rendered":"http:\/\/biblian.is\/1981\/predikarinn-2-kafli\/"},"modified":"2021-06-06T11:05:09","modified_gmt":"2021-06-06T11:05:09","slug":"predikarinn-2-kafli","status":"publish","type":"page","link":"https:\/\/biblian.is\/1981\/predikarinn-2-kafli\/","title":{"rendered":"Pr\u00e9dikarinn 2. kafli"},"content":{"rendered":"<p><a name=\"1\"><span class=\"versanumer\">1<\/span><\/a>\u00c9g sag\u00f0i vi\u00f0 sj\u00e1lfan mig: J\u00e6ja \u00fe\u00e1, reyndu gle\u00f0ina og nj\u00f3ttu g\u00e6\u00f0a l\u00edfsins! En sj\u00e1, einnig \u00fea\u00f0 er h\u00e9g\u00f3mi.<a name=\"2\"><span class=\"versanumer\">2<\/span><\/a>Um hl\u00e1turinn sag\u00f0i \u00e9g: hann er vitlaus! og um gle\u00f0ina: hverju f\u00e6r h\u00fan til vegar komi\u00f0?<a name=\"3\"><span class=\"versanumer\">3<\/span><\/a>M\u00e9r kom til hugar a\u00f0 g\u00e6\u00f0a l\u00edkama m\u00ednum \u00e1 v\u00edni en hjarta mitt skyldi stj\u00f3rna \u00f6llu viturlega og a\u00f0 halda fast vi\u00f0 heimskuna, uns \u00e9g s\u00e6i, hva\u00f0 gott v\u00e6ri fyrir mennina a\u00f0 gj\u00f6ra undir himninum alla \u00e6vidaga \u00feeirra.<a name=\"4\"><span class=\"versanumer\">4<\/span><\/a>\u00c9g gj\u00f6r\u00f0i st\u00f3rvirki: \u00c9g reisti m\u00e9r h\u00fas, \u00e9g planta\u00f0i m\u00e9r v\u00edngar\u00f0a,<a name=\"5\"><span class=\"versanumer\">5<\/span><\/a>\u00e9g gj\u00f6r\u00f0i m\u00e9r jurtagar\u00f0a og aldingar\u00f0a og gr\u00f3\u00f0ursetti \u00fear alls konar aldintr\u00e9,<a name=\"6\"><span class=\"versanumer\">6<\/span><\/a>\u00e9g bj\u00f3 m\u00e9r til vatnstjarnir til \u00feess a\u00f0 v\u00f6kva me\u00f0 vaxandi vi\u00f0arsk\u00f3g,<a name=\"7\"><span class=\"versanumer\">7<\/span><\/a>\u00e9g keypti \u00fer\u00e6la og amb\u00e1ttir, og \u00e9g \u00e1tti heimaf\u00e6dd hj\u00fa. \u00c9g \u00e1tti og meiri hjar\u00f0ir nauta og sau\u00f0a en allir \u00feeir, sem veri\u00f0 h\u00f6f\u00f0u \u00e1 undan m\u00e9r \u00ed Jer\u00fasalem.<a name=\"8\"><span class=\"versanumer\">8<\/span><\/a>\u00c9g safna\u00f0i m\u00e9r og silfri og gulli og fj\u00e1rsj\u00f3\u00f0um fr\u00e1 konungum og l\u00f6ndum, \u00e9g f\u00e9kk m\u00e9r s\u00f6ngmenn og s\u00f6ngkonur og \u00fea\u00f0 sem er yndi karlmannanna: fj\u00f6lda kvenna.<a name=\"9\"><span class=\"versanumer\">9<\/span><\/a>Og \u00e9g var\u00f0 mikill og meiri \u00f6llum \u00feeim, er veri\u00f0 h\u00f6f\u00f0u \u00ed Jer\u00fasalem \u00e1 undan m\u00e9r. Einnig speki m\u00edn var kyrr hj\u00e1 m\u00e9r.<a name=\"10\"><span class=\"versanumer\">10<\/span><\/a>Og allt \u00fea\u00f0 sem augu m\u00edn girntust, \u00fea\u00f0 l\u00e9t \u00e9g eftir \u00feeim. \u00c9g neita\u00f0i ekki hjarta m\u00ednu um nokkra gle\u00f0i, \u00fev\u00ed a\u00f0 hjarta mitt haf\u00f0i \u00e1n\u00e6gju af allri fyrirh\u00f6fn minni, og \u00feetta var hlutdeild m\u00edn af allri fyrirh\u00f6fn minni.<a name=\"11\"><span class=\"versanumer\">11<\/span><\/a>En er \u00e9g leit \u00e1 \u00f6ll verk m\u00edn, \u00feau er hendur m\u00ednar h\u00f6f\u00f0u unni\u00f0, og \u00e1 \u00fe\u00e1 fyrirh\u00f6fn, er \u00e9g haf\u00f0i haft fyrir a\u00f0 gj\u00f6ra \u00feau, \u00fe\u00e1 s\u00e1 \u00e9g, a\u00f0 allt var h\u00e9g\u00f3mi og eftirs\u00f3kn eftir vindi, og a\u00f0 enginn \u00e1vinningur er til undir s\u00f3linni.<a name=\"12\"><span class=\"versanumer\">12<\/span><\/a>\u00c9g sneri m\u00e9r a\u00f0 \u00fev\u00ed a\u00f0 vir\u00f0a fyrir m\u00e9r speki og fl\u00f3nsku og heimsku, \u00fev\u00ed a\u00f0 hva\u00f0 mun s\u00e1 ma\u00f0ur gj\u00f6ra, er kemur eftir konunginn? Hann gj\u00f6rir \u00fea\u00f0 sem menn hafa gj\u00f6rt fyrir l\u00f6ngu.<a name=\"13\"><span class=\"versanumer\">13<\/span><\/a>\u00de\u00e1 s\u00e1 \u00e9g, a\u00f0 spekin hefir yfirbur\u00f0i yfir heimskuna eins og lj\u00f3si\u00f0 hefir yfirbur\u00f0i yfir myrkri\u00f0.<a name=\"14\"><span class=\"versanumer\">14<\/span><\/a>Vitur ma\u00f0ur hefir augun \u00ed h\u00f6f\u00f0inu, en heimskinginn gengur \u00ed myrkri. Jafnframt t\u00f3k \u00e9g eftir \u00fev\u00ed, a\u00f0 eitt og hi\u00f0 sama kemur fram vi\u00f0 alla.<a name=\"15\"><span class=\"versanumer\">15<\/span><\/a>Og \u00e9g sag\u00f0i vi\u00f0 sj\u00e1lfan mig: Hi\u00f0 sama sem kemur fram vi\u00f0 heimskingjann, \u00fea\u00f0 kemur og fram vi\u00f0 mig, og til hvers hefi \u00e9g \u00fe\u00e1 or\u00f0i\u00f0 svo fr\u00e1b\u00e6rlega vitur? \u00de\u00e1 hugsa\u00f0i \u00e9g \u00ed hjarta m\u00ednu, a\u00f0 einnig \u00fea\u00f0 v\u00e6ri h\u00e9g\u00f3mi.<a name=\"16\"><span class=\"versanumer\">16<\/span><\/a>\u00dev\u00ed a\u00f0 menn minnast ekki hins vitra a\u00f0 eil\u00edfu, frekar en heimskingjans, \u00fev\u00ed a\u00f0 allir ver\u00f0a \u00feeir l\u00f6ngu gleymdir \u00e1 komandi t\u00edmum, og deyr ekki jafnt vitur sem heimskur?<a name=\"17\"><span class=\"versanumer\">17<\/span><\/a>\u00de\u00e1 var\u00f0 m\u00e9r illa vi\u00f0 l\u00edfi\u00f0, \u00fev\u00ed a\u00f0 m\u00e9r misl\u00edka\u00f0i \u00fea\u00f0, er gj\u00f6rist undir s\u00f3linni, \u00fev\u00ed a\u00f0 allt er h\u00e9g\u00f3mi og eftirs\u00f3kn eftir vindi.<a name=\"18\"><span class=\"versanumer\">18<\/span><\/a>Og m\u00e9r var\u00f0 illa vi\u00f0 allt mitt strit, er \u00e9g streittist vi\u00f0 undir s\u00f3linni, me\u00f0 \u00fev\u00ed a\u00f0 \u00e9g ver\u00f0 a\u00f0 eftirskilja \u00fea\u00f0 \u00feeim manni, er kemur eftir mig.<a name=\"19\"><span class=\"versanumer\">19<\/span><\/a>Og hver veit, hvort hann ver\u00f0ur spekingur e\u00f0a heimskingi? Og \u00fe\u00f3 \u00e1 hann a\u00f0 r\u00e1\u00f0a yfir \u00f6llu striti m\u00ednu, er \u00e9g hefi streitst vi\u00f0 og viturlega me\u00f0 fari\u00f0 undir s\u00f3linni einnig \u00fea\u00f0 er h\u00e9g\u00f3mi.<a name=\"20\"><span class=\"versanumer\">20<\/span><\/a>\u00de\u00e1 hvarf \u00e9g a\u00f0 \u00fev\u00ed a\u00f0 l\u00e1ta hjarta mitt \u00f6rv\u00e6nta yfir allri \u00feeirri m\u00e6\u00f0u, er \u00e9g haf\u00f0i \u00e1tt \u00ed undir s\u00f3linni.<a name=\"21\"><span class=\"versanumer\">21<\/span><\/a>\u00dev\u00ed a\u00f0 hafi einhver unni\u00f0 starf sitt me\u00f0 hyggindum, \u00feekking og dugna\u00f0i, ver\u00f0ur hann a\u00f0 selja \u00fea\u00f0 \u00f6\u00f0rum \u00ed hendur til eignar, sem ekkert hefir fyrir \u00fev\u00ed haft. Einnig \u00fea\u00f0 er h\u00e9g\u00f3mi og miki\u00f0 b\u00f6l.<a name=\"22\"><span class=\"versanumer\">22<\/span><\/a>Hva\u00f0 f\u00e6r \u00fe\u00e1 ma\u00f0urinn fyrir allt strit sitt og \u00e1stundun hjarta s\u00edns, er hann m\u00e6\u00f0ist \u00ed undir s\u00f3linni?<a name=\"23\"><span class=\"versanumer\">23<\/span><\/a>\u00dev\u00ed a\u00f0 allir dagar hans eru kv\u00f6l, og starf hans er arm\u00e6\u00f0a. Jafnvel \u00e1 n\u00e6turnar f\u00e6r hjarta hans eigi hv\u00edld. Einnig \u00feetta er h\u00e9g\u00f3mi.<a name=\"24\"><span class=\"versanumer\">24<\/span><\/a>\u00dea\u00f0 er ekkert betra til me\u00f0 m\u00f6nnum en a\u00f0 eta og drekka og l\u00e1ta s\u00e1lu s\u00edna nj\u00f3ta fagna\u00f0ar af striti s\u00ednu. En \u00fea\u00f0 hefi \u00e9g s\u00e9\u00f0, a\u00f0 einnig \u00feetta kemur af Gu\u00f0s hendi.<a name=\"25\"><span class=\"versanumer\">25<\/span><\/a>\u00dev\u00ed a\u00f0 hver m\u00e1 eta e\u00f0a neyta nokkurs \u00e1n hans?<a name=\"26\"><span class=\"versanumer\">26<\/span><\/a>\u00dev\u00ed a\u00f0 \u00feeim manni, sem honum ge\u00f0jast, gefur hann visku, \u00feekking og gle\u00f0i, en syndaranum f\u00e6r hann \u00fea\u00f0 starf a\u00f0 safna og hr\u00faga saman til \u00feess a\u00f0 selja \u00fea\u00f0 \u00feeim \u00ed hendur, er Gu\u00f0i ge\u00f0jast. Einnig \u00fea\u00f0 er h\u00e9g\u00f3mi og eftirs\u00f3kn eftir vindi.<\/p>\n<div class=\"footnote1981\"><b>2.1<\/b> H\u00e9g\u00f3mi Pr\u00e9d 1.14+<br \/>\n<b>2.3<\/b> Hva\u00f0 er til gagns Pr\u00e9d 5.17; 6.12 \u2013 alla \u00e6vidaga Job 14.5<br \/>\n<b>2.11<\/b> H\u00e9g\u00f3mi Pr\u00e9d 1.14+<br \/>\n<b>2.14<\/b> \u00cd myrkri sbr J\u00f3h 8.12; 1J\u00f3h 2.11+<br \/>\n<b>2.16<\/b> Minnast ekki Pr\u00e9d 1.11; SSal 2.4; sbr S\u00edr 44.8-15 \u2013 vitur deyr einnig Slm 49.11+<br \/>\n<b>2.22<\/b> Hva\u00f0 f\u00e6r ma\u00f0urinn? S\u00edr 11.18-19; sbr Pr\u00e9d 1.3+<br \/>\n<b>2.23<\/b> Jafnvel \u00e1 n\u00e6turnar Pr\u00e9d 8.16; Job 7.1-4; S\u00edr 40.5<br \/>\n<b>2.24<\/b> Nj\u00f3ta l\u00edfsins Pr\u00e9d 3.12-13; 5.17; 8.15; 9.7; 11.9; S\u00edr 14.14; sbr 1Kor 15.32+<br \/>\n<b>2.26<\/b> Safnar fyrir a\u00f0ra Job 27.16-17; Okv 13.22<\/div>\n","protected":false},"excerpt":{"rendered":"<p>1\u00c9g sag\u00f0i vi\u00f0 sj\u00e1lfan mig: J\u00e6ja \u00fe\u00e1, reyndu gle\u00f0ina og nj\u00f3ttu g\u00e6\u00f0a l\u00edfsins! En sj\u00e1, einnig \u00fea\u00f0 er h\u00e9g\u00f3mi.2Um hl\u00e1turinn sag\u00f0i \u00e9g: hann er vitlaus! og um gle\u00f0ina: hverju f\u00e6r h\u00fan til vegar komi\u00f0?3M\u00e9r kom til hugar a\u00f0 g\u00e6\u00f0a l\u00edkama m\u00ednum \u00e1 v\u00edni en hjarta mitt skyldi stj\u00f3rna \u00f6llu viturlega og a\u00f0 halda fast vi\u00f0 heimskuna, uns \u00e9g s\u00e6i, hva\u00f0 gott v\u00e6ri fyrir mennina a\u00f0 gj\u00f6ra undir himninum alla \u00e6vidaga \u00feeirra.4\u00c9g gj\u00f6r\u00f0i st\u00f3rvirki: \u00c9g reisti m\u00e9r h\u00fas, \u00e9g planta\u00f0i m\u00e9r v\u00edngar\u00f0a,5\u00e9g gj\u00f6r\u00f0i m\u00e9r jurtagar\u00f0a og aldingar\u00f0a og gr\u00f3\u00f0ursetti \u00fear alls konar aldintr\u00e9,6\u00e9g bj\u00f3 m\u00e9r til vatnstjarnir til \u00feess a\u00f0 v\u00f6kva <a href=\"https:\/\/biblian.is\/1981\/predikarinn-2-kafli\/\"> [&#8230;]<\/a><\/p>\n","protected":false},"author":1,"featured_media":0,"parent":0,"menu_order":0,"comment_status":"open","ping_status":"open","template":"bibliukaflar.php","meta":{"footnotes":""},"class_list":["post-2008","page","type-page","status-publish","hentry"],"_links":{"self":[{"href":"https:\/\/biblian.is\/1981\/wp-json\/wp\/v2\/pages\/2008","targetHints":{"allow":["GET"]}}],"collection":[{"href":"https:\/\/biblian.is\/1981\/wp-json\/wp\/v2\/pages"}],"about":[{"href":"https:\/\/biblian.is\/1981\/wp-json\/wp\/v2\/types\/page"}],"author":[{"embeddable":true,"href":"https:\/\/biblian.is\/1981\/wp-json\/wp\/v2\/users\/1"}],"replies":[{"embeddable":true,"href":"https:\/\/biblian.is\/1981\/wp-json\/wp\/v2\/comments?post=2008"}],"version-history":[{"count":0,"href":"https:\/\/biblian.is\/1981\/wp-json\/wp\/v2\/pages\/2008\/revisions"}],"wp:attachment":[{"href":"https:\/\/biblian.is\/1981\/wp-json\/wp\/v2\/media?parent=2008"}],"curies":[{"name":"wp","href":"https:\/\/api.w.org\/{rel}","templated":true}]}}