{"id":2007,"date":"2017-11-18T20:19:38","date_gmt":"2017-11-18T20:19:38","guid":{"rendered":"http:\/\/biblian.is\/1981\/predikarinn-1-kafli\/"},"modified":"2021-06-06T11:05:06","modified_gmt":"2021-06-06T11:05:06","slug":"predikarinn-1-kafli","status":"publish","type":"page","link":"https:\/\/biblian.is\/1981\/predikarinn-1-kafli\/","title":{"rendered":"Pr\u00e9dikarinn 1. kafli"},"content":{"rendered":"<p><a name=\"1\"><span class=\"versanumer\">1<\/span><\/a>Or\u00f0 pr\u00e9dikarans, sonar Dav\u00ed\u00f0s, konungs \u00ed Jer\u00fasalem.<a name=\"2\"><span class=\"versanumer\">2<\/span><\/a>Aumasti h\u00e9g\u00f3mi, segir pr\u00e9dikarinn, aumasti h\u00e9g\u00f3mi, allt er h\u00e9g\u00f3mi!<a name=\"3\"><span class=\"versanumer\">3<\/span><\/a>Hva\u00f0a \u00e1vinning hefir ma\u00f0urinn af \u00f6llu striti s\u00ednu, er hann streitist vi\u00f0 undir s\u00f3linni?<a name=\"4\"><span class=\"versanumer\">4<\/span><\/a>Ein kynsl\u00f3\u00f0in fer og \u00f6nnur kemur, en j\u00f6r\u00f0in stendur a\u00f0 eil\u00edfu.<a name=\"5\"><span class=\"versanumer\">5<\/span><\/a>Og s\u00f3lin rennur upp, og s\u00f3lin gengur undir og hra\u00f0ar s\u00e9r til samasta\u00f0ar s\u00edns, \u00fear sem h\u00fan rennur upp.<a name=\"6\"><span class=\"versanumer\">6<\/span><\/a>Vindurinn gengur til su\u00f0urs og sn\u00fdr s\u00e9r til nor\u00f0urs, hann sn\u00fdr s\u00e9r og sn\u00fdr s\u00e9r og fer aftur a\u00f0 hringsn\u00faast \u00e1 n\u00fdjan leik.<a name=\"7\"><span class=\"versanumer\">7<\/span><\/a>Allar \u00e1r renna \u00ed sj\u00f3inn, en sj\u00f3rinn ver\u00f0ur aldrei fullur, \u00feanga\u00f0 sem \u00e1rnar renna, \u00feanga\u00f0 halda \u00fe\u00e6r \u00e1vallt \u00e1fram a\u00f0 renna.<a name=\"8\"><span class=\"versanumer\">8<\/span><\/a>Allt er s\u00edstritandi, enginn ma\u00f0ur f\u00e6r \u00fev\u00ed me\u00f0 or\u00f0um l\u00fdst, auga\u00f0 ver\u00f0ur aldrei satt af a\u00f0 sj\u00e1, og eyra\u00f0 ver\u00f0ur aldrei mett af a\u00f0 heyra.<a name=\"9\"><span class=\"versanumer\">9<\/span><\/a>\u00dea\u00f0 sem hefir veri\u00f0, \u00fea\u00f0 mun ver\u00f0a, og \u00fea\u00f0 sem gj\u00f6rst hefir, \u00fea\u00f0 mun gj\u00f6rast, og ekkert er n\u00fdtt undir s\u00f3linni.<a name=\"10\"><span class=\"versanumer\">10<\/span><\/a>S\u00e9 nokku\u00f0 til, er um ver\u00f0i sagt: sj\u00e1, \u00feetta er n\u00fdtt \u00fe\u00e1 hefir \u00fea\u00f0 or\u00f0i\u00f0 fyrir l\u00f6ngu, \u00e1 t\u00edmum sem \u00e1 undan oss voru.<a name=\"11\"><span class=\"versanumer\">11<\/span><\/a>Forfe\u00f0ranna minnast menn eigi, og ekki ver\u00f0ur heldur eftirkomendanna, sem s\u00ed\u00f0ar ver\u00f0a uppi, minnst me\u00f0al \u00feeirra, sem s\u00ed\u00f0ar ver\u00f0a.<a name=\"12\"><span class=\"versanumer\">12<\/span><\/a>\u00c9g, pr\u00e9dikarinn, var konungur yfir \u00cdsrael \u00ed Jer\u00fasalem.<a name=\"13\"><span class=\"versanumer\">13<\/span><\/a>\u00c9g lag\u00f0i allan hug \u00e1 a\u00f0 rannsaka og kynna m\u00e9r me\u00f0 hyggni allt \u00fea\u00f0, er gj\u00f6rist undir himninum: \u00dea\u00f0 er lei\u00f0a \u00ferautin, sem Gu\u00f0 hefir fengi\u00f0 m\u00f6nnunum a\u00f0 \u00fereyta sig \u00e1.<a name=\"14\"><span class=\"versanumer\">14<\/span><\/a>\u00c9g hefi s\u00e9\u00f0 \u00f6ll verk, sem gj\u00f6rast undir s\u00f3linni, og sj\u00e1: Allt var h\u00e9g\u00f3mi og eftirs\u00f3kn eftir vindi.<a name=\"15\"><span class=\"versanumer\">15<\/span><\/a>Hi\u00f0 bogna getur ekki or\u00f0i\u00f0 beint, og \u00fea\u00f0 sem skortir ver\u00f0ur eigi tali\u00f0.<a name=\"16\"><span class=\"versanumer\">16<\/span><\/a>\u00c9g hugsa\u00f0i me\u00f0 sj\u00e1lfum m\u00e9r: Sj\u00e1, \u00e9g hefi afla\u00f0 m\u00e9r meiri og v\u00ed\u00f0t\u00e6kari speki en allir \u00feeir, er r\u00edkt hafa yfir Jer\u00fasalem \u00e1 undan m\u00e9r, og hjarta mitt hefir liti\u00f0 speki og \u00feekkingu \u00ed r\u00edkum m\u00e6li.<a name=\"17\"><span class=\"versanumer\">17<\/span><\/a>Og er \u00e9g lag\u00f0i allan hug \u00e1 a\u00f0 \u00feekkja speki og a\u00f0 \u00feekkja fl\u00f3nsku og heimsku, \u00fe\u00e1 komst \u00e9g a\u00f0 raun um, a\u00f0 einnig \u00fea\u00f0 var a\u00f0 s\u00e6kjast eftir vindi.<a name=\"18\"><span class=\"versanumer\">18<\/span><\/a>\u00dev\u00ed a\u00f0 mikilli speki er samfara mikil gremja, og s\u00e1 sem eykur \u00feekking s\u00edna, eykur kv\u00f6l s\u00edna.<\/p>\n<div class=\"footnote1981\"><b>1.2<\/b> Aumasti h\u00e9g\u00f3mi Slm 62.10; R\u00f3m 8.20<br \/>\n<b>1.3<\/b> Hva\u00f0a gagn? Pr\u00e9d 2.20-22; 3.9-11<br \/>\n<b>1.4<\/b> Ein kynsl\u00f3\u00f0 fer &#8230; S\u00edr 14.18<br \/>\n<b>1.7<\/b> Halda \u00e1fram S\u00edr 40.11<br \/>\n<b>1.11<\/b> Minnast ekki Pr\u00e9d 2.16+<br \/>\n<b>1.14<\/b> H\u00e9g\u00f3mi Pr\u00e9d 2.11,17,26; 4.4,16; 6.9; 11.8,10; sbr 1.3+<br \/>\n<b>1.16<\/b> Speki Sal\u00f3mons 1Kon 3.12; 5.9-10; 10.1-13,23-24; S\u00edr 47.14-17<\/div>\n","protected":false},"excerpt":{"rendered":"<p>1Or\u00f0 pr\u00e9dikarans, sonar Dav\u00ed\u00f0s, konungs \u00ed Jer\u00fasalem.2Aumasti h\u00e9g\u00f3mi, segir pr\u00e9dikarinn, aumasti h\u00e9g\u00f3mi, allt er h\u00e9g\u00f3mi!3Hva\u00f0a \u00e1vinning hefir ma\u00f0urinn af \u00f6llu striti s\u00ednu, er hann streitist vi\u00f0 undir s\u00f3linni?4Ein kynsl\u00f3\u00f0in fer og \u00f6nnur kemur, en j\u00f6r\u00f0in stendur a\u00f0 eil\u00edfu.5Og s\u00f3lin rennur upp, og s\u00f3lin gengur undir og hra\u00f0ar s\u00e9r til samasta\u00f0ar s\u00edns, \u00fear sem h\u00fan rennur upp.6Vindurinn gengur til su\u00f0urs og sn\u00fdr s\u00e9r til nor\u00f0urs, hann sn\u00fdr s\u00e9r og sn\u00fdr s\u00e9r og fer aftur a\u00f0 hringsn\u00faast \u00e1 n\u00fdjan leik.7Allar \u00e1r renna \u00ed sj\u00f3inn, en sj\u00f3rinn ver\u00f0ur aldrei fullur, \u00feanga\u00f0 sem \u00e1rnar renna, \u00feanga\u00f0 halda \u00fe\u00e6r \u00e1vallt \u00e1fram a\u00f0 renna.8Allt er s\u00edstritandi, <a href=\"https:\/\/biblian.is\/1981\/predikarinn-1-kafli\/\"> [&#8230;]<\/a><\/p>\n","protected":false},"author":1,"featured_media":0,"parent":0,"menu_order":0,"comment_status":"open","ping_status":"open","template":"bibliukaflar.php","meta":{"footnotes":""},"class_list":["post-2007","page","type-page","status-publish","hentry"],"_links":{"self":[{"href":"https:\/\/biblian.is\/1981\/wp-json\/wp\/v2\/pages\/2007","targetHints":{"allow":["GET"]}}],"collection":[{"href":"https:\/\/biblian.is\/1981\/wp-json\/wp\/v2\/pages"}],"about":[{"href":"https:\/\/biblian.is\/1981\/wp-json\/wp\/v2\/types\/page"}],"author":[{"embeddable":true,"href":"https:\/\/biblian.is\/1981\/wp-json\/wp\/v2\/users\/1"}],"replies":[{"embeddable":true,"href":"https:\/\/biblian.is\/1981\/wp-json\/wp\/v2\/comments?post=2007"}],"version-history":[{"count":0,"href":"https:\/\/biblian.is\/1981\/wp-json\/wp\/v2\/pages\/2007\/revisions"}],"wp:attachment":[{"href":"https:\/\/biblian.is\/1981\/wp-json\/wp\/v2\/media?parent=2007"}],"curies":[{"name":"wp","href":"https:\/\/api.w.org\/{rel}","templated":true}]}}