{"id":2006,"date":"2017-11-18T20:19:38","date_gmt":"2017-11-18T20:19:38","guid":{"rendered":"http:\/\/biblian.is\/1981\/ordskvidirnir-31-kafli\/"},"modified":"2021-06-06T11:04:41","modified_gmt":"2021-06-06T11:04:41","slug":"ordskvidirnir-31-kafli","status":"publish","type":"page","link":"https:\/\/biblian.is\/1981\/ordskvidirnir-31-kafli\/","title":{"rendered":"Or\u00f0skvi\u00f0irnir 31. kafli"},"content":{"rendered":"<p><a name=\"1\"><span class=\"versanumer\">1<\/span><\/a>Or\u00f0 Lem\u00faels konungs \u00ed Massa, er m\u00f3\u00f0ir hans kenndi honum.<a name=\"2\"><span class=\"versanumer\">2<\/span><\/a>Hva\u00f0 \u00e1 \u00e9g a\u00f0 segja \u00fe\u00e9r, sonur minn? og hva\u00f0, sonur kvi\u00f0ar m\u00edns? og hva\u00f0, sonur \u00e1heita minna?<a name=\"3\"><span class=\"versanumer\">3<\/span><\/a>Gef ekki konum kraft \u00feinn, n\u00e9 \u00e1starh\u00f3t \u00fe\u00edn \u00feeim er spilla konungum.<a name=\"4\"><span class=\"versanumer\">4<\/span><\/a>Ekki s\u00e6mir konungum, Lem\u00fael, ekki s\u00e6mir konungum a\u00f0 drekka v\u00edn, n\u00e9 h\u00f6f\u00f0ingjum \u00e1fengur drykkur.<a name=\"5\"><span class=\"versanumer\">5<\/span><\/a>\u00deeir kynnu a\u00f0 drekka og gleyma l\u00f6gunum og rangf\u00e6ra m\u00e1lefni allra aumra manna.<a name=\"6\"><span class=\"versanumer\">6<\/span><\/a>Gefi\u00f0 \u00e1fengan drykk \u00feeim, sem kominn er \u00ed \u00f6r\u00ferot, og v\u00edn \u00feeim, sem sorgbitnir eru.<a name=\"7\"><span class=\"versanumer\">7<\/span><\/a>Drekki hann og gleymi f\u00e1t\u00e6kt sinni og minnist ekki framar m\u00e6\u00f0u sinnar.<a name=\"8\"><span class=\"versanumer\">8<\/span><\/a>Lj\u00fak \u00fe\u00fa upp munni \u00fe\u00ednum fyrir hinn m\u00e1llausa, fyrir m\u00e1lefni allra \u00feeirra manna, sem eru a\u00f0 \u00f6rmagnast.<a name=\"9\"><span class=\"versanumer\">9<\/span><\/a>Lj\u00fak \u00fe\u00fa upp munni \u00fe\u00ednum, d\u00e6m me\u00f0 r\u00e9ttv\u00edsi og r\u00e9tt \u00fe\u00fa hlut hinna volu\u00f0u og snau\u00f0u.<a name=\"10\"><span class=\"versanumer\">10<\/span><\/a>V\u00e6na konu, hver hl\u00fdtur hana? h\u00fan er miklu meira vir\u00f0i en perlur.<a name=\"11\"><span class=\"versanumer\">11<\/span><\/a>Hjarta manns hennar treystir henni, og ekki vantar a\u00f0 honum f\u00e9nist.<a name=\"12\"><span class=\"versanumer\">12<\/span><\/a>H\u00fan gj\u00f6rir honum gott og ekkert illt alla \u00e6vidaga s\u00edna.<a name=\"13\"><span class=\"versanumer\">13<\/span><\/a>H\u00fan s\u00e9r um ull og h\u00f6r og vinnur f\u00faslega me\u00f0 h\u00f6ndum s\u00ednum.<a name=\"14\"><span class=\"versanumer\">14<\/span><\/a>H\u00fan er eins og kaupf\u00f6rin, s\u00e6kir bj\u00f6rgina langt a\u00f0.<a name=\"15\"><span class=\"versanumer\">15<\/span><\/a>H\u00fan fer \u00e1 f\u00e6tur fyrir dag, skammtar heimilisf\u00f3lki s\u00ednu og segir \u00feernum s\u00ednum fyrir verkum.<a name=\"16\"><span class=\"versanumer\">16<\/span><\/a>H\u00fan hefir augasta\u00f0 \u00e1 akri og kaupir hann, af \u00e1vexti handa sinna plantar h\u00fan v\u00edngar\u00f0.<a name=\"17\"><span class=\"versanumer\">17<\/span><\/a>H\u00fan gyr\u00f0ir lendar s\u00ednar krafti og tekur sterklega til armleggjunum.<a name=\"18\"><span class=\"versanumer\">18<\/span><\/a>H\u00fan finnur, a\u00f0 atvinna hennar er ar\u00f0s\u00f6m, \u00e1 lampa hennar slokknar eigi um n\u00e6tur.<a name=\"19\"><span class=\"versanumer\">19<\/span><\/a>H\u00fan r\u00e9ttir \u00fat hendurnar eftir rokknum, og fingur hennar gr\u00edpa sn\u00e6lduna.<a name=\"20\"><span class=\"versanumer\">20<\/span><\/a>H\u00fan brei\u00f0ir \u00fat l\u00f3fann m\u00f3ti hinum b\u00e1gstadda og r\u00e9ttir \u00fat hendurnar m\u00f3ti hinum snau\u00f0a.<a name=\"21\"><span class=\"versanumer\">21<\/span><\/a>H\u00fan er ekki hr\u00e6dd um heimilisf\u00f3lk sitt, \u00fe\u00f3tt snj\u00f3i, \u00fev\u00ed a\u00f0 allt heimilisf\u00f3lk hennar er kl\u00e6tt skarlati.<a name=\"22\"><span class=\"versanumer\">22<\/span><\/a>H\u00fan b\u00fdr s\u00e9r til \u00e1brei\u00f0ur, kl\u00e6\u00f0na\u00f0ur hennar er \u00far ba\u00f0mull og purpura.<a name=\"23\"><span class=\"versanumer\">23<\/span><\/a>Ma\u00f0ur hennar er mikils metinn \u00ed borgarhli\u00f0unum, \u00fe\u00e1 er hann situr me\u00f0 \u00f6ldungum landsins.<a name=\"24\"><span class=\"versanumer\">24<\/span><\/a>H\u00fan b\u00fdr til skyrtur og selur \u00fe\u00e6r, og kaupmanninum f\u00e6r h\u00fan belti.<a name=\"25\"><span class=\"versanumer\">25<\/span><\/a>Kraftur og tign er kl\u00e6\u00f0na\u00f0ur hennar, og h\u00fan hl\u00e6r a\u00f0 komandi degi.<a name=\"26\"><span class=\"versanumer\">26<\/span><\/a>H\u00fan opnar munninn me\u00f0 speki, og \u00e1st\u00fa\u00f0leg fr\u00e6\u00f0sla er \u00e1 tungu hennar.<a name=\"27\"><span class=\"versanumer\">27<\/span><\/a>H\u00fan vakir yfir \u00fev\u00ed, sem fram fer \u00e1 heimili hennar, og etur ekki letinnar brau\u00f0.<a name=\"28\"><span class=\"versanumer\">28<\/span><\/a>Synir hennar ganga fram og segja hana s\u00e6la, ma\u00f0ur hennar gengur fram og hr\u00f3sar henni:<a name=\"29\"><span class=\"versanumer\">29<\/span><\/a>Margar konur hafa s\u00fdnt dugna\u00f0, en \u00fe\u00fa tekur \u00feeim \u00f6llum fram!<a name=\"30\"><span class=\"versanumer\">30<\/span><\/a>Yndis\u00feokkinn er svikull og fr\u00ed\u00f0leikinn hverfull, en s\u00fa kona, sem \u00f3ttast Drottin, \u00e1 hr\u00f3s skili\u00f0.<a name=\"31\"><span class=\"versanumer\">31<\/span><\/a>Gefi\u00f0 henni af \u00e1vexti handa hennar, og verk hennar skulu lofa hana \u00ed borgarhli\u00f0unum.<\/p>\n<div class=\"footnote1981\"><b>31.3<\/b> \u00c1netjast ekki konum 5M\u00f3s 17.17; 1Kon 11.4; sbr Okv 2.16+<br \/>\n<b>31.5<\/b> Drekka fr\u00e1 s\u00e9r viti\u00f0 Okv 20.1+<br \/>\n<b>31.10<\/b> D\u00fdrm\u00e6tari en perlur sbr Okv 3.15+<br \/>\n<b>31.11<\/b> Treystir henni Okv 18.22+<br \/>\n<b>31.30<\/b> \u00d3ttast Drottin <b>Okv 1.29+<\/div>\n","protected":false},"excerpt":{"rendered":"<p>1Or\u00f0 Lem\u00faels konungs \u00ed Massa, er m\u00f3\u00f0ir hans kenndi honum.2Hva\u00f0 \u00e1 \u00e9g a\u00f0 segja \u00fe\u00e9r, sonur minn? og hva\u00f0, sonur kvi\u00f0ar m\u00edns? og hva\u00f0, sonur \u00e1heita minna?3Gef ekki konum kraft \u00feinn, n\u00e9 \u00e1starh\u00f3t \u00fe\u00edn \u00feeim er spilla konungum.4Ekki s\u00e6mir konungum, Lem\u00fael, ekki s\u00e6mir konungum a\u00f0 drekka v\u00edn, n\u00e9 h\u00f6f\u00f0ingjum \u00e1fengur drykkur.5\u00deeir kynnu a\u00f0 drekka og gleyma l\u00f6gunum og rangf\u00e6ra m\u00e1lefni allra aumra manna.6Gefi\u00f0 \u00e1fengan drykk \u00feeim, sem kominn er \u00ed \u00f6r\u00ferot, og v\u00edn \u00feeim, sem sorgbitnir eru.7Drekki hann og gleymi f\u00e1t\u00e6kt sinni og minnist ekki framar m\u00e6\u00f0u sinnar.8Lj\u00fak \u00fe\u00fa upp munni \u00fe\u00ednum fyrir hinn m\u00e1llausa, fyrir m\u00e1lefni allra \u00feeirra manna, <a href=\"https:\/\/biblian.is\/1981\/ordskvidirnir-31-kafli\/\"> [&#8230;]<\/a><\/p>\n","protected":false},"author":1,"featured_media":0,"parent":0,"menu_order":0,"comment_status":"open","ping_status":"open","template":"bibliukaflar.php","meta":{"footnotes":""},"class_list":["post-2006","page","type-page","status-publish","hentry"],"_links":{"self":[{"href":"https:\/\/biblian.is\/1981\/wp-json\/wp\/v2\/pages\/2006","targetHints":{"allow":["GET"]}}],"collection":[{"href":"https:\/\/biblian.is\/1981\/wp-json\/wp\/v2\/pages"}],"about":[{"href":"https:\/\/biblian.is\/1981\/wp-json\/wp\/v2\/types\/page"}],"author":[{"embeddable":true,"href":"https:\/\/biblian.is\/1981\/wp-json\/wp\/v2\/users\/1"}],"replies":[{"embeddable":true,"href":"https:\/\/biblian.is\/1981\/wp-json\/wp\/v2\/comments?post=2006"}],"version-history":[{"count":0,"href":"https:\/\/biblian.is\/1981\/wp-json\/wp\/v2\/pages\/2006\/revisions"}],"wp:attachment":[{"href":"https:\/\/biblian.is\/1981\/wp-json\/wp\/v2\/media?parent=2006"}],"curies":[{"name":"wp","href":"https:\/\/api.w.org\/{rel}","templated":true}]}}