{"id":2005,"date":"2017-11-18T20:19:38","date_gmt":"2017-11-18T20:19:38","guid":{"rendered":"http:\/\/biblian.is\/1981\/ordskvidirnir-30-kafli\/"},"modified":"2021-06-06T11:04:40","modified_gmt":"2021-06-06T11:04:40","slug":"ordskvidirnir-30-kafli","status":"publish","type":"page","link":"https:\/\/biblian.is\/1981\/ordskvidirnir-30-kafli\/","title":{"rendered":"Or\u00f0skvi\u00f0irnir 30. kafli"},"content":{"rendered":"<p><a name=\"1\"><span class=\"versanumer\">1<\/span><\/a>Or\u00f0 Ag\u00fars Jakesonar. Gu\u00f0m\u00e6li\u00f0. Ma\u00f0urinn segir: \u00c9g hefi streitst, \u00f3 Gu\u00f0, \u00e9g hefi streitst, \u00f3 Gu\u00f0, og er a\u00f0 \u00ferotum kominn.<a name=\"2\"><span class=\"versanumer\">2<\/span><\/a>\u00dev\u00ed a\u00f0 \u00e9g er of heimskur til a\u00f0 geta talist ma\u00f0ur, og \u00e9g hefi eigi mannsvit,<a name=\"3\"><span class=\"versanumer\">3<\/span><\/a>\u00e9g hefi eigi l\u00e6rt speki, svo a\u00f0 \u00e9g hafi \u00feekking \u00e1 Hinum heilaga.<a name=\"4\"><span class=\"versanumer\">4<\/span><\/a>Hver hefir stigi\u00f0 upp til himna og komi\u00f0 ni\u00f0ur? Hver hefir safna\u00f0 vindinum \u00ed greipar s\u00ednar? Hver hefir bundi\u00f0 vatni\u00f0 \u00ed skikkju s\u00edna? Hver hefir reist \u00f6ll endim\u00f6rk jar\u00f0ar? Hva\u00f0 heitir hann og hva\u00f0 heitir sonur hans fyrst \u00fe\u00fa veist \u00fea\u00f0?<a name=\"5\"><span class=\"versanumer\">5<\/span><\/a>S\u00e9rhvert or\u00f0 Gu\u00f0s er hreint, hann er skj\u00f6ldur \u00feeim, er leita h\u00e6lis hj\u00e1 honum.<a name=\"6\"><span class=\"versanumer\">6<\/span><\/a>B\u00e6t engu vi\u00f0 or\u00f0 hans, til \u00feess a\u00f0 hann \u00e1v\u00edti \u00feig eigi og \u00fe\u00fa standir sem lygari.<a name=\"7\"><span class=\"versanumer\">7<\/span><\/a>Um tvennt bi\u00f0 \u00e9g \u00feig, synja m\u00e9r \u00feess eigi, \u00e1\u00f0ur en \u00e9g dey:<a name=\"8\"><span class=\"versanumer\">8<\/span><\/a>L\u00e1t fals og lygaor\u00f0 vera fjarri m\u00e9r, gef m\u00e9r hvorki f\u00e1t\u00e6kt n\u00e9 au\u00f0\u00e6fi, en veit m\u00e9r minn deildan ver\u00f0.<a name=\"9\"><span class=\"versanumer\">9<\/span><\/a>\u00c9g kynni annars a\u00f0 ver\u00f0a of saddur og afneita og segja: Hver er Drottinn? e\u00f0a ef \u00e9g yr\u00f0i f\u00e1t\u00e6kur, kynni \u00e9g a\u00f0 stela og misbj\u00f3\u00f0a nafni Gu\u00f0s m\u00edns.<a name=\"10\"><span class=\"versanumer\">10<\/span><\/a>R\u00e6g eigi \u00fej\u00f3ninn vi\u00f0 h\u00fasb\u00f3nda hans, svo a\u00f0 hann bi\u00f0ji \u00fe\u00e9r ekki \u00f3b\u00e6na og \u00fe\u00fa ver\u00f0ir a\u00f0 gjalda.<a name=\"11\"><span class=\"versanumer\">11<\/span><\/a>Til er \u00fea\u00f0 kyn, sem b\u00f6lvar f\u00f6\u00f0ur s\u00ednum og blessar ekki m\u00f3\u00f0ur s\u00edna,<a name=\"12\"><span class=\"versanumer\">12<\/span><\/a>kyn, sem \u00feykist vera hreint og hefir \u00fe\u00f3 eigi \u00fevegi\u00f0 af s\u00e9r saurinn<a name=\"13\"><span class=\"versanumer\">13<\/span><\/a>kyn, sem lyftir h\u00e1tt augunum og sperrir upp augnah\u00e1rin,<a name=\"14\"><span class=\"versanumer\">14<\/span><\/a>kyn, sem hefir sver\u00f0 a\u00f0 t\u00f6nnum og hn\u00edfa a\u00f0 j\u00f6xlum til \u00feess a\u00f0 uppeta hina volu\u00f0u \u00far landinu og hina f\u00e1t\u00e6ku burt fr\u00e1 m\u00f6nnunum.<a name=\"15\"><span class=\"versanumer\">15<\/span><\/a>Bl\u00f3\u00f0sugan \u00e1 tv\u00e6r d\u00e6tur, sem heita Gef\u00f0u! Gef\u00f0u! \u00derennt er til, sem er \u00f3se\u00f0jandi, fernt, sem aldrei segir: \u00dea\u00f0 er n\u00f3g!<a name=\"16\"><span class=\"versanumer\">16<\/span><\/a>Helja og m\u00f3\u00f0url\u00edf \u00f3byrjunnar, j\u00f6r\u00f0in, sem aldrei se\u00f0st af vatni, og eldurinn, sem aldrei segir: \u00dea\u00f0 er n\u00f3g!<a name=\"17\"><span class=\"versanumer\">17<\/span><\/a>\u00dea\u00f0 auga, sem gj\u00f6rir gys a\u00f0 f\u00f6\u00f0ur s\u00ednum og fyrirl\u00edtur hl\u00fd\u00f0ni vi\u00f0 m\u00f3\u00f0ur s\u00edna, mega hrafnarnir vi\u00f0 l\u00e6kinn kroppa \u00fat og arnarungarnir eta.<a name=\"18\"><span class=\"versanumer\">18<\/span><\/a>\u00derennt er, sem m\u00e9r vir\u00f0ist undursamlegt, og fernt, sem \u00e9g skil eigi:<a name=\"19\"><span class=\"versanumer\">19<\/span><\/a>vegur arnarins um lofti\u00f0, vegur h\u00f6ggormsins yfir klettinn, vegur skipsins um reginhaf og vegur manns hj\u00e1 konu.<a name=\"20\"><span class=\"versanumer\">20<\/span><\/a>\u00deannig er atferli h\u00f3rkonunnar: H\u00fan neytir, \u00feurrkar s\u00e9r um munninn og segir: \u00c9g hefi ekkert rangt gj\u00f6rt.<a name=\"21\"><span class=\"versanumer\">21<\/span><\/a>Undan \u00ferennu n\u00f6trar j\u00f6r\u00f0in, og undir fernu getur h\u00fan ekki risi\u00f0:<a name=\"22\"><span class=\"versanumer\">22<\/span><\/a>undir \u00fer\u00e6li, \u00feegar hann ver\u00f0ur konungur, og gu\u00f0lausum manni, \u00feegar hann mettast brau\u00f0i,<a name=\"23\"><span class=\"versanumer\">23<\/span><\/a>undir sm\u00e1\u00f0ri konu, \u00feegar h\u00fan giftist, og \u00feernu, \u00feegar h\u00fan bolar burt h\u00fasm\u00f3\u00f0ur sinni.<a name=\"24\"><span class=\"versanumer\">24<\/span><\/a>Fj\u00f3rir eru sm\u00e1ir \u00e1 j\u00f6r\u00f0inni, og \u00fe\u00f3 eru \u00feeir vitrir spekingar:<a name=\"25\"><span class=\"versanumer\">25<\/span><\/a>Maurarnir eru kraftl\u00edtil \u00fej\u00f3\u00f0, og \u00fe\u00f3 afla \u00feeir s\u00e9r f\u00e6\u00f0unnar \u00e1 sumrin.<a name=\"26\"><span class=\"versanumer\">26<\/span><\/a>St\u00f6kkh\u00e9rarnir eru \u00fer\u00f3ttl\u00edtil \u00fej\u00f3\u00f0, og \u00fe\u00f3 gj\u00f6ra \u00feeir s\u00e9r h\u00edb\u00fdli \u00ed klettunum.<a name=\"27\"><span class=\"versanumer\">27<\/span><\/a>Engispretturnar hafa engan konung, og \u00fe\u00f3 fer allur h\u00f3purinn \u00fat \u00ed r\u00f6\u00f0 og reglu.<a name=\"28\"><span class=\"versanumer\">28<\/span><\/a>Ferf\u00e6tlunni getur \u00fe\u00fa n\u00e1\u00f0 me\u00f0 t\u00f3mum h\u00f6ndunum, og \u00fe\u00f3 er h\u00fan \u00ed konungah\u00f6llum.<a name=\"29\"><span class=\"versanumer\">29<\/span><\/a>\u00der\u00edr eru \u00feeir, sem tigulegir eru \u00e1 velli, og fj\u00f3rir, sem tigulegir eru \u00ed gangi:<a name=\"30\"><span class=\"versanumer\">30<\/span><\/a>lj\u00f3ni\u00f0, hetjan me\u00f0al d\u00fdranna, er eigi hopar fyrir neinni skepnu,<a name=\"31\"><span class=\"versanumer\">31<\/span><\/a>lendgyrtur hesturinn og geithafurinn og konungur, er enginn f\u00e6r m\u00f3ti sta\u00f0i\u00f0.<a name=\"32\"><span class=\"versanumer\">32<\/span><\/a>Hafir \u00fe\u00fa heimskast til a\u00f0 upphefja sj\u00e1lfan \u00feig, e\u00f0a hafir \u00fe\u00fa gj\u00f6rt \u00fea\u00f0 af \u00e1settu r\u00e1\u00f0i, \u00fe\u00e1 legg h\u00f6ndina \u00e1 munninn!<a name=\"33\"><span class=\"versanumer\">33<\/span><\/a>\u00dev\u00ed a\u00f0 \u00fer\u00fdstingur \u00e1 mj\u00f3lk framlei\u00f0ir smj\u00f6r, og \u00fer\u00fdstingur \u00e1 nasir framlei\u00f0ir bl\u00f3\u00f0, og \u00fer\u00fdstingur \u00e1 rei\u00f0i framlei\u00f0ir deilu.<\/p>\n<div class=\"footnote1981\"><b>30.1<\/b> Spakm\u00e6li Okv 16.10; Jes 14.22; Am 3.15; 4.3<br \/>\n<b>30.4<\/b> Hver? Job 38.1-38; S\u00edr 1.2-3; Bar 3.29-31<br \/>\n<b>30.5<\/b> Gu\u00f0, skj\u00f6ldur Slm 3.4+<br \/>\n<b>30.6<\/b> B\u00e6ttu engu vi\u00f0 5M\u00f3s 4.2; Job 42.2-6<br \/>\n<b>30.14<\/b> Uppr\u00e6ta hina f\u00e1t\u00e6ku Slm 14.4+<br \/>\n<b>30.15<\/b> \u00derennt, fernt H\u00f3s 6.2+ ; sbr Okv 6.16<br \/>\n<b>30.16<\/b> Hel Okv 1.12+ &#8211; \u00f3se\u00f0jandi Okv 27.20<br \/>\n<b>30.17<\/b> \u00d3hl\u00fd\u00f0ni vi\u00f0 foreldra Okv 20.20+ ; 23.22<br \/>\n<b>30.20<\/b> Sk\u00e6kja Okv 2.16+<\/div>\n","protected":false},"excerpt":{"rendered":"<p>1Or\u00f0 Ag\u00fars Jakesonar. Gu\u00f0m\u00e6li\u00f0. Ma\u00f0urinn segir: \u00c9g hefi streitst, \u00f3 Gu\u00f0, \u00e9g hefi streitst, \u00f3 Gu\u00f0, og er a\u00f0 \u00ferotum kominn.2\u00dev\u00ed a\u00f0 \u00e9g er of heimskur til a\u00f0 geta talist ma\u00f0ur, og \u00e9g hefi eigi mannsvit,3\u00e9g hefi eigi l\u00e6rt speki, svo a\u00f0 \u00e9g hafi \u00feekking \u00e1 Hinum heilaga.4Hver hefir stigi\u00f0 upp til himna og komi\u00f0 ni\u00f0ur? Hver hefir safna\u00f0 vindinum \u00ed greipar s\u00ednar? Hver hefir bundi\u00f0 vatni\u00f0 \u00ed skikkju s\u00edna? Hver hefir reist \u00f6ll endim\u00f6rk jar\u00f0ar? Hva\u00f0 heitir hann og hva\u00f0 heitir sonur hans fyrst \u00fe\u00fa veist \u00fea\u00f0?5S\u00e9rhvert or\u00f0 Gu\u00f0s er hreint, hann er skj\u00f6ldur \u00feeim, er leita h\u00e6lis hj\u00e1 <a href=\"https:\/\/biblian.is\/1981\/ordskvidirnir-30-kafli\/\"> [&#8230;]<\/a><\/p>\n","protected":false},"author":1,"featured_media":0,"parent":0,"menu_order":0,"comment_status":"open","ping_status":"open","template":"bibliukaflar.php","meta":{"footnotes":""},"class_list":["post-2005","page","type-page","status-publish","hentry"],"_links":{"self":[{"href":"https:\/\/biblian.is\/1981\/wp-json\/wp\/v2\/pages\/2005","targetHints":{"allow":["GET"]}}],"collection":[{"href":"https:\/\/biblian.is\/1981\/wp-json\/wp\/v2\/pages"}],"about":[{"href":"https:\/\/biblian.is\/1981\/wp-json\/wp\/v2\/types\/page"}],"author":[{"embeddable":true,"href":"https:\/\/biblian.is\/1981\/wp-json\/wp\/v2\/users\/1"}],"replies":[{"embeddable":true,"href":"https:\/\/biblian.is\/1981\/wp-json\/wp\/v2\/comments?post=2005"}],"version-history":[{"count":0,"href":"https:\/\/biblian.is\/1981\/wp-json\/wp\/v2\/pages\/2005\/revisions"}],"wp:attachment":[{"href":"https:\/\/biblian.is\/1981\/wp-json\/wp\/v2\/media?parent=2005"}],"curies":[{"name":"wp","href":"https:\/\/api.w.org\/{rel}","templated":true}]}}