{"id":2004,"date":"2017-11-18T20:19:38","date_gmt":"2017-11-18T20:19:38","guid":{"rendered":"http:\/\/biblian.is\/1981\/ordskvidirnir-29-kafli\/"},"modified":"2021-06-06T11:04:39","modified_gmt":"2021-06-06T11:04:39","slug":"ordskvidirnir-29-kafli","status":"publish","type":"page","link":"https:\/\/biblian.is\/1981\/ordskvidirnir-29-kafli\/","title":{"rendered":"Or\u00f0skvi\u00f0irnir 29. kafli"},"content":{"rendered":"<p><a name=\"1\"><span class=\"versanumer\">1<\/span><\/a>S\u00e1 sem oftlega hefir \u00e1v\u00edta\u00f0ur veri\u00f0, en \u00feverskallast \u00fe\u00f3, mun skyndilega knosa\u00f0ur ver\u00f0a, og engin l\u00e6kning f\u00e1st.<a name=\"2\"><span class=\"versanumer\">2<\/span><\/a>\u00deegar r\u00e9ttl\u00e1tum fj\u00f6lgar, gle\u00f0st \u00fej\u00f3\u00f0in, en \u00feegar \u00f3gu\u00f0legir drottna, andvarpar \u00fej\u00f3\u00f0in.<a name=\"3\"><span class=\"versanumer\">3<\/span><\/a>S\u00e1 sem elskar visku, gle\u00f0ur f\u00f6\u00f0ur sinn, en s\u00e1 sem leggur lag sitt vi\u00f0 sk\u00e6kjur, glatar eigum s\u00ednum.<a name=\"4\"><span class=\"versanumer\">4<\/span><\/a>Konungurinn eflir landi\u00f0 me\u00f0 r\u00e9tti, en s\u00e1 sem \u00feiggur m\u00fatur, ey\u00f0ir \u00fea\u00f0.<a name=\"5\"><span class=\"versanumer\">5<\/span><\/a>S\u00e1 ma\u00f0ur, sem smja\u00f0rar fyrir n\u00e1unga s\u00ednum, hann leggur net fyrir f\u00e6tur hans.<a name=\"6\"><span class=\"versanumer\">6<\/span><\/a>\u00cd misgj\u00f6r\u00f0 vonds manns er f\u00f3lgin snara, en r\u00e9ttl\u00e1tur ma\u00f0ur fagnar og gle\u00f0st.<a name=\"7\"><span class=\"versanumer\">7<\/span><\/a>R\u00e9ttl\u00e1tur ma\u00f0ur kynnir s\u00e9r m\u00e1lefni hinna l\u00edtilm\u00f3tlegu, en \u00f3gu\u00f0legur ma\u00f0ur hir\u00f0ir ekkert um a\u00f0 kynna s\u00e9r \u00fea\u00f0.<a name=\"8\"><span class=\"versanumer\">8<\/span><\/a>Spottarar \u00e6sa upp borgina, en vitrir menn l\u00e6gja rei\u00f0ina.<a name=\"9\"><span class=\"versanumer\">9<\/span><\/a>\u00deegar vitur ma\u00f0ur \u00e1 \u00ed \u00fer\u00e6tum\u00e1li vi\u00f0 afglapa, \u00fe\u00e1 rei\u00f0ist hann og hl\u00e6r, en hv\u00edld f\u00e6st engin.<a name=\"10\"><span class=\"versanumer\">10<\/span><\/a>Bl\u00f3\u00f0vargarnir hata hinn r\u00e1\u00f0vanda, en r\u00e9ttv\u00edsir menn l\u00e1ta s\u00e9r annt um l\u00edf hans.<a name=\"11\"><span class=\"versanumer\">11<\/span><\/a>Heimskinginn \u00fathellir allri rei\u00f0i sinni, en vitur ma\u00f0ur sefar hana a\u00f0 lokum.<a name=\"12\"><span class=\"versanumer\">12<\/span><\/a>\u00deegar drottnarinn hl\u00fd\u00f0ir \u00e1 lygaor\u00f0, ver\u00f0a allir \u00fej\u00f3nar hans b\u00f3far.<a name=\"13\"><span class=\"versanumer\">13<\/span><\/a>F\u00e1t\u00e6klingurinn og k\u00fagarinn m\u00e6tast, Drottinn lj\u00e6r lj\u00f3s augum beggja.<a name=\"14\"><span class=\"versanumer\">14<\/span><\/a>S\u00e1 konungur, sem d\u00e6mir hina l\u00edtilm\u00f3tlegu me\u00f0 r\u00e9ttv\u00edsi, h\u00e1s\u00e6ti hans mun st\u00f6\u00f0ugt standa a\u00f0 eil\u00edfu.<a name=\"15\"><span class=\"versanumer\">15<\/span><\/a>V\u00f6ndur og umv\u00f6ndun veita speki, en agalaus sveinn gj\u00f6rir m\u00f3\u00f0ur sinni sk\u00f6mm.<a name=\"16\"><span class=\"versanumer\">16<\/span><\/a>\u00deegar \u00f3gu\u00f0legum fj\u00f6lgar, fj\u00f6lgar og misgj\u00f6r\u00f0um, en r\u00e9ttl\u00e1tir munu horfa \u00e1 fall \u00feeirra.<a name=\"17\"><span class=\"versanumer\">17<\/span><\/a>Aga \u00fe\u00fa son \u00feinn, \u00fe\u00e1 mun hann l\u00e1ta \u00feig hafa r\u00f3 og veita una\u00f0 s\u00e1lu \u00feinni.<a name=\"18\"><span class=\"versanumer\">18<\/span><\/a>\u00dear sem engar vitranir eru, kemst f\u00f3lki\u00f0 \u00e1 glapstigu, en s\u00e1 sem var\u00f0veitir l\u00f6gm\u00e1li\u00f0, er s\u00e6ll.<a name=\"19\"><span class=\"versanumer\">19<\/span><\/a>\u00der\u00e6ll ver\u00f0ur eigi aga\u00f0ur me\u00f0 or\u00f0um, \u00fev\u00ed a\u00f0 hann skilur \u00feau a\u00f0 v\u00edsu, en fer ekki eftir \u00feeim.<a name=\"20\"><span class=\"versanumer\">20<\/span><\/a>Sj\u00e1ir \u00fe\u00fa mann, sem er flj\u00f3tf\u00e6r \u00ed or\u00f0um, \u00fe\u00e1 er meiri von um heimskingja en hann.<a name=\"21\"><span class=\"versanumer\">21<\/span><\/a>Dekri ma\u00f0ur vi\u00f0 \u00fer\u00e6l sinn fr\u00e1 barn\u00e6sku, vill hann a\u00f0 lokum ver\u00f0a ungherra.<a name=\"22\"><span class=\"versanumer\">22<\/span><\/a>Rei\u00f0igjarn ma\u00f0ur vekur deilur, og br\u00e1\u00f0lyndur ma\u00f0ur dr\u00fdgir marga synd.<a name=\"23\"><span class=\"versanumer\">23<\/span><\/a>Hroki mannsins l\u00e6gir hann, en hinn l\u00edtill\u00e1ti mun vir\u00f0ing hlj\u00f3ta.<a name=\"24\"><span class=\"versanumer\">24<\/span><\/a>\u00dej\u00f3fsnauturinn hatar l\u00edf sitt, hann hl\u00fd\u00f0ir \u00e1 b\u00f6lvunina, en segir \u00fe\u00f3 ekki fr\u00e1.<a name=\"25\"><span class=\"versanumer\">25<\/span><\/a>\u00d3tti vi\u00f0 menn lei\u00f0ir \u00ed sn\u00f6ru, en \u00feeim er borgi\u00f0, sem treystir Drottni.<a name=\"26\"><span class=\"versanumer\">26<\/span><\/a>Margir leita hylli drottnarans, en r\u00e9ttur mannsins kemur fr\u00e1 Drottni.<a name=\"27\"><span class=\"versanumer\">27<\/span><\/a>Andstygg\u00f0 r\u00e9ttl\u00e1tra er s\u00e1, sem rangl\u00e6ti fremur, og andstygg\u00f0 \u00f3gu\u00f0legra s\u00e1, sem r\u00e1\u00f0vandlega breytir.<\/p>\n<div class=\"footnote1981\"><b>29.3<\/b> Sk\u00e6kjur S\u00edr 9.6; L\u00fak 15.30; sbr Okv 2.16+<br \/>\n<b>29.12<\/b> Lygaor\u00f0 sbr Okv 12.6+<br \/>\n<b>29.14<\/b> St\u00f6\u00f0ugt h\u00e1s\u00e6ti Okv 16.12; 20.28; 25.5; Jes 16.5<br \/>\n<b>29.15<\/b> V\u00f6ndur Ovk 13.24+ &#8211; umv\u00f6ndum Okv 10.17; sbr Okv 15.5+<br \/>\n<b>29.16<\/b> Fall \u00feeirra Jes 22.15-23; 28.14-15,18-19<br \/>\n<b>29.17<\/b> Aga\u00f0u son \u00feinn Okv 13.24+<br \/>\n<b>29.18<\/b> Engar vitranir Slm 74.9+ &#8211; s\u00e6ll Slm 1.1+<br \/>\n<b>29.22<\/b> Rei\u00f0igjarn Okv 14.17+<br \/>\n<b>29.23<\/b> Hinn h\u00f3gv\u00e6ri Okv 11.2+<br \/>\n<b>29.25<\/b> Treysta Drottni Okv 3.5-6+<\/div>\n","protected":false},"excerpt":{"rendered":"<p>1S\u00e1 sem oftlega hefir \u00e1v\u00edta\u00f0ur veri\u00f0, en \u00feverskallast \u00fe\u00f3, mun skyndilega knosa\u00f0ur ver\u00f0a, og engin l\u00e6kning f\u00e1st.2\u00deegar r\u00e9ttl\u00e1tum fj\u00f6lgar, gle\u00f0st \u00fej\u00f3\u00f0in, en \u00feegar \u00f3gu\u00f0legir drottna, andvarpar \u00fej\u00f3\u00f0in.3S\u00e1 sem elskar visku, gle\u00f0ur f\u00f6\u00f0ur sinn, en s\u00e1 sem leggur lag sitt vi\u00f0 sk\u00e6kjur, glatar eigum s\u00ednum.4Konungurinn eflir landi\u00f0 me\u00f0 r\u00e9tti, en s\u00e1 sem \u00feiggur m\u00fatur, ey\u00f0ir \u00fea\u00f0.5S\u00e1 ma\u00f0ur, sem smja\u00f0rar fyrir n\u00e1unga s\u00ednum, hann leggur net fyrir f\u00e6tur hans.6\u00cd misgj\u00f6r\u00f0 vonds manns er f\u00f3lgin snara, en r\u00e9ttl\u00e1tur ma\u00f0ur fagnar og gle\u00f0st.7R\u00e9ttl\u00e1tur ma\u00f0ur kynnir s\u00e9r m\u00e1lefni hinna l\u00edtilm\u00f3tlegu, en \u00f3gu\u00f0legur ma\u00f0ur hir\u00f0ir ekkert um a\u00f0 kynna s\u00e9r \u00fea\u00f0.8Spottarar \u00e6sa upp borgina, en vitrir <a href=\"https:\/\/biblian.is\/1981\/ordskvidirnir-29-kafli\/\"> [&#8230;]<\/a><\/p>\n","protected":false},"author":1,"featured_media":0,"parent":0,"menu_order":0,"comment_status":"open","ping_status":"open","template":"bibliukaflar.php","meta":{"footnotes":""},"class_list":["post-2004","page","type-page","status-publish","hentry"],"_links":{"self":[{"href":"https:\/\/biblian.is\/1981\/wp-json\/wp\/v2\/pages\/2004","targetHints":{"allow":["GET"]}}],"collection":[{"href":"https:\/\/biblian.is\/1981\/wp-json\/wp\/v2\/pages"}],"about":[{"href":"https:\/\/biblian.is\/1981\/wp-json\/wp\/v2\/types\/page"}],"author":[{"embeddable":true,"href":"https:\/\/biblian.is\/1981\/wp-json\/wp\/v2\/users\/1"}],"replies":[{"embeddable":true,"href":"https:\/\/biblian.is\/1981\/wp-json\/wp\/v2\/comments?post=2004"}],"version-history":[{"count":0,"href":"https:\/\/biblian.is\/1981\/wp-json\/wp\/v2\/pages\/2004\/revisions"}],"wp:attachment":[{"href":"https:\/\/biblian.is\/1981\/wp-json\/wp\/v2\/media?parent=2004"}],"curies":[{"name":"wp","href":"https:\/\/api.w.org\/{rel}","templated":true}]}}