{"id":2003,"date":"2017-11-18T20:19:38","date_gmt":"2017-11-18T20:19:38","guid":{"rendered":"http:\/\/biblian.is\/1981\/ordskvidirnir-28-kafli\/"},"modified":"2021-06-06T11:04:39","modified_gmt":"2021-06-06T11:04:39","slug":"ordskvidirnir-28-kafli","status":"publish","type":"page","link":"https:\/\/biblian.is\/1981\/ordskvidirnir-28-kafli\/","title":{"rendered":"Or\u00f0skvi\u00f0irnir 28. kafli"},"content":{"rendered":"<p><a name=\"1\"><span class=\"versanumer\">1<\/span><\/a>Hinir \u00f3gu\u00f0legu fl\u00fdja, \u00fe\u00f3tt enginn elti \u00fe\u00e1, en hinir r\u00e9ttl\u00e1tu eru \u00f6ruggir eins og ungt lj\u00f3n.<a name=\"2\"><span class=\"versanumer\">2<\/span><\/a>\u00deegar land gengur undan drottnara s\u00ednum, gj\u00f6rast \u00fear margir h\u00f6f\u00f0ingjar, en me\u00f0al skynsamra og hygginna manna mun g\u00f3\u00f0 skipan lengi standa.<a name=\"3\"><span class=\"versanumer\">3<\/span><\/a>Ma\u00f0ur sem er f\u00e1t\u00e6kur og k\u00fagar snau\u00f0a, er eins og regn, sem skolar burt korninu, en veitir ekkert brau\u00f0.<a name=\"4\"><span class=\"versanumer\">4<\/span><\/a>\u00deeir sem yfirgefa l\u00f6gm\u00e1li\u00f0, hr\u00f3sa \u00f3gu\u00f0legum, en \u00feeir sem var\u00f0veita l\u00f6gm\u00e1li\u00f0, eru \u00e6fir \u00fat af \u00feeim.<a name=\"5\"><span class=\"versanumer\">5<\/span><\/a>Illmenni skilja ekki hva\u00f0 r\u00e9tt er, en \u00feeir sem leita Drottins, skilja allt.<a name=\"6\"><span class=\"versanumer\">6<\/span><\/a>Betri er f\u00e1t\u00e6kur ma\u00f0ur, sem framgengur \u00ed r\u00e1\u00f0vendni sinni, heldur en s\u00e1, sem beitir undirferli og er \u00fe\u00f3 r\u00edkur.<a name=\"7\"><span class=\"versanumer\">7<\/span><\/a>S\u00e1 sem var\u00f0veitir l\u00f6gm\u00e1li\u00f0, er hygginn sonur, en s\u00e1 sem leggur lag sitt vi\u00f0 \u00f3h\u00f3fsmenn, gj\u00f6rir f\u00f6\u00f0ur s\u00ednum sm\u00e1n.<a name=\"8\"><span class=\"versanumer\">8<\/span><\/a>S\u00e1 sem eykur au\u00f0 sinn me\u00f0 fj\u00e1rleigu og okri, safnar honum handa \u00feeim, sem l\u00edknsamur er vi\u00f0 f\u00e1t\u00e6ka.<a name=\"9\"><span class=\"versanumer\">9<\/span><\/a>S\u00e1 sem sn\u00fdr eyra s\u00ednu fr\u00e1 til \u00feess a\u00f0 heyra ekki l\u00f6gm\u00e1li\u00f0, jafnvel b\u00e6n hans er andstygg\u00f0.<a name=\"10\"><span class=\"versanumer\">10<\/span><\/a>S\u00e1 sem t\u00e6lir falslausa menn \u00fat \u00e1 vonda lei\u00f0, hann fellur sj\u00e1lfur \u00ed gr\u00f6f s\u00edna, en r\u00e1\u00f0vandir munu hlj\u00f3ta g\u00f3\u00f0a arfleif\u00f0.<a name=\"11\"><span class=\"versanumer\">11<\/span><\/a>R\u00edkur ma\u00f0ur \u00feykist vitur, en snau\u00f0ur ma\u00f0ur, sem er hygginn, s\u00e9r vi\u00f0 honum.<a name=\"12\"><span class=\"versanumer\">12<\/span><\/a>\u00deegar hinir r\u00e9ttl\u00e1tu fagna, er miki\u00f0 um d\u00fdr\u00f0ir, en \u00feegar \u00f3gu\u00f0legir komast upp, fela menn sig.<a name=\"13\"><span class=\"versanumer\">13<\/span><\/a>S\u00e1 sem dylur yfirsj\u00f3nir s\u00ednar, ver\u00f0ur ekki l\u00e1ngefinn, en s\u00e1 sem j\u00e1tar \u00fe\u00e6r og l\u00e6tur af \u00feeim, mun miskunn hlj\u00f3ta.<a name=\"14\"><span class=\"versanumer\">14<\/span><\/a>S\u00e6ll er s\u00e1 ma\u00f0ur, sem \u00e1vallt er var um sig, en s\u00e1 sem her\u00f0ir hjarta sitt, fellur \u00ed \u00f3g\u00e6fu.<a name=\"15\"><span class=\"versanumer\">15<\/span><\/a>Eins og grenjandi lj\u00f3n og gr\u00e1\u00f0ugur bj\u00f6rn, svo er \u00f3gu\u00f0legur drottnari yfir l\u00edtilsigldum l\u00fd\u00f0.<a name=\"16\"><span class=\"versanumer\">16<\/span><\/a>H\u00f6f\u00f0ingi, sem hefir litlar tekjur, er r\u00edkur a\u00f0 k\u00fagun, s\u00e1 sem hatar rangfenginn \u00e1vinning, mun langl\u00edfur ver\u00f0a.<a name=\"17\"><span class=\"versanumer\">17<\/span><\/a>&#8222;S\u00e1 ma\u00f0ur, sem bl\u00f3\u00f0s\u00f6k hv\u00edlir \u00feungt \u00e1, er \u00e1 fl\u00f3tta fram \u00e1 grafarbarminn; enginn dvelji hann.&#8220;<a name=\"18\"><span class=\"versanumer\">18<\/span><\/a>S\u00e1 sem breytir r\u00e1\u00f0vandlega, mun frelsast, en s\u00e1 sem beitir undirferli, fellur \u00ed gryfju.<a name=\"19\"><span class=\"versanumer\">19<\/span><\/a>S\u00e1 sem yrkir land sitt, mettast af brau\u00f0i, en s\u00e1 sem s\u00e6kist eftir h\u00e9g\u00f3mlegum hlutum, mettast af f\u00e1t\u00e6kt.<a name=\"20\"><span class=\"versanumer\">20<\/span><\/a>\u00c1rei\u00f0anlegur ma\u00f0ur blessast r\u00edkulega, en s\u00e1 sem flj\u00f3tt vill ver\u00f0a r\u00edkur, sleppur ekki vi\u00f0 refsingu.<a name=\"21\"><span class=\"versanumer\">21<\/span><\/a>Hlutdr\u00e6gni er lj\u00f3t, en \u00fe\u00f3 fremja menn rangl\u00e6ti fyrir einn brau\u00f0bita.<a name=\"22\"><span class=\"versanumer\">22<\/span><\/a>\u00d6fundsj\u00fakur ma\u00f0ur fl\u00fdtir s\u00e9r a\u00f0 safna au\u00f0i og veit ekki a\u00f0 \u00f6rbirg\u00f0 muni yfir hann koma.<a name=\"23\"><span class=\"versanumer\">23<\/span><\/a>S\u00e1 sem \u00e1v\u00edtar mann, mun \u00e1 s\u00ed\u00f0an \u00f6\u00f0last meiri hylli heldur er tungumj\u00fakur smja\u00f0rari.<a name=\"24\"><span class=\"versanumer\">24<\/span><\/a>S\u00e1 sem r\u00e6nir foreldra s\u00edna og segir: \u00dea\u00f0 er engin synd! hann er stallbr\u00f3\u00f0ir ey\u00f0andans.<a name=\"25\"><span class=\"versanumer\">25<\/span><\/a>\u00c1gjarn ma\u00f0ur vekur deilur, en s\u00e1 sem treystir Drottni, mettast r\u00edkulega.<a name=\"26\"><span class=\"versanumer\">26<\/span><\/a>S\u00e1 sem treystir eigin hyggjuviti, er heimskingi, en s\u00e1 sem breytir viturlega, mun undan komast.<a name=\"27\"><span class=\"versanumer\">27<\/span><\/a>S\u00e1 sem gefur f\u00e1t\u00e6kum, l\u00ed\u00f0ur engan skort, en \u00feeim sem byrgir augu s\u00edn, koma margar \u00f3b\u00e6nir.<a name=\"28\"><span class=\"versanumer\">28<\/span><\/a>\u00deegar hinir \u00f3gu\u00f0legu komast upp, fela menn sig, en \u00feegar \u00feeir tort\u00edmast, fj\u00f6lgar r\u00e9ttl\u00e1tum.<\/p>\n<div class=\"footnote1981\"><b>28.3<\/b> Regn sbr Slm 72.6<br \/>\n<b>28.5<\/b> Skilja allt SSal 3.9<br \/>\n<b>28.8<\/b> Fj\u00e1rleiga og okur 2M\u00f3s 22.25+<br \/>\n<b>28.10<\/b> \u00cd eigin gr\u00f6f Okv 26.27+<br \/>\n<b>28.13<\/b> J\u00e1ta yfirsj\u00f3nir s\u00ednar Slm 32.5+ ; S\u00edr 4.26; L\u00fak 18.9-14<br \/>\n<b>28.21<\/b> Hlutdr\u00e6gni Okv 24.23-24+<br \/>\n<b>28.24<\/b> Skyldur vi\u00f0 foreldra S\u00edr 3.1-16; sbr Okv 20.20+<br \/>\n<b>28.27<\/b> Gefa f\u00e1t\u00e6kum Okv 14.21+<\/div>\n","protected":false},"excerpt":{"rendered":"<p>1Hinir \u00f3gu\u00f0legu fl\u00fdja, \u00fe\u00f3tt enginn elti \u00fe\u00e1, en hinir r\u00e9ttl\u00e1tu eru \u00f6ruggir eins og ungt lj\u00f3n.2\u00deegar land gengur undan drottnara s\u00ednum, gj\u00f6rast \u00fear margir h\u00f6f\u00f0ingjar, en me\u00f0al skynsamra og hygginna manna mun g\u00f3\u00f0 skipan lengi standa.3Ma\u00f0ur sem er f\u00e1t\u00e6kur og k\u00fagar snau\u00f0a, er eins og regn, sem skolar burt korninu, en veitir ekkert brau\u00f0.4\u00deeir sem yfirgefa l\u00f6gm\u00e1li\u00f0, hr\u00f3sa \u00f3gu\u00f0legum, en \u00feeir sem var\u00f0veita l\u00f6gm\u00e1li\u00f0, eru \u00e6fir \u00fat af \u00feeim.5Illmenni skilja ekki hva\u00f0 r\u00e9tt er, en \u00feeir sem leita Drottins, skilja allt.6Betri er f\u00e1t\u00e6kur ma\u00f0ur, sem framgengur \u00ed r\u00e1\u00f0vendni sinni, heldur en s\u00e1, sem beitir undirferli og er \u00fe\u00f3 r\u00edkur.7S\u00e1 sem <a href=\"https:\/\/biblian.is\/1981\/ordskvidirnir-28-kafli\/\"> [&#8230;]<\/a><\/p>\n","protected":false},"author":1,"featured_media":0,"parent":0,"menu_order":0,"comment_status":"open","ping_status":"open","template":"bibliukaflar.php","meta":{"footnotes":""},"class_list":["post-2003","page","type-page","status-publish","hentry"],"_links":{"self":[{"href":"https:\/\/biblian.is\/1981\/wp-json\/wp\/v2\/pages\/2003","targetHints":{"allow":["GET"]}}],"collection":[{"href":"https:\/\/biblian.is\/1981\/wp-json\/wp\/v2\/pages"}],"about":[{"href":"https:\/\/biblian.is\/1981\/wp-json\/wp\/v2\/types\/page"}],"author":[{"embeddable":true,"href":"https:\/\/biblian.is\/1981\/wp-json\/wp\/v2\/users\/1"}],"replies":[{"embeddable":true,"href":"https:\/\/biblian.is\/1981\/wp-json\/wp\/v2\/comments?post=2003"}],"version-history":[{"count":0,"href":"https:\/\/biblian.is\/1981\/wp-json\/wp\/v2\/pages\/2003\/revisions"}],"wp:attachment":[{"href":"https:\/\/biblian.is\/1981\/wp-json\/wp\/v2\/media?parent=2003"}],"curies":[{"name":"wp","href":"https:\/\/api.w.org\/{rel}","templated":true}]}}