{"id":2001,"date":"2017-11-18T20:19:38","date_gmt":"2017-11-18T20:19:38","guid":{"rendered":"http:\/\/biblian.is\/1981\/ordskvidirnir-26-kafli\/"},"modified":"2021-06-06T11:04:38","modified_gmt":"2021-06-06T11:04:38","slug":"ordskvidirnir-26-kafli","status":"publish","type":"page","link":"https:\/\/biblian.is\/1981\/ordskvidirnir-26-kafli\/","title":{"rendered":"Or\u00f0skvi\u00f0irnir 26. kafli"},"content":{"rendered":"<p><a name=\"1\"><span class=\"versanumer\">1<\/span><\/a>Eins og snj\u00f3r um sumar og eins og regn um uppskeru, eins illa \u00e1 s\u00e6md vi\u00f0 heimskan mann.<a name=\"2\"><span class=\"versanumer\">2<\/span><\/a>Eins og sp\u00f6rfugl fl\u00f6grar, eins og svala fl\u00fdgur, eins er um \u00f3ver\u00f0skulda\u00f0a form\u00e6ling h\u00fan ver\u00f0ur eigi a\u00f0 \u00e1hr\u00ednsor\u00f0um.<a name=\"3\"><span class=\"versanumer\">3<\/span><\/a>Svipan h\u00e6fir hestinum og taumurinn asnanum en v\u00f6ndurinn baki heimskingjanna.<a name=\"4\"><span class=\"versanumer\">4<\/span><\/a>Svara \u00fe\u00fa ekki heimskingjanum eftir f\u00edflsku hans, svo a\u00f0 \u00fe\u00fa ver\u00f0ir ekki honum jafn.<a name=\"5\"><span class=\"versanumer\">5<\/span><\/a>Svara \u00fe\u00fa heimskingjanum eftir f\u00edflsku hans, svo a\u00f0 hann haldi ekki, a\u00f0 hann s\u00e9 vitur.<a name=\"6\"><span class=\"versanumer\">6<\/span><\/a>S\u00e1 h\u00f6ggur af s\u00e9r f\u00e6turna og f\u00e6r a\u00f0 s\u00fapa \u00e1 rangl\u00e6ti, sem sendir or\u00f0 me\u00f0 heimskingja.<a name=\"7\"><span class=\"versanumer\">7<\/span><\/a>Eins og l\u00e6rleggir hins lama hanga m\u00e1ttlausir, svo er spakm\u00e6li \u00ed munni heimskingjanna.<a name=\"8\"><span class=\"versanumer\">8<\/span><\/a>S\u00e1 sem s\u00fdnir heimskum manni s\u00e6md, honum fer eins og \u00feeim, er bindur stein \u00ed sl\u00f6ngvu.<a name=\"9\"><span class=\"versanumer\">9<\/span><\/a>Eins og \u00feyrnir, sem stingst upp \u00ed h\u00f6ndina \u00e1 drukknum manni, svo er spakm\u00e6li \u00ed munni heimskingjanna.<a name=\"10\"><span class=\"versanumer\">10<\/span><\/a>Eins og skytta, sem h\u00e6fir allt, svo er s\u00e1 sem leigir heimskingja, og s\u00e1 er leigir vegfarendur.<a name=\"11\"><span class=\"versanumer\">11<\/span><\/a>Eins og hundur, sem sn\u00fdr aftur til sp\u00fdju sinnar, svo er heimskingi, sem endurtekur f\u00edflsku s\u00edna.<a name=\"12\"><span class=\"versanumer\">12<\/span><\/a>Sj\u00e1ir \u00fe\u00fa mann, sem \u00feykist vitur, \u00fe\u00e1 er meiri von um heimskingja en hann.<a name=\"13\"><span class=\"versanumer\">13<\/span><\/a>Letinginn segir: \u00d3argad\u00fdr er \u00e1 veginum, lj\u00f3n \u00e1 g\u00f6tunum.<a name=\"14\"><span class=\"versanumer\">14<\/span><\/a>Hur\u00f0in sn\u00fdst \u00e1 hj\u00f6runum og letinginn \u00ed hv\u00edlu sinni.<a name=\"15\"><span class=\"versanumer\">15<\/span><\/a>Latur ma\u00f0ur d\u00fdfir hendinni ofan \u00ed sk\u00e1lina, en honum ver\u00f0ur \u00feungt um a\u00f0 bera hana aftur upp a\u00f0 munninum.<a name=\"16\"><span class=\"versanumer\">16<\/span><\/a>Latur ma\u00f0ur \u00feykist vitrari en sj\u00f6, sem svara hyggilega.<a name=\"17\"><span class=\"versanumer\">17<\/span><\/a>S\u00e1, sem kemst \u00ed \u00e6sing \u00fat af deilu, sem honum kemur ekki vi\u00f0, hann er eins og s\u00e1, sem tekur um eyrun \u00e1 hundi, er hleypur fram hj\u00e1.<a name=\"18\"><span class=\"versanumer\">18<\/span><\/a>Eins og \u00f3\u00f0ur ma\u00f0ur, sem kastar tundur\u00f6rvum, banv\u00e6num skeytum,<a name=\"19\"><span class=\"versanumer\">19<\/span><\/a>eins er s\u00e1 ma\u00f0ur, er sviki\u00f0 hefir n\u00e1unga sinn og segir s\u00ed\u00f0an: \u00c9g er bara a\u00f0 gj\u00f6ra a\u00f0 gamni m\u00ednu.<a name=\"20\"><span class=\"versanumer\">20<\/span><\/a>\u00deegar eldsneyti\u00f0 \u00fer\u00fdtur, slokknar eldurinn, og \u00feegar enginn er r\u00f3gberinn, st\u00f6\u00f0vast deilurnar.<a name=\"21\"><span class=\"versanumer\">21<\/span><\/a>Eins og kol \u00fearf til gl\u00f3\u00f0a og vi\u00f0 til elds, svo \u00fearf \u00fer\u00e6tugjarnan mann til a\u00f0 kveikja deilur.<a name=\"22\"><span class=\"versanumer\">22<\/span><\/a>Or\u00f0 r\u00f3gberans eru eins og s\u00e6lg\u00e6ti, og \u00feau l\u00e6sa sig inn \u00ed innstu fylgsni hjartans.<a name=\"23\"><span class=\"versanumer\">23<\/span><\/a>Eldheitir kossar og illt hjarta, \u00fea\u00f0 er sem sorasilfur utan af leirbroti.<a name=\"24\"><span class=\"versanumer\">24<\/span><\/a>Me\u00f0 v\u00f6rum s\u00ednum gj\u00f6rir hatursma\u00f0urinn s\u00e9r upp vinal\u00e6ti, en \u00ed hjarta s\u00ednu hyggur hann \u00e1 svik.<a name=\"25\"><span class=\"versanumer\">25<\/span><\/a>\u00deegar hann m\u00e6lir fagurt, \u00fe\u00e1 tr\u00fa \u00fe\u00fa honum ekki, \u00fev\u00ed a\u00f0 sj\u00f6 andstygg\u00f0ir eru \u00ed hjarta hans.<a name=\"26\"><span class=\"versanumer\">26<\/span><\/a>\u00de\u00f3tt hatri\u00f0 hylji sig hr\u00e6sni, \u00fe\u00e1 ver\u00f0ur \u00fe\u00f3 illska \u00feess opinber \u00e1 d\u00f3m\u00feinginu.<a name=\"27\"><span class=\"versanumer\">27<\/span><\/a>S\u00e1 sem grefur gr\u00f6f, fellur \u00ed hana, og steinninn fellur aftur \u00ed fang \u00feeim, er veltir honum.<a name=\"28\"><span class=\"versanumer\">28<\/span><\/a>Lygin tunga hatar \u00fe\u00e1, er h\u00fan hefir sundur mari\u00f0, og smja\u00f0randi munnur veldur gl\u00f6tun.<\/p>\n<div class=\"footnote1981\"><b>26.3<\/b> V\u00f6ndurinn Okv 13.24+<br \/>\n<b>26.11<\/b> Til sp\u00fdju sinnar 2P\u00e9t 2.22<br \/>\n<b>26.13-16<\/b> Letingjinn Okv 6.6+<br \/>\n<b>26.24-25<\/b> Fagurgali Okv 6.12-14; 12.22; Slm 35.19; S\u00edr 27.22,23<br \/>\n<b>26.27<\/b> Falla \u00ed eigin gr\u00f6f Slm 7.16+ ; S\u00edr 27.25-27; sbr Okv 5.22+<\/div>\n","protected":false},"excerpt":{"rendered":"<p>1Eins og snj\u00f3r um sumar og eins og regn um uppskeru, eins illa \u00e1 s\u00e6md vi\u00f0 heimskan mann.2Eins og sp\u00f6rfugl fl\u00f6grar, eins og svala fl\u00fdgur, eins er um \u00f3ver\u00f0skulda\u00f0a form\u00e6ling h\u00fan ver\u00f0ur eigi a\u00f0 \u00e1hr\u00ednsor\u00f0um.3Svipan h\u00e6fir hestinum og taumurinn asnanum en v\u00f6ndurinn baki heimskingjanna.4Svara \u00fe\u00fa ekki heimskingjanum eftir f\u00edflsku hans, svo a\u00f0 \u00fe\u00fa ver\u00f0ir ekki honum jafn.5Svara \u00fe\u00fa heimskingjanum eftir f\u00edflsku hans, svo a\u00f0 hann haldi ekki, a\u00f0 hann s\u00e9 vitur.6S\u00e1 h\u00f6ggur af s\u00e9r f\u00e6turna og f\u00e6r a\u00f0 s\u00fapa \u00e1 rangl\u00e6ti, sem sendir or\u00f0 me\u00f0 heimskingja.7Eins og l\u00e6rleggir hins lama hanga m\u00e1ttlausir, svo er spakm\u00e6li \u00ed munni heimskingjanna.8S\u00e1 sem s\u00fdnir <a href=\"https:\/\/biblian.is\/1981\/ordskvidirnir-26-kafli\/\"> [&#8230;]<\/a><\/p>\n","protected":false},"author":1,"featured_media":0,"parent":0,"menu_order":0,"comment_status":"open","ping_status":"open","template":"bibliukaflar.php","meta":{"footnotes":""},"class_list":["post-2001","page","type-page","status-publish","hentry"],"_links":{"self":[{"href":"https:\/\/biblian.is\/1981\/wp-json\/wp\/v2\/pages\/2001","targetHints":{"allow":["GET"]}}],"collection":[{"href":"https:\/\/biblian.is\/1981\/wp-json\/wp\/v2\/pages"}],"about":[{"href":"https:\/\/biblian.is\/1981\/wp-json\/wp\/v2\/types\/page"}],"author":[{"embeddable":true,"href":"https:\/\/biblian.is\/1981\/wp-json\/wp\/v2\/users\/1"}],"replies":[{"embeddable":true,"href":"https:\/\/biblian.is\/1981\/wp-json\/wp\/v2\/comments?post=2001"}],"version-history":[{"count":0,"href":"https:\/\/biblian.is\/1981\/wp-json\/wp\/v2\/pages\/2001\/revisions"}],"wp:attachment":[{"href":"https:\/\/biblian.is\/1981\/wp-json\/wp\/v2\/media?parent=2001"}],"curies":[{"name":"wp","href":"https:\/\/api.w.org\/{rel}","templated":true}]}}