{"id":2000,"date":"2017-11-18T20:19:38","date_gmt":"2017-11-18T20:19:38","guid":{"rendered":"http:\/\/biblian.is\/1981\/ordskvidirnir-25-kafli\/"},"modified":"2021-06-06T11:04:38","modified_gmt":"2021-06-06T11:04:38","slug":"ordskvidirnir-25-kafli","status":"publish","type":"page","link":"https:\/\/biblian.is\/1981\/ordskvidirnir-25-kafli\/","title":{"rendered":"Or\u00f0skvi\u00f0irnir 25. kafli"},"content":{"rendered":"<p><a name=\"1\"><span class=\"versanumer\">1<\/span><\/a>\u00deetta eru l\u00edka or\u00f0skvi\u00f0ir Sal\u00f3mons, er menn Hisk\u00eda J\u00fadakonungs hafa safna\u00f0.<a name=\"2\"><span class=\"versanumer\">2<\/span><\/a>Gu\u00f0i er \u00fea\u00f0 hei\u00f0ur a\u00f0 dylja m\u00e1l, en konungum hei\u00f0ur a\u00f0 rannsaka m\u00e1l.<a name=\"3\"><span class=\"versanumer\">3<\/span><\/a>Eins og h\u00e6\u00f0 himins og d\u00fdpt jar\u00f0ar, svo eru konungahj\u00f6rtun \u00f3rannsakanleg.<a name=\"4\"><span class=\"versanumer\">4<\/span><\/a>S\u00e9 sorinn tekinn \u00far silfrinu, \u00fe\u00e1 f\u00e6r smi\u00f0urinn ker \u00far \u00fev\u00ed.<a name=\"5\"><span class=\"versanumer\">5<\/span><\/a>S\u00e9u hinir \u00f3gu\u00f0legu teknir burt fr\u00e1 augliti konungsins, \u00fe\u00e1 mun h\u00e1s\u00e6ti hans sta\u00f0festast fyrir r\u00e9ttl\u00e6ti.<a name=\"6\"><span class=\"versanumer\">6<\/span><\/a>St\u00e6r \u00feig eigi frammi fyrir konunginum og ry\u00f0st eigi \u00ed r\u00fam st\u00f3rmenna,<a name=\"7\"><span class=\"versanumer\">7<\/span><\/a>\u00fev\u00ed a\u00f0 betra er a\u00f0 menn segi vi\u00f0 \u00feig: F\u00e6r \u00feig hinga\u00f0 upp! heldur en a\u00f0 menn gj\u00f6ri \u00fe\u00e9r l\u00e6ging frammi fyrir tignarmanni. Hva\u00f0 sem augu \u00fe\u00edn kunna a\u00f0 hafa s\u00e9\u00f0,<a name=\"8\"><span class=\"versanumer\">8<\/span><\/a>\u00fe\u00e1 ver eigi skj\u00f3tur til m\u00e1ls\u00f3knar, \u00fev\u00ed a\u00f0 hva\u00f0 \u00e6tlar \u00fe\u00fa s\u00ed\u00f0an a\u00f0 gj\u00f6ra, \u00fe\u00e1 er n\u00e1ungi \u00feinn gj\u00f6rir \u00fe\u00e9r sneypu?<a name=\"9\"><span class=\"versanumer\">9<\/span><\/a>Rek \u00fe\u00fa m\u00e1l \u00feitt gegn n\u00e1unga \u00fe\u00ednum, en lj\u00f3sta eigi upp leyndarm\u00e1li annars manns,<a name=\"10\"><span class=\"versanumer\">10<\/span><\/a>til \u00feess a\u00f0 s\u00e1 sem heyrir \u00fea\u00f0, sm\u00e1ni \u00feig ekki og \u00fe\u00fa losnir aldrei vi\u00f0 illan or\u00f0r\u00f3m.<a name=\"11\"><span class=\"versanumer\">11<\/span><\/a>Gullepli \u00ed skrautlegum silfursk\u00e1lum svo eru or\u00f0 \u00ed t\u00edma t\u00f6lu\u00f0.<a name=\"12\"><span class=\"versanumer\">12<\/span><\/a>Eins og gullhringur og skartgripur af sk\u00edru gulli, svo er vitur \u00e1minnandi heyranda eyra.<a name=\"13\"><span class=\"versanumer\">13<\/span><\/a>Eins og snj\u00f3svali um uppskerut\u00edmann, svo er \u00e1rei\u00f0anlegur sendima\u00f0ur \u00feeim er sendir hann, \u00fev\u00ed a\u00f0 hann hressir s\u00e1l h\u00fasb\u00f3nda s\u00edns.<a name=\"14\"><span class=\"versanumer\">14<\/span><\/a>Sk\u00fd og vindur, og \u00fe\u00f3 engin rigning svo er s\u00e1, sem hr\u00f3sar s\u00e9r af gjafmildi, en gefur \u00fe\u00f3 ekkert.<a name=\"15\"><span class=\"versanumer\">15<\/span><\/a>Me\u00f0 \u00feolinm\u00e6\u00f0i ver\u00f0ur h\u00f6f\u00f0ingja tali\u00f0 hughvarf, og mj\u00fak tunga mylur bein.<a name=\"16\"><span class=\"versanumer\">16<\/span><\/a>Finnir \u00fe\u00fa hunang, \u00fe\u00e1 et sem \u00fe\u00e9r n\u00e6gir, svo a\u00f0 \u00fe\u00fa ver\u00f0ir ekki ofsaddur af \u00fev\u00ed og \u00e6lir \u00fev\u00ed upp aftur.<a name=\"17\"><span class=\"versanumer\">17<\/span><\/a>St\u00edg sjaldan f\u00e6ti \u00fe\u00ednum \u00ed h\u00fas n\u00e1unga \u00fe\u00edns, svo a\u00f0 hann ver\u00f0i ekki lei\u00f0ur \u00e1 \u00fe\u00e9r og hati \u00feig.<a name=\"18\"><span class=\"versanumer\">18<\/span><\/a>Hamar og sver\u00f0 og hv\u00f6ss \u00f6r svo er ma\u00f0ur, sem ber falsvitni gegn n\u00e1unga s\u00ednum.<a name=\"19\"><span class=\"versanumer\">19<\/span><\/a>Molnandi t\u00f6nn og hrasandi f\u00f3tur svo er traust \u00e1 svikara \u00e1 ney\u00f0arinnar degi.<a name=\"20\"><span class=\"versanumer\">20<\/span><\/a>A\u00f0 fara \u00far f\u00f6tum \u00ed kalsave\u00f0ri a\u00f0 hella ediki \u00fat \u00ed saltp\u00e9tur eins er a\u00f0 syngja skapvondum lj\u00f3\u00f0.<a name=\"21\"><span class=\"versanumer\">21<\/span><\/a>Ef \u00f3vin \u00feinn hungrar, \u00fe\u00e1 gef honum a\u00f0 eta, og ef hann \u00feyrstir, \u00fe\u00e1 gef honum a\u00f0 drekka,<a name=\"22\"><span class=\"versanumer\">22<\/span><\/a>\u00fev\u00ed a\u00f0 \u00fe\u00fa safnar gl\u00f3\u00f0um elds yfir h\u00f6fu\u00f0 honum, og Drottinn mun endurgjalda \u00fe\u00e9r \u00fea\u00f0.<a name=\"23\"><span class=\"versanumer\">23<\/span><\/a>Nor\u00f0anvindurinn lei\u00f0ir fram regn og launskraf rei\u00f0ileg andlit.<a name=\"24\"><span class=\"versanumer\">24<\/span><\/a>Betri er vist \u00ed horni \u00e1 h\u00fas\u00feaki en samb\u00fa\u00f0 vi\u00f0 \u00ferasgjarna konu.<a name=\"25\"><span class=\"versanumer\">25<\/span><\/a>Eins og kalt vatn er dau\u00f0\u00feyrstum manni, svo er g\u00f3\u00f0 fregn af fjarl\u00e6gu landi.<a name=\"26\"><span class=\"versanumer\">26<\/span><\/a>Eins og gruggu\u00f0 lind og skemmdur brunnur, svo er r\u00e9ttl\u00e1tur ma\u00f0ur, sem titrar frammi fyrir \u00f3gu\u00f0legum manni.<a name=\"27\"><span class=\"versanumer\">27<\/span><\/a>\u00dea\u00f0 er ekki gott a\u00f0 eta of miki\u00f0 hunang, ver \u00fev\u00ed spar \u00e1 h\u00f3li\u00f0.<a name=\"28\"><span class=\"versanumer\">28<\/span><\/a>Eins og borg, sem m\u00fararnir hafa veri\u00f0 brotnir utan af, eins er s\u00e1 ma\u00f0ur, sem eigi hefir stj\u00f3rn \u00e1 skapsmunum s\u00ednum.<\/p>\n<div class=\"footnote1981\"><b>25.1<\/b> Hisk\u00eda J\u00fadakonungur 2Kon 18.1-8<br \/>\n<b>25.2<\/b> Gu\u00f0 dylur m\u00e1l 5M\u00f3s 29.28; R\u00f3m 11.33+ ; sbr T\u00f3b 12.7<br \/>\n<b>25.5<\/b> St\u00f6\u00f0ugt Okv 29.14+<br \/>\n<b>25.7<\/b> F\u00e6r\u00f0u \u00feig upp L\u00fak 14.7-11<br \/>\n<b>25.18<\/b> Falsvitni Okv 6.19+<br \/>\n<b>25.24<\/b> \u00derasgj\u00f6rn kona Okv 19.13+<\/div>\n","protected":false},"excerpt":{"rendered":"<p>1\u00deetta eru l\u00edka or\u00f0skvi\u00f0ir Sal\u00f3mons, er menn Hisk\u00eda J\u00fadakonungs hafa safna\u00f0.2Gu\u00f0i er \u00fea\u00f0 hei\u00f0ur a\u00f0 dylja m\u00e1l, en konungum hei\u00f0ur a\u00f0 rannsaka m\u00e1l.3Eins og h\u00e6\u00f0 himins og d\u00fdpt jar\u00f0ar, svo eru konungahj\u00f6rtun \u00f3rannsakanleg.4S\u00e9 sorinn tekinn \u00far silfrinu, \u00fe\u00e1 f\u00e6r smi\u00f0urinn ker \u00far \u00fev\u00ed.5S\u00e9u hinir \u00f3gu\u00f0legu teknir burt fr\u00e1 augliti konungsins, \u00fe\u00e1 mun h\u00e1s\u00e6ti hans sta\u00f0festast fyrir r\u00e9ttl\u00e6ti.6St\u00e6r \u00feig eigi frammi fyrir konunginum og ry\u00f0st eigi \u00ed r\u00fam st\u00f3rmenna,7\u00fev\u00ed a\u00f0 betra er a\u00f0 menn segi vi\u00f0 \u00feig: F\u00e6r \u00feig hinga\u00f0 upp! heldur en a\u00f0 menn gj\u00f6ri \u00fe\u00e9r l\u00e6ging frammi fyrir tignarmanni. Hva\u00f0 sem augu \u00fe\u00edn kunna a\u00f0 hafa s\u00e9\u00f0,8\u00fe\u00e1 ver eigi <a href=\"https:\/\/biblian.is\/1981\/ordskvidirnir-25-kafli\/\"> [&#8230;]<\/a><\/p>\n","protected":false},"author":1,"featured_media":0,"parent":0,"menu_order":0,"comment_status":"open","ping_status":"open","template":"bibliukaflar.php","meta":{"footnotes":""},"class_list":["post-2000","page","type-page","status-publish","hentry"],"_links":{"self":[{"href":"https:\/\/biblian.is\/1981\/wp-json\/wp\/v2\/pages\/2000","targetHints":{"allow":["GET"]}}],"collection":[{"href":"https:\/\/biblian.is\/1981\/wp-json\/wp\/v2\/pages"}],"about":[{"href":"https:\/\/biblian.is\/1981\/wp-json\/wp\/v2\/types\/page"}],"author":[{"embeddable":true,"href":"https:\/\/biblian.is\/1981\/wp-json\/wp\/v2\/users\/1"}],"replies":[{"embeddable":true,"href":"https:\/\/biblian.is\/1981\/wp-json\/wp\/v2\/comments?post=2000"}],"version-history":[{"count":0,"href":"https:\/\/biblian.is\/1981\/wp-json\/wp\/v2\/pages\/2000\/revisions"}],"wp:attachment":[{"href":"https:\/\/biblian.is\/1981\/wp-json\/wp\/v2\/media?parent=2000"}],"curies":[{"name":"wp","href":"https:\/\/api.w.org\/{rel}","templated":true}]}}