{"id":1999,"date":"2017-11-18T20:19:38","date_gmt":"2017-11-18T20:19:38","guid":{"rendered":"http:\/\/biblian.is\/1981\/ordskvidirnir-24-kafli\/"},"modified":"2021-06-06T11:04:38","modified_gmt":"2021-06-06T11:04:38","slug":"ordskvidirnir-24-kafli","status":"publish","type":"page","link":"https:\/\/biblian.is\/1981\/ordskvidirnir-24-kafli\/","title":{"rendered":"Or\u00f0skvi\u00f0irnir 24. kafli"},"content":{"rendered":"<p><a name=\"1\"><span class=\"versanumer\">1<\/span><\/a>\u00d6funda ekki vonda menn og l\u00e1t \u00feig ekki langa til a\u00f0 vera me\u00f0 \u00feeim,<a name=\"2\"><span class=\"versanumer\">2<\/span><\/a>\u00fev\u00ed a\u00f0 hjarta \u00feeirra b\u00fdr yfir ofr\u00edkisverkum, og varir \u00feeirra m\u00e6la \u00f3g\u00e6fu.<a name=\"3\"><span class=\"versanumer\">3<\/span><\/a>Fyrir speki ver\u00f0ur h\u00fas reist, og fyrir hyggni ver\u00f0ur \u00fea\u00f0 sta\u00f0fast,<a name=\"4\"><span class=\"versanumer\">4<\/span><\/a>fyrir \u00feekking fyllast for\u00f0ab\u00farin alls konar d\u00fdrum og yndislegum fj\u00e1rmunum.<a name=\"5\"><span class=\"versanumer\">5<\/span><\/a>Vitur ma\u00f0ur er betri en sterkur og fr\u00f3\u00f0ur ma\u00f0ur betri en aflmikill,<a name=\"6\"><span class=\"versanumer\">6<\/span><\/a>\u00fev\u00ed a\u00f0 holl r\u00e1\u00f0 skalt \u00fe\u00fa hafa, er \u00fe\u00fa heyr str\u00ed\u00f0, og \u00fear sem margir r\u00e1\u00f0gjafar eru, fer allt vel.<a name=\"7\"><span class=\"versanumer\">7<\/span><\/a>Viskan er afglapanum ofvi\u00f0a, \u00ed borgarhli\u00f0inu l\u00fdkur hann ekki upp munni s\u00ednum.<a name=\"8\"><span class=\"versanumer\">8<\/span><\/a>\u00deann sem leggur stund \u00e1 a\u00f0 gj\u00f6ra illt, kalla menn varmenni.<a name=\"9\"><span class=\"versanumer\">9<\/span><\/a>Syndin er f\u00edflslegt fyrirt\u00e6ki, og spottarinn er m\u00f6nnum andstygg\u00f0.<a name=\"10\"><span class=\"versanumer\">10<\/span><\/a>L\u00e1tir \u00fe\u00fa hugfallast \u00e1 ney\u00f0arinnar degi, \u00fe\u00e1 er m\u00e1ttur \u00feinn l\u00edtill.<a name=\"11\"><span class=\"versanumer\">11<\/span><\/a>Frelsa\u00f0u \u00fe\u00e1, sem leiddir eru fram til l\u00edfl\u00e1ts, og \u00feyrm \u00feeim, sem ganga skj\u00f6grandi a\u00f0 h\u00f6ggstokknum.<a name=\"12\"><span class=\"versanumer\">12<\/span><\/a>Segir \u00fe\u00fa: V\u00e9r vissum \u00fea\u00f0 eigi, s\u00e1 sem vegur hj\u00f6rtun, hann ver\u00f0ur sannarlega var vi\u00f0 \u00fea\u00f0, og s\u00e1 sem vakir yfir s\u00e1lu \u00feinni, hann veit \u00fea\u00f0 og mun gjalda manninum eftir verkum hans.<a name=\"13\"><span class=\"versanumer\">13<\/span><\/a>Et \u00fe\u00fa hunang, son minn, \u00fev\u00ed a\u00f0 \u00fea\u00f0 er gott, og hunangsseimur er g\u00f3mi \u00fe\u00ednum s\u00e6tur.<a name=\"14\"><span class=\"versanumer\">14<\/span><\/a>Nem \u00e1 sama h\u00e1tt speki fyrir s\u00e1lu \u00fe\u00edna, finnir \u00fe\u00fa hana, er framt\u00ed\u00f0 fyrir hendi, og von \u00fe\u00edn mun eigi a\u00f0 engu ver\u00f0a.<a name=\"15\"><span class=\"versanumer\">15<\/span><\/a>Sit eigi, \u00fe\u00fa hinn \u00f3gu\u00f0legi, um b\u00fasta\u00f0 hins r\u00e9ttl\u00e1ta og ey\u00f0ilegg ekki heimkynni hans,<a name=\"16\"><span class=\"versanumer\">16<\/span><\/a>\u00fev\u00ed a\u00f0 sj\u00f6 sinnum fellur hinn r\u00e9ttl\u00e1ti og stendur aftur upp, en \u00f3gu\u00f0legir steypast \u00ed \u00f3g\u00e6fu.<a name=\"17\"><span class=\"versanumer\">17<\/span><\/a>Gle\u00f0 \u00feig eigi yfir falli \u00f3vinar \u00fe\u00edns, og hjarta \u00feitt fagni eigi yfir \u00fev\u00ed a\u00f0 hann steypist,<a name=\"18\"><span class=\"versanumer\">18<\/span><\/a>svo a\u00f0 Drottinn sj\u00e1i \u00fea\u00f0 ekki og honum misl\u00edki, og hann sn\u00fai rei\u00f0i sinni fr\u00e1 honum til \u00fe\u00edn.<a name=\"19\"><span class=\"versanumer\">19<\/span><\/a>Rei\u00f0st ekki vegna illgj\u00f6r\u00f0amanna, \u00f6funda eigi \u00f3gu\u00f0lega,<a name=\"20\"><span class=\"versanumer\">20<\/span><\/a>\u00fev\u00ed a\u00f0 vondur ma\u00f0ur \u00e1 enga framt\u00ed\u00f0 fyrir h\u00f6ndum, \u00e1 lampa \u00f3gu\u00f0legra slokknar.<a name=\"21\"><span class=\"versanumer\">21<\/span><\/a>Son minn, \u00f3ttastu Drottin og konunginn, samlaga \u00feig ekki \u00f3r\u00f3aseggjum,<a name=\"22\"><span class=\"versanumer\">22<\/span><\/a>\u00fev\u00ed a\u00f0 \u00f3g\u00e6fa \u00feeirra r\u00ed\u00f0ur a\u00f0 \u00feegar minnst varir, og \u00f3farir beggja hver veit um \u00fe\u00e6r?<a name=\"23\"><span class=\"versanumer\">23<\/span><\/a>\u00deessir or\u00f0skvi\u00f0ir eru l\u00edka eftir spekinga. Hlutdr\u00e6gni \u00ed d\u00f3mi er lj\u00f3t.<a name=\"24\"><span class=\"versanumer\">24<\/span><\/a>\u00deeim sem segir vi\u00f0 hinn seka: \u00de\u00fa hefir r\u00e9tt fyrir \u00fe\u00e9r! honum form\u00e6la menn, honum b\u00f6lvar f\u00f3lk.<a name=\"25\"><span class=\"versanumer\">25<\/span><\/a>En \u00feeim sem hegna eins og ber, mun vel vegna, yfir \u00fe\u00e1 kemur r\u00edkuleg blessun.<a name=\"26\"><span class=\"versanumer\">26<\/span><\/a>S\u00e1 kyssir \u00e1 varirnar, sem veitir r\u00e9tt sv\u00f6r.<a name=\"27\"><span class=\"versanumer\">27<\/span><\/a>Annastu verk \u00feitt utan h\u00fass og lj\u00fak \u00fev\u00ed \u00e1 akrinum, s\u00ed\u00f0an getur \u00fe\u00fa byggt h\u00fas \u00feitt.<a name=\"28\"><span class=\"versanumer\">28<\/span><\/a>Vertu eigi vottur gegn n\u00e1unga \u00fe\u00ednum a\u00f0 \u00e1st\u00e6\u00f0ulausu, e\u00f0a mundir \u00fe\u00fa vilja sv\u00edkja me\u00f0 v\u00f6rum \u00fe\u00ednum?<a name=\"29\"><span class=\"versanumer\">29<\/span><\/a>Seg \u00fe\u00fa ekki: Eins og hann gj\u00f6r\u00f0i m\u00e9r, eins \u00e6tla \u00e9g honum a\u00f0 gj\u00f6ra, \u00e9g \u00e6tla a\u00f0 endurgjalda manninum eftir verkum hans!<a name=\"30\"><span class=\"versanumer\">30<\/span><\/a>M\u00e9r var\u00f0 gengi\u00f0 fram hj\u00e1 akri letingja nokkurs og fram hj\u00e1 v\u00edngar\u00f0i \u00f3viturs manns.<a name=\"31\"><span class=\"versanumer\">31<\/span><\/a>Og sj\u00e1, hann var allur vaxinn klungrum, hann var al\u00feakinn netlum, og steingar\u00f0urinn umhverfis hann var hruninn.<a name=\"32\"><span class=\"versanumer\">32<\/span><\/a>En \u00e9g var\u00f0 \u00feess var, veitti \u00fev\u00ed athygli, s\u00e1 \u00fea\u00f0 og l\u00e9t m\u00e9r \u00fea\u00f0 a\u00f0 kenningu ver\u00f0a:<a name=\"33\"><span class=\"versanumer\">33<\/span><\/a>Sofa \u00f6gn enn, blunda \u00f6gn enn, leggja saman hendurnar \u00f6gn enn til a\u00f0 hv\u00edlast,<a name=\"34\"><span class=\"versanumer\">34<\/span><\/a>\u00fe\u00e1 kemur f\u00e1t\u00e6ktin yfir \u00feig eins og r\u00e6ningi og skorturinn eins og vopna\u00f0ur ma\u00f0ur.<\/p>\n<div class=\"footnote1981\"><b>24.1<\/b> \u00d6funda\u00f0u ekki Okv 3.31+<br \/>\n<b>24.3<\/b> Reisa h\u00fas Okv 9.1; 14.1<br \/>\n<b>24.6<\/b> Holl r\u00e1\u00f0 L\u00fak 14.31<br \/>\n<b>24.9<\/b> Spottarinn Okv 13.1+<br \/>\n<b>24.11<\/b> Bjarga\u00f0u \u00feeim VDan 1<br \/>\n<b>24.12<\/b> S\u00e1 sem gaumg\u00e6fir hj\u00f6rtun Okv 16.2+ &#8211; gjalda eftir verkum Okv 11.31+ ; Slm 62.13+<br \/>\n<b>24.14<\/b> Framt\u00ed\u00f0 Okv 23.18+<br \/>\n<b>24.20<\/b> Hlutskipti rangl\u00e1tra Okv 3.33+<br \/>\n<b>24.23-24<\/b> Hlutdr\u00e6gni \u00ed d\u00f3mi Okv 18.5; 3M\u00f3s 19.15; M\u00edk 3.9-12; sbr Jes 11.3-5; Gal 2.6<br \/>\n<b>24.28<\/b> Vitna sbr Okv 6.19+<br \/>\n<b>24.29<\/b> Makleg m\u00e1lagj\u00f6ld Okv 24.12+<br \/>\n<b>24.34<\/b> Hlutskipti letingjans Okv 6.11+<\/div>\n","protected":false},"excerpt":{"rendered":"<p>1\u00d6funda ekki vonda menn og l\u00e1t \u00feig ekki langa til a\u00f0 vera me\u00f0 \u00feeim,2\u00fev\u00ed a\u00f0 hjarta \u00feeirra b\u00fdr yfir ofr\u00edkisverkum, og varir \u00feeirra m\u00e6la \u00f3g\u00e6fu.3Fyrir speki ver\u00f0ur h\u00fas reist, og fyrir hyggni ver\u00f0ur \u00fea\u00f0 sta\u00f0fast,4fyrir \u00feekking fyllast for\u00f0ab\u00farin alls konar d\u00fdrum og yndislegum fj\u00e1rmunum.5Vitur ma\u00f0ur er betri en sterkur og fr\u00f3\u00f0ur ma\u00f0ur betri en aflmikill,6\u00fev\u00ed a\u00f0 holl r\u00e1\u00f0 skalt \u00fe\u00fa hafa, er \u00fe\u00fa heyr str\u00ed\u00f0, og \u00fear sem margir r\u00e1\u00f0gjafar eru, fer allt vel.7Viskan er afglapanum ofvi\u00f0a, \u00ed borgarhli\u00f0inu l\u00fdkur hann ekki upp munni s\u00ednum.8\u00deann sem leggur stund \u00e1 a\u00f0 gj\u00f6ra illt, kalla menn varmenni.9Syndin er f\u00edflslegt fyrirt\u00e6ki, og spottarinn <a href=\"https:\/\/biblian.is\/1981\/ordskvidirnir-24-kafli\/\"> [&#8230;]<\/a><\/p>\n","protected":false},"author":1,"featured_media":0,"parent":0,"menu_order":0,"comment_status":"open","ping_status":"open","template":"bibliukaflar.php","meta":{"footnotes":""},"class_list":["post-1999","page","type-page","status-publish","hentry"],"_links":{"self":[{"href":"https:\/\/biblian.is\/1981\/wp-json\/wp\/v2\/pages\/1999","targetHints":{"allow":["GET"]}}],"collection":[{"href":"https:\/\/biblian.is\/1981\/wp-json\/wp\/v2\/pages"}],"about":[{"href":"https:\/\/biblian.is\/1981\/wp-json\/wp\/v2\/types\/page"}],"author":[{"embeddable":true,"href":"https:\/\/biblian.is\/1981\/wp-json\/wp\/v2\/users\/1"}],"replies":[{"embeddable":true,"href":"https:\/\/biblian.is\/1981\/wp-json\/wp\/v2\/comments?post=1999"}],"version-history":[{"count":0,"href":"https:\/\/biblian.is\/1981\/wp-json\/wp\/v2\/pages\/1999\/revisions"}],"wp:attachment":[{"href":"https:\/\/biblian.is\/1981\/wp-json\/wp\/v2\/media?parent=1999"}],"curies":[{"name":"wp","href":"https:\/\/api.w.org\/{rel}","templated":true}]}}