{"id":1996,"date":"2017-11-18T20:19:38","date_gmt":"2017-11-18T20:19:38","guid":{"rendered":"http:\/\/biblian.is\/1981\/ordskvidirnir-21-kafli\/"},"modified":"2021-06-06T11:04:36","modified_gmt":"2021-06-06T11:04:36","slug":"ordskvidirnir-21-kafli","status":"publish","type":"page","link":"https:\/\/biblian.is\/1981\/ordskvidirnir-21-kafli\/","title":{"rendered":"Or\u00f0skvi\u00f0irnir 21. kafli"},"content":{"rendered":"<p><a name=\"1\"><span class=\"versanumer\">1<\/span><\/a>Hjarta konungsins er eins og vatnsl\u00e6kir \u00ed hendi Drottins, hann beygir \u00fea\u00f0 til hvers, er honum \u00fe\u00f3knast.<a name=\"2\"><span class=\"versanumer\">2<\/span><\/a>Manninum \u00feykja allir s\u00ednir vegir r\u00e9ttir, en Drottinn vegur hj\u00f6rtun.<a name=\"3\"><span class=\"versanumer\">3<\/span><\/a>A\u00f0 i\u00f0ka r\u00e9ttl\u00e6ti og r\u00e9tt er Drottni \u00fe\u00f3knanlegra en sl\u00e1turf\u00f3rn.<a name=\"4\"><span class=\"versanumer\">4<\/span><\/a>Drembileg augu og hrokafullt hjarta eru lampi \u00f3gu\u00f0legra, allt er \u00fea\u00f0 synd.<a name=\"5\"><span class=\"versanumer\">5<\/span><\/a>Fyrir\u00e6tlanir i\u00f0jumannsins reynast f\u00e9samar vel, en \u00f6ll flasf\u00e6rni lendir \u00ed fj\u00e1rskorti.<a name=\"6\"><span class=\"versanumer\">6<\/span><\/a>Fj\u00e1rsj\u00f3\u00f0ir, sem afla\u00f0 er me\u00f0 lygatungu, eru sem \u00fej\u00f3tandi vindbl\u00e6r, sn\u00f6rur dau\u00f0ans.<a name=\"7\"><span class=\"versanumer\">7<\/span><\/a>Ofr\u00edki hinna \u00f3gu\u00f0legu dregur \u00fe\u00e1 \u00e1 eftir s\u00e9r, \u00fev\u00ed a\u00f0 \u00feeir f\u00e6rast undan a\u00f0 gj\u00f6ra \u00fea\u00f0, sem r\u00e9tt er.<a name=\"8\"><span class=\"versanumer\">8<\/span><\/a>Boginn er vegur \u00feess manns, sem synd er hla\u00f0inn, en verk hins hreina eru r\u00e1\u00f0vandleg.<a name=\"9\"><span class=\"versanumer\">9<\/span><\/a>Betri er vist \u00ed horni \u00e1 h\u00fas\u00feaki en samb\u00fa\u00f0 vi\u00f0 \u00ferasgjarna konu.<a name=\"10\"><span class=\"versanumer\">10<\/span><\/a>S\u00e1l hins \u00f3gu\u00f0lega girnist illt, n\u00e1ungi hans finnur enga miskunn hj\u00e1 honum.<a name=\"11\"><span class=\"versanumer\">11<\/span><\/a>S\u00e9 spottaranum refsa\u00f0, ver\u00f0ur hinn einfaldi hygginn, og s\u00e9 vitur ma\u00f0ur fr\u00e6ddur, l\u00e6rir hann hyggindi.<a name=\"12\"><span class=\"versanumer\">12<\/span><\/a>G\u00e6tur gefur r\u00e9ttl\u00e1tur a\u00f0 h\u00fasi hins \u00f3gu\u00f0lega, steypir \u00f3gu\u00f0legum \u00ed \u00f3g\u00e6fu.<a name=\"13\"><span class=\"versanumer\">13<\/span><\/a>S\u00e1 sem byrgir eyrun fyrir kveini hins f\u00e1t\u00e6ka, hann mun sj\u00e1lfur kalla og eigi f\u00e1 b\u00e6nheyrslu.<a name=\"14\"><span class=\"versanumer\">14<\/span><\/a>Gj\u00f6f \u00e1 laun sefar rei\u00f0i og m\u00fata \u00ed barmi \u00e1kafa heift.<a name=\"15\"><span class=\"versanumer\">15<\/span><\/a>R\u00e9ttl\u00e1tum manni er gle\u00f0i a\u00f0 gj\u00f6ra \u00fea\u00f0, sem r\u00e9tt er, en illgj\u00f6r\u00f0am\u00f6nnum er \u00fea\u00f0 skelfing.<a name=\"16\"><span class=\"versanumer\">16<\/span><\/a>S\u00e1 ma\u00f0ur, sem villist af vegi skynseminnar, mun br\u00e1tt hv\u00edlast \u00ed s\u00f6fnu\u00f0i framli\u00f0inna.<a name=\"17\"><span class=\"versanumer\">17<\/span><\/a>\u00d6reigi ver\u00f0ur s\u00e1, er s\u00f3lginn er \u00ed skemmtanir, s\u00e1 sem s\u00f3lginn er \u00ed v\u00edn og ol\u00edu, ver\u00f0ur ekki r\u00edkur.<a name=\"18\"><span class=\"versanumer\">18<\/span><\/a>Hinn \u00f3gu\u00f0legi er lausnargjald fyrir hinn r\u00e9ttl\u00e1ta, og svikarinn kemur \u00ed sta\u00f0 hinna hreinskilnu.<a name=\"19\"><span class=\"versanumer\">19<\/span><\/a>Betra er a\u00f0 b\u00faa \u00ed ey\u00f0imerkur-landi en me\u00f0 \u00ferasgjarnri og ge\u00f0illri konu.<a name=\"20\"><span class=\"versanumer\">20<\/span><\/a>D\u00fdrm\u00e6tur fj\u00e1rsj\u00f3\u00f0ur og ol\u00eda er \u00ed heimkynnum hins vitra, en heimskur ma\u00f0ur s\u00f3lundar \u00fev\u00ed.<a name=\"21\"><span class=\"versanumer\">21<\/span><\/a>S\u00e1 sem \u00e1stundar r\u00e9ttl\u00e6ti og k\u00e6rleika, hann \u00f6\u00f0last l\u00edf, r\u00e9ttl\u00e6ti og hei\u00f0ur.<a name=\"22\"><span class=\"versanumer\">22<\/span><\/a>Vitur ma\u00f0ur vinnur borg kappanna og r\u00edfur ni\u00f0ur v\u00edgi\u00f0, sem h\u00fan treysti \u00e1.<a name=\"23\"><span class=\"versanumer\">23<\/span><\/a>S\u00e1 sem var\u00f0veitir munn sinn og tungu, hann var\u00f0veitir s\u00e1lu s\u00edna fr\u00e1 nau\u00f0um.<a name=\"24\"><span class=\"versanumer\">24<\/span><\/a>S\u00e1 sem er hrokafullur, drambl\u00e1tur, hann heitir spottari, s\u00e1 sem gj\u00f6rir allt af taumlausum hroka.<a name=\"25\"><span class=\"versanumer\">25<\/span><\/a>\u00d3skir letingjans drepa hann, \u00fev\u00ed a\u00f0 hendur hans vilja ekki vinna.<a name=\"26\"><span class=\"versanumer\">26<\/span><\/a>\u00c1vallt er letinginn a\u00f0 \u00f3ska s\u00e9r, en hinn r\u00e9ttl\u00e1ti gefur og er ekki naumur.<a name=\"27\"><span class=\"versanumer\">27<\/span><\/a>Sl\u00e1turf\u00f3rn \u00f3gu\u00f0legra er Drottni andstygg\u00f0, hva\u00f0 \u00fe\u00e1, s\u00e9 h\u00fan framborin fyrir \u00f3h\u00e6fuverk.<a name=\"28\"><span class=\"versanumer\">28<\/span><\/a>Falsvottur mun tort\u00edmast, en ma\u00f0ur, sem heyrt hefir, m\u00e1 \u00e1vallt tala.<a name=\"29\"><span class=\"versanumer\">29<\/span><\/a>\u00d3gu\u00f0legur ma\u00f0ur setur upp \u00f6ruggan svip, en hinn hreinskilni gj\u00f6rir veg sinn \u00f6ruggan.<a name=\"30\"><span class=\"versanumer\">30<\/span><\/a>Engin viska er til og engin hyggni, n\u00e9 heldur r\u00e1\u00f0 gegn Drottni.<a name=\"31\"><span class=\"versanumer\">31<\/span><\/a>Hesturinn er haf\u00f0ur vi\u00f0b\u00fainn til orustudagsins, en sigurinn er \u00ed hendi Drottins.<\/p>\n<div class=\"footnote1981\"><b>21.2<\/b> Drottinn vegur hj\u00f6rtun Okv 16.2+<br \/>\n<b>21.3<\/b> R\u00e9ttl\u00e6ti fremur en f\u00f3rn 1Sam 15.22+<br \/>\n<b>21.9<\/b> \u00derasgj\u00f6rn kona Okv 19.13+<br \/>\n<b>21.17<\/b> H\u00e6ttur v\u00ednsins Okv 20.1+<br \/>\n<b>21.18<\/b> Lausnargjald Okv 11.8; Jes 43.4<br \/>\n<b>21.20<\/b> D\u00fdrm\u00e6tur fj\u00e1rsj\u00f3\u00f0ur Okv 8.11+<br \/>\n<b>21.23<\/b> G\u00e6ta tungu sinnar Okv 13.3+<br \/>\n<b>21.24<\/b> Spottari  Okv 9.7<br \/>\n<b>21.27<\/b> Sl\u00e1turf\u00f3rn rangl\u00e1tra 1Sam 15.22+<br \/>\n<b>21.28<\/b> Falsvottur mun tort\u00edmast Okv 6.19+<br \/>\n<b>21.31<\/b> Hesturinn Slm 20.8+<\/div>\n","protected":false},"excerpt":{"rendered":"<p>1Hjarta konungsins er eins og vatnsl\u00e6kir \u00ed hendi Drottins, hann beygir \u00fea\u00f0 til hvers, er honum \u00fe\u00f3knast.2Manninum \u00feykja allir s\u00ednir vegir r\u00e9ttir, en Drottinn vegur hj\u00f6rtun.3A\u00f0 i\u00f0ka r\u00e9ttl\u00e6ti og r\u00e9tt er Drottni \u00fe\u00f3knanlegra en sl\u00e1turf\u00f3rn.4Drembileg augu og hrokafullt hjarta eru lampi \u00f3gu\u00f0legra, allt er \u00fea\u00f0 synd.5Fyrir\u00e6tlanir i\u00f0jumannsins reynast f\u00e9samar vel, en \u00f6ll flasf\u00e6rni lendir \u00ed fj\u00e1rskorti.6Fj\u00e1rsj\u00f3\u00f0ir, sem afla\u00f0 er me\u00f0 lygatungu, eru sem \u00fej\u00f3tandi vindbl\u00e6r, sn\u00f6rur dau\u00f0ans.7Ofr\u00edki hinna \u00f3gu\u00f0legu dregur \u00fe\u00e1 \u00e1 eftir s\u00e9r, \u00fev\u00ed a\u00f0 \u00feeir f\u00e6rast undan a\u00f0 gj\u00f6ra \u00fea\u00f0, sem r\u00e9tt er.8Boginn er vegur \u00feess manns, sem synd er hla\u00f0inn, en verk hins hreina eru r\u00e1\u00f0vandleg.9Betri er <a href=\"https:\/\/biblian.is\/1981\/ordskvidirnir-21-kafli\/\"> [&#8230;]<\/a><\/p>\n","protected":false},"author":1,"featured_media":0,"parent":0,"menu_order":0,"comment_status":"open","ping_status":"open","template":"bibliukaflar.php","meta":{"footnotes":""},"class_list":["post-1996","page","type-page","status-publish","hentry"],"_links":{"self":[{"href":"https:\/\/biblian.is\/1981\/wp-json\/wp\/v2\/pages\/1996","targetHints":{"allow":["GET"]}}],"collection":[{"href":"https:\/\/biblian.is\/1981\/wp-json\/wp\/v2\/pages"}],"about":[{"href":"https:\/\/biblian.is\/1981\/wp-json\/wp\/v2\/types\/page"}],"author":[{"embeddable":true,"href":"https:\/\/biblian.is\/1981\/wp-json\/wp\/v2\/users\/1"}],"replies":[{"embeddable":true,"href":"https:\/\/biblian.is\/1981\/wp-json\/wp\/v2\/comments?post=1996"}],"version-history":[{"count":0,"href":"https:\/\/biblian.is\/1981\/wp-json\/wp\/v2\/pages\/1996\/revisions"}],"wp:attachment":[{"href":"https:\/\/biblian.is\/1981\/wp-json\/wp\/v2\/media?parent=1996"}],"curies":[{"name":"wp","href":"https:\/\/api.w.org\/{rel}","templated":true}]}}