{"id":1995,"date":"2017-11-18T20:19:38","date_gmt":"2017-11-18T20:19:38","guid":{"rendered":"http:\/\/biblian.is\/1981\/ordskvidirnir-20-kafli\/"},"modified":"2021-06-06T11:04:36","modified_gmt":"2021-06-06T11:04:36","slug":"ordskvidirnir-20-kafli","status":"publish","type":"page","link":"https:\/\/biblian.is\/1981\/ordskvidirnir-20-kafli\/","title":{"rendered":"Or\u00f0skvi\u00f0irnir 20. kafli"},"content":{"rendered":"<p><a name=\"1\"><span class=\"versanumer\">1<\/span><\/a>V\u00edni\u00f0 er spottari, sterkur drykkur glaumsamur, og hver s\u00e1, er drukkinn reikar, er \u00f3vitur.<a name=\"2\"><span class=\"versanumer\">2<\/span><\/a>Konungsrei\u00f0i er eins og lj\u00f3ns\u00f6skur, s\u00e1 sem egnir hann \u00e1 m\u00f3ti s\u00e9r, fyrirgj\u00f6rir l\u00edfi s\u00ednu.<a name=\"3\"><span class=\"versanumer\">3<\/span><\/a>\u00dea\u00f0 er manni s\u00f3mi a\u00f0 halda s\u00e9r fr\u00e1 \u00fer\u00e6tu, en hver afglapinn ygglir sig.<a name=\"4\"><span class=\"versanumer\">4<\/span><\/a>Letinginn pl\u00e6gir ekki \u00e1 haustin, fyrir \u00fev\u00ed leitar hann um uppskerut\u00edmann og gr\u00edpur \u00ed t\u00f3mt.<a name=\"5\"><span class=\"versanumer\">5<\/span><\/a>R\u00e1\u00f0in \u00ed hjarta mannsins eru sem dj\u00fap v\u00f6tn, og hygginn ma\u00f0ur eys \u00fear af.<a name=\"6\"><span class=\"versanumer\">6<\/span><\/a>Margir menn eru kalla\u00f0ir k\u00e6rleiksr\u00edkir, en tryggan vin, hver finnur hann?<a name=\"7\"><span class=\"versanumer\">7<\/span><\/a>R\u00e9ttl\u00e1tur ma\u00f0ur gengur fram \u00ed r\u00e1\u00f0vendni sinni, s\u00e6l eru \u00fev\u00ed b\u00f6rn hans eftir hann.<a name=\"8\"><span class=\"versanumer\">8<\/span><\/a>\u00deegar konungur situr \u00e1 d\u00f3mst\u00f3li, \u00fe\u00e1 skilur hann allt illt \u00far me\u00f0 augnar\u00e1\u00f0i s\u00ednu.<a name=\"9\"><span class=\"versanumer\">9<\/span><\/a>Hver getur sagt: \u00c9g hefi haldi\u00f0 hjarta m\u00ednu hreinu, \u00e9g er hreinn af synd?<a name=\"10\"><span class=\"versanumer\">10<\/span><\/a>Tvenns konar vog og tvenns konar m\u00e1l, \u00fea\u00f0 er hvort tveggja Drottni andstygg\u00f0.<a name=\"11\"><span class=\"versanumer\">11<\/span><\/a>Sveinninn \u00feekkist \u00feegar \u00e1 verkum s\u00ednum, hvort athafnir hans eru hreinar og einl\u00e6gar.<a name=\"12\"><span class=\"versanumer\">12<\/span><\/a>Eyra\u00f0 sem heyrir, og auga\u00f0 sem s\u00e9r, hvort tveggja hefir Drottinn skapa\u00f0.<a name=\"13\"><span class=\"versanumer\">13<\/span><\/a>Elska\u00f0u ekki svefninn, svo a\u00f0 \u00fe\u00fa ver\u00f0ir ekki f\u00e1t\u00e6kur, opna\u00f0u augun, \u00fe\u00e1 muntu mettast af brau\u00f0i.<a name=\"14\"><span class=\"versanumer\">14<\/span><\/a>Sl\u00e6mt! Sl\u00e6mt! segir kaupandinn, en \u00feegar hann gengur burt, h\u00e6list hann um.<a name=\"15\"><span class=\"versanumer\">15<\/span><\/a>Til er gull og gn\u00e6g\u00f0 af perlum, en hi\u00f0 d\u00fdrm\u00e6tasta \u00feing eru vitrar varir.<a name=\"16\"><span class=\"versanumer\">16<\/span><\/a>Tak \u00fe\u00fa skikkjuna af \u00feeim manni, sem hefir gengi\u00f0 \u00ed \u00e1byrg\u00f0 fyrir \u00f3kunnugan, tak ve\u00f0 af \u00feeim manni, sem hefir gengi\u00f0 \u00ed \u00e1byrg\u00f0 fyrir \u00fatlendinga.<a name=\"17\"><span class=\"versanumer\">17<\/span><\/a>S\u00e6tt er svikabrau\u00f0i\u00f0, en eftir \u00e1 fyllist munnurinn m\u00f6l.<a name=\"18\"><span class=\"versanumer\">18<\/span><\/a>Vel r\u00e1\u00f0in \u00e1form f\u00e1 framgang, haf \u00fev\u00ed holl r\u00e1\u00f0, er \u00fe\u00fa heyr str\u00ed\u00f0.<a name=\"19\"><span class=\"versanumer\">19<\/span><\/a>S\u00e1 sem lj\u00f3star upp leyndarm\u00e1lum, gengur um sem r\u00f3gberi, haf \u00fev\u00ed engin m\u00f6k vi\u00f0 m\u00e1lugan mann.<a name=\"20\"><span class=\"versanumer\">20<\/span><\/a>S\u00e1 sem form\u00e6lir f\u00f6\u00f0ur og m\u00f3\u00f0ur, \u00e1 hans lampa slokknar \u00ed ni\u00f0amyrkri.<a name=\"21\"><span class=\"versanumer\">21<\/span><\/a>Arfur, sem \u00ed upphafi var skj\u00f3tfenginn, blessast eigi a\u00f0 lokum.<a name=\"22\"><span class=\"versanumer\">22<\/span><\/a>Seg \u00fe\u00fa ekki: \u00c9g vil endurgjalda illt! B\u00ed\u00f0 \u00fe\u00fa Drottins, og hann mun hj\u00e1lpa \u00fe\u00e9r.<a name=\"23\"><span class=\"versanumer\">23<\/span><\/a>Tvenns konar vog er Drottni andstygg\u00f0, og svikavog er ekki g\u00f3\u00f0.<a name=\"24\"><span class=\"versanumer\">24<\/span><\/a>Spor mannsins eru \u00e1kve\u00f0in af Drottni, en ma\u00f0urinn hvernig f\u00e6r hann skynja\u00f0 veg sinn?<a name=\"25\"><span class=\"versanumer\">25<\/span><\/a>\u00dea\u00f0 er manninum snara a\u00f0 hr\u00f3pa \u00ed flj\u00f3tf\u00e6rni: Helga\u00f0! og hyggja fyrst a\u00f0, \u00feegar heitin eru gj\u00f6r\u00f0.<a name=\"26\"><span class=\"versanumer\">26<\/span><\/a>Vitur konungur skilur \u00far hina \u00f3gu\u00f0legu og l\u00e6tur s\u00ed\u00f0an hj\u00f3li\u00f0 yfir \u00fe\u00e1 ganga.<a name=\"27\"><span class=\"versanumer\">27<\/span><\/a>Andi mannsins er lampi fr\u00e1 Drottni, sem rannsakar hvern afkima hjartans.<a name=\"28\"><span class=\"versanumer\">28<\/span><\/a>K\u00e6rleiki og tr\u00fafesti var\u00f0veita konunginn, og hann sty\u00f0ur h\u00e1s\u00e6ti sitt me\u00f0 k\u00e6rleika.<a name=\"29\"><span class=\"versanumer\">29<\/span><\/a>Krafturinn er \u00e1g\u00e6ti ungra manna, en h\u00e6rurnar pr\u00fd\u00f0i \u00f6ldunganna.<a name=\"30\"><span class=\"versanumer\">30<\/span><\/a>Bl\u00f3\u00f0ugar skr\u00e1mur hreinsa illmenni\u00f0 og h\u00f6gg, sem duglega sv\u00ed\u00f0a.<\/p>\n<div class=\"footnote1981\"><b>20.1<\/b> \u00d6l er b\u00f6l Okv 21.17; 23.20-21,29-35; 31.4-5<br \/>\n<b>20.4<\/b> Letinginn Okv 6.11+<br \/>\n<b>20.8<\/b> Konungur og r\u00e9ttl\u00e6ti Okv 16.10+<br \/>\n<b>20.9<\/b> Hreinn af synd Pr\u00e9d 7.20+<br \/>\n<b>20.10<\/b> Tvenns konar vog Okv 11.1+ &#8211; Drottni andstygg\u00f0 Okv 3.32+<br \/>\n<b>20.12<\/b> Drottinn hefur skapa\u00f0 Slm 94.9<br \/>\n<b>20.16<\/b> \u00c1byrg\u00f0 Okv 6.1-5+<br \/>\n<b>20.20<\/b> Form\u00e6la f\u00f6\u00f0ur og m\u00f3\u00f0ur 2M\u00f3s 21.17+<br \/>\n<b>20.25<\/b> Efna heit Pr\u00e9d 5.3-5+<br \/>\n<b>20.27<\/b> Andi mannsins Job 32.8; 1Kor 2.11<br \/>\n<b>20.28<\/b> Styrkir h\u00e1s\u00e6ti sitt Okv 29.14+<\/div>\n","protected":false},"excerpt":{"rendered":"<p>1V\u00edni\u00f0 er spottari, sterkur drykkur glaumsamur, og hver s\u00e1, er drukkinn reikar, er \u00f3vitur.2Konungsrei\u00f0i er eins og lj\u00f3ns\u00f6skur, s\u00e1 sem egnir hann \u00e1 m\u00f3ti s\u00e9r, fyrirgj\u00f6rir l\u00edfi s\u00ednu.3\u00dea\u00f0 er manni s\u00f3mi a\u00f0 halda s\u00e9r fr\u00e1 \u00fer\u00e6tu, en hver afglapinn ygglir sig.4Letinginn pl\u00e6gir ekki \u00e1 haustin, fyrir \u00fev\u00ed leitar hann um uppskerut\u00edmann og gr\u00edpur \u00ed t\u00f3mt.5R\u00e1\u00f0in \u00ed hjarta mannsins eru sem dj\u00fap v\u00f6tn, og hygginn ma\u00f0ur eys \u00fear af.6Margir menn eru kalla\u00f0ir k\u00e6rleiksr\u00edkir, en tryggan vin, hver finnur hann?7R\u00e9ttl\u00e1tur ma\u00f0ur gengur fram \u00ed r\u00e1\u00f0vendni sinni, s\u00e6l eru \u00fev\u00ed b\u00f6rn hans eftir hann.8\u00deegar konungur situr \u00e1 d\u00f3mst\u00f3li, \u00fe\u00e1 skilur hann allt illt <a href=\"https:\/\/biblian.is\/1981\/ordskvidirnir-20-kafli\/\"> [&#8230;]<\/a><\/p>\n","protected":false},"author":1,"featured_media":0,"parent":0,"menu_order":0,"comment_status":"open","ping_status":"open","template":"bibliukaflar.php","meta":{"footnotes":""},"class_list":["post-1995","page","type-page","status-publish","hentry"],"_links":{"self":[{"href":"https:\/\/biblian.is\/1981\/wp-json\/wp\/v2\/pages\/1995","targetHints":{"allow":["GET"]}}],"collection":[{"href":"https:\/\/biblian.is\/1981\/wp-json\/wp\/v2\/pages"}],"about":[{"href":"https:\/\/biblian.is\/1981\/wp-json\/wp\/v2\/types\/page"}],"author":[{"embeddable":true,"href":"https:\/\/biblian.is\/1981\/wp-json\/wp\/v2\/users\/1"}],"replies":[{"embeddable":true,"href":"https:\/\/biblian.is\/1981\/wp-json\/wp\/v2\/comments?post=1995"}],"version-history":[{"count":0,"href":"https:\/\/biblian.is\/1981\/wp-json\/wp\/v2\/pages\/1995\/revisions"}],"wp:attachment":[{"href":"https:\/\/biblian.is\/1981\/wp-json\/wp\/v2\/media?parent=1995"}],"curies":[{"name":"wp","href":"https:\/\/api.w.org\/{rel}","templated":true}]}}