{"id":1994,"date":"2017-11-18T20:19:38","date_gmt":"2017-11-18T20:19:38","guid":{"rendered":"http:\/\/biblian.is\/1981\/ordskvidirnir-19-kafli\/"},"modified":"2021-06-06T11:04:35","modified_gmt":"2021-06-06T11:04:35","slug":"ordskvidirnir-19-kafli","status":"publish","type":"page","link":"https:\/\/biblian.is\/1981\/ordskvidirnir-19-kafli\/","title":{"rendered":"Or\u00f0skvi\u00f0irnir 19. kafli"},"content":{"rendered":"<p><a name=\"1\"><span class=\"versanumer\">1<\/span><\/a>Betri er f\u00e1t\u00e6kur ma\u00f0ur, sem framgengur \u00ed r\u00e1\u00f0vendni sinni, heldur en l\u00e6v\u00eds lygari og heimskur a\u00f0 auki.<a name=\"2\"><span class=\"versanumer\">2<\/span><\/a>Kapp er best me\u00f0 forsj\u00e1, og s\u00e1 sem hra\u00f0ar s\u00e9r, misst\u00edgur sig.<a name=\"3\"><span class=\"versanumer\">3<\/span><\/a>Fl\u00f3nska mannsins steypir fyrirt\u00e6kjum hans, en hjarta hans illskast vi\u00f0 Drottin.<a name=\"4\"><span class=\"versanumer\">4<\/span><\/a>Au\u00f0ur fj\u00f6lgar vinum, en f\u00e1t\u00e6kur ma\u00f0ur ver\u00f0ur vinum horfinn.<a name=\"5\"><span class=\"versanumer\">5<\/span><\/a>Falsvottur sleppur ekki \u00f3hegndur, og s\u00e1 sem fer me\u00f0 lygar, kemst ekki undan.<a name=\"6\"><span class=\"versanumer\">6<\/span><\/a>Margir reyna a\u00f0 koma s\u00e9r \u00ed mj\u00fakinn hj\u00e1 tignarmanninum, og allir eru vinir \u00feess, sem gjafir gefur.<a name=\"7\"><span class=\"versanumer\">7<\/span><\/a>Allir br\u00e6\u00f0ur hins snau\u00f0a hata hann, hversu miklu fremur firrast \u00fe\u00e1 vinir hans hann.<a name=\"8\"><span class=\"versanumer\">8<\/span><\/a>S\u00e1 sem aflar s\u00e9r hygginda, elskar l\u00edf sitt, s\u00e1 sem var\u00f0veitir skynsemi, mun g\u00e6fu hlj\u00f3ta.<a name=\"9\"><span class=\"versanumer\">9<\/span><\/a>Falsvottur sleppur ekki \u00f3hegndur, og s\u00e1 sem fer me\u00f0 lygar, tort\u00edmist.<a name=\"10\"><span class=\"versanumer\">10<\/span><\/a>S\u00e6ll\u00edfi h\u00e6fir eigi heimskum manni, hva\u00f0 \u00fe\u00e1 \u00fer\u00e6li a\u00f0 drottna yfir h\u00f6f\u00f0ingjum.<a name=\"11\"><span class=\"versanumer\">11<\/span><\/a>Hyggni mannsins gj\u00f6rir hann seinan til rei\u00f0i, og \u00fea\u00f0 er honum til fr\u00e6g\u00f0ar a\u00f0 ganga fram hj\u00e1 m\u00f3tgj\u00f6r\u00f0um.<a name=\"12\"><span class=\"versanumer\">12<\/span><\/a>Konungsrei\u00f0i er eins og lj\u00f3ns\u00f6skur, en hylli hans sem d\u00f6gg \u00e1 grasi.<a name=\"13\"><span class=\"versanumer\">13<\/span><\/a>Heimskur sonur er f\u00f6\u00f0ur s\u00ednum s\u00f6nn \u00f3hamingja, og konu\u00feras er s\u00edfelldur \u00feakleki.<a name=\"14\"><span class=\"versanumer\">14<\/span><\/a>H\u00fas og au\u00f0ur er arfur fr\u00e1 fe\u00f0runum, en skyns\u00f6m kona er gj\u00f6f fr\u00e1 Drottni.<a name=\"15\"><span class=\"versanumer\">15<\/span><\/a>Letin sv\u00e6fir \u00feungum svefni, og i\u00f0julaus ma\u00f0ur mun hungur \u00feola.<a name=\"16\"><span class=\"versanumer\">16<\/span><\/a>S\u00e1 sem var\u00f0veitir bo\u00f0or\u00f0i\u00f0, var\u00f0veitir l\u00edf sitt, en s\u00e1 deyr, sem ekki hefir g\u00e1t \u00e1 vegum s\u00ednum.<a name=\"17\"><span class=\"versanumer\">17<\/span><\/a>S\u00e1 l\u00e1nar Drottni, er l\u00edknar f\u00e1t\u00e6kum, og hann mun launa honum g\u00f3\u00f0verk hans.<a name=\"18\"><span class=\"versanumer\">18<\/span><\/a>Aga \u00fe\u00fa son \u00feinn, \u00fev\u00ed a\u00f0 enn er von, en far\u00f0u eigi svo langt, a\u00f0 \u00fe\u00fa dey\u00f0ir hann.<a name=\"19\"><span class=\"versanumer\">19<\/span><\/a>S\u00e1 sem illa rei\u00f0ist, ver\u00f0ur a\u00f0 grei\u00f0a sekt, \u00fev\u00ed a\u00f0 \u00e6tlir \u00fe\u00fa a\u00f0 bjarga, gj\u00f6rir \u00fe\u00fa illt verra.<a name=\"20\"><span class=\"versanumer\">20<\/span><\/a>Hl\u00fd\u00f0 \u00fe\u00fa r\u00e1\u00f0um og tak umv\u00f6ndun, til \u00feess a\u00f0 \u00fe\u00fa ver\u00f0ir vitur eftirlei\u00f0is.<a name=\"21\"><span class=\"versanumer\">21<\/span><\/a>M\u00f6rg eru \u00e1formin \u00ed mannshjartanu, en r\u00e1\u00f0s\u00e1lyktun Drottins stendur.<a name=\"22\"><span class=\"versanumer\">22<\/span><\/a>Unun mannsins er k\u00e6rleiksverk hans, og betri er f\u00e1t\u00e6kur ma\u00f0ur en lygari.<a name=\"23\"><span class=\"versanumer\">23<\/span><\/a>\u00d3tti Drottins lei\u00f0ir til l\u00edfs, \u00fe\u00e1 hv\u00edlist ma\u00f0urinn mettur, ver\u00f0ur ekki fyrir neinni \u00f3g\u00e6fu.<a name=\"24\"><span class=\"versanumer\">24<\/span><\/a>Latur ma\u00f0ur d\u00fdfir hendinni ofan \u00ed sk\u00e1lina, en ekki nennir hann a\u00f0 bera hana aftur upp a\u00f0 munninum.<a name=\"25\"><span class=\"versanumer\">25<\/span><\/a>Sl\u00e1ir \u00fe\u00fa spottarann, ver\u00f0ur hinn einfaldi hygginn, og s\u00e9 vanda\u00f0 um vi\u00f0 skynsaman mann, l\u00e6rir hann hyggindi.<a name=\"26\"><span class=\"versanumer\">26<\/span><\/a>S\u00e1 sem mis\u00feyrmir f\u00f6\u00f0ur s\u00ednum og rekur burt m\u00f3\u00f0ur s\u00edna, sl\u00edkur sonur fremur sm\u00e1n og sv\u00edvir\u00f0ing.<a name=\"27\"><span class=\"versanumer\">27<\/span><\/a>H\u00e6ttu, son minn, a\u00f0 hl\u00fd\u00f0a \u00e1 umv\u00f6ndun, ef \u00fea\u00f0 er til \u00feess eins, a\u00f0 \u00fe\u00fa brj\u00f3tir \u00e1 m\u00f3ti skynsamlegum or\u00f0um.<a name=\"28\"><span class=\"versanumer\">28<\/span><\/a>Samviskulaus vottur gj\u00f6rir gys a\u00f0 r\u00e9ttinum, og munnur \u00f3gu\u00f0legra gleypir rangindi.<a name=\"29\"><span class=\"versanumer\">29<\/span><\/a>Refsid\u00f3mar eru b\u00fanir spotturunum og h\u00f6gg baki heimskingjanna.<\/p>\n<div class=\"footnote1981\"><b>19.4<\/b> Vin\u00e1tta Okv 14.20+<br \/>\n<b>19.5<\/b> Falsvotti refsa\u00f0 Okv 6.19+<br \/>\n<b>19.6<\/b> Gefa gjafir Okv 17.8+<br \/>\n<b>19.9<\/b> sbr Okv 19.5<br \/>\n<b>19.13<\/b> Konu\u00feras Okv 21.9,19; S\u00edr 25.13-26; sbr Okv 18.22+<br \/>\n<b>19.14<\/b> Hyggin kona Okv 18.22+<br \/>\n<b>19.15<\/b> Hlutskipti letingjans Okv 6.11+<br \/>\n<b>19.21<\/b> \u00c1form Drottins Okv 16.1,9<br \/>\n<b>19.23<\/b> \u00d3tti Drottins Okv 10.27+<br \/>\n<b>19.25<\/b> Spottari Okv 1.22+<br \/>\n<b>19.26<\/b> Illur sonur Okv 20.20+<br \/>\n<b>19.29<\/b> Vandarh\u00f6gg Okv 13.24+<\/div>\n","protected":false},"excerpt":{"rendered":"<p>1Betri er f\u00e1t\u00e6kur ma\u00f0ur, sem framgengur \u00ed r\u00e1\u00f0vendni sinni, heldur en l\u00e6v\u00eds lygari og heimskur a\u00f0 auki.2Kapp er best me\u00f0 forsj\u00e1, og s\u00e1 sem hra\u00f0ar s\u00e9r, misst\u00edgur sig.3Fl\u00f3nska mannsins steypir fyrirt\u00e6kjum hans, en hjarta hans illskast vi\u00f0 Drottin.4Au\u00f0ur fj\u00f6lgar vinum, en f\u00e1t\u00e6kur ma\u00f0ur ver\u00f0ur vinum horfinn.5Falsvottur sleppur ekki \u00f3hegndur, og s\u00e1 sem fer me\u00f0 lygar, kemst ekki undan.6Margir reyna a\u00f0 koma s\u00e9r \u00ed mj\u00fakinn hj\u00e1 tignarmanninum, og allir eru vinir \u00feess, sem gjafir gefur.7Allir br\u00e6\u00f0ur hins snau\u00f0a hata hann, hversu miklu fremur firrast \u00fe\u00e1 vinir hans hann.8S\u00e1 sem aflar s\u00e9r hygginda, elskar l\u00edf sitt, s\u00e1 sem var\u00f0veitir skynsemi, mun g\u00e6fu <a href=\"https:\/\/biblian.is\/1981\/ordskvidirnir-19-kafli\/\"> [&#8230;]<\/a><\/p>\n","protected":false},"author":1,"featured_media":0,"parent":0,"menu_order":0,"comment_status":"open","ping_status":"open","template":"bibliukaflar.php","meta":{"footnotes":""},"class_list":["post-1994","page","type-page","status-publish","hentry"],"_links":{"self":[{"href":"https:\/\/biblian.is\/1981\/wp-json\/wp\/v2\/pages\/1994","targetHints":{"allow":["GET"]}}],"collection":[{"href":"https:\/\/biblian.is\/1981\/wp-json\/wp\/v2\/pages"}],"about":[{"href":"https:\/\/biblian.is\/1981\/wp-json\/wp\/v2\/types\/page"}],"author":[{"embeddable":true,"href":"https:\/\/biblian.is\/1981\/wp-json\/wp\/v2\/users\/1"}],"replies":[{"embeddable":true,"href":"https:\/\/biblian.is\/1981\/wp-json\/wp\/v2\/comments?post=1994"}],"version-history":[{"count":0,"href":"https:\/\/biblian.is\/1981\/wp-json\/wp\/v2\/pages\/1994\/revisions"}],"wp:attachment":[{"href":"https:\/\/biblian.is\/1981\/wp-json\/wp\/v2\/media?parent=1994"}],"curies":[{"name":"wp","href":"https:\/\/api.w.org\/{rel}","templated":true}]}}